{"id":30240,"date":"2023-09-21T02:27:20","date_gmt":"2023-09-21T02:27:20","guid":{"rendered":"https:\/\/toys.lt\/?post_type=product&#038;p=30240"},"modified":"2026-04-29T00:11:48","modified_gmt":"2026-04-29T00:11:48","slug":"zaisline-kosmetika-nagu-dekoravimo-rinkinys-crazy-chic-nail-art-studio","status":"publish","type":"product","link":"https:\/\/toys.lt\/lv\/produktas\/zaisline-kosmetika-nagu-dekoravimo-rinkinys-crazy-chic-nail-art-studio\/","title":{"rendered":"\u017daislin\u0117 kosmetika &#8211; nag\u0173 dekoravimo rinkinys Crazy Chic&#8221;Nail Art Studio&#8221;"},"content":{"rendered":"<p class=\"MsoNormal\" style=\"margin: 0px; font-size: medium; color: #7a7a7a; padding: 0px; line-height: inherit; border: 0px; font-family: Roboto, sans-serif; background-color: #fefefe; text-align: center;\" align=\"center\"><i style=\"line-height: inherit; margin: 0px; padding: 0px; border: 0px; font-variant: inherit; font-weight: inherit; font-size: inherit; font-family: inherit;\"><span style=\"margin: 0px; padding: 0px; border: 0px; font-style: inherit; font-variant: inherit; font-weight: inherit; font-size: 8.5pt; line-height: inherit; font-family: Verdana, sans-serif; color: #000000;\">Kompanija &#8220;Clementoni&#8221; &#8211; \u012fkurta Italijoje ir\u00a0s\u0117kmingai dirba\u00a0daugiau nei 50 met\u0173! Kompanijos misija &#8211; kurti \u017eaidimus, kurie padeda vaikams augimo procese.\u00a0<\/span><\/i><\/p>\n<p class=\"MsoNormal\" style=\"margin: 0px; font-size: medium; color: #7a7a7a; padding: 0px; line-height: inherit; border: 0px; font-family: Roboto, sans-serif; background-color: #fefefe; text-align: center;\" align=\"center\"><i style=\"line-height: inherit; margin: 0px; padding: 0px; border: 0px; font-variant: inherit; font-weight: inherit; font-size: inherit; font-family: inherit;\"><span style=\"margin: 0px; padding: 0px; border: 0px; font-style: inherit; font-variant: inherit; font-weight: inherit; font-size: 8.5pt; line-height: inherit; font-family: Verdana, sans-serif; color: #000000;\">Vis\u0105 tai skirta patenkinti jaunimo poreikius, atsi\u017evelgiant \u012f \u0161iuolaikines technologijas ir pasaulio \u0161vietimo tendencijas.<\/span><\/i><\/p>\n<p><strong>Savyb\u0117s:<\/strong><\/p>\n<ul style=\"list-style-type: square;\">\n<li>\u0160iuolaiki\u0161ka konsol\u0117 pradedantiesiems nag\u0173 dail\u0117s specialistams, turinti nag\u0173 lako pritaikymo ma\u0161in\u0105, blizgu\u010di\u0173 pistolet\u0105 ir d\u017eiovintuv\u0105<\/li>\n<li>Rinkinyje yra pati naujausia \u201eCrazy Chic\u201c nag\u0173 lak\u0173 kolekcija, prakti\u0161kas dekoravimo ra\u0161iklis, daugyb\u0117 trafaret\u0173 ir itin spalvingi blizgu\u010diai<\/li>\n<li>\u0160aunus ir originalus \u017eaidimas, skirtas dekoruoti nagus tikru \u201eCrazy Chic\u201c stiliumi<\/li>\n<li style=\"margin: 0px; padding: 0px; font: inherit; border: 0px;\">Saugus vaik\u0173 sveikatai<\/li>\n<li style=\"margin: 0px; padding: 0px; font: inherit; border: 0px;\">\u0160is \u017eaidimas skatina j\u016bs\u0173 vaik\u0173 miklum\u0105 ir vaizduot\u0119, lavina motorinius \u012fg\u016bd\u017eius, k\u016brybin\u012f m\u0105stym\u0105<\/li>\n<\/ul>\n","protected":false},"excerpt":{"rendered":"<p>Prek\u0117s tipas:\u00a0gro\u017eio rinkinys<\/p>\n<p>Prek\u0117s \u017eenklas: Clementoni<\/p>\n<p>Kilm\u0117s \u0161alis:\u00a0Italija<\/p>\n<p>Pakuot\u0117s i\u0161matavimai: 7 x 45,1 x 31,1 cm<\/p>\n<p>Reikalingi elementai: 2xAA<\/p>\n<p>Rekomenduojamas am\u017eius: nuo 6 met\u0173<\/p>\n","protected":false},"featured_media":30241,"comment_status":"open","ping_status":"closed","template":"","meta":[],"product_brand":[384],"product_cat":[418,405,409,411],"product_tag":[],"class_list":{"0":"post-30240","1":"product","2":"type-product","3":"status-publish","4":"has-post-thumbnail","6":"product_brand-clementoni-2","7":"product_cat-pigu","8":"product_cat-grozio-rinkiniai-ir-kosmetika-2","9":"product_cat-rankdarbiai-ir-kuryba","10":"product_cat-zaislai-mergaitems","11":"pa_amziaus-grupe-79","12":"pa_prek-s-tipas-nag-priezi-ros-rinkiniai","13":"pa_prekes-zenklas-clementoni","15":"first","16":"instock","17":"sale","18":"taxable","19":"shipping-taxable","20":"purchasable","21":"product-type-simple"},"yoast_head":"<!-- This site is optimized with the Yoast SEO plugin v26.3 - https:\/\/yoast.com\/wordpress\/plugins\/seo\/ -->\n<title>\u017daislin\u0117 kosmetika - nag\u0173 dekoravimo rinkinys Crazy Chic&quot;Nail Art Studio&quot; - Toys.lt<\/title>\n<meta name=\"robots\" content=\"index, follow, max-snippet:-1, max-image-preview:large, max-video-preview:-1\" \/>\n<link rel=\"canonical\" href=\"https:\/\/toys.lt\/lv\/produktas\/zaisline-kosmetika-nagu-dekoravimo-rinkinys-crazy-chic-nail-art-studio\/\" \/>\n<meta property=\"og:locale\" content=\"lv_LV\" \/>\n<meta property=\"og:type\" content=\"article\" \/>\n<meta property=\"og:title\" content=\"\u017daislin\u0117 kosmetika - nag\u0173 dekoravimo rinkinys Crazy Chic&quot;Nail Art Studio&quot; - Toys.lt\" \/>\n<meta property=\"og:description\" content=\"Prek\u0117s tipas:\u00a0gro\u017eio rinkinys  Prek\u0117s \u017eenklas: Clementoni  Kilm\u0117s \u0161alis:\u00a0Italija  Pakuot\u0117s i\u0161matavimai: 7 x 45,1 x 31,1 cm  Reikalingi elementai: 2xAA  Rekomenduojamas am\u017eius: nuo 6 met\u0173\" \/>\n<meta property=\"og:url\" content=\"https:\/\/toys.lt\/lv\/produktas\/zaisline-kosmetika-nagu-dekoravimo-rinkinys-crazy-chic-nail-art-studio\/\" \/>\n<meta property=\"og:site_name\" content=\"Toys.lt\" \/>\n<meta property=\"article:modified_time\" content=\"2026-04-29T00:11:48+00:00\" \/>\n<meta property=\"og:image\" content=\"https:\/\/toys.lt\/wp-content\/uploads\/2023\/09\/products-4924.jpg\" \/>\n\t<meta property=\"og:image:width\" content=\"1500\" \/>\n\t<meta property=\"og:image:height\" content=\"1133\" \/>\n\t<meta property=\"og:image:type\" content=\"image\/jpeg\" \/>\n<meta name=\"twitter:card\" content=\"summary_large_image\" \/>\n<meta name=\"twitter:label1\" content=\"Est. reading time\" \/>\n\t<meta name=\"twitter:data1\" content=\"1 minute\" \/>\n<script type=\"application\/ld+json\" class=\"yoast-schema-graph\">{\"@context\":\"https:\/\/schema.org\",\"@graph\":[{\"@type\":\"WebPage\",\"@id\":\"https:\/\/toys.lt\/lv\/produktas\/zaisline-kosmetika-nagu-dekoravimo-rinkinys-crazy-chic-nail-art-studio\/\",\"url\":\"https:\/\/toys.lt\/lv\/produktas\/zaisline-kosmetika-nagu-dekoravimo-rinkinys-crazy-chic-nail-art-studio\/\",\"name\":\"\u017daislin\u0117 kosmetika - nag\u0173 dekoravimo rinkinys Crazy Chic\\\"Nail Art Studio\\\" - Toys.lt\",\"isPartOf\":{\"@id\":\"https:\/\/toys.lt\/lv\/#website\"},\"primaryImageOfPage\":{\"@id\":\"https:\/\/toys.lt\/lv\/produktas\/zaisline-kosmetika-nagu-dekoravimo-rinkinys-crazy-chic-nail-art-studio\/#primaryimage\"},\"image\":{\"@id\":\"https:\/\/toys.lt\/lv\/produktas\/zaisline-kosmetika-nagu-dekoravimo-rinkinys-crazy-chic-nail-art-studio\/#primaryimage\"},\"thumbnailUrl\":\"https:\/\/toys.lt\/wp-content\/uploads\/2023\/09\/products-4924.jpg\",\"datePublished\":\"2023-09-21T02:27:20+00:00\",\"dateModified\":\"2026-04-29T00:11:48+00:00\",\"breadcrumb\":{\"@id\":\"https:\/\/toys.lt\/lv\/produktas\/zaisline-kosmetika-nagu-dekoravimo-rinkinys-crazy-chic-nail-art-studio\/#breadcrumb\"},\"inLanguage\":\"lv-LV\",\"potentialAction\":[{\"@type\":\"ReadAction\",\"target\":[\"https:\/\/toys.lt\/lv\/produktas\/zaisline-kosmetika-nagu-dekoravimo-rinkinys-crazy-chic-nail-art-studio\/\"]}]},{\"@type\":\"ImageObject\",\"inLanguage\":\"lv-LV\",\"@id\":\"https:\/\/toys.lt\/lv\/produktas\/zaisline-kosmetika-nagu-dekoravimo-rinkinys-crazy-chic-nail-art-studio\/#primaryimage\",\"url\":\"https:\/\/toys.lt\/wp-content\/uploads\/2023\/09\/products-4924.jpg\",\"contentUrl\":\"https:\/\/toys.lt\/wp-content\/uploads\/2023\/09\/products-4924.jpg\",\"width\":1500,\"height\":1133,\"caption\":\"\u017daislin\u0117 kosmetika &#8211; nag\u0173 dekoravimo rinkinys Crazy Chic&#8221;Nail Art Studio&#8221;\"},{\"@type\":\"BreadcrumbList\",\"@id\":\"https:\/\/toys.lt\/lv\/produktas\/zaisline-kosmetika-nagu-dekoravimo-rinkinys-crazy-chic-nail-art-studio\/#breadcrumb\",\"itemListElement\":[{\"@type\":\"ListItem\",\"position\":1,\"name\":\"Home\",\"item\":\"https:\/\/toys.lt\/lv\/\"},{\"@type\":\"ListItem\",\"position\":2,\"name\":\"Veikals\",\"item\":\"https:\/\/toys.lt\/lv\/shop\/\"},{\"@type\":\"ListItem\",\"position\":3,\"name\":\"\u017daislin\u0117 kosmetika &#8211; nag\u0173 dekoravimo rinkinys Crazy Chic&#8221;Nail Art Studio&#8221;\"}]},{\"@type\":\"WebSite\",\"@id\":\"https:\/\/toys.lt\/lv\/#website\",\"url\":\"https:\/\/toys.lt\/lv\/\",\"name\":\"Toys.lt\",\"description\":\"\",\"potentialAction\":[{\"@type\":\"SearchAction\",\"target\":{\"@type\":\"EntryPoint\",\"urlTemplate\":\"https:\/\/toys.lt\/lv\/?s={search_term_string}\"},\"query-input\":{\"@type\":\"PropertyValueSpecification\",\"valueRequired\":true,\"valueName\":\"search_term_string\"}}],\"inLanguage\":\"lv-LV\"}]}<\/script>\n<!-- \/ Yoast SEO plugin. -->","yoast_head_json":{"title":"\u017daislin\u0117 kosmetika - nag\u0173 dekoravimo rinkinys Crazy Chic\"Nail Art Studio\" - Toys.lt","robots":{"index":"index","follow":"follow","max-snippet":"max-snippet:-1","max-image-preview":"max-image-preview:large","max-video-preview":"max-video-preview:-1"},"canonical":"https:\/\/toys.lt\/lv\/produktas\/zaisline-kosmetika-nagu-dekoravimo-rinkinys-crazy-chic-nail-art-studio\/","og_locale":"lv_LV","og_type":"article","og_title":"\u017daislin\u0117 kosmetika - nag\u0173 dekoravimo rinkinys Crazy Chic\"Nail Art Studio\" - Toys.lt","og_description":"Prek\u0117s tipas:\u00a0gro\u017eio rinkinys  Prek\u0117s \u017eenklas: Clementoni  Kilm\u0117s \u0161alis:\u00a0Italija  Pakuot\u0117s i\u0161matavimai: 7 x 45,1 x 31,1 cm  Reikalingi elementai: 2xAA  Rekomenduojamas am\u017eius: nuo 6 met\u0173","og_url":"https:\/\/toys.lt\/lv\/produktas\/zaisline-kosmetika-nagu-dekoravimo-rinkinys-crazy-chic-nail-art-studio\/","og_site_name":"Toys.lt","article_modified_time":"2026-04-29T00:11:48+00:00","og_image":[{"width":1500,"height":1133,"url":"https:\/\/toys.lt\/wp-content\/uploads\/2023\/09\/products-4924.jpg","type":"image\/jpeg"}],"twitter_card":"summary_large_image","twitter_misc":{"Est. reading time":"1 minute"},"schema":{"@context":"https:\/\/schema.org","@graph":[{"@type":"WebPage","@id":"https:\/\/toys.lt\/lv\/produktas\/zaisline-kosmetika-nagu-dekoravimo-rinkinys-crazy-chic-nail-art-studio\/","url":"https:\/\/toys.lt\/lv\/produktas\/zaisline-kosmetika-nagu-dekoravimo-rinkinys-crazy-chic-nail-art-studio\/","name":"\u017daislin\u0117 kosmetika - nag\u0173 dekoravimo rinkinys Crazy Chic\"Nail Art Studio\" - Toys.lt","isPartOf":{"@id":"https:\/\/toys.lt\/lv\/#website"},"primaryImageOfPage":{"@id":"https:\/\/toys.lt\/lv\/produktas\/zaisline-kosmetika-nagu-dekoravimo-rinkinys-crazy-chic-nail-art-studio\/#primaryimage"},"image":{"@id":"https:\/\/toys.lt\/lv\/produktas\/zaisline-kosmetika-nagu-dekoravimo-rinkinys-crazy-chic-nail-art-studio\/#primaryimage"},"thumbnailUrl":"https:\/\/toys.lt\/wp-content\/uploads\/2023\/09\/products-4924.jpg","datePublished":"2023-09-21T02:27:20+00:00","dateModified":"2026-04-29T00:11:48+00:00","breadcrumb":{"@id":"https:\/\/toys.lt\/lv\/produktas\/zaisline-kosmetika-nagu-dekoravimo-rinkinys-crazy-chic-nail-art-studio\/#breadcrumb"},"inLanguage":"lv-LV","potentialAction":[{"@type":"ReadAction","target":["https:\/\/toys.lt\/lv\/produktas\/zaisline-kosmetika-nagu-dekoravimo-rinkinys-crazy-chic-nail-art-studio\/"]}]},{"@type":"ImageObject","inLanguage":"lv-LV","@id":"https:\/\/toys.lt\/lv\/produktas\/zaisline-kosmetika-nagu-dekoravimo-rinkinys-crazy-chic-nail-art-studio\/#primaryimage","url":"https:\/\/toys.lt\/wp-content\/uploads\/2023\/09\/products-4924.jpg","contentUrl":"https:\/\/toys.lt\/wp-content\/uploads\/2023\/09\/products-4924.jpg","width":1500,"height":1133,"caption":"\u017daislin\u0117 kosmetika &#8211; nag\u0173 dekoravimo rinkinys Crazy Chic&#8221;Nail Art Studio&#8221;"},{"@type":"BreadcrumbList","@id":"https:\/\/toys.lt\/lv\/produktas\/zaisline-kosmetika-nagu-dekoravimo-rinkinys-crazy-chic-nail-art-studio\/#breadcrumb","itemListElement":[{"@type":"ListItem","position":1,"name":"Home","item":"https:\/\/toys.lt\/lv\/"},{"@type":"ListItem","position":2,"name":"Veikals","item":"https:\/\/toys.lt\/lv\/shop\/"},{"@type":"ListItem","position":3,"name":"\u017daislin\u0117 kosmetika &#8211; nag\u0173 dekoravimo rinkinys Crazy Chic&#8221;Nail Art Studio&#8221;"}]},{"@type":"WebSite","@id":"https:\/\/toys.lt\/lv\/#website","url":"https:\/\/toys.lt\/lv\/","name":"Toys.lt","description":"","potentialAction":[{"@type":"SearchAction","target":{"@type":"EntryPoint","urlTemplate":"https:\/\/toys.lt\/lv\/?s={search_term_string}"},"query-input":{"@type":"PropertyValueSpecification","valueRequired":true,"valueName":"search_term_string"}}],"inLanguage":"lv-LV"}]}},"_links":{"self":[{"href":"https:\/\/toys.lt\/lv\/wp-json\/wp\/v2\/product\/30240","targetHints":{"allow":["GET"]}}],"collection":[{"href":"https:\/\/toys.lt\/lv\/wp-json\/wp\/v2\/product"}],"about":[{"href":"https:\/\/toys.lt\/lv\/wp-json\/wp\/v2\/types\/product"}],"replies":[{"embeddable":true,"href":"https:\/\/toys.lt\/lv\/wp-json\/wp\/v2\/comments?post=30240"}],"version-history":[{"count":4,"href":"https:\/\/toys.lt\/lv\/wp-json\/wp\/v2\/product\/30240\/revisions"}],"predecessor-version":[{"id":46703,"href":"https:\/\/toys.lt\/lv\/wp-json\/wp\/v2\/product\/30240\/revisions\/46703"}],"wp:featuredmedia":[{"embeddable":true,"href":"https:\/\/toys.lt\/lv\/wp-json\/wp\/v2\/media\/30241"}],"wp:attachment":[{"href":"https:\/\/toys.lt\/lv\/wp-json\/wp\/v2\/media?parent=30240"}],"wp:term":[{"taxonomy":"product_brand","embeddable":true,"href":"https:\/\/toys.lt\/lv\/wp-json\/wp\/v2\/product_brand?post=30240"},{"taxonomy":"product_cat","embeddable":true,"href":"https:\/\/toys.lt\/lv\/wp-json\/wp\/v2\/product_cat?post=30240"},{"taxonomy":"product_tag","embeddable":true,"href":"https:\/\/toys.lt\/lv\/wp-json\/wp\/v2\/product_tag?post=30240"}],"curies":[{"name":"wp","href":"https:\/\/api.w.org\/{rel}","templated":true}]}}