{"id":30218,"date":"2023-07-04T01:33:39","date_gmt":"2023-07-04T01:33:39","guid":{"rendered":"https:\/\/toys.lt\/?post_type=product&#038;p=30218"},"modified":"2026-04-23T18:03:15","modified_gmt":"2026-04-23T18:03:15","slug":"konstruktorius-motoroleris-227-dalys","status":"publish","type":"product","link":"https:\/\/toys.lt\/lv\/produktas\/konstruktorius-motoroleris-227-dalys\/","title":{"rendered":"Konstruktorius &#8211; Motoroleris (227 dalys)"},"content":{"rendered":"<p><strong>Savyb\u0117s:<\/strong><\/p>\n<ul style=\"list-style-type: square\">\n<li>Detal\u0117s tarpusavyje\u00a0gerai susijungia<\/li>\n<li>Yra surinkimo instrukcija<\/li>\n<li>Kolekcinio tipo konstruktorius<\/li>\n<li>Surinkto \u017eaislo i\u0161matavimai: 17,5 x 8 x 12 cm<\/li>\n<\/ul>\n","protected":false},"excerpt":{"rendered":"<p>Prek\u0117s tipas: konstruktorius<\/p>\n<p>Kilm\u0117s \u0161alis:\u00a0Ukraina<\/p>\n<p>Pakuot\u0117s i\u0161matavimai: 38 x 6 x 26 cm<\/p>\n<p>Dali\u0173 skai\u010dius:\u00a0227<\/p>\n<p>Rekomenduojamas am\u017eius: nuo 6 met\u0173<\/p>\n","protected":false},"featured_media":30219,"comment_status":"open","ping_status":"closed","template":"","meta":[],"product_brand":[],"product_cat":[385,410],"product_tag":[],"class_list":{"0":"post-30218","1":"product","2":"type-product","3":"status-publish","4":"has-post-thumbnail","6":"product_cat-konstruktoriai-2","7":"product_cat-zaislai-berniukams","8":"pa_amziaus-grupe-79","9":"pa_prek-s-tipas-konstruktoriai-ir-kalad-l-s","11":"first","12":"outofstock","13":"sale","14":"taxable","15":"shipping-taxable","16":"purchasable","17":"product-type-simple"},"yoast_head":"<!-- This site is optimized with the Yoast SEO plugin v26.3 - https:\/\/yoast.com\/wordpress\/plugins\/seo\/ -->\n<title>Konstruktorius - Motoroleris (227 dalys) - Toys.lt<\/title>\n<meta name=\"robots\" content=\"index, follow, max-snippet:-1, max-image-preview:large, max-video-preview:-1\" \/>\n<link rel=\"canonical\" href=\"https:\/\/toys.lt\/lv\/produktas\/konstruktorius-motoroleris-227-dalys\/\" \/>\n<meta property=\"og:locale\" content=\"lv_LV\" \/>\n<meta property=\"og:type\" content=\"article\" \/>\n<meta property=\"og:title\" content=\"Konstruktorius - Motoroleris (227 dalys) - Toys.lt\" \/>\n<meta property=\"og:description\" content=\"Prek\u0117s tipas: konstruktorius  Kilm\u0117s \u0161alis:\u00a0Ukraina  Pakuot\u0117s i\u0161matavimai: 38 x 6 x 26 cm  Dali\u0173 skai\u010dius:\u00a0227  Rekomenduojamas am\u017eius: nuo 6 met\u0173\" \/>\n<meta property=\"og:url\" content=\"https:\/\/toys.lt\/lv\/produktas\/konstruktorius-motoroleris-227-dalys\/\" \/>\n<meta property=\"og:site_name\" content=\"Toys.lt\" \/>\n<meta property=\"article:modified_time\" content=\"2026-04-23T18:03:15+00:00\" \/>\n<meta property=\"og:image\" content=\"https:\/\/toys.lt\/wp-content\/uploads\/2023\/07\/products-4890-1300x800.jpg\" \/>\n\t<meta property=\"og:image:width\" content=\"1300\" \/>\n\t<meta property=\"og:image:height\" content=\"800\" \/>\n\t<meta property=\"og:image:type\" content=\"image\/jpeg\" \/>\n<meta name=\"twitter:card\" content=\"summary_large_image\" \/>\n<meta name=\"twitter:label1\" content=\"Est. reading time\" \/>\n\t<meta name=\"twitter:data1\" content=\"1 minute\" \/>\n<script type=\"application\/ld+json\" class=\"yoast-schema-graph\">{\"@context\":\"https:\/\/schema.org\",\"@graph\":[{\"@type\":\"WebPage\",\"@id\":\"https:\/\/toys.lt\/lv\/produktas\/konstruktorius-motoroleris-227-dalys\/\",\"url\":\"https:\/\/toys.lt\/lv\/produktas\/konstruktorius-motoroleris-227-dalys\/\",\"name\":\"Konstruktorius - Motoroleris (227 dalys) - Toys.lt\",\"isPartOf\":{\"@id\":\"https:\/\/toys.lt\/lv\/#website\"},\"primaryImageOfPage\":{\"@id\":\"https:\/\/toys.lt\/lv\/produktas\/konstruktorius-motoroleris-227-dalys\/#primaryimage\"},\"image\":{\"@id\":\"https:\/\/toys.lt\/lv\/produktas\/konstruktorius-motoroleris-227-dalys\/#primaryimage\"},\"thumbnailUrl\":\"https:\/\/toys.lt\/wp-content\/uploads\/2023\/07\/products-4890.jpg\",\"datePublished\":\"2023-07-04T01:33:39+00:00\",\"dateModified\":\"2026-04-23T18:03:15+00:00\",\"breadcrumb\":{\"@id\":\"https:\/\/toys.lt\/lv\/produktas\/konstruktorius-motoroleris-227-dalys\/#breadcrumb\"},\"inLanguage\":\"lv-LV\",\"potentialAction\":[{\"@type\":\"ReadAction\",\"target\":[\"https:\/\/toys.lt\/lv\/produktas\/konstruktorius-motoroleris-227-dalys\/\"]}]},{\"@type\":\"ImageObject\",\"inLanguage\":\"lv-LV\",\"@id\":\"https:\/\/toys.lt\/lv\/produktas\/konstruktorius-motoroleris-227-dalys\/#primaryimage\",\"url\":\"https:\/\/toys.lt\/wp-content\/uploads\/2023\/07\/products-4890.jpg\",\"contentUrl\":\"https:\/\/toys.lt\/wp-content\/uploads\/2023\/07\/products-4890.jpg\",\"width\":914,\"height\":648,\"caption\":\"Konstruktorius &#8211; Motoroleris (227 dalys)\"},{\"@type\":\"BreadcrumbList\",\"@id\":\"https:\/\/toys.lt\/lv\/produktas\/konstruktorius-motoroleris-227-dalys\/#breadcrumb\",\"itemListElement\":[{\"@type\":\"ListItem\",\"position\":1,\"name\":\"Home\",\"item\":\"https:\/\/toys.lt\/lv\/\"},{\"@type\":\"ListItem\",\"position\":2,\"name\":\"Veikals\",\"item\":\"https:\/\/toys.lt\/lv\/shop\/\"},{\"@type\":\"ListItem\",\"position\":3,\"name\":\"Konstruktorius &#8211; Motoroleris (227 dalys)\"}]},{\"@type\":\"WebSite\",\"@id\":\"https:\/\/toys.lt\/lv\/#website\",\"url\":\"https:\/\/toys.lt\/lv\/\",\"name\":\"Toys.lt\",\"description\":\"\",\"potentialAction\":[{\"@type\":\"SearchAction\",\"target\":{\"@type\":\"EntryPoint\",\"urlTemplate\":\"https:\/\/toys.lt\/lv\/?s={search_term_string}\"},\"query-input\":{\"@type\":\"PropertyValueSpecification\",\"valueRequired\":true,\"valueName\":\"search_term_string\"}}],\"inLanguage\":\"lv-LV\"}]}<\/script>\n<!-- \/ Yoast SEO plugin. -->","yoast_head_json":{"title":"Konstruktorius - Motoroleris (227 dalys) - Toys.lt","robots":{"index":"index","follow":"follow","max-snippet":"max-snippet:-1","max-image-preview":"max-image-preview:large","max-video-preview":"max-video-preview:-1"},"canonical":"https:\/\/toys.lt\/lv\/produktas\/konstruktorius-motoroleris-227-dalys\/","og_locale":"lv_LV","og_type":"article","og_title":"Konstruktorius - Motoroleris (227 dalys) - Toys.lt","og_description":"Prek\u0117s tipas: konstruktorius  Kilm\u0117s \u0161alis:\u00a0Ukraina  Pakuot\u0117s i\u0161matavimai: 38 x 6 x 26 cm  Dali\u0173 skai\u010dius:\u00a0227  Rekomenduojamas am\u017eius: nuo 6 met\u0173","og_url":"https:\/\/toys.lt\/lv\/produktas\/konstruktorius-motoroleris-227-dalys\/","og_site_name":"Toys.lt","article_modified_time":"2026-04-23T18:03:15+00:00","og_image":[{"width":1300,"height":800,"url":"https:\/\/toys.lt\/wp-content\/uploads\/2023\/07\/products-4890-1300x800.jpg","type":"image\/jpeg"}],"twitter_card":"summary_large_image","twitter_misc":{"Est. reading time":"1 minute"},"schema":{"@context":"https:\/\/schema.org","@graph":[{"@type":"WebPage","@id":"https:\/\/toys.lt\/lv\/produktas\/konstruktorius-motoroleris-227-dalys\/","url":"https:\/\/toys.lt\/lv\/produktas\/konstruktorius-motoroleris-227-dalys\/","name":"Konstruktorius - Motoroleris (227 dalys) - Toys.lt","isPartOf":{"@id":"https:\/\/toys.lt\/lv\/#website"},"primaryImageOfPage":{"@id":"https:\/\/toys.lt\/lv\/produktas\/konstruktorius-motoroleris-227-dalys\/#primaryimage"},"image":{"@id":"https:\/\/toys.lt\/lv\/produktas\/konstruktorius-motoroleris-227-dalys\/#primaryimage"},"thumbnailUrl":"https:\/\/toys.lt\/wp-content\/uploads\/2023\/07\/products-4890.jpg","datePublished":"2023-07-04T01:33:39+00:00","dateModified":"2026-04-23T18:03:15+00:00","breadcrumb":{"@id":"https:\/\/toys.lt\/lv\/produktas\/konstruktorius-motoroleris-227-dalys\/#breadcrumb"},"inLanguage":"lv-LV","potentialAction":[{"@type":"ReadAction","target":["https:\/\/toys.lt\/lv\/produktas\/konstruktorius-motoroleris-227-dalys\/"]}]},{"@type":"ImageObject","inLanguage":"lv-LV","@id":"https:\/\/toys.lt\/lv\/produktas\/konstruktorius-motoroleris-227-dalys\/#primaryimage","url":"https:\/\/toys.lt\/wp-content\/uploads\/2023\/07\/products-4890.jpg","contentUrl":"https:\/\/toys.lt\/wp-content\/uploads\/2023\/07\/products-4890.jpg","width":914,"height":648,"caption":"Konstruktorius &#8211; Motoroleris (227 dalys)"},{"@type":"BreadcrumbList","@id":"https:\/\/toys.lt\/lv\/produktas\/konstruktorius-motoroleris-227-dalys\/#breadcrumb","itemListElement":[{"@type":"ListItem","position":1,"name":"Home","item":"https:\/\/toys.lt\/lv\/"},{"@type":"ListItem","position":2,"name":"Veikals","item":"https:\/\/toys.lt\/lv\/shop\/"},{"@type":"ListItem","position":3,"name":"Konstruktorius &#8211; Motoroleris (227 dalys)"}]},{"@type":"WebSite","@id":"https:\/\/toys.lt\/lv\/#website","url":"https:\/\/toys.lt\/lv\/","name":"Toys.lt","description":"","potentialAction":[{"@type":"SearchAction","target":{"@type":"EntryPoint","urlTemplate":"https:\/\/toys.lt\/lv\/?s={search_term_string}"},"query-input":{"@type":"PropertyValueSpecification","valueRequired":true,"valueName":"search_term_string"}}],"inLanguage":"lv-LV"}]}},"_links":{"self":[{"href":"https:\/\/toys.lt\/lv\/wp-json\/wp\/v2\/product\/30218","targetHints":{"allow":["GET"]}}],"collection":[{"href":"https:\/\/toys.lt\/lv\/wp-json\/wp\/v2\/product"}],"about":[{"href":"https:\/\/toys.lt\/lv\/wp-json\/wp\/v2\/types\/product"}],"replies":[{"embeddable":true,"href":"https:\/\/toys.lt\/lv\/wp-json\/wp\/v2\/comments?post=30218"}],"version-history":[{"count":3,"href":"https:\/\/toys.lt\/lv\/wp-json\/wp\/v2\/product\/30218\/revisions"}],"predecessor-version":[{"id":43354,"href":"https:\/\/toys.lt\/lv\/wp-json\/wp\/v2\/product\/30218\/revisions\/43354"}],"wp:featuredmedia":[{"embeddable":true,"href":"https:\/\/toys.lt\/lv\/wp-json\/wp\/v2\/media\/30219"}],"wp:attachment":[{"href":"https:\/\/toys.lt\/lv\/wp-json\/wp\/v2\/media?parent=30218"}],"wp:term":[{"taxonomy":"product_brand","embeddable":true,"href":"https:\/\/toys.lt\/lv\/wp-json\/wp\/v2\/product_brand?post=30218"},{"taxonomy":"product_cat","embeddable":true,"href":"https:\/\/toys.lt\/lv\/wp-json\/wp\/v2\/product_cat?post=30218"},{"taxonomy":"product_tag","embeddable":true,"href":"https:\/\/toys.lt\/lv\/wp-json\/wp\/v2\/product_tag?post=30218"}],"curies":[{"name":"wp","href":"https:\/\/api.w.org\/{rel}","templated":true}]}}