{"id":30216,"date":"2023-07-04T01:08:11","date_gmt":"2023-07-04T01:08:11","guid":{"rendered":"https:\/\/toys.lt\/?post_type=product&#038;p=30216"},"modified":"2026-04-23T18:03:15","modified_gmt":"2026-04-23T18:03:15","slug":"konstruktorius-motociklas-284-dalys","status":"publish","type":"product","link":"https:\/\/toys.lt\/lv\/produktas\/konstruktorius-motociklas-284-dalys\/","title":{"rendered":"Konstruktorius &#8211; Motociklas (284 dalys)"},"content":{"rendered":"<p><strong>Savyb\u0117s:<\/strong><\/p>\n<ul style=\"list-style-type: square\">\n<li>Detal\u0117s tarpusavyje\u00a0gerai susijungia<\/li>\n<li>Yra surinkimo instrukcija<\/li>\n<li>Kolekcinio tipo konstruktorius<\/li>\n<li>Surinkto \u017eaislo i\u0161matavimai: 17,5 x 8 x 12 cm<\/li>\n<\/ul>\n","protected":false},"excerpt":{"rendered":"<p>Prek\u0117s tipas: konstruktorius<\/p>\n<p>Kilm\u0117s \u0161alis: Kinija<\/p>\n<p>Pakuot\u0117s i\u0161matavimai: 38 x 6 x 26 cm<\/p>\n<p>Dali\u0173 skai\u010dius:\u00a0284<\/p>\n<p>Rekomenduojamas am\u017eius: nuo 6 met\u0173<\/p>\n","protected":false},"featured_media":30217,"comment_status":"open","ping_status":"closed","template":"","meta":[],"product_brand":[],"product_cat":[418,385,389,410,411],"product_tag":[],"class_list":{"0":"post-30216","1":"product","2":"type-product","3":"status-publish","4":"has-post-thumbnail","6":"product_cat-pigu","7":"product_cat-konstruktoriai-2","8":"product_cat-lavinamieji-ir-interaktyvus-zaislai","9":"product_cat-zaislai-berniukams","10":"product_cat-zaislai-mergaitems","11":"pa_amziaus-grupe-79","12":"pa_prek-s-tipas-konstruktoriai-ir-kalad-l-s","14":"first","15":"outofstock","16":"sale","17":"taxable","18":"shipping-taxable","19":"purchasable","20":"product-type-simple"},"yoast_head":"<!-- This site is optimized with the Yoast SEO plugin v27.6 - https:\/\/yoast.com\/product\/yoast-seo-wordpress\/ -->\n<title>Konstruktorius - Motociklas (284 dalys) - Toys.lt<\/title>\n<meta name=\"robots\" content=\"index, follow, max-snippet:-1, max-image-preview:large, max-video-preview:-1\" \/>\n<link rel=\"canonical\" href=\"https:\/\/toys.lt\/lv\/produktas\/konstruktorius-motociklas-284-dalys\/\" \/>\n<meta property=\"og:locale\" content=\"lv_LV\" \/>\n<meta property=\"og:type\" content=\"article\" \/>\n<meta property=\"og:title\" content=\"Konstruktorius - Motociklas (284 dalys) - Toys.lt\" \/>\n<meta property=\"og:description\" content=\"Prek\u0117s tipas: konstruktorius  Kilm\u0117s \u0161alis: Kinija  Pakuot\u0117s i\u0161matavimai: 38 x 6 x 26 cm  Dali\u0173 skai\u010dius:\u00a0284  Rekomenduojamas am\u017eius: nuo 6 met\u0173\" \/>\n<meta property=\"og:url\" content=\"https:\/\/toys.lt\/lv\/produktas\/konstruktorius-motociklas-284-dalys\/\" \/>\n<meta property=\"og:site_name\" content=\"Toys.lt\" \/>\n<meta property=\"article:modified_time\" content=\"2026-04-23T18:03:15+00:00\" \/>\n<meta property=\"og:image\" content=\"https:\/\/toys.lt\/wp-content\/uploads\/2023\/07\/products-4888.jpg\" \/>\n\t<meta property=\"og:image:width\" content=\"716\" \/>\n\t<meta property=\"og:image:height\" content=\"587\" \/>\n\t<meta property=\"og:image:type\" content=\"image\/jpeg\" \/>\n<meta name=\"twitter:card\" content=\"summary_large_image\" \/>\n<meta name=\"twitter:label1\" content=\"Est. reading time\" \/>\n\t<meta name=\"twitter:data1\" content=\"1 minute\" \/>\n<script type=\"application\/ld+json\" class=\"yoast-schema-graph\">{\"@context\":\"https:\\\/\\\/schema.org\",\"@graph\":[{\"@type\":\"WebPage\",\"@id\":\"https:\\\/\\\/toys.lt\\\/lv\\\/produktas\\\/konstruktorius-motociklas-284-dalys\\\/\",\"url\":\"https:\\\/\\\/toys.lt\\\/lv\\\/produktas\\\/konstruktorius-motociklas-284-dalys\\\/\",\"name\":\"Konstruktorius - Motociklas (284 dalys) - Toys.lt\",\"isPartOf\":{\"@id\":\"https:\\\/\\\/toys.lt\\\/lv\\\/#website\"},\"primaryImageOfPage\":{\"@id\":\"https:\\\/\\\/toys.lt\\\/lv\\\/produktas\\\/konstruktorius-motociklas-284-dalys\\\/#primaryimage\"},\"image\":{\"@id\":\"https:\\\/\\\/toys.lt\\\/lv\\\/produktas\\\/konstruktorius-motociklas-284-dalys\\\/#primaryimage\"},\"thumbnailUrl\":\"https:\\\/\\\/toys.lt\\\/wp-content\\\/uploads\\\/2023\\\/07\\\/products-4888.jpg\",\"datePublished\":\"2023-07-04T01:08:11+00:00\",\"dateModified\":\"2026-04-23T18:03:15+00:00\",\"breadcrumb\":{\"@id\":\"https:\\\/\\\/toys.lt\\\/lv\\\/produktas\\\/konstruktorius-motociklas-284-dalys\\\/#breadcrumb\"},\"inLanguage\":\"lv-LV\",\"potentialAction\":[{\"@type\":\"ReadAction\",\"target\":[\"https:\\\/\\\/toys.lt\\\/lv\\\/produktas\\\/konstruktorius-motociklas-284-dalys\\\/\"]}]},{\"@type\":\"ImageObject\",\"inLanguage\":\"lv-LV\",\"@id\":\"https:\\\/\\\/toys.lt\\\/lv\\\/produktas\\\/konstruktorius-motociklas-284-dalys\\\/#primaryimage\",\"url\":\"https:\\\/\\\/toys.lt\\\/wp-content\\\/uploads\\\/2023\\\/07\\\/products-4888.jpg\",\"contentUrl\":\"https:\\\/\\\/toys.lt\\\/wp-content\\\/uploads\\\/2023\\\/07\\\/products-4888.jpg\",\"width\":716,\"height\":587,\"caption\":\"Konstruktorius &#8211; Motociklas (284 dalys)\"},{\"@type\":\"BreadcrumbList\",\"@id\":\"https:\\\/\\\/toys.lt\\\/lv\\\/produktas\\\/konstruktorius-motociklas-284-dalys\\\/#breadcrumb\",\"itemListElement\":[{\"@type\":\"ListItem\",\"position\":1,\"name\":\"Home\",\"item\":\"https:\\\/\\\/toys.lt\\\/lv\\\/\"},{\"@type\":\"ListItem\",\"position\":2,\"name\":\"Veikals\",\"item\":\"https:\\\/\\\/toys.lt\\\/lv\\\/shop\\\/\"},{\"@type\":\"ListItem\",\"position\":3,\"name\":\"Konstruktorius &#8211; Motociklas (284 dalys)\"}]},{\"@type\":\"WebSite\",\"@id\":\"https:\\\/\\\/toys.lt\\\/lv\\\/#website\",\"url\":\"https:\\\/\\\/toys.lt\\\/lv\\\/\",\"name\":\"Toys.lt\",\"description\":\"\",\"potentialAction\":[{\"@type\":\"SearchAction\",\"target\":{\"@type\":\"EntryPoint\",\"urlTemplate\":\"https:\\\/\\\/toys.lt\\\/lv\\\/?s={search_term_string}\"},\"query-input\":{\"@type\":\"PropertyValueSpecification\",\"valueRequired\":true,\"valueName\":\"search_term_string\"}}],\"inLanguage\":\"lv-LV\"}]}<\/script>\n<!-- \/ Yoast SEO plugin. -->","yoast_head_json":{"title":"Konstruktorius - Motociklas (284 dalys) - Toys.lt","robots":{"index":"index","follow":"follow","max-snippet":"max-snippet:-1","max-image-preview":"max-image-preview:large","max-video-preview":"max-video-preview:-1"},"canonical":"https:\/\/toys.lt\/lv\/produktas\/konstruktorius-motociklas-284-dalys\/","og_locale":"lv_LV","og_type":"article","og_title":"Konstruktorius - Motociklas (284 dalys) - Toys.lt","og_description":"Prek\u0117s tipas: konstruktorius  Kilm\u0117s \u0161alis: Kinija  Pakuot\u0117s i\u0161matavimai: 38 x 6 x 26 cm  Dali\u0173 skai\u010dius:\u00a0284  Rekomenduojamas am\u017eius: nuo 6 met\u0173","og_url":"https:\/\/toys.lt\/lv\/produktas\/konstruktorius-motociklas-284-dalys\/","og_site_name":"Toys.lt","article_modified_time":"2026-04-23T18:03:15+00:00","og_image":[{"width":716,"height":587,"url":"https:\/\/toys.lt\/wp-content\/uploads\/2023\/07\/products-4888.jpg","type":"image\/jpeg"}],"twitter_card":"summary_large_image","twitter_misc":{"Est. reading time":"1 minute"},"schema":{"@context":"https:\/\/schema.org","@graph":[{"@type":"WebPage","@id":"https:\/\/toys.lt\/lv\/produktas\/konstruktorius-motociklas-284-dalys\/","url":"https:\/\/toys.lt\/lv\/produktas\/konstruktorius-motociklas-284-dalys\/","name":"Konstruktorius - Motociklas (284 dalys) - Toys.lt","isPartOf":{"@id":"https:\/\/toys.lt\/lv\/#website"},"primaryImageOfPage":{"@id":"https:\/\/toys.lt\/lv\/produktas\/konstruktorius-motociklas-284-dalys\/#primaryimage"},"image":{"@id":"https:\/\/toys.lt\/lv\/produktas\/konstruktorius-motociklas-284-dalys\/#primaryimage"},"thumbnailUrl":"https:\/\/toys.lt\/wp-content\/uploads\/2023\/07\/products-4888.jpg","datePublished":"2023-07-04T01:08:11+00:00","dateModified":"2026-04-23T18:03:15+00:00","breadcrumb":{"@id":"https:\/\/toys.lt\/lv\/produktas\/konstruktorius-motociklas-284-dalys\/#breadcrumb"},"inLanguage":"lv-LV","potentialAction":[{"@type":"ReadAction","target":["https:\/\/toys.lt\/lv\/produktas\/konstruktorius-motociklas-284-dalys\/"]}]},{"@type":"ImageObject","inLanguage":"lv-LV","@id":"https:\/\/toys.lt\/lv\/produktas\/konstruktorius-motociklas-284-dalys\/#primaryimage","url":"https:\/\/toys.lt\/wp-content\/uploads\/2023\/07\/products-4888.jpg","contentUrl":"https:\/\/toys.lt\/wp-content\/uploads\/2023\/07\/products-4888.jpg","width":716,"height":587,"caption":"Konstruktorius &#8211; Motociklas (284 dalys)"},{"@type":"BreadcrumbList","@id":"https:\/\/toys.lt\/lv\/produktas\/konstruktorius-motociklas-284-dalys\/#breadcrumb","itemListElement":[{"@type":"ListItem","position":1,"name":"Home","item":"https:\/\/toys.lt\/lv\/"},{"@type":"ListItem","position":2,"name":"Veikals","item":"https:\/\/toys.lt\/lv\/shop\/"},{"@type":"ListItem","position":3,"name":"Konstruktorius &#8211; Motociklas (284 dalys)"}]},{"@type":"WebSite","@id":"https:\/\/toys.lt\/lv\/#website","url":"https:\/\/toys.lt\/lv\/","name":"Toys.lt","description":"","potentialAction":[{"@type":"SearchAction","target":{"@type":"EntryPoint","urlTemplate":"https:\/\/toys.lt\/lv\/?s={search_term_string}"},"query-input":{"@type":"PropertyValueSpecification","valueRequired":true,"valueName":"search_term_string"}}],"inLanguage":"lv-LV"}]}},"_links":{"self":[{"href":"https:\/\/toys.lt\/lv\/wp-json\/wp\/v2\/product\/30216","targetHints":{"allow":["GET"]}}],"collection":[{"href":"https:\/\/toys.lt\/lv\/wp-json\/wp\/v2\/product"}],"about":[{"href":"https:\/\/toys.lt\/lv\/wp-json\/wp\/v2\/types\/product"}],"replies":[{"embeddable":true,"href":"https:\/\/toys.lt\/lv\/wp-json\/wp\/v2\/comments?post=30216"}],"version-history":[{"count":3,"href":"https:\/\/toys.lt\/lv\/wp-json\/wp\/v2\/product\/30216\/revisions"}],"predecessor-version":[{"id":43353,"href":"https:\/\/toys.lt\/lv\/wp-json\/wp\/v2\/product\/30216\/revisions\/43353"}],"wp:featuredmedia":[{"embeddable":true,"href":"https:\/\/toys.lt\/lv\/wp-json\/wp\/v2\/media\/30217"}],"wp:attachment":[{"href":"https:\/\/toys.lt\/lv\/wp-json\/wp\/v2\/media?parent=30216"}],"wp:term":[{"taxonomy":"product_brand","embeddable":true,"href":"https:\/\/toys.lt\/lv\/wp-json\/wp\/v2\/product_brand?post=30216"},{"taxonomy":"product_cat","embeddable":true,"href":"https:\/\/toys.lt\/lv\/wp-json\/wp\/v2\/product_cat?post=30216"},{"taxonomy":"product_tag","embeddable":true,"href":"https:\/\/toys.lt\/lv\/wp-json\/wp\/v2\/product_tag?post=30216"}],"curies":[{"name":"wp","href":"https:\/\/api.w.org\/{rel}","templated":true}]}}