{"id":29919,"date":"2023-03-29T21:14:51","date_gmt":"2023-03-29T21:14:51","guid":{"rendered":"https:\/\/toys.lt\/?post_type=product&#038;p=29919"},"modified":"2026-04-07T00:02:20","modified_gmt":"2026-04-07T00:02:20","slug":"baseinas-pripuciamas-intex-crystal-blue-pool-147x33cm","status":"publish","type":"product","link":"https:\/\/toys.lt\/lv\/produktas\/baseinas-pripuciamas-intex-crystal-blue-pool-147x33cm\/","title":{"rendered":"Baseinas pripu\u010diamas INTEX Crystal Blue Pool 147x33cm"},"content":{"rendered":"<p>Lengvai ir greitai sumontuojamas\u00a0<strong>pripu\u010diamas lauko baseinas<\/strong>. U\u017etenka patiesti ant lygaus pavir\u0161iaus, prip\u016bsti ir pripildyti vandeniu.<\/p>\n<ul style=\"list-style-type: disc;\">\n<li>Baseino i\u0161matavimai: 147 x 33 cm<\/li>\n<li>Pakuot\u0117s i\u0161matavimai: 23 x 24 x 9 cm<\/li>\n<li>Svoris: 1,3 kg<\/li>\n<li>Vandens talpa: 330 litr\u0173 (80%)<\/li>\n<\/ul>\n","protected":false},"excerpt":{"rendered":"<p>Prek\u0117s tipas: baseinas<\/p>\n<p>Baseino i\u0161matavimai: 147 x 33 cm<\/p>\n<p>Pakuot\u0117s i\u0161matavimai: 23 x 24 x 9 cm<\/p>\n<p>Svoris: 1,3 kg<\/p>\n<p>Vandens talpa: 330 litr\u0173 (80%)<\/p>\n<p>Rekomenduojamas am\u017eius: nuo 2 met\u0173<\/p>\n","protected":false},"featured_media":29920,"comment_status":"open","ping_status":"closed","template":"","meta":[],"product_brand":[],"product_cat":[418,420,419],"product_tag":[],"class_list":{"0":"post-29919","1":"product","2":"type-product","3":"status-publish","4":"has-post-thumbnail","6":"product_cat-pigu","7":"product_cat-baseinai-2","8":"product_cat-sportas-laisvalaikis-turizmas-2","9":"pa_amziaus-grupe-75","10":"pa_prek-s-tipas-baseinai-3","11":"pa_prekes-zenklas-intex","13":"first","14":"outofstock","15":"taxable","16":"shipping-taxable","17":"purchasable","18":"product-type-simple"},"yoast_head":"<!-- This site is optimized with the Yoast SEO plugin v26.3 - https:\/\/yoast.com\/wordpress\/plugins\/seo\/ -->\n<title>Baseinas pripu\u010diamas INTEX Crystal Blue Pool 147x33cm - Toys.lt<\/title>\n<meta name=\"robots\" content=\"index, follow, max-snippet:-1, max-image-preview:large, max-video-preview:-1\" \/>\n<link rel=\"canonical\" href=\"https:\/\/toys.lt\/lv\/produktas\/baseinas-pripuciamas-intex-crystal-blue-pool-147x33cm\/\" \/>\n<meta property=\"og:locale\" content=\"lv_LV\" \/>\n<meta property=\"og:type\" content=\"article\" \/>\n<meta property=\"og:title\" content=\"Baseinas pripu\u010diamas INTEX Crystal Blue Pool 147x33cm - Toys.lt\" \/>\n<meta property=\"og:description\" content=\"Prek\u0117s tipas: baseinas  Baseino i\u0161matavimai: 147 x 33 cm  Pakuot\u0117s i\u0161matavimai: 23 x 24 x 9 cm  Svoris: 1,3 kg  Vandens talpa: 330 litr\u0173 (80%)  Rekomenduojamas am\u017eius: nuo 2 met\u0173\" \/>\n<meta property=\"og:url\" content=\"https:\/\/toys.lt\/lv\/produktas\/baseinas-pripuciamas-intex-crystal-blue-pool-147x33cm\/\" \/>\n<meta property=\"og:site_name\" content=\"Toys.lt\" \/>\n<meta property=\"article:modified_time\" content=\"2026-04-07T00:02:20+00:00\" \/>\n<meta property=\"og:image\" content=\"https:\/\/toys.lt\/wp-content\/uploads\/2023\/03\/products-4396-scaled.jpg\" \/>\n\t<meta property=\"og:image:width\" content=\"2560\" \/>\n\t<meta property=\"og:image:height\" content=\"1778\" \/>\n\t<meta property=\"og:image:type\" content=\"image\/jpeg\" \/>\n<meta name=\"twitter:card\" content=\"summary_large_image\" \/>\n<meta name=\"twitter:label1\" content=\"Est. reading time\" \/>\n\t<meta name=\"twitter:data1\" content=\"1 minute\" \/>\n<script type=\"application\/ld+json\" class=\"yoast-schema-graph\">{\"@context\":\"https:\/\/schema.org\",\"@graph\":[{\"@type\":\"WebPage\",\"@id\":\"https:\/\/toys.lt\/lv\/produktas\/baseinas-pripuciamas-intex-crystal-blue-pool-147x33cm\/\",\"url\":\"https:\/\/toys.lt\/lv\/produktas\/baseinas-pripuciamas-intex-crystal-blue-pool-147x33cm\/\",\"name\":\"Baseinas pripu\u010diamas INTEX Crystal Blue Pool 147x33cm - Toys.lt\",\"isPartOf\":{\"@id\":\"https:\/\/toys.lt\/lv\/#website\"},\"primaryImageOfPage\":{\"@id\":\"https:\/\/toys.lt\/lv\/produktas\/baseinas-pripuciamas-intex-crystal-blue-pool-147x33cm\/#primaryimage\"},\"image\":{\"@id\":\"https:\/\/toys.lt\/lv\/produktas\/baseinas-pripuciamas-intex-crystal-blue-pool-147x33cm\/#primaryimage\"},\"thumbnailUrl\":\"https:\/\/toys.lt\/wp-content\/uploads\/2023\/03\/products-4396-scaled.jpg\",\"datePublished\":\"2023-03-29T21:14:51+00:00\",\"dateModified\":\"2026-04-07T00:02:20+00:00\",\"breadcrumb\":{\"@id\":\"https:\/\/toys.lt\/lv\/produktas\/baseinas-pripuciamas-intex-crystal-blue-pool-147x33cm\/#breadcrumb\"},\"inLanguage\":\"lv-LV\",\"potentialAction\":[{\"@type\":\"ReadAction\",\"target\":[\"https:\/\/toys.lt\/lv\/produktas\/baseinas-pripuciamas-intex-crystal-blue-pool-147x33cm\/\"]}]},{\"@type\":\"ImageObject\",\"inLanguage\":\"lv-LV\",\"@id\":\"https:\/\/toys.lt\/lv\/produktas\/baseinas-pripuciamas-intex-crystal-blue-pool-147x33cm\/#primaryimage\",\"url\":\"https:\/\/toys.lt\/wp-content\/uploads\/2023\/03\/products-4396-scaled.jpg\",\"contentUrl\":\"https:\/\/toys.lt\/wp-content\/uploads\/2023\/03\/products-4396-scaled.jpg\",\"width\":2560,\"height\":1778,\"caption\":\"Baseinas pripu\u010diamas INTEX Crystal Blue Pool 147x33cm\"},{\"@type\":\"BreadcrumbList\",\"@id\":\"https:\/\/toys.lt\/lv\/produktas\/baseinas-pripuciamas-intex-crystal-blue-pool-147x33cm\/#breadcrumb\",\"itemListElement\":[{\"@type\":\"ListItem\",\"position\":1,\"name\":\"Home\",\"item\":\"https:\/\/toys.lt\/lv\/\"},{\"@type\":\"ListItem\",\"position\":2,\"name\":\"Veikals\",\"item\":\"https:\/\/toys.lt\/lv\/shop\/\"},{\"@type\":\"ListItem\",\"position\":3,\"name\":\"Baseinas pripu\u010diamas INTEX Crystal Blue Pool 147x33cm\"}]},{\"@type\":\"WebSite\",\"@id\":\"https:\/\/toys.lt\/lv\/#website\",\"url\":\"https:\/\/toys.lt\/lv\/\",\"name\":\"Toys.lt\",\"description\":\"\",\"potentialAction\":[{\"@type\":\"SearchAction\",\"target\":{\"@type\":\"EntryPoint\",\"urlTemplate\":\"https:\/\/toys.lt\/lv\/?s={search_term_string}\"},\"query-input\":{\"@type\":\"PropertyValueSpecification\",\"valueRequired\":true,\"valueName\":\"search_term_string\"}}],\"inLanguage\":\"lv-LV\"}]}<\/script>\n<!-- \/ Yoast SEO plugin. -->","yoast_head_json":{"title":"Baseinas pripu\u010diamas INTEX Crystal Blue Pool 147x33cm - Toys.lt","robots":{"index":"index","follow":"follow","max-snippet":"max-snippet:-1","max-image-preview":"max-image-preview:large","max-video-preview":"max-video-preview:-1"},"canonical":"https:\/\/toys.lt\/lv\/produktas\/baseinas-pripuciamas-intex-crystal-blue-pool-147x33cm\/","og_locale":"lv_LV","og_type":"article","og_title":"Baseinas pripu\u010diamas INTEX Crystal Blue Pool 147x33cm - Toys.lt","og_description":"Prek\u0117s tipas: baseinas  Baseino i\u0161matavimai: 147 x 33 cm  Pakuot\u0117s i\u0161matavimai: 23 x 24 x 9 cm  Svoris: 1,3 kg  Vandens talpa: 330 litr\u0173 (80%)  Rekomenduojamas am\u017eius: nuo 2 met\u0173","og_url":"https:\/\/toys.lt\/lv\/produktas\/baseinas-pripuciamas-intex-crystal-blue-pool-147x33cm\/","og_site_name":"Toys.lt","article_modified_time":"2026-04-07T00:02:20+00:00","og_image":[{"width":2560,"height":1778,"url":"https:\/\/toys.lt\/wp-content\/uploads\/2023\/03\/products-4396-scaled.jpg","type":"image\/jpeg"}],"twitter_card":"summary_large_image","twitter_misc":{"Est. reading time":"1 minute"},"schema":{"@context":"https:\/\/schema.org","@graph":[{"@type":"WebPage","@id":"https:\/\/toys.lt\/lv\/produktas\/baseinas-pripuciamas-intex-crystal-blue-pool-147x33cm\/","url":"https:\/\/toys.lt\/lv\/produktas\/baseinas-pripuciamas-intex-crystal-blue-pool-147x33cm\/","name":"Baseinas pripu\u010diamas INTEX Crystal Blue Pool 147x33cm - Toys.lt","isPartOf":{"@id":"https:\/\/toys.lt\/lv\/#website"},"primaryImageOfPage":{"@id":"https:\/\/toys.lt\/lv\/produktas\/baseinas-pripuciamas-intex-crystal-blue-pool-147x33cm\/#primaryimage"},"image":{"@id":"https:\/\/toys.lt\/lv\/produktas\/baseinas-pripuciamas-intex-crystal-blue-pool-147x33cm\/#primaryimage"},"thumbnailUrl":"https:\/\/toys.lt\/wp-content\/uploads\/2023\/03\/products-4396-scaled.jpg","datePublished":"2023-03-29T21:14:51+00:00","dateModified":"2026-04-07T00:02:20+00:00","breadcrumb":{"@id":"https:\/\/toys.lt\/lv\/produktas\/baseinas-pripuciamas-intex-crystal-blue-pool-147x33cm\/#breadcrumb"},"inLanguage":"lv-LV","potentialAction":[{"@type":"ReadAction","target":["https:\/\/toys.lt\/lv\/produktas\/baseinas-pripuciamas-intex-crystal-blue-pool-147x33cm\/"]}]},{"@type":"ImageObject","inLanguage":"lv-LV","@id":"https:\/\/toys.lt\/lv\/produktas\/baseinas-pripuciamas-intex-crystal-blue-pool-147x33cm\/#primaryimage","url":"https:\/\/toys.lt\/wp-content\/uploads\/2023\/03\/products-4396-scaled.jpg","contentUrl":"https:\/\/toys.lt\/wp-content\/uploads\/2023\/03\/products-4396-scaled.jpg","width":2560,"height":1778,"caption":"Baseinas pripu\u010diamas INTEX Crystal Blue Pool 147x33cm"},{"@type":"BreadcrumbList","@id":"https:\/\/toys.lt\/lv\/produktas\/baseinas-pripuciamas-intex-crystal-blue-pool-147x33cm\/#breadcrumb","itemListElement":[{"@type":"ListItem","position":1,"name":"Home","item":"https:\/\/toys.lt\/lv\/"},{"@type":"ListItem","position":2,"name":"Veikals","item":"https:\/\/toys.lt\/lv\/shop\/"},{"@type":"ListItem","position":3,"name":"Baseinas pripu\u010diamas INTEX Crystal Blue Pool 147x33cm"}]},{"@type":"WebSite","@id":"https:\/\/toys.lt\/lv\/#website","url":"https:\/\/toys.lt\/lv\/","name":"Toys.lt","description":"","potentialAction":[{"@type":"SearchAction","target":{"@type":"EntryPoint","urlTemplate":"https:\/\/toys.lt\/lv\/?s={search_term_string}"},"query-input":{"@type":"PropertyValueSpecification","valueRequired":true,"valueName":"search_term_string"}}],"inLanguage":"lv-LV"}]}},"_links":{"self":[{"href":"https:\/\/toys.lt\/lv\/wp-json\/wp\/v2\/product\/29919","targetHints":{"allow":["GET"]}}],"collection":[{"href":"https:\/\/toys.lt\/lv\/wp-json\/wp\/v2\/product"}],"about":[{"href":"https:\/\/toys.lt\/lv\/wp-json\/wp\/v2\/types\/product"}],"replies":[{"embeddable":true,"href":"https:\/\/toys.lt\/lv\/wp-json\/wp\/v2\/comments?post=29919"}],"version-history":[{"count":1,"href":"https:\/\/toys.lt\/lv\/wp-json\/wp\/v2\/product\/29919\/revisions"}],"predecessor-version":[{"id":33104,"href":"https:\/\/toys.lt\/lv\/wp-json\/wp\/v2\/product\/29919\/revisions\/33104"}],"wp:featuredmedia":[{"embeddable":true,"href":"https:\/\/toys.lt\/lv\/wp-json\/wp\/v2\/media\/29920"}],"wp:attachment":[{"href":"https:\/\/toys.lt\/lv\/wp-json\/wp\/v2\/media?parent=29919"}],"wp:term":[{"taxonomy":"product_brand","embeddable":true,"href":"https:\/\/toys.lt\/lv\/wp-json\/wp\/v2\/product_brand?post=29919"},{"taxonomy":"product_cat","embeddable":true,"href":"https:\/\/toys.lt\/lv\/wp-json\/wp\/v2\/product_cat?post=29919"},{"taxonomy":"product_tag","embeddable":true,"href":"https:\/\/toys.lt\/lv\/wp-json\/wp\/v2\/product_tag?post=29919"}],"curies":[{"name":"wp","href":"https:\/\/api.w.org\/{rel}","templated":true}]}}