{"id":29654,"date":"2023-03-20T01:19:32","date_gmt":"2023-03-20T01:19:32","guid":{"rendered":"https:\/\/toys.lt\/?post_type=product&#038;p=29654"},"modified":"2026-04-23T18:04:32","modified_gmt":"2026-04-23T18:04:32","slug":"pripuciamas-baseinas-intex-sealife-swim-center-pool-305x183x56cm","status":"publish","type":"product","link":"https:\/\/toys.lt\/lv\/produktas\/pripuciamas-baseinas-intex-sealife-swim-center-pool-305x183x56cm\/","title":{"rendered":"Pripu\u010diamas baseinas INTEX Sealife Swim Center Pool 305x183x56cm"},"content":{"rendered":"<p><strong>Pripu\u010diamas lauko baseinas<\/strong><\/p>\n<ul style=\"list-style-type: disc;\">\n<li>Baseino i\u0161matavimai: 305 x\u00a0183 x\u00a056 cm<\/li>\n<li>Vandens talpa: 1020 litr\u0173<\/li>\n<li>Vandens i\u0161leidimo kam\u0161tis<\/li>\n<li>3 oro kameros<\/li>\n<\/ul>\n","protected":false},"excerpt":{"rendered":"<p>Prek\u0117s tipas: baseinas<\/p>\n<p>Baseino i\u0161matavimai: 305 x\u00a0183 x\u00a056 cm<\/p>\n<p>Pakuot\u0117s i\u0161matavimai: 40 x\u00a046 x\u00a011 cm<\/p>\n<p>Svoris: 7 kg<\/p>\n<p>Vandens talpa: 1020 litr\u0173<\/p>\n<p>Rekomenduojamas am\u017eius: nuo 6 met\u0173<\/p>\n","protected":false},"featured_media":29655,"comment_status":"open","ping_status":"closed","template":"","meta":[],"product_brand":[],"product_cat":[418,419,1139],"product_tag":[],"class_list":{"0":"post-29654","1":"product","2":"type-product","3":"status-publish","4":"has-post-thumbnail","6":"product_cat-pigu","7":"product_cat-sportas-laisvalaikis-turizmas-2","8":"product_cat-vaikiski-baseinai","9":"pa_amziaus-grupe-79","10":"pa_prek-s-tipas-baseinai-3","11":"pa_prekes-zenklas-intex","13":"first","14":"instock","15":"sale","16":"taxable","17":"shipping-taxable","18":"purchasable","19":"product-type-simple"},"yoast_head":"<!-- This site is optimized with the Yoast SEO plugin v26.3 - https:\/\/yoast.com\/wordpress\/plugins\/seo\/ -->\n<title>Pripu\u010diamas baseinas INTEX Sealife Swim Center Pool 305x183x56cm - Toys.lt<\/title>\n<meta name=\"robots\" content=\"index, follow, max-snippet:-1, max-image-preview:large, max-video-preview:-1\" \/>\n<link rel=\"canonical\" href=\"https:\/\/toys.lt\/lv\/produktas\/pripuciamas-baseinas-intex-sealife-swim-center-pool-305x183x56cm\/\" \/>\n<meta property=\"og:locale\" content=\"lv_LV\" \/>\n<meta property=\"og:type\" content=\"article\" \/>\n<meta property=\"og:title\" content=\"Pripu\u010diamas baseinas INTEX Sealife Swim Center Pool 305x183x56cm - Toys.lt\" \/>\n<meta property=\"og:description\" content=\"Prek\u0117s tipas: baseinas  Baseino i\u0161matavimai: 305 x\u00a0183 x\u00a056 cm  Pakuot\u0117s i\u0161matavimai: 40 x\u00a046 x\u00a011 cm  Svoris: 7 kg  Vandens talpa: 1020 litr\u0173  Rekomenduojamas am\u017eius: nuo 6 met\u0173\" \/>\n<meta property=\"og:url\" content=\"https:\/\/toys.lt\/lv\/produktas\/pripuciamas-baseinas-intex-sealife-swim-center-pool-305x183x56cm\/\" \/>\n<meta property=\"og:site_name\" content=\"Toys.lt\" \/>\n<meta property=\"article:modified_time\" content=\"2026-04-23T18:04:32+00:00\" \/>\n<meta property=\"og:image\" content=\"https:\/\/toys.lt\/wp-content\/uploads\/2023\/03\/products-3890-scaled.jpg\" \/>\n\t<meta property=\"og:image:width\" content=\"2560\" \/>\n\t<meta property=\"og:image:height\" content=\"1707\" \/>\n\t<meta property=\"og:image:type\" content=\"image\/jpeg\" \/>\n<meta name=\"twitter:card\" content=\"summary_large_image\" \/>\n<meta name=\"twitter:label1\" content=\"Est. reading time\" \/>\n\t<meta name=\"twitter:data1\" content=\"1 minute\" \/>\n<script type=\"application\/ld+json\" class=\"yoast-schema-graph\">{\"@context\":\"https:\/\/schema.org\",\"@graph\":[{\"@type\":\"WebPage\",\"@id\":\"https:\/\/toys.lt\/lv\/produktas\/pripuciamas-baseinas-intex-sealife-swim-center-pool-305x183x56cm\/\",\"url\":\"https:\/\/toys.lt\/lv\/produktas\/pripuciamas-baseinas-intex-sealife-swim-center-pool-305x183x56cm\/\",\"name\":\"Pripu\u010diamas baseinas INTEX Sealife Swim Center Pool 305x183x56cm - Toys.lt\",\"isPartOf\":{\"@id\":\"https:\/\/toys.lt\/lv\/#website\"},\"primaryImageOfPage\":{\"@id\":\"https:\/\/toys.lt\/lv\/produktas\/pripuciamas-baseinas-intex-sealife-swim-center-pool-305x183x56cm\/#primaryimage\"},\"image\":{\"@id\":\"https:\/\/toys.lt\/lv\/produktas\/pripuciamas-baseinas-intex-sealife-swim-center-pool-305x183x56cm\/#primaryimage\"},\"thumbnailUrl\":\"https:\/\/toys.lt\/wp-content\/uploads\/2023\/03\/products-3890-scaled.jpg\",\"datePublished\":\"2023-03-20T01:19:32+00:00\",\"dateModified\":\"2026-04-23T18:04:32+00:00\",\"breadcrumb\":{\"@id\":\"https:\/\/toys.lt\/lv\/produktas\/pripuciamas-baseinas-intex-sealife-swim-center-pool-305x183x56cm\/#breadcrumb\"},\"inLanguage\":\"lv-LV\",\"potentialAction\":[{\"@type\":\"ReadAction\",\"target\":[\"https:\/\/toys.lt\/lv\/produktas\/pripuciamas-baseinas-intex-sealife-swim-center-pool-305x183x56cm\/\"]}]},{\"@type\":\"ImageObject\",\"inLanguage\":\"lv-LV\",\"@id\":\"https:\/\/toys.lt\/lv\/produktas\/pripuciamas-baseinas-intex-sealife-swim-center-pool-305x183x56cm\/#primaryimage\",\"url\":\"https:\/\/toys.lt\/wp-content\/uploads\/2023\/03\/products-3890-scaled.jpg\",\"contentUrl\":\"https:\/\/toys.lt\/wp-content\/uploads\/2023\/03\/products-3890-scaled.jpg\",\"width\":2560,\"height\":1707,\"caption\":\"Pripu\u010diamas baseinas INTEX Sealife Swim Center Pool 305x183x56cm\"},{\"@type\":\"BreadcrumbList\",\"@id\":\"https:\/\/toys.lt\/lv\/produktas\/pripuciamas-baseinas-intex-sealife-swim-center-pool-305x183x56cm\/#breadcrumb\",\"itemListElement\":[{\"@type\":\"ListItem\",\"position\":1,\"name\":\"Home\",\"item\":\"https:\/\/toys.lt\/lv\/\"},{\"@type\":\"ListItem\",\"position\":2,\"name\":\"Veikals\",\"item\":\"https:\/\/toys.lt\/lv\/shop\/\"},{\"@type\":\"ListItem\",\"position\":3,\"name\":\"Pripu\u010diamas baseinas INTEX Sealife Swim Center Pool 305x183x56cm\"}]},{\"@type\":\"WebSite\",\"@id\":\"https:\/\/toys.lt\/lv\/#website\",\"url\":\"https:\/\/toys.lt\/lv\/\",\"name\":\"Toys.lt\",\"description\":\"\",\"potentialAction\":[{\"@type\":\"SearchAction\",\"target\":{\"@type\":\"EntryPoint\",\"urlTemplate\":\"https:\/\/toys.lt\/lv\/?s={search_term_string}\"},\"query-input\":{\"@type\":\"PropertyValueSpecification\",\"valueRequired\":true,\"valueName\":\"search_term_string\"}}],\"inLanguage\":\"lv-LV\"}]}<\/script>\n<!-- \/ Yoast SEO plugin. -->","yoast_head_json":{"title":"Pripu\u010diamas baseinas INTEX Sealife Swim Center Pool 305x183x56cm - Toys.lt","robots":{"index":"index","follow":"follow","max-snippet":"max-snippet:-1","max-image-preview":"max-image-preview:large","max-video-preview":"max-video-preview:-1"},"canonical":"https:\/\/toys.lt\/lv\/produktas\/pripuciamas-baseinas-intex-sealife-swim-center-pool-305x183x56cm\/","og_locale":"lv_LV","og_type":"article","og_title":"Pripu\u010diamas baseinas INTEX Sealife Swim Center Pool 305x183x56cm - Toys.lt","og_description":"Prek\u0117s tipas: baseinas  Baseino i\u0161matavimai: 305 x\u00a0183 x\u00a056 cm  Pakuot\u0117s i\u0161matavimai: 40 x\u00a046 x\u00a011 cm  Svoris: 7 kg  Vandens talpa: 1020 litr\u0173  Rekomenduojamas am\u017eius: nuo 6 met\u0173","og_url":"https:\/\/toys.lt\/lv\/produktas\/pripuciamas-baseinas-intex-sealife-swim-center-pool-305x183x56cm\/","og_site_name":"Toys.lt","article_modified_time":"2026-04-23T18:04:32+00:00","og_image":[{"width":2560,"height":1707,"url":"https:\/\/toys.lt\/wp-content\/uploads\/2023\/03\/products-3890-scaled.jpg","type":"image\/jpeg"}],"twitter_card":"summary_large_image","twitter_misc":{"Est. reading time":"1 minute"},"schema":{"@context":"https:\/\/schema.org","@graph":[{"@type":"WebPage","@id":"https:\/\/toys.lt\/lv\/produktas\/pripuciamas-baseinas-intex-sealife-swim-center-pool-305x183x56cm\/","url":"https:\/\/toys.lt\/lv\/produktas\/pripuciamas-baseinas-intex-sealife-swim-center-pool-305x183x56cm\/","name":"Pripu\u010diamas baseinas INTEX Sealife Swim Center Pool 305x183x56cm - Toys.lt","isPartOf":{"@id":"https:\/\/toys.lt\/lv\/#website"},"primaryImageOfPage":{"@id":"https:\/\/toys.lt\/lv\/produktas\/pripuciamas-baseinas-intex-sealife-swim-center-pool-305x183x56cm\/#primaryimage"},"image":{"@id":"https:\/\/toys.lt\/lv\/produktas\/pripuciamas-baseinas-intex-sealife-swim-center-pool-305x183x56cm\/#primaryimage"},"thumbnailUrl":"https:\/\/toys.lt\/wp-content\/uploads\/2023\/03\/products-3890-scaled.jpg","datePublished":"2023-03-20T01:19:32+00:00","dateModified":"2026-04-23T18:04:32+00:00","breadcrumb":{"@id":"https:\/\/toys.lt\/lv\/produktas\/pripuciamas-baseinas-intex-sealife-swim-center-pool-305x183x56cm\/#breadcrumb"},"inLanguage":"lv-LV","potentialAction":[{"@type":"ReadAction","target":["https:\/\/toys.lt\/lv\/produktas\/pripuciamas-baseinas-intex-sealife-swim-center-pool-305x183x56cm\/"]}]},{"@type":"ImageObject","inLanguage":"lv-LV","@id":"https:\/\/toys.lt\/lv\/produktas\/pripuciamas-baseinas-intex-sealife-swim-center-pool-305x183x56cm\/#primaryimage","url":"https:\/\/toys.lt\/wp-content\/uploads\/2023\/03\/products-3890-scaled.jpg","contentUrl":"https:\/\/toys.lt\/wp-content\/uploads\/2023\/03\/products-3890-scaled.jpg","width":2560,"height":1707,"caption":"Pripu\u010diamas baseinas INTEX Sealife Swim Center Pool 305x183x56cm"},{"@type":"BreadcrumbList","@id":"https:\/\/toys.lt\/lv\/produktas\/pripuciamas-baseinas-intex-sealife-swim-center-pool-305x183x56cm\/#breadcrumb","itemListElement":[{"@type":"ListItem","position":1,"name":"Home","item":"https:\/\/toys.lt\/lv\/"},{"@type":"ListItem","position":2,"name":"Veikals","item":"https:\/\/toys.lt\/lv\/shop\/"},{"@type":"ListItem","position":3,"name":"Pripu\u010diamas baseinas INTEX Sealife Swim Center Pool 305x183x56cm"}]},{"@type":"WebSite","@id":"https:\/\/toys.lt\/lv\/#website","url":"https:\/\/toys.lt\/lv\/","name":"Toys.lt","description":"","potentialAction":[{"@type":"SearchAction","target":{"@type":"EntryPoint","urlTemplate":"https:\/\/toys.lt\/lv\/?s={search_term_string}"},"query-input":{"@type":"PropertyValueSpecification","valueRequired":true,"valueName":"search_term_string"}}],"inLanguage":"lv-LV"}]}},"_links":{"self":[{"href":"https:\/\/toys.lt\/lv\/wp-json\/wp\/v2\/product\/29654","targetHints":{"allow":["GET"]}}],"collection":[{"href":"https:\/\/toys.lt\/lv\/wp-json\/wp\/v2\/product"}],"about":[{"href":"https:\/\/toys.lt\/lv\/wp-json\/wp\/v2\/types\/product"}],"replies":[{"embeddable":true,"href":"https:\/\/toys.lt\/lv\/wp-json\/wp\/v2\/comments?post=29654"}],"version-history":[{"count":2,"href":"https:\/\/toys.lt\/lv\/wp-json\/wp\/v2\/product\/29654\/revisions"}],"predecessor-version":[{"id":46654,"href":"https:\/\/toys.lt\/lv\/wp-json\/wp\/v2\/product\/29654\/revisions\/46654"}],"wp:featuredmedia":[{"embeddable":true,"href":"https:\/\/toys.lt\/lv\/wp-json\/wp\/v2\/media\/29655"}],"wp:attachment":[{"href":"https:\/\/toys.lt\/lv\/wp-json\/wp\/v2\/media?parent=29654"}],"wp:term":[{"taxonomy":"product_brand","embeddable":true,"href":"https:\/\/toys.lt\/lv\/wp-json\/wp\/v2\/product_brand?post=29654"},{"taxonomy":"product_cat","embeddable":true,"href":"https:\/\/toys.lt\/lv\/wp-json\/wp\/v2\/product_cat?post=29654"},{"taxonomy":"product_tag","embeddable":true,"href":"https:\/\/toys.lt\/lv\/wp-json\/wp\/v2\/product_tag?post=29654"}],"curies":[{"name":"wp","href":"https:\/\/api.w.org\/{rel}","templated":true}]}}