{"id":27652,"date":"2020-08-19T15:28:18","date_gmt":"2020-08-19T15:28:18","guid":{"rendered":"https:\/\/toys.lt\/?post_type=product&#038;p=27652"},"modified":"2026-04-06T00:30:30","modified_gmt":"2026-04-06T00:30:30","slug":"aisliniai-lediniai-ledai-k-rybos-rinkinys-clementoni-frozen-2","status":"publish","type":"product","link":"https:\/\/toys.lt\/lv\/produktas\/aisliniai-lediniai-ledai-k-rybos-rinkinys-clementoni-frozen-2\/","title":{"rendered":"\u017daisliniai lediniai ledai &#8211; k\u016brybos rinkinys &#8220;Clementoni Frozen 2&#8221;"},"content":{"rendered":"<p class=\"MsoNormal\" align=\"center\" style=\"margin:0px;font-size:medium;color:rgb(122,122,122);padding:0px;line-height:inherit;border:0px;font-family:Roboto, sans-serif;background-color:rgb(254,254,254);text-align:center;\"><i style=\"line-height:inherit;margin:0px;padding:0px;border:0px;font-variant:inherit;font-weight:inherit;font-size:inherit;font-family:inherit;\"><span style=\"margin:0px;padding:0px;border:0px;font-style:inherit;font-variant:inherit;font-weight:inherit;font-size:8.5pt;line-height:inherit;font-family:Verdana, sans-serif;color:rgb(0,0,0);\">Kompanija &#8220;Clementoni&#8221; &#8211; \u012fkurta Italijoje ir\u00a0s\u0117kmingai dirba\u00a0daugiau nei 50 met\u0173! Kompanijos misija &#8211; kurti \u017eaidimus, kurie padeda vaikams augimo procese.\u00a0<\/span><\/i><\/p>\n<p style=\"margin:0px;font-size:medium;color:rgb(122,122,122);padding:0px;line-height:inherit;border:0px;font-family:Roboto, sans-serif;background-color:rgb(254,254,254);\">\n<p style=\"margin:0px;font-size:medium;color:rgb(122,122,122);padding:0px;line-height:inherit;border:0px;font-family:Roboto, sans-serif;background-color:rgb(254,254,254);\">\n<p class=\"MsoNormal\" align=\"center\" style=\"margin:0px;font-size:medium;color:rgb(122,122,122);padding:0px;line-height:inherit;border:0px;font-family:Roboto, sans-serif;background-color:rgb(254,254,254);\">\n<p class=\"MsoNormal\" align=\"center\" style=\"margin:0px;font-size:medium;color:rgb(122,122,122);padding:0px;line-height:inherit;border:0px;font-family:Roboto, sans-serif;background-color:rgb(254,254,254);text-align:center;\"><i style=\"line-height:inherit;margin:0px;padding:0px;border:0px;font-variant:inherit;font-weight:inherit;font-size:inherit;font-family:inherit;\"><span style=\"margin:0px;padding:0px;border:0px;font-style:inherit;font-variant:inherit;font-weight:inherit;font-size:8.5pt;line-height:inherit;font-family:Verdana, sans-serif;color:rgb(0,0,0);\">Vis\u0105 tai skirta patenkinti jaunimo poreikius, atsi\u017evelgiant \u012f \u0161iuolaikines technologijas ir pasaulio \u0161vietimo tendencijas.<\/span><\/i><\/p>\n<p><strong><\/strong><\/p>\n<p><strong>Savyb\u0117s:<\/strong><\/p>\n<ul style=\"list-style-type:square;\">\n<li>Komplekte\u00a0yra praktini\u0173\u00a0formeli\u0173\u00a0ir aksesuar\u0173, leid\u017eian\u010di\u0173\u00a0sukurti ledini\u0173 led\u0173 ar \u017eied\u0173<\/li>\n<li>Komplekte yra iliustruotas vadovas, kur\u012f reikia sekti \u017eingsnis po \u017eingsnio kuriant ledinius ledus<\/li>\n<li>Lavina k\u016brybingum\u0105, vaizduot\u0119, ugdo d\u0117mesingum\u0105<\/li>\n<\/ul>\n","protected":false},"excerpt":{"rendered":"<p>Prek\u0117s tipas:\u00a0k\u016brybinis rinkinys<\/p>\n<p>Prek\u0117s \u017eenklas: Clementoni<\/p>\n<p>Kilm\u0117s \u0161alis:\u00a0Italija<\/p>\n<p>Pakuot\u0117s i\u0161matavimai: 22,5 x 29 x 6 cm<\/p>\n<p>Rekomenduojamas am\u017eius: nuo 6 met\u0173<\/p>\n","protected":false},"featured_media":27653,"comment_status":"open","ping_status":"open","template":"","meta":[],"product_brand":[384],"product_cat":[409,411],"product_tag":[],"class_list":{"0":"post-27652","1":"product","2":"type-product","3":"status-publish","4":"has-post-thumbnail","6":"product_brand-clementoni-2","7":"product_cat-rankdarbiai-ir-kuryba","8":"product_cat-zaislai-mergaitems","9":"pa_amziaus-grupe-79","10":"pa_prek-s-tipas-k-rybos-rinkiniai","11":"pa_prekes-zenklas-clementoni","13":"first","14":"outofstock","15":"taxable","16":"shipping-taxable","17":"purchasable","18":"product-type-simple"},"yoast_head":"<!-- This site is optimized with the Yoast SEO plugin v26.3 - https:\/\/yoast.com\/wordpress\/plugins\/seo\/ -->\n<title>\u017daisliniai lediniai ledai - k\u016brybos rinkinys &quot;Clementoni Frozen 2&quot; - Toys.lt<\/title>\n<meta name=\"robots\" content=\"index, follow, max-snippet:-1, max-image-preview:large, max-video-preview:-1\" \/>\n<link rel=\"canonical\" href=\"https:\/\/toys.lt\/lv\/produktas\/aisliniai-lediniai-ledai-k-rybos-rinkinys-clementoni-frozen-2\/\" \/>\n<meta property=\"og:locale\" content=\"lv_LV\" \/>\n<meta property=\"og:type\" content=\"article\" \/>\n<meta property=\"og:title\" content=\"\u017daisliniai lediniai ledai - k\u016brybos rinkinys &quot;Clementoni Frozen 2&quot; - Toys.lt\" \/>\n<meta property=\"og:description\" content=\"Prek\u0117s tipas:\u00a0k\u016brybinis rinkinys Prek\u0117s \u017eenklas: Clementoni Kilm\u0117s \u0161alis:\u00a0Italija Pakuot\u0117s i\u0161matavimai: 22,5 x 29 x 6 cm Rekomenduojamas am\u017eius: nuo 6 met\u0173\" \/>\n<meta property=\"og:url\" content=\"https:\/\/toys.lt\/lv\/produktas\/aisliniai-lediniai-ledai-k-rybos-rinkinys-clementoni-frozen-2\/\" \/>\n<meta property=\"og:site_name\" content=\"Toys.lt\" \/>\n<meta property=\"article:modified_time\" content=\"2026-04-06T00:30:30+00:00\" \/>\n<meta property=\"og:image\" content=\"https:\/\/toys.lt\/wp-content\/uploads\/2020\/08\/products-1409.jpg\" \/>\n\t<meta property=\"og:image:width\" content=\"1400\" \/>\n\t<meta property=\"og:image:height\" content=\"1163\" \/>\n\t<meta property=\"og:image:type\" content=\"image\/jpeg\" \/>\n<meta name=\"twitter:card\" content=\"summary_large_image\" \/>\n<script type=\"application\/ld+json\" class=\"yoast-schema-graph\">{\"@context\":\"https:\/\/schema.org\",\"@graph\":[{\"@type\":\"WebPage\",\"@id\":\"https:\/\/toys.lt\/lv\/produktas\/aisliniai-lediniai-ledai-k-rybos-rinkinys-clementoni-frozen-2\/\",\"url\":\"https:\/\/toys.lt\/lv\/produktas\/aisliniai-lediniai-ledai-k-rybos-rinkinys-clementoni-frozen-2\/\",\"name\":\"\u017daisliniai lediniai ledai - k\u016brybos rinkinys \\\"Clementoni Frozen 2\\\" - Toys.lt\",\"isPartOf\":{\"@id\":\"https:\/\/toys.lt\/lv\/#website\"},\"primaryImageOfPage\":{\"@id\":\"https:\/\/toys.lt\/lv\/produktas\/aisliniai-lediniai-ledai-k-rybos-rinkinys-clementoni-frozen-2\/#primaryimage\"},\"image\":{\"@id\":\"https:\/\/toys.lt\/lv\/produktas\/aisliniai-lediniai-ledai-k-rybos-rinkinys-clementoni-frozen-2\/#primaryimage\"},\"thumbnailUrl\":\"https:\/\/toys.lt\/wp-content\/uploads\/2020\/08\/products-1409.jpg\",\"datePublished\":\"2020-08-19T15:28:18+00:00\",\"dateModified\":\"2026-04-06T00:30:30+00:00\",\"breadcrumb\":{\"@id\":\"https:\/\/toys.lt\/lv\/produktas\/aisliniai-lediniai-ledai-k-rybos-rinkinys-clementoni-frozen-2\/#breadcrumb\"},\"inLanguage\":\"lv-LV\",\"potentialAction\":[{\"@type\":\"ReadAction\",\"target\":[\"https:\/\/toys.lt\/lv\/produktas\/aisliniai-lediniai-ledai-k-rybos-rinkinys-clementoni-frozen-2\/\"]}]},{\"@type\":\"ImageObject\",\"inLanguage\":\"lv-LV\",\"@id\":\"https:\/\/toys.lt\/lv\/produktas\/aisliniai-lediniai-ledai-k-rybos-rinkinys-clementoni-frozen-2\/#primaryimage\",\"url\":\"https:\/\/toys.lt\/wp-content\/uploads\/2020\/08\/products-1409.jpg\",\"contentUrl\":\"https:\/\/toys.lt\/wp-content\/uploads\/2020\/08\/products-1409.jpg\",\"width\":1400,\"height\":1163,\"caption\":\"\u017daisliniai lediniai ledai &#8211; k\u016brybos rinkinys &#8220;Clementoni Frozen 2&#8221;\"},{\"@type\":\"BreadcrumbList\",\"@id\":\"https:\/\/toys.lt\/lv\/produktas\/aisliniai-lediniai-ledai-k-rybos-rinkinys-clementoni-frozen-2\/#breadcrumb\",\"itemListElement\":[{\"@type\":\"ListItem\",\"position\":1,\"name\":\"Home\",\"item\":\"https:\/\/toys.lt\/lv\/\"},{\"@type\":\"ListItem\",\"position\":2,\"name\":\"Veikals\",\"item\":\"https:\/\/toys.lt\/lv\/shop\/\"},{\"@type\":\"ListItem\",\"position\":3,\"name\":\"\u017daisliniai lediniai ledai &#8211; k\u016brybos rinkinys &#8222;Clementoni Frozen 2&#8221;\"}]},{\"@type\":\"WebSite\",\"@id\":\"https:\/\/toys.lt\/lv\/#website\",\"url\":\"https:\/\/toys.lt\/lv\/\",\"name\":\"Toys.lt\",\"description\":\"\",\"potentialAction\":[{\"@type\":\"SearchAction\",\"target\":{\"@type\":\"EntryPoint\",\"urlTemplate\":\"https:\/\/toys.lt\/lv\/?s={search_term_string}\"},\"query-input\":{\"@type\":\"PropertyValueSpecification\",\"valueRequired\":true,\"valueName\":\"search_term_string\"}}],\"inLanguage\":\"lv-LV\"}]}<\/script>\n<!-- \/ Yoast SEO plugin. -->","yoast_head_json":{"title":"\u017daisliniai lediniai ledai - k\u016brybos rinkinys \"Clementoni Frozen 2\" - Toys.lt","robots":{"index":"index","follow":"follow","max-snippet":"max-snippet:-1","max-image-preview":"max-image-preview:large","max-video-preview":"max-video-preview:-1"},"canonical":"https:\/\/toys.lt\/lv\/produktas\/aisliniai-lediniai-ledai-k-rybos-rinkinys-clementoni-frozen-2\/","og_locale":"lv_LV","og_type":"article","og_title":"\u017daisliniai lediniai ledai - k\u016brybos rinkinys \"Clementoni Frozen 2\" - Toys.lt","og_description":"Prek\u0117s tipas:\u00a0k\u016brybinis rinkinys Prek\u0117s \u017eenklas: Clementoni Kilm\u0117s \u0161alis:\u00a0Italija Pakuot\u0117s i\u0161matavimai: 22,5 x 29 x 6 cm Rekomenduojamas am\u017eius: nuo 6 met\u0173","og_url":"https:\/\/toys.lt\/lv\/produktas\/aisliniai-lediniai-ledai-k-rybos-rinkinys-clementoni-frozen-2\/","og_site_name":"Toys.lt","article_modified_time":"2026-04-06T00:30:30+00:00","og_image":[{"width":1400,"height":1163,"url":"https:\/\/toys.lt\/wp-content\/uploads\/2020\/08\/products-1409.jpg","type":"image\/jpeg"}],"twitter_card":"summary_large_image","schema":{"@context":"https:\/\/schema.org","@graph":[{"@type":"WebPage","@id":"https:\/\/toys.lt\/lv\/produktas\/aisliniai-lediniai-ledai-k-rybos-rinkinys-clementoni-frozen-2\/","url":"https:\/\/toys.lt\/lv\/produktas\/aisliniai-lediniai-ledai-k-rybos-rinkinys-clementoni-frozen-2\/","name":"\u017daisliniai lediniai ledai - k\u016brybos rinkinys \"Clementoni Frozen 2\" - Toys.lt","isPartOf":{"@id":"https:\/\/toys.lt\/lv\/#website"},"primaryImageOfPage":{"@id":"https:\/\/toys.lt\/lv\/produktas\/aisliniai-lediniai-ledai-k-rybos-rinkinys-clementoni-frozen-2\/#primaryimage"},"image":{"@id":"https:\/\/toys.lt\/lv\/produktas\/aisliniai-lediniai-ledai-k-rybos-rinkinys-clementoni-frozen-2\/#primaryimage"},"thumbnailUrl":"https:\/\/toys.lt\/wp-content\/uploads\/2020\/08\/products-1409.jpg","datePublished":"2020-08-19T15:28:18+00:00","dateModified":"2026-04-06T00:30:30+00:00","breadcrumb":{"@id":"https:\/\/toys.lt\/lv\/produktas\/aisliniai-lediniai-ledai-k-rybos-rinkinys-clementoni-frozen-2\/#breadcrumb"},"inLanguage":"lv-LV","potentialAction":[{"@type":"ReadAction","target":["https:\/\/toys.lt\/lv\/produktas\/aisliniai-lediniai-ledai-k-rybos-rinkinys-clementoni-frozen-2\/"]}]},{"@type":"ImageObject","inLanguage":"lv-LV","@id":"https:\/\/toys.lt\/lv\/produktas\/aisliniai-lediniai-ledai-k-rybos-rinkinys-clementoni-frozen-2\/#primaryimage","url":"https:\/\/toys.lt\/wp-content\/uploads\/2020\/08\/products-1409.jpg","contentUrl":"https:\/\/toys.lt\/wp-content\/uploads\/2020\/08\/products-1409.jpg","width":1400,"height":1163,"caption":"\u017daisliniai lediniai ledai &#8211; k\u016brybos rinkinys &#8220;Clementoni Frozen 2&#8221;"},{"@type":"BreadcrumbList","@id":"https:\/\/toys.lt\/lv\/produktas\/aisliniai-lediniai-ledai-k-rybos-rinkinys-clementoni-frozen-2\/#breadcrumb","itemListElement":[{"@type":"ListItem","position":1,"name":"Home","item":"https:\/\/toys.lt\/lv\/"},{"@type":"ListItem","position":2,"name":"Veikals","item":"https:\/\/toys.lt\/lv\/shop\/"},{"@type":"ListItem","position":3,"name":"\u017daisliniai lediniai ledai &#8211; k\u016brybos rinkinys &#8222;Clementoni Frozen 2&#8221;"}]},{"@type":"WebSite","@id":"https:\/\/toys.lt\/lv\/#website","url":"https:\/\/toys.lt\/lv\/","name":"Toys.lt","description":"","potentialAction":[{"@type":"SearchAction","target":{"@type":"EntryPoint","urlTemplate":"https:\/\/toys.lt\/lv\/?s={search_term_string}"},"query-input":{"@type":"PropertyValueSpecification","valueRequired":true,"valueName":"search_term_string"}}],"inLanguage":"lv-LV"}]}},"_links":{"self":[{"href":"https:\/\/toys.lt\/lv\/wp-json\/wp\/v2\/product\/27652","targetHints":{"allow":["GET"]}}],"collection":[{"href":"https:\/\/toys.lt\/lv\/wp-json\/wp\/v2\/product"}],"about":[{"href":"https:\/\/toys.lt\/lv\/wp-json\/wp\/v2\/types\/product"}],"replies":[{"embeddable":true,"href":"https:\/\/toys.lt\/lv\/wp-json\/wp\/v2\/comments?post=27652"}],"version-history":[{"count":0,"href":"https:\/\/toys.lt\/lv\/wp-json\/wp\/v2\/product\/27652\/revisions"}],"wp:featuredmedia":[{"embeddable":true,"href":"https:\/\/toys.lt\/lv\/wp-json\/wp\/v2\/media\/27653"}],"wp:attachment":[{"href":"https:\/\/toys.lt\/lv\/wp-json\/wp\/v2\/media?parent=27652"}],"wp:term":[{"taxonomy":"product_brand","embeddable":true,"href":"https:\/\/toys.lt\/lv\/wp-json\/wp\/v2\/product_brand?post=27652"},{"taxonomy":"product_cat","embeddable":true,"href":"https:\/\/toys.lt\/lv\/wp-json\/wp\/v2\/product_cat?post=27652"},{"taxonomy":"product_tag","embeddable":true,"href":"https:\/\/toys.lt\/lv\/wp-json\/wp\/v2\/product_tag?post=27652"}],"curies":[{"name":"wp","href":"https:\/\/api.w.org\/{rel}","templated":true}]}}