{"id":27646,"date":"2020-08-19T14:10:43","date_gmt":"2020-08-19T14:10:43","guid":{"rendered":"https:\/\/toys.lt\/?post_type=product&#038;p=27646"},"modified":"2026-04-06T00:30:30","modified_gmt":"2026-04-06T00:30:30","slug":"aislin-kosmetika-clementoni-makiazo-staliukas-su-veidrod-liu","status":"publish","type":"product","link":"https:\/\/toys.lt\/lv\/produktas\/aislin-kosmetika-clementoni-makiazo-staliukas-su-veidrod-liu\/","title":{"rendered":"\u017daislin\u0117 kosmetika &#8211; Clementoni makia\u017eo staliukas su veidrod\u0117liu"},"content":{"rendered":"<p class=\"MsoNormal\" align=\"center\" style=\"margin:0px;font-size:medium;color:#7a7a7a;padding:0px;line-height:inherit;border:0px;font-family:Roboto, sans-serif;background-color:#fefefe;text-align:center;\"><i style=\"line-height:inherit;margin:0px;padding:0px;border:0px;font-variant:inherit;font-weight:inherit;font-size:inherit;font-family:inherit;\"><span style=\"margin:0px;padding:0px;border:0px;font-style:inherit;font-variant:inherit;font-weight:inherit;font-size:8.5pt;line-height:inherit;font-family:Verdana, sans-serif;color:#000000;\">Kompanija &#8220;Clementoni&#8221; &#8211; \u012fkurta Italijoje ir\u00a0s\u0117kmingai dirba\u00a0daugiau nei 50 met\u0173! Kompanijos misija &#8211; kurti \u017eaidimus, kurie padeda vaikams augimo procese.\u00a0<\/span><\/i><\/p>\n<p style=\"margin:0px;font-size:medium;color:#7a7a7a;padding:0px;line-height:inherit;border:0px;font-family:Roboto, sans-serif;background-color:#fefefe;\">\n<p style=\"margin:0px;font-size:medium;color:#7a7a7a;padding:0px;line-height:inherit;border:0px;font-family:Roboto, sans-serif;background-color:#fefefe;\">\n<p class=\"MsoNormal\" align=\"center\" style=\"margin:0px;font-size:medium;color:#7a7a7a;padding:0px;line-height:inherit;border:0px;font-family:Roboto, sans-serif;background-color:#fefefe;text-align:center;\"><i style=\"line-height:inherit;margin:0px;padding:0px;border:0px;font-variant:inherit;font-weight:inherit;font-size:inherit;font-family:inherit;\"><span style=\"margin:0px;padding:0px;border:0px;font-style:inherit;font-variant:inherit;font-weight:inherit;font-size:8.5pt;line-height:inherit;font-family:Verdana, sans-serif;color:#000000;\">Vis\u0105 tai skirta patenkinti jaunimo poreikius, atsi\u017evelgiant \u012f \u0161iuolaikines technologijas ir pasaulio \u0161vietimo tendencijas.<\/span><\/i><\/p>\n<\/p>\n<p><strong>Savyb\u0117s:<\/strong><\/p>\n<ul style=\"list-style-type:square;\">\n<li>Modernaus stiliaus makia\u017eo staliukas su veidrod\u0117liu, skirtas sukurti makia\u017e\u0105 kaip tikrai makia\u017eo meistrei<\/li>\n<li>Makia\u017eo\u00a0staliukas turi turting\u0105 kosmetikos rinkin\u012f su l\u016bp\u0173 blizgiais, aki\u0173 \u0161e\u0161\u0117liais ir skaistalais<\/li>\n<li>\u0160viesos \u012fsijungia atidarius veidrod\u012f, kad b\u016bt\u0173 sukurta tinkama atmosfera, o \u017eaidimo akimirkos b\u016bt\u0173 dar malonesn\u0117s ir patrauklesn\u0117s<\/li>\n<li>Makia\u017eas lengvai nusivalo vandeniu, be to jis yra pagamintas naudojant patikrintas netoksines med\u017eiagas, kurios yra visi\u0161kai saugios<\/li>\n<li>\u0160is \u017eaidimas skatina j\u016bs\u0173 vaik\u0173 vaizduot\u0119, k\u016brybingum\u0105, lavina motorinius \u012fg\u016bd\u017eius<\/li>\n<\/ul>\n","protected":false},"excerpt":{"rendered":"<p>Prek\u0117s tipas:\u00a0gro\u017eio rinkinys<\/p>\n<p>Prek\u0117s \u017eenklas: Clementoni<\/p>\n<p>Kilm\u0117s \u0161alis:\u00a0Italija<\/p>\n<p>Pakuot\u0117s i\u0161matavimai: 47,9 x 34,8 x 9 cm<\/p>\n<p>Rekomenduojamas am\u017eius: nuo 6 met\u0173<\/p>\n","protected":false},"featured_media":27647,"comment_status":"open","ping_status":"open","template":"","meta":[],"product_brand":[384],"product_cat":[405,411],"product_tag":[],"class_list":{"0":"post-27646","1":"product","2":"type-product","3":"status-publish","4":"has-post-thumbnail","6":"product_brand-clementoni-2","7":"product_cat-grozio-rinkiniai-ir-kosmetika-2","8":"product_cat-zaislai-mergaitems","9":"pa_amziaus-grupe-79","10":"pa_prek-s-tipas-kosmetikos-rinkiniai-2","11":"pa_prekes-zenklas-clementoni","13":"first","14":"outofstock","15":"taxable","16":"shipping-taxable","17":"purchasable","18":"product-type-simple"},"yoast_head":"<!-- This site is optimized with the Yoast SEO plugin v26.3 - https:\/\/yoast.com\/wordpress\/plugins\/seo\/ -->\n<title>\u017daislin\u0117 kosmetika - Clementoni makia\u017eo staliukas su veidrod\u0117liu - Toys.lt<\/title>\n<meta name=\"robots\" content=\"index, follow, max-snippet:-1, max-image-preview:large, max-video-preview:-1\" \/>\n<link rel=\"canonical\" href=\"https:\/\/toys.lt\/lv\/produktas\/aislin-kosmetika-clementoni-makiazo-staliukas-su-veidrod-liu\/\" \/>\n<meta property=\"og:locale\" content=\"lv_LV\" \/>\n<meta property=\"og:type\" content=\"article\" \/>\n<meta property=\"og:title\" content=\"\u017daislin\u0117 kosmetika - Clementoni makia\u017eo staliukas su veidrod\u0117liu - Toys.lt\" \/>\n<meta property=\"og:description\" content=\"Prek\u0117s tipas:\u00a0gro\u017eio rinkinys Prek\u0117s \u017eenklas: Clementoni Kilm\u0117s \u0161alis:\u00a0Italija Pakuot\u0117s i\u0161matavimai: 47,9 x 34,8 x 9 cm Rekomenduojamas am\u017eius: nuo 6 met\u0173\" \/>\n<meta property=\"og:url\" content=\"https:\/\/toys.lt\/lv\/produktas\/aislin-kosmetika-clementoni-makiazo-staliukas-su-veidrod-liu\/\" \/>\n<meta property=\"og:site_name\" content=\"Toys.lt\" \/>\n<meta property=\"article:modified_time\" content=\"2026-04-06T00:30:30+00:00\" \/>\n<meta property=\"og:image\" content=\"https:\/\/toys.lt\/wp-content\/uploads\/2020\/08\/products-1404.jpg\" \/>\n\t<meta property=\"og:image:width\" content=\"1400\" \/>\n\t<meta property=\"og:image:height\" content=\"1166\" \/>\n\t<meta property=\"og:image:type\" content=\"image\/jpeg\" \/>\n<meta name=\"twitter:card\" content=\"summary_large_image\" \/>\n<meta name=\"twitter:label1\" content=\"Est. reading time\" \/>\n\t<meta name=\"twitter:data1\" content=\"1 minute\" \/>\n<script type=\"application\/ld+json\" class=\"yoast-schema-graph\">{\"@context\":\"https:\/\/schema.org\",\"@graph\":[{\"@type\":\"WebPage\",\"@id\":\"https:\/\/toys.lt\/lv\/produktas\/aislin-kosmetika-clementoni-makiazo-staliukas-su-veidrod-liu\/\",\"url\":\"https:\/\/toys.lt\/lv\/produktas\/aislin-kosmetika-clementoni-makiazo-staliukas-su-veidrod-liu\/\",\"name\":\"\u017daislin\u0117 kosmetika - Clementoni makia\u017eo staliukas su veidrod\u0117liu - Toys.lt\",\"isPartOf\":{\"@id\":\"https:\/\/toys.lt\/lv\/#website\"},\"primaryImageOfPage\":{\"@id\":\"https:\/\/toys.lt\/lv\/produktas\/aislin-kosmetika-clementoni-makiazo-staliukas-su-veidrod-liu\/#primaryimage\"},\"image\":{\"@id\":\"https:\/\/toys.lt\/lv\/produktas\/aislin-kosmetika-clementoni-makiazo-staliukas-su-veidrod-liu\/#primaryimage\"},\"thumbnailUrl\":\"https:\/\/toys.lt\/wp-content\/uploads\/2020\/08\/products-1404.jpg\",\"datePublished\":\"2020-08-19T14:10:43+00:00\",\"dateModified\":\"2026-04-06T00:30:30+00:00\",\"breadcrumb\":{\"@id\":\"https:\/\/toys.lt\/lv\/produktas\/aislin-kosmetika-clementoni-makiazo-staliukas-su-veidrod-liu\/#breadcrumb\"},\"inLanguage\":\"lv-LV\",\"potentialAction\":[{\"@type\":\"ReadAction\",\"target\":[\"https:\/\/toys.lt\/lv\/produktas\/aislin-kosmetika-clementoni-makiazo-staliukas-su-veidrod-liu\/\"]}]},{\"@type\":\"ImageObject\",\"inLanguage\":\"lv-LV\",\"@id\":\"https:\/\/toys.lt\/lv\/produktas\/aislin-kosmetika-clementoni-makiazo-staliukas-su-veidrod-liu\/#primaryimage\",\"url\":\"https:\/\/toys.lt\/wp-content\/uploads\/2020\/08\/products-1404.jpg\",\"contentUrl\":\"https:\/\/toys.lt\/wp-content\/uploads\/2020\/08\/products-1404.jpg\",\"width\":1400,\"height\":1166,\"caption\":\"\u017daislin\u0117 kosmetika &#8211; Clementoni makia\u017eo staliukas su veidrod\u0117liu\"},{\"@type\":\"BreadcrumbList\",\"@id\":\"https:\/\/toys.lt\/lv\/produktas\/aislin-kosmetika-clementoni-makiazo-staliukas-su-veidrod-liu\/#breadcrumb\",\"itemListElement\":[{\"@type\":\"ListItem\",\"position\":1,\"name\":\"Home\",\"item\":\"https:\/\/toys.lt\/lv\/\"},{\"@type\":\"ListItem\",\"position\":2,\"name\":\"Veikals\",\"item\":\"https:\/\/toys.lt\/lv\/shop\/\"},{\"@type\":\"ListItem\",\"position\":3,\"name\":\"\u017daislin\u0117 kosmetika &#8211; Clementoni makia\u017eo staliukas su veidrod\u0117liu\"}]},{\"@type\":\"WebSite\",\"@id\":\"https:\/\/toys.lt\/lv\/#website\",\"url\":\"https:\/\/toys.lt\/lv\/\",\"name\":\"Toys.lt\",\"description\":\"\",\"potentialAction\":[{\"@type\":\"SearchAction\",\"target\":{\"@type\":\"EntryPoint\",\"urlTemplate\":\"https:\/\/toys.lt\/lv\/?s={search_term_string}\"},\"query-input\":{\"@type\":\"PropertyValueSpecification\",\"valueRequired\":true,\"valueName\":\"search_term_string\"}}],\"inLanguage\":\"lv-LV\"}]}<\/script>\n<!-- \/ Yoast SEO plugin. -->","yoast_head_json":{"title":"\u017daislin\u0117 kosmetika - Clementoni makia\u017eo staliukas su veidrod\u0117liu - Toys.lt","robots":{"index":"index","follow":"follow","max-snippet":"max-snippet:-1","max-image-preview":"max-image-preview:large","max-video-preview":"max-video-preview:-1"},"canonical":"https:\/\/toys.lt\/lv\/produktas\/aislin-kosmetika-clementoni-makiazo-staliukas-su-veidrod-liu\/","og_locale":"lv_LV","og_type":"article","og_title":"\u017daislin\u0117 kosmetika - Clementoni makia\u017eo staliukas su veidrod\u0117liu - Toys.lt","og_description":"Prek\u0117s tipas:\u00a0gro\u017eio rinkinys Prek\u0117s \u017eenklas: Clementoni Kilm\u0117s \u0161alis:\u00a0Italija Pakuot\u0117s i\u0161matavimai: 47,9 x 34,8 x 9 cm Rekomenduojamas am\u017eius: nuo 6 met\u0173","og_url":"https:\/\/toys.lt\/lv\/produktas\/aislin-kosmetika-clementoni-makiazo-staliukas-su-veidrod-liu\/","og_site_name":"Toys.lt","article_modified_time":"2026-04-06T00:30:30+00:00","og_image":[{"width":1400,"height":1166,"url":"https:\/\/toys.lt\/wp-content\/uploads\/2020\/08\/products-1404.jpg","type":"image\/jpeg"}],"twitter_card":"summary_large_image","twitter_misc":{"Est. reading time":"1 minute"},"schema":{"@context":"https:\/\/schema.org","@graph":[{"@type":"WebPage","@id":"https:\/\/toys.lt\/lv\/produktas\/aislin-kosmetika-clementoni-makiazo-staliukas-su-veidrod-liu\/","url":"https:\/\/toys.lt\/lv\/produktas\/aislin-kosmetika-clementoni-makiazo-staliukas-su-veidrod-liu\/","name":"\u017daislin\u0117 kosmetika - Clementoni makia\u017eo staliukas su veidrod\u0117liu - Toys.lt","isPartOf":{"@id":"https:\/\/toys.lt\/lv\/#website"},"primaryImageOfPage":{"@id":"https:\/\/toys.lt\/lv\/produktas\/aislin-kosmetika-clementoni-makiazo-staliukas-su-veidrod-liu\/#primaryimage"},"image":{"@id":"https:\/\/toys.lt\/lv\/produktas\/aislin-kosmetika-clementoni-makiazo-staliukas-su-veidrod-liu\/#primaryimage"},"thumbnailUrl":"https:\/\/toys.lt\/wp-content\/uploads\/2020\/08\/products-1404.jpg","datePublished":"2020-08-19T14:10:43+00:00","dateModified":"2026-04-06T00:30:30+00:00","breadcrumb":{"@id":"https:\/\/toys.lt\/lv\/produktas\/aislin-kosmetika-clementoni-makiazo-staliukas-su-veidrod-liu\/#breadcrumb"},"inLanguage":"lv-LV","potentialAction":[{"@type":"ReadAction","target":["https:\/\/toys.lt\/lv\/produktas\/aislin-kosmetika-clementoni-makiazo-staliukas-su-veidrod-liu\/"]}]},{"@type":"ImageObject","inLanguage":"lv-LV","@id":"https:\/\/toys.lt\/lv\/produktas\/aislin-kosmetika-clementoni-makiazo-staliukas-su-veidrod-liu\/#primaryimage","url":"https:\/\/toys.lt\/wp-content\/uploads\/2020\/08\/products-1404.jpg","contentUrl":"https:\/\/toys.lt\/wp-content\/uploads\/2020\/08\/products-1404.jpg","width":1400,"height":1166,"caption":"\u017daislin\u0117 kosmetika &#8211; Clementoni makia\u017eo staliukas su veidrod\u0117liu"},{"@type":"BreadcrumbList","@id":"https:\/\/toys.lt\/lv\/produktas\/aislin-kosmetika-clementoni-makiazo-staliukas-su-veidrod-liu\/#breadcrumb","itemListElement":[{"@type":"ListItem","position":1,"name":"Home","item":"https:\/\/toys.lt\/lv\/"},{"@type":"ListItem","position":2,"name":"Veikals","item":"https:\/\/toys.lt\/lv\/shop\/"},{"@type":"ListItem","position":3,"name":"\u017daislin\u0117 kosmetika &#8211; Clementoni makia\u017eo staliukas su veidrod\u0117liu"}]},{"@type":"WebSite","@id":"https:\/\/toys.lt\/lv\/#website","url":"https:\/\/toys.lt\/lv\/","name":"Toys.lt","description":"","potentialAction":[{"@type":"SearchAction","target":{"@type":"EntryPoint","urlTemplate":"https:\/\/toys.lt\/lv\/?s={search_term_string}"},"query-input":{"@type":"PropertyValueSpecification","valueRequired":true,"valueName":"search_term_string"}}],"inLanguage":"lv-LV"}]}},"_links":{"self":[{"href":"https:\/\/toys.lt\/lv\/wp-json\/wp\/v2\/product\/27646","targetHints":{"allow":["GET"]}}],"collection":[{"href":"https:\/\/toys.lt\/lv\/wp-json\/wp\/v2\/product"}],"about":[{"href":"https:\/\/toys.lt\/lv\/wp-json\/wp\/v2\/types\/product"}],"replies":[{"embeddable":true,"href":"https:\/\/toys.lt\/lv\/wp-json\/wp\/v2\/comments?post=27646"}],"version-history":[{"count":0,"href":"https:\/\/toys.lt\/lv\/wp-json\/wp\/v2\/product\/27646\/revisions"}],"wp:featuredmedia":[{"embeddable":true,"href":"https:\/\/toys.lt\/lv\/wp-json\/wp\/v2\/media\/27647"}],"wp:attachment":[{"href":"https:\/\/toys.lt\/lv\/wp-json\/wp\/v2\/media?parent=27646"}],"wp:term":[{"taxonomy":"product_brand","embeddable":true,"href":"https:\/\/toys.lt\/lv\/wp-json\/wp\/v2\/product_brand?post=27646"},{"taxonomy":"product_cat","embeddable":true,"href":"https:\/\/toys.lt\/lv\/wp-json\/wp\/v2\/product_cat?post=27646"},{"taxonomy":"product_tag","embeddable":true,"href":"https:\/\/toys.lt\/lv\/wp-json\/wp\/v2\/product_tag?post=27646"}],"curies":[{"name":"wp","href":"https:\/\/api.w.org\/{rel}","templated":true}]}}