{"id":27636,"date":"2020-08-19T10:39:28","date_gmt":"2020-08-19T10:39:28","guid":{"rendered":"https:\/\/toys.lt\/?post_type=product&#038;p=27636"},"modified":"2026-04-06T00:30:29","modified_gmt":"2026-04-06T00:30:29","slug":"aislinis-minkst-gyv-n-k-rybos-rinkinys","status":"publish","type":"product","link":"https:\/\/toys.lt\/lv\/produktas\/aislinis-minkst-gyv-n-k-rybos-rinkinys\/","title":{"rendered":"\u017daislinis mink\u0161t\u0173 gyv\u016bn\u0173 k\u016brybos rinkinys"},"content":{"rendered":"<p class=\"MsoNormal\" align=\"center\" style=\"margin:0px;font-size:medium;color:#7a7a7a;padding:0px;line-height:inherit;border:0px;font-family:Roboto, sans-serif;background-color:#fefefe;text-align:center;\"><i style=\"line-height:inherit;margin:0px;padding:0px;border:0px;font-variant:inherit;font-weight:inherit;font-size:inherit;font-family:inherit;\"><span style=\"margin:0px;padding:0px;border:0px;font-style:inherit;font-variant:inherit;font-weight:inherit;font-size:8.5pt;line-height:inherit;font-family:Verdana, sans-serif;color:#000000;\">Kompanija &#8220;Clementoni&#8221; &#8211; \u012fkurta Italijoje ir\u00a0s\u0117kmingai dirba\u00a0daugiau nei 50 met\u0173! Kompanijos misija &#8211; kurti \u017eaidimus, kurie padeda vaikams augimo procese.\u00a0<\/span><\/i><\/p>\n<p style=\"margin:0px;font-size:medium;color:#7a7a7a;padding:0px;line-height:inherit;border:0px;font-family:Roboto, sans-serif;background-color:#fefefe;\">\n<p style=\"margin:0px;font-size:medium;color:#7a7a7a;padding:0px;line-height:inherit;border:0px;font-family:Roboto, sans-serif;background-color:#fefefe;\">\n<p class=\"MsoNormal\" align=\"center\" style=\"margin:0px;font-size:medium;color:#7a7a7a;padding:0px;line-height:inherit;border:0px;font-family:Roboto, sans-serif;background-color:#fefefe;\">\n<p class=\"MsoNormal\" align=\"center\" style=\"margin:0px;font-size:medium;color:#7a7a7a;padding:0px;line-height:inherit;border:0px;font-family:Roboto, sans-serif;background-color:#fefefe;text-align:center;\"><i style=\"line-height:inherit;margin:0px;padding:0px;border:0px;font-variant:inherit;font-weight:inherit;font-size:inherit;font-family:inherit;\"><span style=\"margin:0px;padding:0px;border:0px;font-style:inherit;font-variant:inherit;font-weight:inherit;font-size:8.5pt;line-height:inherit;font-family:Verdana, sans-serif;color:#000000;\">Vis\u0105 tai skirta patenkinti jaunimo poreikius, atsi\u017evelgiant \u012f \u0161iuolaikines technologijas ir pasaulio \u0161vietimo tendencijas.<\/span><\/i><\/p>\n<\/p>\n<p><strong>Savyb\u0117s:<\/strong><\/p>\n<ul style=\"list-style-type:square;\">\n<li>\u012egyvendinkite id\u0117jas: pagaminkite daug \u012fdomi\u0173 \u017eaisl\u0173 ir aksesuar\u0173<\/li>\n<li>Nor\u0117dami pagaminti spalvotus k\u016brynius , tiesiog u\u017epildykite formas rinkinyje esa\u010diais si\u016blais ir papuo\u0161kite juos<\/li>\n<li>Naudodamiesi pateiktais \u012frankiais labai lengvai sukurkite rakt\u0173 pakabukus, \u017eenklus ir priedus<\/li>\n<li>Vaikai i\u0161moks pasigaminti pliu\u0161inius \u017eaislus ir juos papuo\u0161ti<\/li>\n<li>K\u016brybinis rinkinys yra ne tik \u012fdomus, bet ir stimuliuoja j\u016bs\u0173 vaiko amato \u012fg\u016bd\u017eius bei vaizduot\u0119<\/li>\n<\/ul>\n","protected":false},"excerpt":{"rendered":"<p>Prek\u0117s tipas:\u00a0k\u016brybinis rinkinys<\/p>\n<p>Prek\u0117s \u017eenklas: Clementoni<\/p>\n<p>Kilm\u0117s \u0161alis:\u00a0Italija<\/p>\n<p>Pakuot\u0117s i\u0161matavimai: 45,1 x 31,1 x 7 cm<\/p>\n<p>Rekomenduojamas am\u017eius: nuo 8 met\u0173<\/p>\n","protected":false},"featured_media":27637,"comment_status":"open","ping_status":"open","template":"","meta":[],"product_brand":[384],"product_cat":[389,409,411],"product_tag":[],"class_list":{"0":"post-27636","1":"product","2":"type-product","3":"status-publish","4":"has-post-thumbnail","6":"product_brand-clementoni-2","7":"product_cat-lavinamieji-ir-interaktyvus-zaislai","8":"product_cat-rankdarbiai-ir-kuryba","9":"product_cat-zaislai-mergaitems","10":"pa_amziaus-grupe-81","11":"pa_prek-s-tipas-k-rybos-rinkiniai","12":"pa_prekes-zenklas-clementoni","14":"first","15":"outofstock","16":"taxable","17":"shipping-taxable","18":"purchasable","19":"product-type-simple"},"yoast_head":"<!-- This site is optimized with the Yoast SEO plugin v26.3 - https:\/\/yoast.com\/wordpress\/plugins\/seo\/ -->\n<title>\u017daislinis mink\u0161t\u0173 gyv\u016bn\u0173 k\u016brybos rinkinys - Toys.lt<\/title>\n<meta name=\"robots\" content=\"index, follow, max-snippet:-1, max-image-preview:large, max-video-preview:-1\" \/>\n<link rel=\"canonical\" href=\"https:\/\/toys.lt\/lv\/produktas\/aislinis-minkst-gyv-n-k-rybos-rinkinys\/\" \/>\n<meta property=\"og:locale\" content=\"lv_LV\" \/>\n<meta property=\"og:type\" content=\"article\" \/>\n<meta property=\"og:title\" content=\"\u017daislinis mink\u0161t\u0173 gyv\u016bn\u0173 k\u016brybos rinkinys - Toys.lt\" \/>\n<meta property=\"og:description\" content=\"Prek\u0117s tipas:\u00a0k\u016brybinis rinkinys Prek\u0117s \u017eenklas: Clementoni Kilm\u0117s \u0161alis:\u00a0Italija Pakuot\u0117s i\u0161matavimai: 45,1 x 31,1 x 7 cm Rekomenduojamas am\u017eius: nuo 8 met\u0173\" \/>\n<meta property=\"og:url\" content=\"https:\/\/toys.lt\/lv\/produktas\/aislinis-minkst-gyv-n-k-rybos-rinkinys\/\" \/>\n<meta property=\"og:site_name\" content=\"Toys.lt\" \/>\n<meta property=\"article:modified_time\" content=\"2026-04-06T00:30:29+00:00\" \/>\n<meta property=\"og:image\" content=\"https:\/\/toys.lt\/wp-content\/uploads\/2020\/08\/products-1399.jpg\" \/>\n\t<meta property=\"og:image:width\" content=\"1024\" \/>\n\t<meta property=\"og:image:height\" content=\"791\" \/>\n\t<meta property=\"og:image:type\" content=\"image\/jpeg\" \/>\n<meta name=\"twitter:card\" content=\"summary_large_image\" \/>\n<meta name=\"twitter:label1\" content=\"Est. reading time\" \/>\n\t<meta name=\"twitter:data1\" content=\"1 minute\" \/>\n<script type=\"application\/ld+json\" class=\"yoast-schema-graph\">{\"@context\":\"https:\/\/schema.org\",\"@graph\":[{\"@type\":\"WebPage\",\"@id\":\"https:\/\/toys.lt\/lv\/produktas\/aislinis-minkst-gyv-n-k-rybos-rinkinys\/\",\"url\":\"https:\/\/toys.lt\/lv\/produktas\/aislinis-minkst-gyv-n-k-rybos-rinkinys\/\",\"name\":\"\u017daislinis mink\u0161t\u0173 gyv\u016bn\u0173 k\u016brybos rinkinys - Toys.lt\",\"isPartOf\":{\"@id\":\"https:\/\/toys.lt\/lv\/#website\"},\"primaryImageOfPage\":{\"@id\":\"https:\/\/toys.lt\/lv\/produktas\/aislinis-minkst-gyv-n-k-rybos-rinkinys\/#primaryimage\"},\"image\":{\"@id\":\"https:\/\/toys.lt\/lv\/produktas\/aislinis-minkst-gyv-n-k-rybos-rinkinys\/#primaryimage\"},\"thumbnailUrl\":\"https:\/\/toys.lt\/wp-content\/uploads\/2020\/08\/products-1399.jpg\",\"datePublished\":\"2020-08-19T10:39:28+00:00\",\"dateModified\":\"2026-04-06T00:30:29+00:00\",\"breadcrumb\":{\"@id\":\"https:\/\/toys.lt\/lv\/produktas\/aislinis-minkst-gyv-n-k-rybos-rinkinys\/#breadcrumb\"},\"inLanguage\":\"lv-LV\",\"potentialAction\":[{\"@type\":\"ReadAction\",\"target\":[\"https:\/\/toys.lt\/lv\/produktas\/aislinis-minkst-gyv-n-k-rybos-rinkinys\/\"]}]},{\"@type\":\"ImageObject\",\"inLanguage\":\"lv-LV\",\"@id\":\"https:\/\/toys.lt\/lv\/produktas\/aislinis-minkst-gyv-n-k-rybos-rinkinys\/#primaryimage\",\"url\":\"https:\/\/toys.lt\/wp-content\/uploads\/2020\/08\/products-1399.jpg\",\"contentUrl\":\"https:\/\/toys.lt\/wp-content\/uploads\/2020\/08\/products-1399.jpg\",\"width\":1024,\"height\":791,\"caption\":\"\u017daislinis mink\u0161t\u0173 gyv\u016bn\u0173 k\u016brybos rinkinys\"},{\"@type\":\"BreadcrumbList\",\"@id\":\"https:\/\/toys.lt\/lv\/produktas\/aislinis-minkst-gyv-n-k-rybos-rinkinys\/#breadcrumb\",\"itemListElement\":[{\"@type\":\"ListItem\",\"position\":1,\"name\":\"Home\",\"item\":\"https:\/\/toys.lt\/lv\/\"},{\"@type\":\"ListItem\",\"position\":2,\"name\":\"Veikals\",\"item\":\"https:\/\/toys.lt\/lv\/shop\/\"},{\"@type\":\"ListItem\",\"position\":3,\"name\":\"\u017daislinis mink\u0161t\u0173 gyv\u016bn\u0173 k\u016brybos rinkinys\"}]},{\"@type\":\"WebSite\",\"@id\":\"https:\/\/toys.lt\/lv\/#website\",\"url\":\"https:\/\/toys.lt\/lv\/\",\"name\":\"Toys.lt\",\"description\":\"\",\"potentialAction\":[{\"@type\":\"SearchAction\",\"target\":{\"@type\":\"EntryPoint\",\"urlTemplate\":\"https:\/\/toys.lt\/lv\/?s={search_term_string}\"},\"query-input\":{\"@type\":\"PropertyValueSpecification\",\"valueRequired\":true,\"valueName\":\"search_term_string\"}}],\"inLanguage\":\"lv-LV\"}]}<\/script>\n<!-- \/ Yoast SEO plugin. -->","yoast_head_json":{"title":"\u017daislinis mink\u0161t\u0173 gyv\u016bn\u0173 k\u016brybos rinkinys - Toys.lt","robots":{"index":"index","follow":"follow","max-snippet":"max-snippet:-1","max-image-preview":"max-image-preview:large","max-video-preview":"max-video-preview:-1"},"canonical":"https:\/\/toys.lt\/lv\/produktas\/aislinis-minkst-gyv-n-k-rybos-rinkinys\/","og_locale":"lv_LV","og_type":"article","og_title":"\u017daislinis mink\u0161t\u0173 gyv\u016bn\u0173 k\u016brybos rinkinys - Toys.lt","og_description":"Prek\u0117s tipas:\u00a0k\u016brybinis rinkinys Prek\u0117s \u017eenklas: Clementoni Kilm\u0117s \u0161alis:\u00a0Italija Pakuot\u0117s i\u0161matavimai: 45,1 x 31,1 x 7 cm Rekomenduojamas am\u017eius: nuo 8 met\u0173","og_url":"https:\/\/toys.lt\/lv\/produktas\/aislinis-minkst-gyv-n-k-rybos-rinkinys\/","og_site_name":"Toys.lt","article_modified_time":"2026-04-06T00:30:29+00:00","og_image":[{"width":1024,"height":791,"url":"https:\/\/toys.lt\/wp-content\/uploads\/2020\/08\/products-1399.jpg","type":"image\/jpeg"}],"twitter_card":"summary_large_image","twitter_misc":{"Est. reading time":"1 minute"},"schema":{"@context":"https:\/\/schema.org","@graph":[{"@type":"WebPage","@id":"https:\/\/toys.lt\/lv\/produktas\/aislinis-minkst-gyv-n-k-rybos-rinkinys\/","url":"https:\/\/toys.lt\/lv\/produktas\/aislinis-minkst-gyv-n-k-rybos-rinkinys\/","name":"\u017daislinis mink\u0161t\u0173 gyv\u016bn\u0173 k\u016brybos rinkinys - Toys.lt","isPartOf":{"@id":"https:\/\/toys.lt\/lv\/#website"},"primaryImageOfPage":{"@id":"https:\/\/toys.lt\/lv\/produktas\/aislinis-minkst-gyv-n-k-rybos-rinkinys\/#primaryimage"},"image":{"@id":"https:\/\/toys.lt\/lv\/produktas\/aislinis-minkst-gyv-n-k-rybos-rinkinys\/#primaryimage"},"thumbnailUrl":"https:\/\/toys.lt\/wp-content\/uploads\/2020\/08\/products-1399.jpg","datePublished":"2020-08-19T10:39:28+00:00","dateModified":"2026-04-06T00:30:29+00:00","breadcrumb":{"@id":"https:\/\/toys.lt\/lv\/produktas\/aislinis-minkst-gyv-n-k-rybos-rinkinys\/#breadcrumb"},"inLanguage":"lv-LV","potentialAction":[{"@type":"ReadAction","target":["https:\/\/toys.lt\/lv\/produktas\/aislinis-minkst-gyv-n-k-rybos-rinkinys\/"]}]},{"@type":"ImageObject","inLanguage":"lv-LV","@id":"https:\/\/toys.lt\/lv\/produktas\/aislinis-minkst-gyv-n-k-rybos-rinkinys\/#primaryimage","url":"https:\/\/toys.lt\/wp-content\/uploads\/2020\/08\/products-1399.jpg","contentUrl":"https:\/\/toys.lt\/wp-content\/uploads\/2020\/08\/products-1399.jpg","width":1024,"height":791,"caption":"\u017daislinis mink\u0161t\u0173 gyv\u016bn\u0173 k\u016brybos rinkinys"},{"@type":"BreadcrumbList","@id":"https:\/\/toys.lt\/lv\/produktas\/aislinis-minkst-gyv-n-k-rybos-rinkinys\/#breadcrumb","itemListElement":[{"@type":"ListItem","position":1,"name":"Home","item":"https:\/\/toys.lt\/lv\/"},{"@type":"ListItem","position":2,"name":"Veikals","item":"https:\/\/toys.lt\/lv\/shop\/"},{"@type":"ListItem","position":3,"name":"\u017daislinis mink\u0161t\u0173 gyv\u016bn\u0173 k\u016brybos rinkinys"}]},{"@type":"WebSite","@id":"https:\/\/toys.lt\/lv\/#website","url":"https:\/\/toys.lt\/lv\/","name":"Toys.lt","description":"","potentialAction":[{"@type":"SearchAction","target":{"@type":"EntryPoint","urlTemplate":"https:\/\/toys.lt\/lv\/?s={search_term_string}"},"query-input":{"@type":"PropertyValueSpecification","valueRequired":true,"valueName":"search_term_string"}}],"inLanguage":"lv-LV"}]}},"_links":{"self":[{"href":"https:\/\/toys.lt\/lv\/wp-json\/wp\/v2\/product\/27636","targetHints":{"allow":["GET"]}}],"collection":[{"href":"https:\/\/toys.lt\/lv\/wp-json\/wp\/v2\/product"}],"about":[{"href":"https:\/\/toys.lt\/lv\/wp-json\/wp\/v2\/types\/product"}],"replies":[{"embeddable":true,"href":"https:\/\/toys.lt\/lv\/wp-json\/wp\/v2\/comments?post=27636"}],"version-history":[{"count":0,"href":"https:\/\/toys.lt\/lv\/wp-json\/wp\/v2\/product\/27636\/revisions"}],"wp:featuredmedia":[{"embeddable":true,"href":"https:\/\/toys.lt\/lv\/wp-json\/wp\/v2\/media\/27637"}],"wp:attachment":[{"href":"https:\/\/toys.lt\/lv\/wp-json\/wp\/v2\/media?parent=27636"}],"wp:term":[{"taxonomy":"product_brand","embeddable":true,"href":"https:\/\/toys.lt\/lv\/wp-json\/wp\/v2\/product_brand?post=27636"},{"taxonomy":"product_cat","embeddable":true,"href":"https:\/\/toys.lt\/lv\/wp-json\/wp\/v2\/product_cat?post=27636"},{"taxonomy":"product_tag","embeddable":true,"href":"https:\/\/toys.lt\/lv\/wp-json\/wp\/v2\/product_tag?post=27636"}],"curies":[{"name":"wp","href":"https:\/\/api.w.org\/{rel}","templated":true}]}}