{"id":27630,"date":"2020-08-19T10:07:01","date_gmt":"2020-08-19T10:07:01","guid":{"rendered":"https:\/\/toys.lt\/?post_type=product&#038;p=27630"},"modified":"2026-04-06T00:30:29","modified_gmt":"2026-04-06T00:30:29","slug":"vaikiska-magnetine-piesimo-lenta-clementoni-marvel-super-hero","status":"publish","type":"product","link":"https:\/\/toys.lt\/lv\/produktas\/vaikiska-magnetine-piesimo-lenta-clementoni-marvel-super-hero\/","title":{"rendered":"Vaiki\u0161ka magnetin\u0117 pie\u0161imo lenta &#8220;Clementoni Marvel Super Hero&#8221;"},"content":{"rendered":"<p class=\"MsoNormal\" style=\"margin: 0px; font-size: medium; color: #7a7a7a; padding: 0px; line-height: inherit; border: 0px; font-family: Roboto, sans-serif; background-color: #fefefe; text-align: center;\" align=\"center\"><i style=\"line-height: inherit; margin: 0px; padding: 0px; border: 0px; font-variant: inherit; font-weight: inherit; font-size: inherit; font-family: inherit;\"><span style=\"margin: 0px; padding: 0px; border: 0px; font-style: inherit; font-variant: inherit; font-weight: inherit; font-size: 8.5pt; line-height: inherit; font-family: Verdana, sans-serif; color: #000000;\">Kompanija &#8220;Clementoni&#8221; &#8211; \u012fkurta Italijoje ir\u00a0s\u0117kmingai dirba\u00a0daugiau nei 50 met\u0173! Kompanijos misija &#8211; kurti \u017eaidimus, kurie padeda vaikams augimo procese.\u00a0<\/span><\/i><\/p>\n<p style=\"margin: 0px; font-size: medium; color: #7a7a7a; padding: 0px; line-height: inherit; border: 0px; font-family: Roboto, sans-serif; background-color: #fefefe; text-align: center;\"><i style=\"line-height: inherit; margin: 0px; padding: 0px; border: 0px; font-variant: inherit; font-weight: inherit; font-size: inherit; font-family: inherit;\"><span style=\"margin: 0px; padding: 0px; border: 0px; font-style: inherit; font-variant: inherit; font-weight: inherit; font-size: 8.5pt; line-height: inherit; font-family: Verdana, sans-serif; color: #000000;\">Vis\u0105 tai skirta patenkinti jaunimo poreikius, atsi\u017evelgiant \u012f \u0161iuolaikines technologijas ir pasaulio \u0161vietimo tendencijas.<\/span><\/i><\/p>\n<p><strong>Savyb\u0117s:<\/strong><\/p>\n<ul style=\"list-style-type: square;\">\n<li>\u201eMarvel\u201c super herojai bus geriausi kompanionai kuriant nuostabius super k\u016brybi\u0161kus pie\u0161inius<\/li>\n<li>Speciali brai\u017eymo lenta, skirta pie\u0161ti, ra\u0161yti, trinti<\/li>\n<li>Yra 3 antspaudai, kad praturtintum\u0117te u\u017ebaigtus k\u016brinius ir juos dekoruotum\u0117te<\/li>\n<li>\u017dymeklis prie pagrindo leid\u017eia i\u0161trinti br\u0117\u017einius ir prad\u0117ti i\u0161 naujo<\/li>\n<li>Prakti\u0161kos rankenos d\u0117ka lent\u0105 galima ne\u0161tis bet kur<\/li>\n<li>Idealus \u017eaislas, skatinantis vaik\u0173 rank\u0173 \u012fg\u016bd\u017eius, vaizduot\u0119 ir k\u016brybi\u0161kum\u0105<\/li>\n<\/ul>\n<p><strong>Patartina naudoti tik lentos ra\u0161ikl\u012f, kad nepa\u017eeistum\u0117te lentos.\u00a0<\/strong><\/p>\n","protected":false},"excerpt":{"rendered":"<p>Prek\u0117s tipas:\u00a0pie\u0161imo lenta<\/p>\n<p>Prek\u0117s \u017eenklas: Clementoni<\/p>\n<p>Kilm\u0117s \u0161alis:\u00a0Kinija<\/p>\n<p>Pakuot\u0117s i\u0161matavimai: 47 x 34 x 3,5 cm<\/p>\n<p>Rekomenduojamas am\u017eius: nuo 4 met\u0173<\/p>\n","protected":false},"featured_media":27631,"comment_status":"open","ping_status":"closed","template":"","meta":[],"product_brand":[384],"product_cat":[389,409,410],"product_tag":[],"class_list":{"0":"post-27630","1":"product","2":"type-product","3":"status-publish","4":"has-post-thumbnail","6":"product_brand-clementoni-2","7":"product_cat-lavinamieji-ir-interaktyvus-zaislai","8":"product_cat-rankdarbiai-ir-kuryba","9":"product_cat-zaislai-berniukams","10":"pa_amziaus-grupe-77","11":"pa_prek-s-tipas-piesimo-lentos-2","12":"pa_prekes-zenklas-clementoni","14":"first","15":"outofstock","16":"taxable","17":"shipping-taxable","18":"purchasable","19":"product-type-simple"},"yoast_head":"<!-- This site is optimized with the Yoast SEO plugin v26.3 - https:\/\/yoast.com\/wordpress\/plugins\/seo\/ -->\n<title>Vaiki\u0161ka magnetin\u0117 pie\u0161imo lenta &quot;Clementoni Marvel Super Hero&quot; - Toys.lt<\/title>\n<meta name=\"robots\" content=\"index, follow, max-snippet:-1, max-image-preview:large, max-video-preview:-1\" \/>\n<link rel=\"canonical\" href=\"https:\/\/toys.lt\/lv\/produktas\/vaikiska-magnetine-piesimo-lenta-clementoni-marvel-super-hero\/\" \/>\n<meta property=\"og:locale\" content=\"lv_LV\" \/>\n<meta property=\"og:type\" content=\"article\" \/>\n<meta property=\"og:title\" content=\"Vaiki\u0161ka magnetin\u0117 pie\u0161imo lenta &quot;Clementoni Marvel Super Hero&quot; - Toys.lt\" \/>\n<meta property=\"og:description\" content=\"Prek\u0117s tipas:\u00a0pie\u0161imo lenta  Prek\u0117s \u017eenklas: Clementoni  Kilm\u0117s \u0161alis:\u00a0Kinija  Pakuot\u0117s i\u0161matavimai: 47 x 34 x 3,5 cm  Rekomenduojamas am\u017eius: nuo 4 met\u0173\" \/>\n<meta property=\"og:url\" content=\"https:\/\/toys.lt\/lv\/produktas\/vaikiska-magnetine-piesimo-lenta-clementoni-marvel-super-hero\/\" \/>\n<meta property=\"og:site_name\" content=\"Toys.lt\" \/>\n<meta property=\"article:modified_time\" content=\"2026-04-06T00:30:29+00:00\" \/>\n<meta property=\"og:image\" content=\"https:\/\/toys.lt\/wp-content\/uploads\/2020\/08\/products-1392.jpg\" \/>\n\t<meta property=\"og:image:width\" content=\"1400\" \/>\n\t<meta property=\"og:image:height\" content=\"1052\" \/>\n\t<meta property=\"og:image:type\" content=\"image\/jpeg\" \/>\n<meta name=\"twitter:card\" content=\"summary_large_image\" \/>\n<meta name=\"twitter:label1\" content=\"Est. reading time\" \/>\n\t<meta name=\"twitter:data1\" content=\"1 minute\" \/>\n<script type=\"application\/ld+json\" class=\"yoast-schema-graph\">{\"@context\":\"https:\/\/schema.org\",\"@graph\":[{\"@type\":\"WebPage\",\"@id\":\"https:\/\/toys.lt\/lv\/produktas\/vaikiska-magnetine-piesimo-lenta-clementoni-marvel-super-hero\/\",\"url\":\"https:\/\/toys.lt\/lv\/produktas\/vaikiska-magnetine-piesimo-lenta-clementoni-marvel-super-hero\/\",\"name\":\"Vaiki\u0161ka magnetin\u0117 pie\u0161imo lenta \\\"Clementoni Marvel Super Hero\\\" - Toys.lt\",\"isPartOf\":{\"@id\":\"https:\/\/toys.lt\/lv\/#website\"},\"primaryImageOfPage\":{\"@id\":\"https:\/\/toys.lt\/lv\/produktas\/vaikiska-magnetine-piesimo-lenta-clementoni-marvel-super-hero\/#primaryimage\"},\"image\":{\"@id\":\"https:\/\/toys.lt\/lv\/produktas\/vaikiska-magnetine-piesimo-lenta-clementoni-marvel-super-hero\/#primaryimage\"},\"thumbnailUrl\":\"https:\/\/toys.lt\/wp-content\/uploads\/2020\/08\/products-1392.jpg\",\"datePublished\":\"2020-08-19T10:07:01+00:00\",\"dateModified\":\"2026-04-06T00:30:29+00:00\",\"breadcrumb\":{\"@id\":\"https:\/\/toys.lt\/lv\/produktas\/vaikiska-magnetine-piesimo-lenta-clementoni-marvel-super-hero\/#breadcrumb\"},\"inLanguage\":\"lv-LV\",\"potentialAction\":[{\"@type\":\"ReadAction\",\"target\":[\"https:\/\/toys.lt\/lv\/produktas\/vaikiska-magnetine-piesimo-lenta-clementoni-marvel-super-hero\/\"]}]},{\"@type\":\"ImageObject\",\"inLanguage\":\"lv-LV\",\"@id\":\"https:\/\/toys.lt\/lv\/produktas\/vaikiska-magnetine-piesimo-lenta-clementoni-marvel-super-hero\/#primaryimage\",\"url\":\"https:\/\/toys.lt\/wp-content\/uploads\/2020\/08\/products-1392.jpg\",\"contentUrl\":\"https:\/\/toys.lt\/wp-content\/uploads\/2020\/08\/products-1392.jpg\",\"width\":1400,\"height\":1052,\"caption\":\"Vaiki\u0161ka magnetin\u0117 pie\u0161imo lenta &#8220;Clementoni Marvel Super Hero&#8221;\"},{\"@type\":\"BreadcrumbList\",\"@id\":\"https:\/\/toys.lt\/lv\/produktas\/vaikiska-magnetine-piesimo-lenta-clementoni-marvel-super-hero\/#breadcrumb\",\"itemListElement\":[{\"@type\":\"ListItem\",\"position\":1,\"name\":\"Home\",\"item\":\"https:\/\/toys.lt\/lv\/\"},{\"@type\":\"ListItem\",\"position\":2,\"name\":\"Veikals\",\"item\":\"https:\/\/toys.lt\/lv\/shop\/\"},{\"@type\":\"ListItem\",\"position\":3,\"name\":\"Vaiki\u0161ka magnetin\u0117 pie\u0161imo lenta &#8220;Clementoni Marvel Super Hero&#8221;\"}]},{\"@type\":\"WebSite\",\"@id\":\"https:\/\/toys.lt\/lv\/#website\",\"url\":\"https:\/\/toys.lt\/lv\/\",\"name\":\"Toys.lt\",\"description\":\"\",\"potentialAction\":[{\"@type\":\"SearchAction\",\"target\":{\"@type\":\"EntryPoint\",\"urlTemplate\":\"https:\/\/toys.lt\/lv\/?s={search_term_string}\"},\"query-input\":{\"@type\":\"PropertyValueSpecification\",\"valueRequired\":true,\"valueName\":\"search_term_string\"}}],\"inLanguage\":\"lv-LV\"}]}<\/script>\n<!-- \/ Yoast SEO plugin. -->","yoast_head_json":{"title":"Vaiki\u0161ka magnetin\u0117 pie\u0161imo lenta \"Clementoni Marvel Super Hero\" - Toys.lt","robots":{"index":"index","follow":"follow","max-snippet":"max-snippet:-1","max-image-preview":"max-image-preview:large","max-video-preview":"max-video-preview:-1"},"canonical":"https:\/\/toys.lt\/lv\/produktas\/vaikiska-magnetine-piesimo-lenta-clementoni-marvel-super-hero\/","og_locale":"lv_LV","og_type":"article","og_title":"Vaiki\u0161ka magnetin\u0117 pie\u0161imo lenta \"Clementoni Marvel Super Hero\" - Toys.lt","og_description":"Prek\u0117s tipas:\u00a0pie\u0161imo lenta  Prek\u0117s \u017eenklas: Clementoni  Kilm\u0117s \u0161alis:\u00a0Kinija  Pakuot\u0117s i\u0161matavimai: 47 x 34 x 3,5 cm  Rekomenduojamas am\u017eius: nuo 4 met\u0173","og_url":"https:\/\/toys.lt\/lv\/produktas\/vaikiska-magnetine-piesimo-lenta-clementoni-marvel-super-hero\/","og_site_name":"Toys.lt","article_modified_time":"2026-04-06T00:30:29+00:00","og_image":[{"width":1400,"height":1052,"url":"https:\/\/toys.lt\/wp-content\/uploads\/2020\/08\/products-1392.jpg","type":"image\/jpeg"}],"twitter_card":"summary_large_image","twitter_misc":{"Est. reading time":"1 minute"},"schema":{"@context":"https:\/\/schema.org","@graph":[{"@type":"WebPage","@id":"https:\/\/toys.lt\/lv\/produktas\/vaikiska-magnetine-piesimo-lenta-clementoni-marvel-super-hero\/","url":"https:\/\/toys.lt\/lv\/produktas\/vaikiska-magnetine-piesimo-lenta-clementoni-marvel-super-hero\/","name":"Vaiki\u0161ka magnetin\u0117 pie\u0161imo lenta \"Clementoni Marvel Super Hero\" - Toys.lt","isPartOf":{"@id":"https:\/\/toys.lt\/lv\/#website"},"primaryImageOfPage":{"@id":"https:\/\/toys.lt\/lv\/produktas\/vaikiska-magnetine-piesimo-lenta-clementoni-marvel-super-hero\/#primaryimage"},"image":{"@id":"https:\/\/toys.lt\/lv\/produktas\/vaikiska-magnetine-piesimo-lenta-clementoni-marvel-super-hero\/#primaryimage"},"thumbnailUrl":"https:\/\/toys.lt\/wp-content\/uploads\/2020\/08\/products-1392.jpg","datePublished":"2020-08-19T10:07:01+00:00","dateModified":"2026-04-06T00:30:29+00:00","breadcrumb":{"@id":"https:\/\/toys.lt\/lv\/produktas\/vaikiska-magnetine-piesimo-lenta-clementoni-marvel-super-hero\/#breadcrumb"},"inLanguage":"lv-LV","potentialAction":[{"@type":"ReadAction","target":["https:\/\/toys.lt\/lv\/produktas\/vaikiska-magnetine-piesimo-lenta-clementoni-marvel-super-hero\/"]}]},{"@type":"ImageObject","inLanguage":"lv-LV","@id":"https:\/\/toys.lt\/lv\/produktas\/vaikiska-magnetine-piesimo-lenta-clementoni-marvel-super-hero\/#primaryimage","url":"https:\/\/toys.lt\/wp-content\/uploads\/2020\/08\/products-1392.jpg","contentUrl":"https:\/\/toys.lt\/wp-content\/uploads\/2020\/08\/products-1392.jpg","width":1400,"height":1052,"caption":"Vaiki\u0161ka magnetin\u0117 pie\u0161imo lenta &#8220;Clementoni Marvel Super Hero&#8221;"},{"@type":"BreadcrumbList","@id":"https:\/\/toys.lt\/lv\/produktas\/vaikiska-magnetine-piesimo-lenta-clementoni-marvel-super-hero\/#breadcrumb","itemListElement":[{"@type":"ListItem","position":1,"name":"Home","item":"https:\/\/toys.lt\/lv\/"},{"@type":"ListItem","position":2,"name":"Veikals","item":"https:\/\/toys.lt\/lv\/shop\/"},{"@type":"ListItem","position":3,"name":"Vaiki\u0161ka magnetin\u0117 pie\u0161imo lenta &#8220;Clementoni Marvel Super Hero&#8221;"}]},{"@type":"WebSite","@id":"https:\/\/toys.lt\/lv\/#website","url":"https:\/\/toys.lt\/lv\/","name":"Toys.lt","description":"","potentialAction":[{"@type":"SearchAction","target":{"@type":"EntryPoint","urlTemplate":"https:\/\/toys.lt\/lv\/?s={search_term_string}"},"query-input":{"@type":"PropertyValueSpecification","valueRequired":true,"valueName":"search_term_string"}}],"inLanguage":"lv-LV"}]}},"_links":{"self":[{"href":"https:\/\/toys.lt\/lv\/wp-json\/wp\/v2\/product\/27630","targetHints":{"allow":["GET"]}}],"collection":[{"href":"https:\/\/toys.lt\/lv\/wp-json\/wp\/v2\/product"}],"about":[{"href":"https:\/\/toys.lt\/lv\/wp-json\/wp\/v2\/types\/product"}],"replies":[{"embeddable":true,"href":"https:\/\/toys.lt\/lv\/wp-json\/wp\/v2\/comments?post=27630"}],"version-history":[{"count":1,"href":"https:\/\/toys.lt\/lv\/wp-json\/wp\/v2\/product\/27630\/revisions"}],"predecessor-version":[{"id":32873,"href":"https:\/\/toys.lt\/lv\/wp-json\/wp\/v2\/product\/27630\/revisions\/32873"}],"wp:featuredmedia":[{"embeddable":true,"href":"https:\/\/toys.lt\/lv\/wp-json\/wp\/v2\/media\/27631"}],"wp:attachment":[{"href":"https:\/\/toys.lt\/lv\/wp-json\/wp\/v2\/media?parent=27630"}],"wp:term":[{"taxonomy":"product_brand","embeddable":true,"href":"https:\/\/toys.lt\/lv\/wp-json\/wp\/v2\/product_brand?post=27630"},{"taxonomy":"product_cat","embeddable":true,"href":"https:\/\/toys.lt\/lv\/wp-json\/wp\/v2\/product_cat?post=27630"},{"taxonomy":"product_tag","embeddable":true,"href":"https:\/\/toys.lt\/lv\/wp-json\/wp\/v2\/product_tag?post=27630"}],"curies":[{"name":"wp","href":"https:\/\/api.w.org\/{rel}","templated":true}]}}