{"id":27624,"date":"2020-08-18T15:26:55","date_gmt":"2020-08-18T15:26:55","guid":{"rendered":"https:\/\/toys.lt\/?post_type=product&#038;p=27624"},"modified":"2026-04-06T00:30:28","modified_gmt":"2026-04-06T00:30:28","slug":"konstruktorius-robotas-sumobot","status":"publish","type":"product","link":"https:\/\/toys.lt\/lv\/produktas\/konstruktorius-robotas-sumobot\/","title":{"rendered":"Konstruktorius robotas &#8220;SumoBot&#8221;"},"content":{"rendered":"<p class=\"MsoNormal\" align=\"center\" style=\"margin:0px;font-size:medium;color:#7a7a7a;padding:0px;line-height:inherit;border:0px;font-family:Roboto, sans-serif;background-color:#fefefe;text-align:center\"><i style=\"line-height:inherit;margin:0px;padding:0px;border:0px;font-variant:inherit;font-weight:inherit;font-size:inherit;font-family:inherit\"><span style=\"margin:0px;padding:0px;border:0px;font-style:inherit;font-variant:inherit;font-weight:inherit;font-size:8.5pt;line-height:inherit;font-family:Verdana, sans-serif;color:#000000\">Kompanija &#8220;Clementoni&#8221; &#8211; \u012fkurta Italijoje ir\u00a0s\u0117kmingai dirba\u00a0daugiau nei 50 met\u0173! Kompanijos misija &#8211; kurti \u017eaidimus, kurie padeda vaikams augimo procese.\u00a0<\/span><\/i><\/p>\n<p style=\"margin:0px;font-size:medium;color:#7a7a7a;padding:0px;line-height:inherit;border:0px;font-family:Roboto, sans-serif;background-color:#fefefe\">\n<p style=\"margin:0px;font-size:medium;color:#7a7a7a;padding:0px;line-height:inherit;border:0px;font-family:Roboto, sans-serif;background-color:#fefefe\">\n<p class=\"MsoNormal\" align=\"center\" style=\"margin:0px;font-size:medium;color:#7a7a7a;padding:0px;line-height:inherit;border:0px;font-family:Roboto, sans-serif;background-color:#fefefe\">\n<p class=\"MsoNormal\" align=\"center\" style=\"margin:0px;font-size:medium;color:#7a7a7a;padding:0px;line-height:inherit;border:0px;font-family:Roboto, sans-serif;background-color:#fefefe;text-align:center\"><i style=\"line-height:inherit;margin:0px;padding:0px;border:0px;font-variant:inherit;font-weight:inherit;font-size:inherit;font-family:inherit\"><span style=\"margin:0px;padding:0px;border:0px;font-style:inherit;font-variant:inherit;font-weight:inherit;font-size:8.5pt;line-height:inherit;font-family:Verdana, sans-serif;color:#000000\">Vis\u0105 tai skirta patenkinti jaunimo poreikius, atsi\u017evelgiant \u012f \u0161iuolaikines technologijas ir pasaulio \u0161vietimo tendencijas.<\/span><\/i><\/p>\n<\/p>\n<p><strong>Savyb\u0117s:<\/strong><\/p>\n<ul style=\"list-style-type:square\">\n<li>\u0160is rinkinys leid\u017eia surinkti i\u0161ties nuostab\u0173 robot\u0105, kuris gali jud\u0117ti per pavir\u0161i\u0173 niekada nenukrit\u0119s<\/li>\n<li>\u0160is pa\u017eangusis robotas juda ir atpa\u017e\u012fsta po juo esan\u010dias vietas<\/li>\n<li>Jis sustoja ir kei\u010dia krypt\u012f, kai tik jo guminis ratas nustato, kad pavir\u0161iaus po juo neb\u0117ra<\/li>\n<li>U\u017epakaliniai varantieji ratai suteikia gali\u0105 \u201eSumoBot\u201c jud\u0117ti \u012f priek\u012f<\/li>\n<li style=\"margin:0px;padding:0px;font:inherit;border:0px\">STEM (mokslas, technologijos, in\u017einerija, matematika) yra santrumpa, gimusi JAV, jos tikslas &#8211; suteikti studentams \u012fg\u016bd\u017ei\u0173, \u017eini\u0173 ir patirties, kad jie gal\u0117t\u0173 spr\u0119sti ateities technologinius i\u0161\u0161\u016bkius<\/li>\n<li style=\"margin:0px;padding:0px;font:inherit;border:0px\">Lavina\u00a0rank\u0173 miklum\u0105, vaizduot\u0119 ir k\u016brybi\u0161kum\u0105<\/li>\n<li style=\"margin:0px;padding:0px;font:inherit;border:0px\">Yra naudotojo vadovas<\/li>\n<\/ul>\n","protected":false},"excerpt":{"rendered":"<p>Prek\u0117s tipas:\u00a0mokomasis<\/p>\n<p>Prek\u0117s \u017eenklas: Clementoni<\/p>\n<p>Kilm\u0117s \u0161alis:\u00a0Italija<\/p>\n<p>Pakuot\u0117s i\u0161matavimai: 27,6 x 18,8 x 6 cm<\/p>\n<p>Rekomenduojamas am\u017eius: nuo\u00a08 met\u0173<\/p>\n","protected":false},"featured_media":27625,"comment_status":"open","ping_status":"open","template":"","meta":[],"product_brand":[384],"product_cat":[418,389,410,392],"product_tag":[],"class_list":{"0":"post-27624","1":"product","2":"type-product","3":"status-publish","4":"has-post-thumbnail","6":"product_brand-clementoni-2","7":"product_cat-pigu","8":"product_cat-lavinamieji-ir-interaktyvus-zaislai","9":"product_cat-zaislai-berniukams","10":"product_cat-zaisliniai-robotai-ir-transformeriai","11":"pa_amziaus-grupe-81","12":"pa_prek-s-tipas-konstruktoriai-ir-kalad-l-s","13":"pa_prekes-zenklas-clementoni","15":"first","16":"outofstock","17":"taxable","18":"shipping-taxable","19":"purchasable","20":"product-type-simple"},"yoast_head":"<!-- This site is optimized with the Yoast SEO plugin v26.3 - https:\/\/yoast.com\/wordpress\/plugins\/seo\/ -->\n<title>Konstruktorius robotas &quot;SumoBot&quot; - Toys.lt<\/title>\n<meta name=\"robots\" content=\"index, follow, max-snippet:-1, max-image-preview:large, max-video-preview:-1\" \/>\n<link rel=\"canonical\" href=\"https:\/\/toys.lt\/lv\/produktas\/konstruktorius-robotas-sumobot\/\" \/>\n<meta property=\"og:locale\" content=\"lv_LV\" \/>\n<meta property=\"og:type\" content=\"article\" \/>\n<meta property=\"og:title\" content=\"Konstruktorius robotas &quot;SumoBot&quot; - Toys.lt\" \/>\n<meta property=\"og:description\" content=\"Prek\u0117s tipas:\u00a0mokomasis Prek\u0117s \u017eenklas: Clementoni Kilm\u0117s \u0161alis:\u00a0Italija Pakuot\u0117s i\u0161matavimai: 27,6 x 18,8 x 6 cm Rekomenduojamas am\u017eius: nuo\u00a08 met\u0173\" \/>\n<meta property=\"og:url\" content=\"https:\/\/toys.lt\/lv\/produktas\/konstruktorius-robotas-sumobot\/\" \/>\n<meta property=\"og:site_name\" content=\"Toys.lt\" \/>\n<meta property=\"article:modified_time\" content=\"2026-04-06T00:30:28+00:00\" \/>\n<meta property=\"og:image\" content=\"https:\/\/toys.lt\/wp-content\/uploads\/2020\/08\/products-1388.jpg\" \/>\n\t<meta property=\"og:image:width\" content=\"1200\" \/>\n\t<meta property=\"og:image:height\" content=\"1200\" \/>\n\t<meta property=\"og:image:type\" content=\"image\/jpeg\" \/>\n<meta name=\"twitter:card\" content=\"summary_large_image\" \/>\n<meta name=\"twitter:label1\" content=\"Est. reading time\" \/>\n\t<meta name=\"twitter:data1\" content=\"1 minute\" \/>\n<script type=\"application\/ld+json\" class=\"yoast-schema-graph\">{\"@context\":\"https:\/\/schema.org\",\"@graph\":[{\"@type\":\"WebPage\",\"@id\":\"https:\/\/toys.lt\/lv\/produktas\/konstruktorius-robotas-sumobot\/\",\"url\":\"https:\/\/toys.lt\/lv\/produktas\/konstruktorius-robotas-sumobot\/\",\"name\":\"Konstruktorius robotas \\\"SumoBot\\\" - Toys.lt\",\"isPartOf\":{\"@id\":\"https:\/\/toys.lt\/lv\/#website\"},\"primaryImageOfPage\":{\"@id\":\"https:\/\/toys.lt\/lv\/produktas\/konstruktorius-robotas-sumobot\/#primaryimage\"},\"image\":{\"@id\":\"https:\/\/toys.lt\/lv\/produktas\/konstruktorius-robotas-sumobot\/#primaryimage\"},\"thumbnailUrl\":\"https:\/\/toys.lt\/wp-content\/uploads\/2020\/08\/products-1388.jpg\",\"datePublished\":\"2020-08-18T15:26:55+00:00\",\"dateModified\":\"2026-04-06T00:30:28+00:00\",\"breadcrumb\":{\"@id\":\"https:\/\/toys.lt\/lv\/produktas\/konstruktorius-robotas-sumobot\/#breadcrumb\"},\"inLanguage\":\"lv-LV\",\"potentialAction\":[{\"@type\":\"ReadAction\",\"target\":[\"https:\/\/toys.lt\/lv\/produktas\/konstruktorius-robotas-sumobot\/\"]}]},{\"@type\":\"ImageObject\",\"inLanguage\":\"lv-LV\",\"@id\":\"https:\/\/toys.lt\/lv\/produktas\/konstruktorius-robotas-sumobot\/#primaryimage\",\"url\":\"https:\/\/toys.lt\/wp-content\/uploads\/2020\/08\/products-1388.jpg\",\"contentUrl\":\"https:\/\/toys.lt\/wp-content\/uploads\/2020\/08\/products-1388.jpg\",\"width\":1200,\"height\":1200,\"caption\":\"Konstruktorius robotas &#8220;SumoBot&#8221;\"},{\"@type\":\"BreadcrumbList\",\"@id\":\"https:\/\/toys.lt\/lv\/produktas\/konstruktorius-robotas-sumobot\/#breadcrumb\",\"itemListElement\":[{\"@type\":\"ListItem\",\"position\":1,\"name\":\"Home\",\"item\":\"https:\/\/toys.lt\/lv\/\"},{\"@type\":\"ListItem\",\"position\":2,\"name\":\"Veikals\",\"item\":\"https:\/\/toys.lt\/lv\/shop\/\"},{\"@type\":\"ListItem\",\"position\":3,\"name\":\"Konstruktorius robotas &#8222;SumoBot&#8221;\"}]},{\"@type\":\"WebSite\",\"@id\":\"https:\/\/toys.lt\/lv\/#website\",\"url\":\"https:\/\/toys.lt\/lv\/\",\"name\":\"Toys.lt\",\"description\":\"\",\"potentialAction\":[{\"@type\":\"SearchAction\",\"target\":{\"@type\":\"EntryPoint\",\"urlTemplate\":\"https:\/\/toys.lt\/lv\/?s={search_term_string}\"},\"query-input\":{\"@type\":\"PropertyValueSpecification\",\"valueRequired\":true,\"valueName\":\"search_term_string\"}}],\"inLanguage\":\"lv-LV\"}]}<\/script>\n<!-- \/ Yoast SEO plugin. -->","yoast_head_json":{"title":"Konstruktorius robotas \"SumoBot\" - Toys.lt","robots":{"index":"index","follow":"follow","max-snippet":"max-snippet:-1","max-image-preview":"max-image-preview:large","max-video-preview":"max-video-preview:-1"},"canonical":"https:\/\/toys.lt\/lv\/produktas\/konstruktorius-robotas-sumobot\/","og_locale":"lv_LV","og_type":"article","og_title":"Konstruktorius robotas \"SumoBot\" - Toys.lt","og_description":"Prek\u0117s tipas:\u00a0mokomasis Prek\u0117s \u017eenklas: Clementoni Kilm\u0117s \u0161alis:\u00a0Italija Pakuot\u0117s i\u0161matavimai: 27,6 x 18,8 x 6 cm Rekomenduojamas am\u017eius: nuo\u00a08 met\u0173","og_url":"https:\/\/toys.lt\/lv\/produktas\/konstruktorius-robotas-sumobot\/","og_site_name":"Toys.lt","article_modified_time":"2026-04-06T00:30:28+00:00","og_image":[{"width":1200,"height":1200,"url":"https:\/\/toys.lt\/wp-content\/uploads\/2020\/08\/products-1388.jpg","type":"image\/jpeg"}],"twitter_card":"summary_large_image","twitter_misc":{"Est. reading time":"1 minute"},"schema":{"@context":"https:\/\/schema.org","@graph":[{"@type":"WebPage","@id":"https:\/\/toys.lt\/lv\/produktas\/konstruktorius-robotas-sumobot\/","url":"https:\/\/toys.lt\/lv\/produktas\/konstruktorius-robotas-sumobot\/","name":"Konstruktorius robotas \"SumoBot\" - Toys.lt","isPartOf":{"@id":"https:\/\/toys.lt\/lv\/#website"},"primaryImageOfPage":{"@id":"https:\/\/toys.lt\/lv\/produktas\/konstruktorius-robotas-sumobot\/#primaryimage"},"image":{"@id":"https:\/\/toys.lt\/lv\/produktas\/konstruktorius-robotas-sumobot\/#primaryimage"},"thumbnailUrl":"https:\/\/toys.lt\/wp-content\/uploads\/2020\/08\/products-1388.jpg","datePublished":"2020-08-18T15:26:55+00:00","dateModified":"2026-04-06T00:30:28+00:00","breadcrumb":{"@id":"https:\/\/toys.lt\/lv\/produktas\/konstruktorius-robotas-sumobot\/#breadcrumb"},"inLanguage":"lv-LV","potentialAction":[{"@type":"ReadAction","target":["https:\/\/toys.lt\/lv\/produktas\/konstruktorius-robotas-sumobot\/"]}]},{"@type":"ImageObject","inLanguage":"lv-LV","@id":"https:\/\/toys.lt\/lv\/produktas\/konstruktorius-robotas-sumobot\/#primaryimage","url":"https:\/\/toys.lt\/wp-content\/uploads\/2020\/08\/products-1388.jpg","contentUrl":"https:\/\/toys.lt\/wp-content\/uploads\/2020\/08\/products-1388.jpg","width":1200,"height":1200,"caption":"Konstruktorius robotas &#8220;SumoBot&#8221;"},{"@type":"BreadcrumbList","@id":"https:\/\/toys.lt\/lv\/produktas\/konstruktorius-robotas-sumobot\/#breadcrumb","itemListElement":[{"@type":"ListItem","position":1,"name":"Home","item":"https:\/\/toys.lt\/lv\/"},{"@type":"ListItem","position":2,"name":"Veikals","item":"https:\/\/toys.lt\/lv\/shop\/"},{"@type":"ListItem","position":3,"name":"Konstruktorius robotas &#8222;SumoBot&#8221;"}]},{"@type":"WebSite","@id":"https:\/\/toys.lt\/lv\/#website","url":"https:\/\/toys.lt\/lv\/","name":"Toys.lt","description":"","potentialAction":[{"@type":"SearchAction","target":{"@type":"EntryPoint","urlTemplate":"https:\/\/toys.lt\/lv\/?s={search_term_string}"},"query-input":{"@type":"PropertyValueSpecification","valueRequired":true,"valueName":"search_term_string"}}],"inLanguage":"lv-LV"}]}},"_links":{"self":[{"href":"https:\/\/toys.lt\/lv\/wp-json\/wp\/v2\/product\/27624","targetHints":{"allow":["GET"]}}],"collection":[{"href":"https:\/\/toys.lt\/lv\/wp-json\/wp\/v2\/product"}],"about":[{"href":"https:\/\/toys.lt\/lv\/wp-json\/wp\/v2\/types\/product"}],"replies":[{"embeddable":true,"href":"https:\/\/toys.lt\/lv\/wp-json\/wp\/v2\/comments?post=27624"}],"version-history":[{"count":1,"href":"https:\/\/toys.lt\/lv\/wp-json\/wp\/v2\/product\/27624\/revisions"}],"predecessor-version":[{"id":34422,"href":"https:\/\/toys.lt\/lv\/wp-json\/wp\/v2\/product\/27624\/revisions\/34422"}],"wp:featuredmedia":[{"embeddable":true,"href":"https:\/\/toys.lt\/lv\/wp-json\/wp\/v2\/media\/27625"}],"wp:attachment":[{"href":"https:\/\/toys.lt\/lv\/wp-json\/wp\/v2\/media?parent=27624"}],"wp:term":[{"taxonomy":"product_brand","embeddable":true,"href":"https:\/\/toys.lt\/lv\/wp-json\/wp\/v2\/product_brand?post=27624"},{"taxonomy":"product_cat","embeddable":true,"href":"https:\/\/toys.lt\/lv\/wp-json\/wp\/v2\/product_cat?post=27624"},{"taxonomy":"product_tag","embeddable":true,"href":"https:\/\/toys.lt\/lv\/wp-json\/wp\/v2\/product_tag?post=27624"}],"curies":[{"name":"wp","href":"https:\/\/api.w.org\/{rel}","templated":true}]}}