{"id":27603,"date":"2020-08-18T11:59:52","date_gmt":"2020-08-18T11:59:52","guid":{"rendered":"https:\/\/toys.lt\/?post_type=product&#038;p=27603"},"modified":"2026-04-06T00:30:27","modified_gmt":"2026-04-06T00:30:27","slug":"vaikiska-clementoni-kvepalu-gaminimo-laboratorija-lt-lv-ee-ru","status":"publish","type":"product","link":"https:\/\/toys.lt\/lv\/produktas\/vaikiska-clementoni-kvepalu-gaminimo-laboratorija-lt-lv-ee-ru\/","title":{"rendered":"Vaiki\u0161ka Clementoni kvepal\u0173 gaminimo laboratorija (LT+LV+EE+RU)"},"content":{"rendered":"<p class=\"MsoNormal\" style=\"margin: 0px;font-size: medium;color: #7a7a7a;padding: 0px;line-height: inherit;border: 0px;font-family: Roboto, sans-serif;background-color: #fefefe;text-align: center\" align=\"center\"><i style=\"line-height: inherit;margin: 0px;padding: 0px;border: 0px;font-variant: inherit;font-weight: inherit;font-size: inherit;font-family: inherit\"><span style=\"margin: 0px;padding: 0px;border: 0px;font-style: inherit;font-variant: inherit;font-weight: inherit;font-size: 8.5pt;line-height: inherit;font-family: Verdana, sans-serif;color: #000000\">Kompanija &#8220;Clementoni&#8221; &#8211; \u012fkurta Italijoje ir\u00a0s\u0117kmingai dirba\u00a0daugiau nei 50 met\u0173! Kompanijos misija &#8211; kurti \u017eaidimus, kurie padeda vaikams augimo procese.\u00a0<\/span><\/i><\/p>\n<p class=\"MsoNormal\" style=\"margin: 0px;font-size: medium;color: #7a7a7a;padding: 0px;line-height: inherit;border: 0px;font-family: Roboto, sans-serif;background-color: #fefefe;text-align: center\" align=\"center\"><i style=\"line-height: inherit;margin: 0px;padding: 0px;border: 0px;font-variant: inherit;font-weight: inherit;font-size: inherit;font-family: inherit\"><span style=\"margin: 0px;padding: 0px;border: 0px;font-style: inherit;font-variant: inherit;font-weight: inherit;font-size: 8.5pt;line-height: inherit;font-family: Verdana, sans-serif;color: #000000\">Vis\u0105 tai skirta patenkinti jaunimo poreikius, atsi\u017evelgiant \u012f \u0161iuolaikines technologijas ir pasaulio \u0161vietimo tendencijas.<\/span><\/i><\/p>\n<p><strong>Rinkin\u012f sudaro:<\/strong><\/p>\n<ul style=\"list-style-type: square\">\n<li>G\u0117li\u0173 aromato bazin\u0117 med\u017eiaga<\/li>\n<li>Cukraus aromato bazin\u0117 med\u017eiaga<\/li>\n<li>Mentel\u0117<\/li>\n<li>Pipet\u0117s<\/li>\n<li>Raudoni da\u017eai<\/li>\n<li>50 ml menz\u016bra su dangteliu<\/li>\n<li>Ma\u017ea 30 ml menz\u016bra<\/li>\n<li>M\u0117gintuv\u0117liai su kam\u0161teliais<\/li>\n<li>Mai\u0161iklis<\/li>\n<li>Piltuv\u0117lis<\/li>\n<li>Pur\u0161kimo buteliukas<\/li>\n<li>Filtravimo popierius<\/li>\n<li>Dirbtinis va\u0161kas<\/li>\n<li>M\u0117gini\u0173 d\u0117\u017eut\u0117<\/li>\n<li>Difuzoriaus medin\u0117s lazdel\u0117s<\/li>\n<li>Lipdukai<\/li>\n<li>Lateksin\u0117s pir\u0161tin\u0117s<\/li>\n<li>Gipso mai\u0161elis<\/li>\n<li>Kreideli\u0173 formel\u0117s<\/li>\n<li>Pad\u0117klas<\/li>\n<li>M\u0117gintuv\u0117li\u0173 laikiklis<\/li>\n<li>Iliustruotas naudotojo vadovas<\/li>\n<\/ul>\n<p><strong>Savyb\u0117s:<\/strong><\/p>\n<ul style=\"list-style-type: square\">\n<li>\u017daidimas, kuris supa\u017eindins vaikus su kvepal\u0173, nam\u0173 ir ma\u0161inos oro\u00a0gaivikliais, vonios druskos bei kit\u0173 kvap\u0173 gaminimu<\/li>\n<li>Sukurkite savo kvepal\u0173 laboratorij\u0105 ir atraskite kvepal\u0173 pasaul\u012f pagal iliustruoto vadovo receptus<\/li>\n<li>Lavina k\u016brybingum\u0105, vaizduot\u0119, ugdo d\u0117mesingum\u0105<\/li>\n<\/ul>\n<p><strong>\u012esp\u0117jimas. Netinka vaikams iki 8 met\u0173. Naudoti pri\u017ei\u016brint suaugusiems. Prie\u0161 naudojim\u0105 perskaitykite \u0161ias instrukcijas, laikykit\u0117s j\u0173 ir i\u0161saugokite, kad tur\u0117tum\u0117te prireikus. \u017daidim\u0105 \/ rinkin\u012f laikykite vaikams iki 8 met\u0173 nepasiekiamoje vietoje.<\/strong><\/p>\n","protected":false},"excerpt":{"rendered":"<p>Prek\u0117s tipas:\u00a0k\u016brybinis rinkinys<\/p>\n<p>Prek\u0117s \u017eenklas: Clementoni<\/p>\n<p>Kilm\u0117s \u0161alis:\u00a0Italija<\/p>\n<p>Pakuot\u0117s i\u0161matavimai: 42 x 28 x 6 cm<\/p>\n<p>Rekomenduojamas am\u017eius: nuo 8 met\u0173<\/p>\n","protected":false},"featured_media":27604,"comment_status":"open","ping_status":"closed","template":"","meta":[],"product_brand":[384],"product_cat":[418,405,389,409,411],"product_tag":[],"class_list":{"0":"post-27603","1":"product","2":"type-product","3":"status-publish","4":"has-post-thumbnail","6":"product_brand-clementoni-2","7":"product_cat-pigu","8":"product_cat-grozio-rinkiniai-ir-kosmetika-2","9":"product_cat-lavinamieji-ir-interaktyvus-zaislai","10":"product_cat-rankdarbiai-ir-kuryba","11":"product_cat-zaislai-mergaitems","12":"pa_amziaus-grupe-81","13":"pa_prek-s-tipas-kvepal-gaminimo-rinkiniai","14":"pa_prekes-zenklas-clementoni","16":"first","17":"outofstock","18":"taxable","19":"shipping-taxable","20":"purchasable","21":"product-type-simple"},"yoast_head":"<!-- This site is optimized with the Yoast SEO plugin v26.3 - https:\/\/yoast.com\/wordpress\/plugins\/seo\/ -->\n<title>Vaiki\u0161ka Clementoni kvepal\u0173 gaminimo laboratorija (LT+LV+EE+RU) - Toys.lt<\/title>\n<meta name=\"robots\" content=\"index, follow, max-snippet:-1, max-image-preview:large, max-video-preview:-1\" \/>\n<link rel=\"canonical\" href=\"https:\/\/toys.lt\/lv\/produktas\/vaikiska-clementoni-kvepalu-gaminimo-laboratorija-lt-lv-ee-ru\/\" \/>\n<meta property=\"og:locale\" content=\"lv_LV\" \/>\n<meta property=\"og:type\" content=\"article\" \/>\n<meta property=\"og:title\" content=\"Vaiki\u0161ka Clementoni kvepal\u0173 gaminimo laboratorija (LT+LV+EE+RU) - Toys.lt\" \/>\n<meta property=\"og:description\" content=\"Prek\u0117s tipas:\u00a0k\u016brybinis rinkinys  Prek\u0117s \u017eenklas: Clementoni  Kilm\u0117s \u0161alis:\u00a0Italija  Pakuot\u0117s i\u0161matavimai: 42 x 28 x 6 cm  Rekomenduojamas am\u017eius: nuo 8 met\u0173\" \/>\n<meta property=\"og:url\" content=\"https:\/\/toys.lt\/lv\/produktas\/vaikiska-clementoni-kvepalu-gaminimo-laboratorija-lt-lv-ee-ru\/\" \/>\n<meta property=\"og:site_name\" content=\"Toys.lt\" \/>\n<meta property=\"article:modified_time\" content=\"2026-04-06T00:30:27+00:00\" \/>\n<meta property=\"og:image\" content=\"https:\/\/toys.lt\/wp-content\/uploads\/2020\/08\/products-1376.jpg\" \/>\n\t<meta property=\"og:image:width\" content=\"491\" \/>\n\t<meta property=\"og:image:height\" content=\"491\" \/>\n\t<meta property=\"og:image:type\" content=\"image\/jpeg\" \/>\n<meta name=\"twitter:card\" content=\"summary_large_image\" \/>\n<meta name=\"twitter:label1\" content=\"Est. reading time\" \/>\n\t<meta name=\"twitter:data1\" content=\"2 minutes\" \/>\n<script type=\"application\/ld+json\" class=\"yoast-schema-graph\">{\"@context\":\"https:\/\/schema.org\",\"@graph\":[{\"@type\":\"WebPage\",\"@id\":\"https:\/\/toys.lt\/lv\/produktas\/vaikiska-clementoni-kvepalu-gaminimo-laboratorija-lt-lv-ee-ru\/\",\"url\":\"https:\/\/toys.lt\/lv\/produktas\/vaikiska-clementoni-kvepalu-gaminimo-laboratorija-lt-lv-ee-ru\/\",\"name\":\"Vaiki\u0161ka Clementoni kvepal\u0173 gaminimo laboratorija (LT+LV+EE+RU) - Toys.lt\",\"isPartOf\":{\"@id\":\"https:\/\/toys.lt\/lv\/#website\"},\"primaryImageOfPage\":{\"@id\":\"https:\/\/toys.lt\/lv\/produktas\/vaikiska-clementoni-kvepalu-gaminimo-laboratorija-lt-lv-ee-ru\/#primaryimage\"},\"image\":{\"@id\":\"https:\/\/toys.lt\/lv\/produktas\/vaikiska-clementoni-kvepalu-gaminimo-laboratorija-lt-lv-ee-ru\/#primaryimage\"},\"thumbnailUrl\":\"https:\/\/toys.lt\/wp-content\/uploads\/2020\/08\/products-1376.jpg\",\"datePublished\":\"2020-08-18T11:59:52+00:00\",\"dateModified\":\"2026-04-06T00:30:27+00:00\",\"breadcrumb\":{\"@id\":\"https:\/\/toys.lt\/lv\/produktas\/vaikiska-clementoni-kvepalu-gaminimo-laboratorija-lt-lv-ee-ru\/#breadcrumb\"},\"inLanguage\":\"lv-LV\",\"potentialAction\":[{\"@type\":\"ReadAction\",\"target\":[\"https:\/\/toys.lt\/lv\/produktas\/vaikiska-clementoni-kvepalu-gaminimo-laboratorija-lt-lv-ee-ru\/\"]}]},{\"@type\":\"ImageObject\",\"inLanguage\":\"lv-LV\",\"@id\":\"https:\/\/toys.lt\/lv\/produktas\/vaikiska-clementoni-kvepalu-gaminimo-laboratorija-lt-lv-ee-ru\/#primaryimage\",\"url\":\"https:\/\/toys.lt\/wp-content\/uploads\/2020\/08\/products-1376.jpg\",\"contentUrl\":\"https:\/\/toys.lt\/wp-content\/uploads\/2020\/08\/products-1376.jpg\",\"width\":491,\"height\":491,\"caption\":\"Vaiki\u0161ka Clementoni kvepal\u0173 gaminimo laboratorija (LT+LV+EE+RU)\"},{\"@type\":\"BreadcrumbList\",\"@id\":\"https:\/\/toys.lt\/lv\/produktas\/vaikiska-clementoni-kvepalu-gaminimo-laboratorija-lt-lv-ee-ru\/#breadcrumb\",\"itemListElement\":[{\"@type\":\"ListItem\",\"position\":1,\"name\":\"Home\",\"item\":\"https:\/\/toys.lt\/lv\/\"},{\"@type\":\"ListItem\",\"position\":2,\"name\":\"Veikals\",\"item\":\"https:\/\/toys.lt\/lv\/shop\/\"},{\"@type\":\"ListItem\",\"position\":3,\"name\":\"Vaiki\u0161ka Clementoni kvepal\u0173 gaminimo laboratorija (LT+LV+EE+RU)\"}]},{\"@type\":\"WebSite\",\"@id\":\"https:\/\/toys.lt\/lv\/#website\",\"url\":\"https:\/\/toys.lt\/lv\/\",\"name\":\"Toys.lt\",\"description\":\"\",\"potentialAction\":[{\"@type\":\"SearchAction\",\"target\":{\"@type\":\"EntryPoint\",\"urlTemplate\":\"https:\/\/toys.lt\/lv\/?s={search_term_string}\"},\"query-input\":{\"@type\":\"PropertyValueSpecification\",\"valueRequired\":true,\"valueName\":\"search_term_string\"}}],\"inLanguage\":\"lv-LV\"}]}<\/script>\n<!-- \/ Yoast SEO plugin. -->","yoast_head_json":{"title":"Vaiki\u0161ka Clementoni kvepal\u0173 gaminimo laboratorija (LT+LV+EE+RU) - Toys.lt","robots":{"index":"index","follow":"follow","max-snippet":"max-snippet:-1","max-image-preview":"max-image-preview:large","max-video-preview":"max-video-preview:-1"},"canonical":"https:\/\/toys.lt\/lv\/produktas\/vaikiska-clementoni-kvepalu-gaminimo-laboratorija-lt-lv-ee-ru\/","og_locale":"lv_LV","og_type":"article","og_title":"Vaiki\u0161ka Clementoni kvepal\u0173 gaminimo laboratorija (LT+LV+EE+RU) - Toys.lt","og_description":"Prek\u0117s tipas:\u00a0k\u016brybinis rinkinys  Prek\u0117s \u017eenklas: Clementoni  Kilm\u0117s \u0161alis:\u00a0Italija  Pakuot\u0117s i\u0161matavimai: 42 x 28 x 6 cm  Rekomenduojamas am\u017eius: nuo 8 met\u0173","og_url":"https:\/\/toys.lt\/lv\/produktas\/vaikiska-clementoni-kvepalu-gaminimo-laboratorija-lt-lv-ee-ru\/","og_site_name":"Toys.lt","article_modified_time":"2026-04-06T00:30:27+00:00","og_image":[{"width":491,"height":491,"url":"https:\/\/toys.lt\/wp-content\/uploads\/2020\/08\/products-1376.jpg","type":"image\/jpeg"}],"twitter_card":"summary_large_image","twitter_misc":{"Est. reading time":"2 minutes"},"schema":{"@context":"https:\/\/schema.org","@graph":[{"@type":"WebPage","@id":"https:\/\/toys.lt\/lv\/produktas\/vaikiska-clementoni-kvepalu-gaminimo-laboratorija-lt-lv-ee-ru\/","url":"https:\/\/toys.lt\/lv\/produktas\/vaikiska-clementoni-kvepalu-gaminimo-laboratorija-lt-lv-ee-ru\/","name":"Vaiki\u0161ka Clementoni kvepal\u0173 gaminimo laboratorija (LT+LV+EE+RU) - Toys.lt","isPartOf":{"@id":"https:\/\/toys.lt\/lv\/#website"},"primaryImageOfPage":{"@id":"https:\/\/toys.lt\/lv\/produktas\/vaikiska-clementoni-kvepalu-gaminimo-laboratorija-lt-lv-ee-ru\/#primaryimage"},"image":{"@id":"https:\/\/toys.lt\/lv\/produktas\/vaikiska-clementoni-kvepalu-gaminimo-laboratorija-lt-lv-ee-ru\/#primaryimage"},"thumbnailUrl":"https:\/\/toys.lt\/wp-content\/uploads\/2020\/08\/products-1376.jpg","datePublished":"2020-08-18T11:59:52+00:00","dateModified":"2026-04-06T00:30:27+00:00","breadcrumb":{"@id":"https:\/\/toys.lt\/lv\/produktas\/vaikiska-clementoni-kvepalu-gaminimo-laboratorija-lt-lv-ee-ru\/#breadcrumb"},"inLanguage":"lv-LV","potentialAction":[{"@type":"ReadAction","target":["https:\/\/toys.lt\/lv\/produktas\/vaikiska-clementoni-kvepalu-gaminimo-laboratorija-lt-lv-ee-ru\/"]}]},{"@type":"ImageObject","inLanguage":"lv-LV","@id":"https:\/\/toys.lt\/lv\/produktas\/vaikiska-clementoni-kvepalu-gaminimo-laboratorija-lt-lv-ee-ru\/#primaryimage","url":"https:\/\/toys.lt\/wp-content\/uploads\/2020\/08\/products-1376.jpg","contentUrl":"https:\/\/toys.lt\/wp-content\/uploads\/2020\/08\/products-1376.jpg","width":491,"height":491,"caption":"Vaiki\u0161ka Clementoni kvepal\u0173 gaminimo laboratorija (LT+LV+EE+RU)"},{"@type":"BreadcrumbList","@id":"https:\/\/toys.lt\/lv\/produktas\/vaikiska-clementoni-kvepalu-gaminimo-laboratorija-lt-lv-ee-ru\/#breadcrumb","itemListElement":[{"@type":"ListItem","position":1,"name":"Home","item":"https:\/\/toys.lt\/lv\/"},{"@type":"ListItem","position":2,"name":"Veikals","item":"https:\/\/toys.lt\/lv\/shop\/"},{"@type":"ListItem","position":3,"name":"Vaiki\u0161ka Clementoni kvepal\u0173 gaminimo laboratorija (LT+LV+EE+RU)"}]},{"@type":"WebSite","@id":"https:\/\/toys.lt\/lv\/#website","url":"https:\/\/toys.lt\/lv\/","name":"Toys.lt","description":"","potentialAction":[{"@type":"SearchAction","target":{"@type":"EntryPoint","urlTemplate":"https:\/\/toys.lt\/lv\/?s={search_term_string}"},"query-input":{"@type":"PropertyValueSpecification","valueRequired":true,"valueName":"search_term_string"}}],"inLanguage":"lv-LV"}]}},"_links":{"self":[{"href":"https:\/\/toys.lt\/lv\/wp-json\/wp\/v2\/product\/27603","targetHints":{"allow":["GET"]}}],"collection":[{"href":"https:\/\/toys.lt\/lv\/wp-json\/wp\/v2\/product"}],"about":[{"href":"https:\/\/toys.lt\/lv\/wp-json\/wp\/v2\/types\/product"}],"replies":[{"embeddable":true,"href":"https:\/\/toys.lt\/lv\/wp-json\/wp\/v2\/comments?post=27603"}],"version-history":[{"count":2,"href":"https:\/\/toys.lt\/lv\/wp-json\/wp\/v2\/product\/27603\/revisions"}],"predecessor-version":[{"id":43516,"href":"https:\/\/toys.lt\/lv\/wp-json\/wp\/v2\/product\/27603\/revisions\/43516"}],"wp:featuredmedia":[{"embeddable":true,"href":"https:\/\/toys.lt\/lv\/wp-json\/wp\/v2\/media\/27604"}],"wp:attachment":[{"href":"https:\/\/toys.lt\/lv\/wp-json\/wp\/v2\/media?parent=27603"}],"wp:term":[{"taxonomy":"product_brand","embeddable":true,"href":"https:\/\/toys.lt\/lv\/wp-json\/wp\/v2\/product_brand?post=27603"},{"taxonomy":"product_cat","embeddable":true,"href":"https:\/\/toys.lt\/lv\/wp-json\/wp\/v2\/product_cat?post=27603"},{"taxonomy":"product_tag","embeddable":true,"href":"https:\/\/toys.lt\/lv\/wp-json\/wp\/v2\/product_tag?post=27603"}],"curies":[{"name":"wp","href":"https:\/\/api.w.org\/{rel}","templated":true}]}}