{"id":27597,"date":"2020-08-17T13:34:16","date_gmt":"2020-08-17T13:34:16","guid":{"rendered":"https:\/\/toys.lt\/?post_type=product&#038;p=27597"},"modified":"2026-04-23T18:12:00","modified_gmt":"2026-04-23T18:12:00","slug":"clementoni-mano-pirmasis-mikroskopas-50583","status":"publish","type":"product","link":"https:\/\/toys.lt\/lv\/produktas\/clementoni-mano-pirmasis-mikroskopas-50583\/","title":{"rendered":"Clementoni Mano pirmasis mikroskopas \u2013 My First Microscope"},"content":{"rendered":"<p>Clementoni \u201eMano pirmasis mikroskopas\u201c (My First Microscope) \u2013 mokslinis edukacinis rinkinys vaikams, padedantis atrasti mikro pasaulio paslaptis. Tai puikus pirmasis \u017eingsnis \u012f mokslo ir gamtos tyrin\u0117jim\u0173 pasaul\u012f, kuris lavina smalsum\u0105, pastabum\u0105 ir pa\u017eintinius \u012fg\u016bd\u017eius. Mikroskopas yra saugus, paprastai naudojamas ir pritaikytas vaikams.<\/p>\n<p>&nbsp;<\/p>\n<p data-start=\"459\" data-end=\"480\"><strong data-start=\"459\" data-end=\"478\">Rinkin\u012f sudaro:<\/strong><\/p>\n<ul data-start=\"481\" data-end=\"670\">\n<li data-start=\"481\" data-end=\"496\">\n<p data-start=\"483\" data-end=\"496\">Mikroskopas<\/p>\n<\/li>\n<li data-start=\"497\" data-end=\"517\">\n<p data-start=\"499\" data-end=\"517\">Bandym\u0173 skaidr\u0117s<\/p>\n<\/li>\n<li data-start=\"518\" data-end=\"532\">\n<p data-start=\"520\" data-end=\"532\">Dangteliai<\/p>\n<\/li>\n<li data-start=\"533\" data-end=\"545\">\n<p data-start=\"535\" data-end=\"545\">Pincetas<\/p>\n<\/li>\n<li data-start=\"546\" data-end=\"556\">\n<p data-start=\"548\" data-end=\"556\">Pipet\u0117<\/p>\n<\/li>\n<li data-start=\"557\" data-end=\"574\">\n<p data-start=\"559\" data-end=\"574\">Bandymo kolba<\/p>\n<\/li>\n<li data-start=\"575\" data-end=\"613\">\n<p data-start=\"577\" data-end=\"613\">Laboratorinis indelis su dangteliu<\/p>\n<\/li>\n<li data-start=\"614\" data-end=\"625\">\n<p data-start=\"616\" data-end=\"625\">Mentel\u0117<\/p>\n<\/li>\n<li data-start=\"626\" data-end=\"637\">\n<p data-start=\"628\" data-end=\"637\">Indelis<\/p>\n<\/li>\n<li data-start=\"638\" data-end=\"670\">\n<p data-start=\"640\" data-end=\"670\">Instrukcija<\/p>\n<\/li>\n<\/ul>\n<p data-start=\"672\" data-end=\"686\"><strong data-start=\"672\" data-end=\"684\">Savyb\u0117s:<\/strong><\/p>\n<ul data-start=\"687\" data-end=\"845\">\n<li data-start=\"687\" data-end=\"722\">\n<p data-start=\"689\" data-end=\"722\">Padidina objekt\u0105 net 300 kart\u0173;<\/p>\n<\/li>\n<li data-start=\"723\" data-end=\"792\">\n<p data-start=\"725\" data-end=\"792\">Rinkinyje viskas, ko reikia pirmiesiems laboratoriniams tyrimams;<\/p>\n<\/li>\n<li data-start=\"793\" data-end=\"845\">\n<p data-start=\"795\" data-end=\"845\">Lavina d\u0117mesingum\u0105, login\u012f m\u0105stym\u0105 ir pastabum\u0105.<\/p>\n<\/li>\n<\/ul>\n","protected":false},"excerpt":{"rendered":"<p>Prek\u0117s tipas: mokomasis rinkinys<\/p>\n<p>Prek\u0117s \u017eenklas: Clementoni<\/p>\n<p>Kilm\u0117s \u0161alis: Italija<\/p>\n<p>Pakuot\u0117s i\u0161matavimai: 35 x 26 x 7 cm<\/p>\n<p>Rekomenduojamas am\u017eius: nuo 8 met\u0173<\/p>\n","protected":false},"featured_media":27598,"comment_status":"open","ping_status":"closed","template":"","meta":[],"product_brand":[384],"product_cat":[389,410,411],"product_tag":[],"class_list":{"0":"post-27597","1":"product","2":"type-product","3":"status-publish","4":"has-post-thumbnail","6":"product_brand-clementoni-2","7":"product_cat-lavinamieji-ir-interaktyvus-zaislai","8":"product_cat-zaislai-berniukams","9":"product_cat-zaislai-mergaitems","10":"pa_amziaus-grupe-81","11":"pa_prek-s-tipas-lavinamieji-zaislai-2","12":"pa_prekes-zenklas-clementoni","14":"first","15":"instock","16":"sale","17":"taxable","18":"shipping-taxable","19":"purchasable","20":"product-type-simple"},"yoast_head":"<!-- This site is optimized with the Yoast SEO plugin v26.3 - https:\/\/yoast.com\/wordpress\/plugins\/seo\/ -->\n<title>Clementoni Mano pirmasis mikroskopas \u2013 My First Microscope - Toys.lt<\/title>\n<meta name=\"description\" content=\"Clementoni Mano pirmasis mikroskopas \u2013 edukacinis rinkinys vaikams nuo 8 m. Su priedais gamtos tyrin\u0117jimams ir mikro pasaulio atradimams.\" \/>\n<meta name=\"robots\" content=\"index, follow, max-snippet:-1, max-image-preview:large, max-video-preview:-1\" \/>\n<link rel=\"canonical\" href=\"https:\/\/toys.lt\/lv\/produktas\/clementoni-mano-pirmasis-mikroskopas-50583\/\" \/>\n<meta property=\"og:locale\" content=\"lv_LV\" \/>\n<meta property=\"og:type\" content=\"article\" \/>\n<meta property=\"og:title\" content=\"Clementoni Mano pirmasis mikroskopas \u2013 My First Microscope - Toys.lt\" \/>\n<meta property=\"og:description\" content=\"Clementoni Mano pirmasis mikroskopas \u2013 edukacinis rinkinys vaikams nuo 8 m. Su priedais gamtos tyrin\u0117jimams ir mikro pasaulio atradimams.\" \/>\n<meta property=\"og:url\" content=\"https:\/\/toys.lt\/lv\/produktas\/clementoni-mano-pirmasis-mikroskopas-50583\/\" \/>\n<meta property=\"og:site_name\" content=\"Toys.lt\" \/>\n<meta property=\"article:modified_time\" content=\"2026-04-23T18:12:00+00:00\" \/>\n<meta property=\"og:image\" content=\"https:\/\/toys.lt\/wp-content\/uploads\/2020\/08\/products-1365.jpg\" \/>\n\t<meta property=\"og:image:width\" content=\"1414\" \/>\n\t<meta property=\"og:image:height\" content=\"1200\" \/>\n\t<meta property=\"og:image:type\" content=\"image\/jpeg\" \/>\n<meta name=\"twitter:card\" content=\"summary_large_image\" \/>\n<meta name=\"twitter:label1\" content=\"Est. reading time\" \/>\n\t<meta name=\"twitter:data1\" content=\"1 minute\" \/>\n<script type=\"application\/ld+json\" class=\"yoast-schema-graph\">{\"@context\":\"https:\/\/schema.org\",\"@graph\":[{\"@type\":\"WebPage\",\"@id\":\"https:\/\/toys.lt\/lv\/produktas\/clementoni-mano-pirmasis-mikroskopas-50583\/\",\"url\":\"https:\/\/toys.lt\/lv\/produktas\/clementoni-mano-pirmasis-mikroskopas-50583\/\",\"name\":\"Clementoni Mano pirmasis mikroskopas \u2013 My First Microscope - Toys.lt\",\"isPartOf\":{\"@id\":\"https:\/\/toys.lt\/lv\/#website\"},\"primaryImageOfPage\":{\"@id\":\"https:\/\/toys.lt\/lv\/produktas\/clementoni-mano-pirmasis-mikroskopas-50583\/#primaryimage\"},\"image\":{\"@id\":\"https:\/\/toys.lt\/lv\/produktas\/clementoni-mano-pirmasis-mikroskopas-50583\/#primaryimage\"},\"thumbnailUrl\":\"https:\/\/toys.lt\/wp-content\/uploads\/2020\/08\/products-1365.jpg\",\"datePublished\":\"2020-08-17T13:34:16+00:00\",\"dateModified\":\"2026-04-23T18:12:00+00:00\",\"description\":\"Clementoni Mano pirmasis mikroskopas \u2013 edukacinis rinkinys vaikams nuo 8 m. Su priedais gamtos tyrin\u0117jimams ir mikro pasaulio atradimams.\",\"breadcrumb\":{\"@id\":\"https:\/\/toys.lt\/lv\/produktas\/clementoni-mano-pirmasis-mikroskopas-50583\/#breadcrumb\"},\"inLanguage\":\"lv-LV\",\"potentialAction\":[{\"@type\":\"ReadAction\",\"target\":[\"https:\/\/toys.lt\/lv\/produktas\/clementoni-mano-pirmasis-mikroskopas-50583\/\"]}]},{\"@type\":\"ImageObject\",\"inLanguage\":\"lv-LV\",\"@id\":\"https:\/\/toys.lt\/lv\/produktas\/clementoni-mano-pirmasis-mikroskopas-50583\/#primaryimage\",\"url\":\"https:\/\/toys.lt\/wp-content\/uploads\/2020\/08\/products-1365.jpg\",\"contentUrl\":\"https:\/\/toys.lt\/wp-content\/uploads\/2020\/08\/products-1365.jpg\",\"width\":1414,\"height\":1200,\"caption\":\"Vaiki\u0161kas mikroskopas\"},{\"@type\":\"BreadcrumbList\",\"@id\":\"https:\/\/toys.lt\/lv\/produktas\/clementoni-mano-pirmasis-mikroskopas-50583\/#breadcrumb\",\"itemListElement\":[{\"@type\":\"ListItem\",\"position\":1,\"name\":\"Home\",\"item\":\"https:\/\/toys.lt\/lv\/\"},{\"@type\":\"ListItem\",\"position\":2,\"name\":\"Veikals\",\"item\":\"https:\/\/toys.lt\/lv\/shop\/\"},{\"@type\":\"ListItem\",\"position\":3,\"name\":\"Clementoni Mano pirmasis mikroskopas \u2013 My First Microscope\"}]},{\"@type\":\"WebSite\",\"@id\":\"https:\/\/toys.lt\/lv\/#website\",\"url\":\"https:\/\/toys.lt\/lv\/\",\"name\":\"Toys.lt\",\"description\":\"\",\"potentialAction\":[{\"@type\":\"SearchAction\",\"target\":{\"@type\":\"EntryPoint\",\"urlTemplate\":\"https:\/\/toys.lt\/lv\/?s={search_term_string}\"},\"query-input\":{\"@type\":\"PropertyValueSpecification\",\"valueRequired\":true,\"valueName\":\"search_term_string\"}}],\"inLanguage\":\"lv-LV\"}]}<\/script>\n<!-- \/ Yoast SEO plugin. -->","yoast_head_json":{"title":"Clementoni Mano pirmasis mikroskopas \u2013 My First Microscope - Toys.lt","description":"Clementoni Mano pirmasis mikroskopas \u2013 edukacinis rinkinys vaikams nuo 8 m. Su priedais gamtos tyrin\u0117jimams ir mikro pasaulio atradimams.","robots":{"index":"index","follow":"follow","max-snippet":"max-snippet:-1","max-image-preview":"max-image-preview:large","max-video-preview":"max-video-preview:-1"},"canonical":"https:\/\/toys.lt\/lv\/produktas\/clementoni-mano-pirmasis-mikroskopas-50583\/","og_locale":"lv_LV","og_type":"article","og_title":"Clementoni Mano pirmasis mikroskopas \u2013 My First Microscope - Toys.lt","og_description":"Clementoni Mano pirmasis mikroskopas \u2013 edukacinis rinkinys vaikams nuo 8 m. Su priedais gamtos tyrin\u0117jimams ir mikro pasaulio atradimams.","og_url":"https:\/\/toys.lt\/lv\/produktas\/clementoni-mano-pirmasis-mikroskopas-50583\/","og_site_name":"Toys.lt","article_modified_time":"2026-04-23T18:12:00+00:00","og_image":[{"width":1414,"height":1200,"url":"https:\/\/toys.lt\/wp-content\/uploads\/2020\/08\/products-1365.jpg","type":"image\/jpeg"}],"twitter_card":"summary_large_image","twitter_misc":{"Est. reading time":"1 minute"},"schema":{"@context":"https:\/\/schema.org","@graph":[{"@type":"WebPage","@id":"https:\/\/toys.lt\/lv\/produktas\/clementoni-mano-pirmasis-mikroskopas-50583\/","url":"https:\/\/toys.lt\/lv\/produktas\/clementoni-mano-pirmasis-mikroskopas-50583\/","name":"Clementoni Mano pirmasis mikroskopas \u2013 My First Microscope - Toys.lt","isPartOf":{"@id":"https:\/\/toys.lt\/lv\/#website"},"primaryImageOfPage":{"@id":"https:\/\/toys.lt\/lv\/produktas\/clementoni-mano-pirmasis-mikroskopas-50583\/#primaryimage"},"image":{"@id":"https:\/\/toys.lt\/lv\/produktas\/clementoni-mano-pirmasis-mikroskopas-50583\/#primaryimage"},"thumbnailUrl":"https:\/\/toys.lt\/wp-content\/uploads\/2020\/08\/products-1365.jpg","datePublished":"2020-08-17T13:34:16+00:00","dateModified":"2026-04-23T18:12:00+00:00","description":"Clementoni Mano pirmasis mikroskopas \u2013 edukacinis rinkinys vaikams nuo 8 m. Su priedais gamtos tyrin\u0117jimams ir mikro pasaulio atradimams.","breadcrumb":{"@id":"https:\/\/toys.lt\/lv\/produktas\/clementoni-mano-pirmasis-mikroskopas-50583\/#breadcrumb"},"inLanguage":"lv-LV","potentialAction":[{"@type":"ReadAction","target":["https:\/\/toys.lt\/lv\/produktas\/clementoni-mano-pirmasis-mikroskopas-50583\/"]}]},{"@type":"ImageObject","inLanguage":"lv-LV","@id":"https:\/\/toys.lt\/lv\/produktas\/clementoni-mano-pirmasis-mikroskopas-50583\/#primaryimage","url":"https:\/\/toys.lt\/wp-content\/uploads\/2020\/08\/products-1365.jpg","contentUrl":"https:\/\/toys.lt\/wp-content\/uploads\/2020\/08\/products-1365.jpg","width":1414,"height":1200,"caption":"Vaiki\u0161kas mikroskopas"},{"@type":"BreadcrumbList","@id":"https:\/\/toys.lt\/lv\/produktas\/clementoni-mano-pirmasis-mikroskopas-50583\/#breadcrumb","itemListElement":[{"@type":"ListItem","position":1,"name":"Home","item":"https:\/\/toys.lt\/lv\/"},{"@type":"ListItem","position":2,"name":"Veikals","item":"https:\/\/toys.lt\/lv\/shop\/"},{"@type":"ListItem","position":3,"name":"Clementoni Mano pirmasis mikroskopas \u2013 My First Microscope"}]},{"@type":"WebSite","@id":"https:\/\/toys.lt\/lv\/#website","url":"https:\/\/toys.lt\/lv\/","name":"Toys.lt","description":"","potentialAction":[{"@type":"SearchAction","target":{"@type":"EntryPoint","urlTemplate":"https:\/\/toys.lt\/lv\/?s={search_term_string}"},"query-input":{"@type":"PropertyValueSpecification","valueRequired":true,"valueName":"search_term_string"}}],"inLanguage":"lv-LV"}]}},"_links":{"self":[{"href":"https:\/\/toys.lt\/lv\/wp-json\/wp\/v2\/product\/27597","targetHints":{"allow":["GET"]}}],"collection":[{"href":"https:\/\/toys.lt\/lv\/wp-json\/wp\/v2\/product"}],"about":[{"href":"https:\/\/toys.lt\/lv\/wp-json\/wp\/v2\/types\/product"}],"replies":[{"embeddable":true,"href":"https:\/\/toys.lt\/lv\/wp-json\/wp\/v2\/comments?post=27597"}],"version-history":[{"count":3,"href":"https:\/\/toys.lt\/lv\/wp-json\/wp\/v2\/product\/27597\/revisions"}],"predecessor-version":[{"id":44287,"href":"https:\/\/toys.lt\/lv\/wp-json\/wp\/v2\/product\/27597\/revisions\/44287"}],"wp:featuredmedia":[{"embeddable":true,"href":"https:\/\/toys.lt\/lv\/wp-json\/wp\/v2\/media\/27598"}],"wp:attachment":[{"href":"https:\/\/toys.lt\/lv\/wp-json\/wp\/v2\/media?parent=27597"}],"wp:term":[{"taxonomy":"product_brand","embeddable":true,"href":"https:\/\/toys.lt\/lv\/wp-json\/wp\/v2\/product_brand?post=27597"},{"taxonomy":"product_cat","embeddable":true,"href":"https:\/\/toys.lt\/lv\/wp-json\/wp\/v2\/product_cat?post=27597"},{"taxonomy":"product_tag","embeddable":true,"href":"https:\/\/toys.lt\/lv\/wp-json\/wp\/v2\/product_tag?post=27597"}],"curies":[{"name":"wp","href":"https:\/\/api.w.org\/{rel}","templated":true}]}}