{"id":27556,"date":"2020-08-05T12:38:29","date_gmt":"2020-08-05T12:38:29","guid":{"rendered":"https:\/\/toys.lt\/?post_type=product&#038;p=27556"},"modified":"2026-03-12T11:53:36","modified_gmt":"2026-03-12T11:53:36","slug":"r-b-valdomas-krautuvas-1-8-kraunamas","status":"publish","type":"product","link":"https:\/\/toys.lt\/lv\/produktas\/r-b-valdomas-krautuvas-1-8-kraunamas\/","title":{"rendered":"R\/B valdomas krautuvas 1:8 (\u012fkraunamas)"},"content":{"rendered":"<p><strong>Komplekt\u0105 sudaro:<\/strong><\/p>\n<ul style=\"list-style-type: square;\">\n<li>Krautuvas<\/li>\n<li>Nuotolinio valdymo pultas<\/li>\n<li>Pad\u0117klas<\/li>\n<li>\u012ekraunama baterija<\/li>\n<li>USB \u012fkrovimo laidas<\/li>\n<li>Naudotojo vadovas<\/li>\n<\/ul>\n<p><strong>Savyb\u0117s:<\/strong><\/p>\n<ul style=\"list-style-type: square;\">\n<li>Visi\u0161kai funkcionuojantis vairavimas ir pad\u0117kl\u0173 k\u0117limas:\u00a0va\u017eiuokite pirmyn \/ atgal, pasukite \u012f kair\u0119 \/ \u012f de\u0161in\u0119,\u00a0u\u017ekelkite\u00a0\/ i\u0161kraukite<\/li>\n<li>Protektorin\u0117s gumos padangos<\/li>\n<li>Imituojami statybos garsai ir \u0161viesos<\/li>\n<li>Sieninis \u012fkroviklis<\/li>\n<li>Didelis ir galingas: gali kelti ir traukti krovinius<\/li>\n<li>\u012ekraunama baterija: Komplekte yra 4,8 V 800mAh \u012fkraunama baterija ir \u012fkrovimo laidas<\/li>\n<li>USB \u012fkrovimo prievadas suderinamas su maitinimo banku ir kompiuteriu<\/li>\n<li>2,4 GHz nuotolinio valdymo pultas: automatinis susiejimas, 10\u2013100 m valdymo diapazonas, palaiko ry\u0161\u012f su keliais sunkve\u017eimiais vienu metu, netrukdant vienas kitam<\/li>\n<li style=\"margin: 0px; padding: 0px; font: inherit; border: 0px;\">Saugus vaiko sveikatai<\/li>\n<li style=\"margin: 0px; padding: 0px; font: inherit; border: 0px;\">Tinka naudoti namuose ir lauke<\/li>\n<\/ul>\n","protected":false},"excerpt":{"rendered":"<p>Prek\u0117s tipas: valdomi \u017eaislai<\/p>\n<p>Kilm\u0117s \u0161alis: Kinija<\/p>\n<p>Pakuot\u0117s i\u0161matavimai: 19,1 x 57,5 x 35,5 cm<\/p>\n<p>Produkto med\u017eiaga: plastikas, guma<\/p>\n<p>Mastelis: 1:8<\/p>\n<p>Da\u017enis: 2.4 GHz<\/p>\n<p>\u012ekraunama baterija: 4,8 V 400mAh NiMH<\/p>\n<p>Valdymo atstumas: iki 100 metr\u0173<\/p>\n<p>Rekomenduojamas am\u017eius: nuo 6 met\u0173<\/p>\n<p>Elementai: 2 x AA (nepridedamos)<\/p>\n","protected":false},"featured_media":27558,"comment_status":"open","ping_status":"closed","template":"","meta":[],"product_brand":[],"product_cat":[395,410],"product_tag":[],"class_list":{"0":"post-27556","1":"product","2":"type-product","3":"status-publish","4":"has-post-thumbnail","6":"product_cat-valdomi-zaislai-2","7":"product_cat-zaislai-berniukams","8":"pa_amziaus-grupe-79","9":"pa_prek-s-spalva-geltona","10":"pa_prek-s-tipas-automobiliai-2","11":"pa_spalva-geltona-2","13":"first","14":"outofstock","15":"taxable","16":"shipping-taxable","17":"product-type-simple"},"yoast_head":"<!-- This site is optimized with the Yoast SEO plugin v26.3 - https:\/\/yoast.com\/wordpress\/plugins\/seo\/ -->\n<title>R\/B valdomas krautuvas 1:8 (\u012fkraunamas) - Toys.lt<\/title>\n<meta name=\"robots\" content=\"index, follow, max-snippet:-1, max-image-preview:large, max-video-preview:-1\" \/>\n<link rel=\"canonical\" href=\"https:\/\/toys.lt\/lv\/produktas\/r-b-valdomas-krautuvas-1-8-kraunamas\/\" \/>\n<meta property=\"og:locale\" content=\"lv_LV\" \/>\n<meta property=\"og:type\" content=\"article\" \/>\n<meta property=\"og:title\" content=\"R\/B valdomas krautuvas 1:8 (\u012fkraunamas) - Toys.lt\" \/>\n<meta property=\"og:description\" content=\"Prek\u0117s tipas: valdomi \u017eaislai  Kilm\u0117s \u0161alis: Kinija  Pakuot\u0117s i\u0161matavimai: 19,1 x 57,5 x 35,5 cm  Produkto med\u017eiaga: plastikas, guma  Mastelis: 1:8  Da\u017enis: 2.4 GHz  \u012ekraunama baterija: 4,8 V 400mAh NiMH  Valdymo atstumas: iki 100 metr\u0173  Rekomenduojamas am\u017eius: nuo 6 met\u0173  Elementai: 2 x AA (nepridedamos)\" \/>\n<meta property=\"og:url\" content=\"https:\/\/toys.lt\/lv\/produktas\/r-b-valdomas-krautuvas-1-8-kraunamas\/\" \/>\n<meta property=\"og:site_name\" content=\"Toys.lt\" \/>\n<meta property=\"article:modified_time\" content=\"2026-03-12T11:53:36+00:00\" \/>\n<meta property=\"og:image\" content=\"https:\/\/toys.lt\/wp-content\/uploads\/2020\/08\/products-1332.jpg\" \/>\n\t<meta property=\"og:image:width\" content=\"600\" \/>\n\t<meta property=\"og:image:height\" content=\"600\" \/>\n\t<meta property=\"og:image:type\" content=\"image\/jpeg\" \/>\n<meta name=\"twitter:card\" content=\"summary_large_image\" \/>\n<meta name=\"twitter:label1\" content=\"Est. reading time\" \/>\n\t<meta name=\"twitter:data1\" content=\"1 minute\" \/>\n<script type=\"application\/ld+json\" class=\"yoast-schema-graph\">{\"@context\":\"https:\/\/schema.org\",\"@graph\":[{\"@type\":\"WebPage\",\"@id\":\"https:\/\/toys.lt\/lv\/produktas\/r-b-valdomas-krautuvas-1-8-kraunamas\/\",\"url\":\"https:\/\/toys.lt\/lv\/produktas\/r-b-valdomas-krautuvas-1-8-kraunamas\/\",\"name\":\"R\/B valdomas krautuvas 1:8 (\u012fkraunamas) - Toys.lt\",\"isPartOf\":{\"@id\":\"https:\/\/toys.lt\/lv\/#website\"},\"primaryImageOfPage\":{\"@id\":\"https:\/\/toys.lt\/lv\/produktas\/r-b-valdomas-krautuvas-1-8-kraunamas\/#primaryimage\"},\"image\":{\"@id\":\"https:\/\/toys.lt\/lv\/produktas\/r-b-valdomas-krautuvas-1-8-kraunamas\/#primaryimage\"},\"thumbnailUrl\":\"https:\/\/toys.lt\/wp-content\/uploads\/2020\/08\/products-1332.jpg\",\"datePublished\":\"2020-08-05T12:38:29+00:00\",\"dateModified\":\"2026-03-12T11:53:36+00:00\",\"breadcrumb\":{\"@id\":\"https:\/\/toys.lt\/lv\/produktas\/r-b-valdomas-krautuvas-1-8-kraunamas\/#breadcrumb\"},\"inLanguage\":\"lv-LV\",\"potentialAction\":[{\"@type\":\"ReadAction\",\"target\":[\"https:\/\/toys.lt\/lv\/produktas\/r-b-valdomas-krautuvas-1-8-kraunamas\/\"]}]},{\"@type\":\"ImageObject\",\"inLanguage\":\"lv-LV\",\"@id\":\"https:\/\/toys.lt\/lv\/produktas\/r-b-valdomas-krautuvas-1-8-kraunamas\/#primaryimage\",\"url\":\"https:\/\/toys.lt\/wp-content\/uploads\/2020\/08\/products-1332.jpg\",\"contentUrl\":\"https:\/\/toys.lt\/wp-content\/uploads\/2020\/08\/products-1332.jpg\",\"width\":600,\"height\":600,\"caption\":\"R\/B valdomas krautuvas 1:8 (\u012fkraunamas)\"},{\"@type\":\"BreadcrumbList\",\"@id\":\"https:\/\/toys.lt\/lv\/produktas\/r-b-valdomas-krautuvas-1-8-kraunamas\/#breadcrumb\",\"itemListElement\":[{\"@type\":\"ListItem\",\"position\":1,\"name\":\"Home\",\"item\":\"https:\/\/toys.lt\/lv\/\"},{\"@type\":\"ListItem\",\"position\":2,\"name\":\"Veikals\",\"item\":\"https:\/\/toys.lt\/lv\/shop\/\"},{\"@type\":\"ListItem\",\"position\":3,\"name\":\"R\/B valdomas krautuvas 1:8 (\u012fkraunamas)\"}]},{\"@type\":\"WebSite\",\"@id\":\"https:\/\/toys.lt\/lv\/#website\",\"url\":\"https:\/\/toys.lt\/lv\/\",\"name\":\"Toys.lt\",\"description\":\"\",\"potentialAction\":[{\"@type\":\"SearchAction\",\"target\":{\"@type\":\"EntryPoint\",\"urlTemplate\":\"https:\/\/toys.lt\/lv\/?s={search_term_string}\"},\"query-input\":{\"@type\":\"PropertyValueSpecification\",\"valueRequired\":true,\"valueName\":\"search_term_string\"}}],\"inLanguage\":\"lv-LV\"}]}<\/script>\n<!-- \/ Yoast SEO plugin. -->","yoast_head_json":{"title":"R\/B valdomas krautuvas 1:8 (\u012fkraunamas) - Toys.lt","robots":{"index":"index","follow":"follow","max-snippet":"max-snippet:-1","max-image-preview":"max-image-preview:large","max-video-preview":"max-video-preview:-1"},"canonical":"https:\/\/toys.lt\/lv\/produktas\/r-b-valdomas-krautuvas-1-8-kraunamas\/","og_locale":"lv_LV","og_type":"article","og_title":"R\/B valdomas krautuvas 1:8 (\u012fkraunamas) - Toys.lt","og_description":"Prek\u0117s tipas: valdomi \u017eaislai  Kilm\u0117s \u0161alis: Kinija  Pakuot\u0117s i\u0161matavimai: 19,1 x 57,5 x 35,5 cm  Produkto med\u017eiaga: plastikas, guma  Mastelis: 1:8  Da\u017enis: 2.4 GHz  \u012ekraunama baterija: 4,8 V 400mAh NiMH  Valdymo atstumas: iki 100 metr\u0173  Rekomenduojamas am\u017eius: nuo 6 met\u0173  Elementai: 2 x AA (nepridedamos)","og_url":"https:\/\/toys.lt\/lv\/produktas\/r-b-valdomas-krautuvas-1-8-kraunamas\/","og_site_name":"Toys.lt","article_modified_time":"2026-03-12T11:53:36+00:00","og_image":[{"width":600,"height":600,"url":"https:\/\/toys.lt\/wp-content\/uploads\/2020\/08\/products-1332.jpg","type":"image\/jpeg"}],"twitter_card":"summary_large_image","twitter_misc":{"Est. reading time":"1 minute"},"schema":{"@context":"https:\/\/schema.org","@graph":[{"@type":"WebPage","@id":"https:\/\/toys.lt\/lv\/produktas\/r-b-valdomas-krautuvas-1-8-kraunamas\/","url":"https:\/\/toys.lt\/lv\/produktas\/r-b-valdomas-krautuvas-1-8-kraunamas\/","name":"R\/B valdomas krautuvas 1:8 (\u012fkraunamas) - Toys.lt","isPartOf":{"@id":"https:\/\/toys.lt\/lv\/#website"},"primaryImageOfPage":{"@id":"https:\/\/toys.lt\/lv\/produktas\/r-b-valdomas-krautuvas-1-8-kraunamas\/#primaryimage"},"image":{"@id":"https:\/\/toys.lt\/lv\/produktas\/r-b-valdomas-krautuvas-1-8-kraunamas\/#primaryimage"},"thumbnailUrl":"https:\/\/toys.lt\/wp-content\/uploads\/2020\/08\/products-1332.jpg","datePublished":"2020-08-05T12:38:29+00:00","dateModified":"2026-03-12T11:53:36+00:00","breadcrumb":{"@id":"https:\/\/toys.lt\/lv\/produktas\/r-b-valdomas-krautuvas-1-8-kraunamas\/#breadcrumb"},"inLanguage":"lv-LV","potentialAction":[{"@type":"ReadAction","target":["https:\/\/toys.lt\/lv\/produktas\/r-b-valdomas-krautuvas-1-8-kraunamas\/"]}]},{"@type":"ImageObject","inLanguage":"lv-LV","@id":"https:\/\/toys.lt\/lv\/produktas\/r-b-valdomas-krautuvas-1-8-kraunamas\/#primaryimage","url":"https:\/\/toys.lt\/wp-content\/uploads\/2020\/08\/products-1332.jpg","contentUrl":"https:\/\/toys.lt\/wp-content\/uploads\/2020\/08\/products-1332.jpg","width":600,"height":600,"caption":"R\/B valdomas krautuvas 1:8 (\u012fkraunamas)"},{"@type":"BreadcrumbList","@id":"https:\/\/toys.lt\/lv\/produktas\/r-b-valdomas-krautuvas-1-8-kraunamas\/#breadcrumb","itemListElement":[{"@type":"ListItem","position":1,"name":"Home","item":"https:\/\/toys.lt\/lv\/"},{"@type":"ListItem","position":2,"name":"Veikals","item":"https:\/\/toys.lt\/lv\/shop\/"},{"@type":"ListItem","position":3,"name":"R\/B valdomas krautuvas 1:8 (\u012fkraunamas)"}]},{"@type":"WebSite","@id":"https:\/\/toys.lt\/lv\/#website","url":"https:\/\/toys.lt\/lv\/","name":"Toys.lt","description":"","potentialAction":[{"@type":"SearchAction","target":{"@type":"EntryPoint","urlTemplate":"https:\/\/toys.lt\/lv\/?s={search_term_string}"},"query-input":{"@type":"PropertyValueSpecification","valueRequired":true,"valueName":"search_term_string"}}],"inLanguage":"lv-LV"}]}},"_links":{"self":[{"href":"https:\/\/toys.lt\/lv\/wp-json\/wp\/v2\/product\/27556","targetHints":{"allow":["GET"]}}],"collection":[{"href":"https:\/\/toys.lt\/lv\/wp-json\/wp\/v2\/product"}],"about":[{"href":"https:\/\/toys.lt\/lv\/wp-json\/wp\/v2\/types\/product"}],"replies":[{"embeddable":true,"href":"https:\/\/toys.lt\/lv\/wp-json\/wp\/v2\/comments?post=27556"}],"version-history":[{"count":1,"href":"https:\/\/toys.lt\/lv\/wp-json\/wp\/v2\/product\/27556\/revisions"}],"predecessor-version":[{"id":32870,"href":"https:\/\/toys.lt\/lv\/wp-json\/wp\/v2\/product\/27556\/revisions\/32870"}],"wp:featuredmedia":[{"embeddable":true,"href":"https:\/\/toys.lt\/lv\/wp-json\/wp\/v2\/media\/27558"}],"wp:attachment":[{"href":"https:\/\/toys.lt\/lv\/wp-json\/wp\/v2\/media?parent=27556"}],"wp:term":[{"taxonomy":"product_brand","embeddable":true,"href":"https:\/\/toys.lt\/lv\/wp-json\/wp\/v2\/product_brand?post=27556"},{"taxonomy":"product_cat","embeddable":true,"href":"https:\/\/toys.lt\/lv\/wp-json\/wp\/v2\/product_cat?post=27556"},{"taxonomy":"product_tag","embeddable":true,"href":"https:\/\/toys.lt\/lv\/wp-json\/wp\/v2\/product_tag?post=27556"}],"curies":[{"name":"wp","href":"https:\/\/api.w.org\/{rel}","templated":true}]}}