{"id":27548,"date":"2020-06-30T16:40:04","date_gmt":"2020-06-30T16:40:04","guid":{"rendered":"https:\/\/toys.lt\/?post_type=product&#038;p=27548"},"modified":"2026-04-06T00:30:24","modified_gmt":"2026-04-06T00:30:24","slug":"zaisline-tatuiruociu-laboratorija-clementoni-tattoo-lab","status":"publish","type":"product","link":"https:\/\/toys.lt\/lv\/produktas\/zaisline-tatuiruociu-laboratorija-clementoni-tattoo-lab\/","title":{"rendered":"\u017daislin\u0117 tatuiruo\u010di\u0173 laboratorija \u201eClementoni Tattoo Lab\u201c"},"content":{"rendered":"<p class=\"MsoNormal\" align=\"center\" style=\"margin:0px;font-size:medium;color:#7a7a7a;padding:0px;line-height:inherit;border:0px;font-family:Roboto, sans-serif;background-color:#fefefe;text-align:center\"><i style=\"line-height:inherit;margin:0px;padding:0px;border:0px;font-variant:inherit;font-weight:inherit;font-size:inherit;font-family:inherit\"><span style=\"margin:0px;padding:0px;border:0px;font-style:inherit;font-variant:inherit;font-weight:inherit;font-size:8.5pt;line-height:inherit;font-family:Verdana, sans-serif;color:#000000\">Kompanija &#8220;Clementoni&#8221; &#8211; \u012fkurta Italijoje ir\u00a0s\u0117kmingai dirba\u00a0daugiau nei 50 met\u0173! Kompanijos misija &#8211; kurti \u017eaidimus, kurie padeda vaikams augimo procese.\u00a0<\/span><\/i><\/p>\n<p style=\"margin:0px;font-size:medium;color:#7a7a7a;padding:0px;line-height:inherit;border:0px;font-family:Roboto, sans-serif;background-color:#fefefe\">\n<p style=\"margin:0px;font-size:medium;color:#7a7a7a;padding:0px;line-height:inherit;border:0px;font-family:Roboto, sans-serif;background-color:#fefefe\">\n<p class=\"MsoNormal\" align=\"center\" style=\"margin:0px;font-size:medium;color:#7a7a7a;padding:0px;line-height:inherit;border:0px;font-family:Roboto, sans-serif;background-color:#fefefe;text-align:center\"><i style=\"line-height:inherit;margin:0px;padding:0px;border:0px;font-variant:inherit;font-weight:inherit;font-size:inherit;font-family:inherit\"><span style=\"margin:0px;padding:0px;border:0px;font-style:inherit;font-variant:inherit;font-weight:inherit;font-size:8.5pt;line-height:inherit;font-family:Verdana, sans-serif;color:#000000\">Vis\u0105 tai skirta patenkinti jaunimo poreikius, atsi\u017evelgiant \u012f \u0161iuolaikines technologijas ir pasaulio \u0161vietimo tendencijas.<\/span><\/i><\/p>\n<p><strong>Savyb\u0117s:<\/strong><\/p>\n<ul style=\"list-style-type:square\">\n<li>Tatuiruo\u010di\u0173 gerb\u0117jams at\u0117jo superinis rinkinys, kuriame buvo sukurtos madingos tatuiruot\u0117s, pasi\u017eymin\u010dios ry\u0161kiomis spalvomis<\/li>\n<li>D\u0117l prakti\u0161ko darbo suolo su daugybe pried\u0173 dar niekada nebuvo taip lengva leisti savo vaizduotei ir k\u016brybai atsiskleisti<\/li>\n<li>Produkt\u0105 sudaro trafaretai, k\u016bno da\u017eai ir daugyb\u0117 kit\u0173 med\u017eiag\u0173, kad b\u016bt\u0173 sukurtos unikalios ir originalios tatuiruot\u0117s<\/li>\n<li style=\"margin:0px;padding:0px;font:inherit;border:0px\">Saugus vaik\u0173 sveikatai<\/li>\n<li style=\"margin:0px;padding:0px;font:inherit;border:0px\">\u0160is \u017eaidimas skatina j\u016bs\u0173 vaik\u0173 vaizduot\u0119, lavina motorinius \u012fg\u016bd\u017eius, k\u016brybin\u012f m\u0105stym\u0105<\/li>\n<\/ul>\n","protected":false},"excerpt":{"rendered":"<p>Prek\u0117s tipas:\u00a0gro\u017eio rinkinys<\/p>\n<p>Prek\u0117s \u017eenklas: Clementoni<\/p>\n<p>Kilm\u0117s \u0161alis:\u00a0Italija<\/p>\n<p>Pakuot\u0117s i\u0161matavimai: 8,6 x 37 x 28,1 cm<\/p>\n<p>Rekomenduojamas am\u017eius: nuo 6 met\u0173<\/p>\n","protected":false},"featured_media":27549,"comment_status":"open","ping_status":"closed","template":"","meta":[],"product_brand":[384],"product_cat":[418,405,409,411],"product_tag":[],"class_list":{"0":"post-27548","1":"product","2":"type-product","3":"status-publish","4":"has-post-thumbnail","6":"product_brand-clementoni-2","7":"product_cat-pigu","8":"product_cat-grozio-rinkiniai-ir-kosmetika-2","9":"product_cat-rankdarbiai-ir-kuryba","10":"product_cat-zaislai-mergaitems","11":"pa_amziaus-grupe-79","12":"pa_prek-s-tipas-taturuoci-rinkiniai","13":"pa_prekes-zenklas-clementoni","15":"first","16":"outofstock","17":"taxable","18":"shipping-taxable","19":"purchasable","20":"product-type-simple"},"yoast_head":"<!-- This site is optimized with the Yoast SEO plugin v26.3 - https:\/\/yoast.com\/wordpress\/plugins\/seo\/ -->\n<title>\u017daislin\u0117 tatuiruo\u010di\u0173 laboratorija \u201eClementoni Tattoo Lab\u201c - Toys.lt<\/title>\n<meta name=\"robots\" content=\"index, follow, max-snippet:-1, max-image-preview:large, max-video-preview:-1\" \/>\n<link rel=\"canonical\" href=\"https:\/\/toys.lt\/lv\/produktas\/zaisline-tatuiruociu-laboratorija-clementoni-tattoo-lab\/\" \/>\n<meta property=\"og:locale\" content=\"lv_LV\" \/>\n<meta property=\"og:type\" content=\"article\" \/>\n<meta property=\"og:title\" content=\"\u017daislin\u0117 tatuiruo\u010di\u0173 laboratorija \u201eClementoni Tattoo Lab\u201c - Toys.lt\" \/>\n<meta property=\"og:description\" content=\"Prek\u0117s tipas:\u00a0gro\u017eio rinkinys Prek\u0117s \u017eenklas: Clementoni Kilm\u0117s \u0161alis:\u00a0Italija Pakuot\u0117s i\u0161matavimai: 8,6 x 37 x 28,1 cm Rekomenduojamas am\u017eius: nuo 6 met\u0173\" \/>\n<meta property=\"og:url\" content=\"https:\/\/toys.lt\/lv\/produktas\/zaisline-tatuiruociu-laboratorija-clementoni-tattoo-lab\/\" \/>\n<meta property=\"og:site_name\" content=\"Toys.lt\" \/>\n<meta property=\"article:modified_time\" content=\"2026-04-06T00:30:24+00:00\" \/>\n<meta property=\"og:image\" content=\"https:\/\/toys.lt\/wp-content\/uploads\/2020\/06\/products-1320.jpg\" \/>\n\t<meta property=\"og:image:width\" content=\"1400\" \/>\n\t<meta property=\"og:image:height\" content=\"1167\" \/>\n\t<meta property=\"og:image:type\" content=\"image\/jpeg\" \/>\n<meta name=\"twitter:card\" content=\"summary_large_image\" \/>\n<meta name=\"twitter:label1\" content=\"Est. reading time\" \/>\n\t<meta name=\"twitter:data1\" content=\"1 minute\" \/>\n<script type=\"application\/ld+json\" class=\"yoast-schema-graph\">{\"@context\":\"https:\/\/schema.org\",\"@graph\":[{\"@type\":\"WebPage\",\"@id\":\"https:\/\/toys.lt\/lv\/produktas\/zaisline-tatuiruociu-laboratorija-clementoni-tattoo-lab\/\",\"url\":\"https:\/\/toys.lt\/lv\/produktas\/zaisline-tatuiruociu-laboratorija-clementoni-tattoo-lab\/\",\"name\":\"\u017daislin\u0117 tatuiruo\u010di\u0173 laboratorija \u201eClementoni Tattoo Lab\u201c - Toys.lt\",\"isPartOf\":{\"@id\":\"https:\/\/toys.lt\/lv\/#website\"},\"primaryImageOfPage\":{\"@id\":\"https:\/\/toys.lt\/lv\/produktas\/zaisline-tatuiruociu-laboratorija-clementoni-tattoo-lab\/#primaryimage\"},\"image\":{\"@id\":\"https:\/\/toys.lt\/lv\/produktas\/zaisline-tatuiruociu-laboratorija-clementoni-tattoo-lab\/#primaryimage\"},\"thumbnailUrl\":\"https:\/\/toys.lt\/wp-content\/uploads\/2020\/06\/products-1320.jpg\",\"datePublished\":\"2020-06-30T16:40:04+00:00\",\"dateModified\":\"2026-04-06T00:30:24+00:00\",\"breadcrumb\":{\"@id\":\"https:\/\/toys.lt\/lv\/produktas\/zaisline-tatuiruociu-laboratorija-clementoni-tattoo-lab\/#breadcrumb\"},\"inLanguage\":\"lv-LV\",\"potentialAction\":[{\"@type\":\"ReadAction\",\"target\":[\"https:\/\/toys.lt\/lv\/produktas\/zaisline-tatuiruociu-laboratorija-clementoni-tattoo-lab\/\"]}]},{\"@type\":\"ImageObject\",\"inLanguage\":\"lv-LV\",\"@id\":\"https:\/\/toys.lt\/lv\/produktas\/zaisline-tatuiruociu-laboratorija-clementoni-tattoo-lab\/#primaryimage\",\"url\":\"https:\/\/toys.lt\/wp-content\/uploads\/2020\/06\/products-1320.jpg\",\"contentUrl\":\"https:\/\/toys.lt\/wp-content\/uploads\/2020\/06\/products-1320.jpg\",\"width\":1400,\"height\":1167,\"caption\":\"\u017daislin\u0117 tatuiruo\u010di\u0173 laboratorija \u201eClementoni Tattoo Lab\u201c\"},{\"@type\":\"BreadcrumbList\",\"@id\":\"https:\/\/toys.lt\/lv\/produktas\/zaisline-tatuiruociu-laboratorija-clementoni-tattoo-lab\/#breadcrumb\",\"itemListElement\":[{\"@type\":\"ListItem\",\"position\":1,\"name\":\"Home\",\"item\":\"https:\/\/toys.lt\/lv\/\"},{\"@type\":\"ListItem\",\"position\":2,\"name\":\"Veikals\",\"item\":\"https:\/\/toys.lt\/lv\/shop\/\"},{\"@type\":\"ListItem\",\"position\":3,\"name\":\"\u017daislin\u0117 tatuiruo\u010di\u0173 laboratorija \u201eClementoni Tattoo Lab\u201c\"}]},{\"@type\":\"WebSite\",\"@id\":\"https:\/\/toys.lt\/lv\/#website\",\"url\":\"https:\/\/toys.lt\/lv\/\",\"name\":\"Toys.lt\",\"description\":\"\",\"potentialAction\":[{\"@type\":\"SearchAction\",\"target\":{\"@type\":\"EntryPoint\",\"urlTemplate\":\"https:\/\/toys.lt\/lv\/?s={search_term_string}\"},\"query-input\":{\"@type\":\"PropertyValueSpecification\",\"valueRequired\":true,\"valueName\":\"search_term_string\"}}],\"inLanguage\":\"lv-LV\"}]}<\/script>\n<!-- \/ Yoast SEO plugin. -->","yoast_head_json":{"title":"\u017daislin\u0117 tatuiruo\u010di\u0173 laboratorija \u201eClementoni Tattoo Lab\u201c - Toys.lt","robots":{"index":"index","follow":"follow","max-snippet":"max-snippet:-1","max-image-preview":"max-image-preview:large","max-video-preview":"max-video-preview:-1"},"canonical":"https:\/\/toys.lt\/lv\/produktas\/zaisline-tatuiruociu-laboratorija-clementoni-tattoo-lab\/","og_locale":"lv_LV","og_type":"article","og_title":"\u017daislin\u0117 tatuiruo\u010di\u0173 laboratorija \u201eClementoni Tattoo Lab\u201c - Toys.lt","og_description":"Prek\u0117s tipas:\u00a0gro\u017eio rinkinys Prek\u0117s \u017eenklas: Clementoni Kilm\u0117s \u0161alis:\u00a0Italija Pakuot\u0117s i\u0161matavimai: 8,6 x 37 x 28,1 cm Rekomenduojamas am\u017eius: nuo 6 met\u0173","og_url":"https:\/\/toys.lt\/lv\/produktas\/zaisline-tatuiruociu-laboratorija-clementoni-tattoo-lab\/","og_site_name":"Toys.lt","article_modified_time":"2026-04-06T00:30:24+00:00","og_image":[{"width":1400,"height":1167,"url":"https:\/\/toys.lt\/wp-content\/uploads\/2020\/06\/products-1320.jpg","type":"image\/jpeg"}],"twitter_card":"summary_large_image","twitter_misc":{"Est. reading time":"1 minute"},"schema":{"@context":"https:\/\/schema.org","@graph":[{"@type":"WebPage","@id":"https:\/\/toys.lt\/lv\/produktas\/zaisline-tatuiruociu-laboratorija-clementoni-tattoo-lab\/","url":"https:\/\/toys.lt\/lv\/produktas\/zaisline-tatuiruociu-laboratorija-clementoni-tattoo-lab\/","name":"\u017daislin\u0117 tatuiruo\u010di\u0173 laboratorija \u201eClementoni Tattoo Lab\u201c - Toys.lt","isPartOf":{"@id":"https:\/\/toys.lt\/lv\/#website"},"primaryImageOfPage":{"@id":"https:\/\/toys.lt\/lv\/produktas\/zaisline-tatuiruociu-laboratorija-clementoni-tattoo-lab\/#primaryimage"},"image":{"@id":"https:\/\/toys.lt\/lv\/produktas\/zaisline-tatuiruociu-laboratorija-clementoni-tattoo-lab\/#primaryimage"},"thumbnailUrl":"https:\/\/toys.lt\/wp-content\/uploads\/2020\/06\/products-1320.jpg","datePublished":"2020-06-30T16:40:04+00:00","dateModified":"2026-04-06T00:30:24+00:00","breadcrumb":{"@id":"https:\/\/toys.lt\/lv\/produktas\/zaisline-tatuiruociu-laboratorija-clementoni-tattoo-lab\/#breadcrumb"},"inLanguage":"lv-LV","potentialAction":[{"@type":"ReadAction","target":["https:\/\/toys.lt\/lv\/produktas\/zaisline-tatuiruociu-laboratorija-clementoni-tattoo-lab\/"]}]},{"@type":"ImageObject","inLanguage":"lv-LV","@id":"https:\/\/toys.lt\/lv\/produktas\/zaisline-tatuiruociu-laboratorija-clementoni-tattoo-lab\/#primaryimage","url":"https:\/\/toys.lt\/wp-content\/uploads\/2020\/06\/products-1320.jpg","contentUrl":"https:\/\/toys.lt\/wp-content\/uploads\/2020\/06\/products-1320.jpg","width":1400,"height":1167,"caption":"\u017daislin\u0117 tatuiruo\u010di\u0173 laboratorija \u201eClementoni Tattoo Lab\u201c"},{"@type":"BreadcrumbList","@id":"https:\/\/toys.lt\/lv\/produktas\/zaisline-tatuiruociu-laboratorija-clementoni-tattoo-lab\/#breadcrumb","itemListElement":[{"@type":"ListItem","position":1,"name":"Home","item":"https:\/\/toys.lt\/lv\/"},{"@type":"ListItem","position":2,"name":"Veikals","item":"https:\/\/toys.lt\/lv\/shop\/"},{"@type":"ListItem","position":3,"name":"\u017daislin\u0117 tatuiruo\u010di\u0173 laboratorija \u201eClementoni Tattoo Lab\u201c"}]},{"@type":"WebSite","@id":"https:\/\/toys.lt\/lv\/#website","url":"https:\/\/toys.lt\/lv\/","name":"Toys.lt","description":"","potentialAction":[{"@type":"SearchAction","target":{"@type":"EntryPoint","urlTemplate":"https:\/\/toys.lt\/lv\/?s={search_term_string}"},"query-input":{"@type":"PropertyValueSpecification","valueRequired":true,"valueName":"search_term_string"}}],"inLanguage":"lv-LV"}]}},"_links":{"self":[{"href":"https:\/\/toys.lt\/lv\/wp-json\/wp\/v2\/product\/27548","targetHints":{"allow":["GET"]}}],"collection":[{"href":"https:\/\/toys.lt\/lv\/wp-json\/wp\/v2\/product"}],"about":[{"href":"https:\/\/toys.lt\/lv\/wp-json\/wp\/v2\/types\/product"}],"replies":[{"embeddable":true,"href":"https:\/\/toys.lt\/lv\/wp-json\/wp\/v2\/comments?post=27548"}],"version-history":[{"count":1,"href":"https:\/\/toys.lt\/lv\/wp-json\/wp\/v2\/product\/27548\/revisions"}],"predecessor-version":[{"id":34418,"href":"https:\/\/toys.lt\/lv\/wp-json\/wp\/v2\/product\/27548\/revisions\/34418"}],"wp:featuredmedia":[{"embeddable":true,"href":"https:\/\/toys.lt\/lv\/wp-json\/wp\/v2\/media\/27549"}],"wp:attachment":[{"href":"https:\/\/toys.lt\/lv\/wp-json\/wp\/v2\/media?parent=27548"}],"wp:term":[{"taxonomy":"product_brand","embeddable":true,"href":"https:\/\/toys.lt\/lv\/wp-json\/wp\/v2\/product_brand?post=27548"},{"taxonomy":"product_cat","embeddable":true,"href":"https:\/\/toys.lt\/lv\/wp-json\/wp\/v2\/product_cat?post=27548"},{"taxonomy":"product_tag","embeddable":true,"href":"https:\/\/toys.lt\/lv\/wp-json\/wp\/v2\/product_tag?post=27548"}],"curies":[{"name":"wp","href":"https:\/\/api.w.org\/{rel}","templated":true}]}}