{"id":27494,"date":"2020-06-23T16:19:32","date_gmt":"2020-06-23T16:19:32","guid":{"rendered":"https:\/\/toys.lt\/?post_type=product&#038;p=27494"},"modified":"2026-04-23T18:12:28","modified_gmt":"2026-04-23T18:12:28","slug":"daugiafunkcinis-kilimelis-kudikiui-2","status":"publish","type":"product","link":"https:\/\/toys.lt\/lv\/produktas\/daugiafunkcinis-kilimelis-kudikiui-2\/","title":{"rendered":"Daugiafunkcinis Kilim\u0117lis k\u016bdikiui"},"content":{"rendered":"<p><strong>Savyb\u0117s:<\/strong><\/p>\n<ul style=\"list-style-type:square\">\n<li style=\"margin:0px;padding:0px;font:inherit;border:0px\">\u012e komplekt\u0105 \u012feina pianinas ir 4 bar\u0161ku\u010di\u0173 pakabukai bei 1 veidrodinis pakabukas<\/li>\n<li style=\"margin:0px;padding:0px;font:inherit;border:0px\">\u0160velnios ir l\u0117tos melodijos sukurs jauki\u0105 atmosfer\u0105 j\u016bs\u0173 k\u016bdikiui<\/li>\n<li style=\"margin:0px;padding:0px;font:inherit;border:0px\">Bar\u0161ku\u010dius i\u0161 komplekto galite pakeisti kitais, ir tai padaryti labai paprasta d\u0117l universalaus plataus \u017eiedo, skirto pritvirtinti bar\u0161ku\u010dius<\/li>\n<li style=\"margin:0px;padding:0px;font:inherit;border:0px\">Ant nugaros gulintis k\u016bdikis gali \u017eaisti su bar\u0161ku\u010diais ar \u017ei\u016br\u0117ti \u012f veidrod\u0117l\u012f<\/li>\n<li style=\"margin:0px;padding:0px;font:inherit;border:0px\">Pianino\u00a0muzikin\u0119 grup\u0119 sudaro linksmi 6 klavi\u0161ai, atkuriantys natas bei melodijas<\/li>\n<li style=\"margin:0px;padding:0px;font:inherit;border:0px\">Pianinas\u00a0pritvirtinamas ant specialaus stendo prie kilim\u0117lio<\/li>\n<li style=\"margin:0px;padding:0px;font:inherit;border:0px\">Jo kompakti\u0161kumas leid\u017eia lengvai j\u012f pasiimti su savimi<\/li>\n<li style=\"margin:0px;padding:0px;font:inherit;border:0px\">Kilim\u0117l\u012f sudaro mink\u0161tas pavir\u0161ius, ant kurio k\u016bdikis gali atsigulti ant nugaros ar pilvuko, ir arka su kaban\u010diais \u017eaisliukais<\/li>\n<li style=\"margin:0px;padding:0px;font:inherit;border:0px\">Padeda ugdyti motorinius \u012fg\u016bd\u017eius, vysto judesi\u0173 koordinacij\u0105 ir regos suvokim\u0105,\u00a0lavina reg\u0117jim\u0105, klausos veikl\u0105, veido i\u0161rai\u0161kas ir kalb\u0105<\/li>\n<li style=\"margin:0px;padding:0px;font:inherit;border:0px\">Bandydamas pasiekti\u00a0patinkant\u012f objekt\u0105, k\u016bdikis lavina kaklo, rank\u0173 ir koj\u0173 raumenis<\/li>\n<\/ul>\n","protected":false},"excerpt":{"rendered":"<p>Prek\u0117s tipas:\u00a0kilim\u0117lis k\u016bdikiui<\/p>\n<p>Kilm\u0117s \u0161alis: Kinija<\/p>\n<p>Produkto med\u017eiaga: plastikas, med\u017eiaga<\/p>\n<p>Pakuot\u0117s i\u0161matavimai: 8 x 50 x 42,5 cm<\/p>\n<p>Rekomenduojamas am\u017eius: nuo 0 m\u0117nesi\u0173<\/p>\n<p>Elementai: 3 x AA (nepridedamos)<\/p>\n","protected":false},"featured_media":27495,"comment_status":"open","ping_status":"closed","template":"","meta":[],"product_brand":[],"product_cat":[418,389,393,397],"product_tag":[],"class_list":{"0":"post-27494","1":"product","2":"type-product","3":"status-publish","4":"has-post-thumbnail","6":"product_cat-pigu","7":"product_cat-lavinamieji-ir-interaktyvus-zaislai","8":"product_cat-muzikiniai-zaislai-2","9":"product_cat-zaislai-mazyliams","10":"pa_prek-s-tipas-grojantys-zaislai-2","12":"first","13":"outofstock","14":"sale","15":"taxable","16":"shipping-taxable","17":"purchasable","18":"product-type-simple"},"yoast_head":"<!-- This site is optimized with the Yoast SEO plugin v26.3 - https:\/\/yoast.com\/wordpress\/plugins\/seo\/ -->\n<title>Daugiafunkcinis Kilim\u0117lis k\u016bdikiui - Toys.lt<\/title>\n<meta name=\"robots\" content=\"index, follow, max-snippet:-1, max-image-preview:large, max-video-preview:-1\" \/>\n<link rel=\"canonical\" href=\"https:\/\/toys.lt\/lv\/produktas\/daugiafunkcinis-kilimelis-kudikiui-2\/\" \/>\n<meta property=\"og:locale\" content=\"lv_LV\" \/>\n<meta property=\"og:type\" content=\"article\" \/>\n<meta property=\"og:title\" content=\"Daugiafunkcinis Kilim\u0117lis k\u016bdikiui - Toys.lt\" \/>\n<meta property=\"og:description\" content=\"Prek\u0117s tipas:\u00a0kilim\u0117lis k\u016bdikiui Kilm\u0117s \u0161alis: Kinija Produkto med\u017eiaga: plastikas, med\u017eiaga Pakuot\u0117s i\u0161matavimai: 8 x 50 x 42,5 cm Rekomenduojamas am\u017eius: nuo 0 m\u0117nesi\u0173 Elementai: 3 x AA (nepridedamos)\" \/>\n<meta property=\"og:url\" content=\"https:\/\/toys.lt\/lv\/produktas\/daugiafunkcinis-kilimelis-kudikiui-2\/\" \/>\n<meta property=\"og:site_name\" content=\"Toys.lt\" \/>\n<meta property=\"article:modified_time\" content=\"2026-04-23T18:12:28+00:00\" \/>\n<meta property=\"og:image\" content=\"https:\/\/toys.lt\/wp-content\/uploads\/2020\/06\/products-1278-scaled.jpg\" \/>\n\t<meta property=\"og:image:width\" content=\"2560\" \/>\n\t<meta property=\"og:image:height\" content=\"2022\" \/>\n\t<meta property=\"og:image:type\" content=\"image\/jpeg\" \/>\n<meta name=\"twitter:card\" content=\"summary_large_image\" \/>\n<meta name=\"twitter:label1\" content=\"Est. reading time\" \/>\n\t<meta name=\"twitter:data1\" content=\"1 minute\" \/>\n<script type=\"application\/ld+json\" class=\"yoast-schema-graph\">{\"@context\":\"https:\/\/schema.org\",\"@graph\":[{\"@type\":\"WebPage\",\"@id\":\"https:\/\/toys.lt\/lv\/produktas\/daugiafunkcinis-kilimelis-kudikiui-2\/\",\"url\":\"https:\/\/toys.lt\/lv\/produktas\/daugiafunkcinis-kilimelis-kudikiui-2\/\",\"name\":\"Daugiafunkcinis Kilim\u0117lis k\u016bdikiui - Toys.lt\",\"isPartOf\":{\"@id\":\"https:\/\/toys.lt\/lv\/#website\"},\"primaryImageOfPage\":{\"@id\":\"https:\/\/toys.lt\/lv\/produktas\/daugiafunkcinis-kilimelis-kudikiui-2\/#primaryimage\"},\"image\":{\"@id\":\"https:\/\/toys.lt\/lv\/produktas\/daugiafunkcinis-kilimelis-kudikiui-2\/#primaryimage\"},\"thumbnailUrl\":\"https:\/\/toys.lt\/wp-content\/uploads\/2020\/06\/products-1278-scaled.jpg\",\"datePublished\":\"2020-06-23T16:19:32+00:00\",\"dateModified\":\"2026-04-23T18:12:28+00:00\",\"breadcrumb\":{\"@id\":\"https:\/\/toys.lt\/lv\/produktas\/daugiafunkcinis-kilimelis-kudikiui-2\/#breadcrumb\"},\"inLanguage\":\"lv-LV\",\"potentialAction\":[{\"@type\":\"ReadAction\",\"target\":[\"https:\/\/toys.lt\/lv\/produktas\/daugiafunkcinis-kilimelis-kudikiui-2\/\"]}]},{\"@type\":\"ImageObject\",\"inLanguage\":\"lv-LV\",\"@id\":\"https:\/\/toys.lt\/lv\/produktas\/daugiafunkcinis-kilimelis-kudikiui-2\/#primaryimage\",\"url\":\"https:\/\/toys.lt\/wp-content\/uploads\/2020\/06\/products-1278-scaled.jpg\",\"contentUrl\":\"https:\/\/toys.lt\/wp-content\/uploads\/2020\/06\/products-1278-scaled.jpg\",\"width\":2560,\"height\":2022,\"caption\":\"Daugiafunkcinis Kilim\u0117lis k\u016bdikiui\"},{\"@type\":\"BreadcrumbList\",\"@id\":\"https:\/\/toys.lt\/lv\/produktas\/daugiafunkcinis-kilimelis-kudikiui-2\/#breadcrumb\",\"itemListElement\":[{\"@type\":\"ListItem\",\"position\":1,\"name\":\"Home\",\"item\":\"https:\/\/toys.lt\/lv\/\"},{\"@type\":\"ListItem\",\"position\":2,\"name\":\"Veikals\",\"item\":\"https:\/\/toys.lt\/lv\/shop\/\"},{\"@type\":\"ListItem\",\"position\":3,\"name\":\"Daugiafunkcinis Kilim\u0117lis k\u016bdikiui\"}]},{\"@type\":\"WebSite\",\"@id\":\"https:\/\/toys.lt\/lv\/#website\",\"url\":\"https:\/\/toys.lt\/lv\/\",\"name\":\"Toys.lt\",\"description\":\"\",\"potentialAction\":[{\"@type\":\"SearchAction\",\"target\":{\"@type\":\"EntryPoint\",\"urlTemplate\":\"https:\/\/toys.lt\/lv\/?s={search_term_string}\"},\"query-input\":{\"@type\":\"PropertyValueSpecification\",\"valueRequired\":true,\"valueName\":\"search_term_string\"}}],\"inLanguage\":\"lv-LV\"}]}<\/script>\n<!-- \/ Yoast SEO plugin. -->","yoast_head_json":{"title":"Daugiafunkcinis Kilim\u0117lis k\u016bdikiui - Toys.lt","robots":{"index":"index","follow":"follow","max-snippet":"max-snippet:-1","max-image-preview":"max-image-preview:large","max-video-preview":"max-video-preview:-1"},"canonical":"https:\/\/toys.lt\/lv\/produktas\/daugiafunkcinis-kilimelis-kudikiui-2\/","og_locale":"lv_LV","og_type":"article","og_title":"Daugiafunkcinis Kilim\u0117lis k\u016bdikiui - Toys.lt","og_description":"Prek\u0117s tipas:\u00a0kilim\u0117lis k\u016bdikiui Kilm\u0117s \u0161alis: Kinija Produkto med\u017eiaga: plastikas, med\u017eiaga Pakuot\u0117s i\u0161matavimai: 8 x 50 x 42,5 cm Rekomenduojamas am\u017eius: nuo 0 m\u0117nesi\u0173 Elementai: 3 x AA (nepridedamos)","og_url":"https:\/\/toys.lt\/lv\/produktas\/daugiafunkcinis-kilimelis-kudikiui-2\/","og_site_name":"Toys.lt","article_modified_time":"2026-04-23T18:12:28+00:00","og_image":[{"width":2560,"height":2022,"url":"https:\/\/toys.lt\/wp-content\/uploads\/2020\/06\/products-1278-scaled.jpg","type":"image\/jpeg"}],"twitter_card":"summary_large_image","twitter_misc":{"Est. reading time":"1 minute"},"schema":{"@context":"https:\/\/schema.org","@graph":[{"@type":"WebPage","@id":"https:\/\/toys.lt\/lv\/produktas\/daugiafunkcinis-kilimelis-kudikiui-2\/","url":"https:\/\/toys.lt\/lv\/produktas\/daugiafunkcinis-kilimelis-kudikiui-2\/","name":"Daugiafunkcinis Kilim\u0117lis k\u016bdikiui - Toys.lt","isPartOf":{"@id":"https:\/\/toys.lt\/lv\/#website"},"primaryImageOfPage":{"@id":"https:\/\/toys.lt\/lv\/produktas\/daugiafunkcinis-kilimelis-kudikiui-2\/#primaryimage"},"image":{"@id":"https:\/\/toys.lt\/lv\/produktas\/daugiafunkcinis-kilimelis-kudikiui-2\/#primaryimage"},"thumbnailUrl":"https:\/\/toys.lt\/wp-content\/uploads\/2020\/06\/products-1278-scaled.jpg","datePublished":"2020-06-23T16:19:32+00:00","dateModified":"2026-04-23T18:12:28+00:00","breadcrumb":{"@id":"https:\/\/toys.lt\/lv\/produktas\/daugiafunkcinis-kilimelis-kudikiui-2\/#breadcrumb"},"inLanguage":"lv-LV","potentialAction":[{"@type":"ReadAction","target":["https:\/\/toys.lt\/lv\/produktas\/daugiafunkcinis-kilimelis-kudikiui-2\/"]}]},{"@type":"ImageObject","inLanguage":"lv-LV","@id":"https:\/\/toys.lt\/lv\/produktas\/daugiafunkcinis-kilimelis-kudikiui-2\/#primaryimage","url":"https:\/\/toys.lt\/wp-content\/uploads\/2020\/06\/products-1278-scaled.jpg","contentUrl":"https:\/\/toys.lt\/wp-content\/uploads\/2020\/06\/products-1278-scaled.jpg","width":2560,"height":2022,"caption":"Daugiafunkcinis Kilim\u0117lis k\u016bdikiui"},{"@type":"BreadcrumbList","@id":"https:\/\/toys.lt\/lv\/produktas\/daugiafunkcinis-kilimelis-kudikiui-2\/#breadcrumb","itemListElement":[{"@type":"ListItem","position":1,"name":"Home","item":"https:\/\/toys.lt\/lv\/"},{"@type":"ListItem","position":2,"name":"Veikals","item":"https:\/\/toys.lt\/lv\/shop\/"},{"@type":"ListItem","position":3,"name":"Daugiafunkcinis Kilim\u0117lis k\u016bdikiui"}]},{"@type":"WebSite","@id":"https:\/\/toys.lt\/lv\/#website","url":"https:\/\/toys.lt\/lv\/","name":"Toys.lt","description":"","potentialAction":[{"@type":"SearchAction","target":{"@type":"EntryPoint","urlTemplate":"https:\/\/toys.lt\/lv\/?s={search_term_string}"},"query-input":{"@type":"PropertyValueSpecification","valueRequired":true,"valueName":"search_term_string"}}],"inLanguage":"lv-LV"}]}},"_links":{"self":[{"href":"https:\/\/toys.lt\/lv\/wp-json\/wp\/v2\/product\/27494","targetHints":{"allow":["GET"]}}],"collection":[{"href":"https:\/\/toys.lt\/lv\/wp-json\/wp\/v2\/product"}],"about":[{"href":"https:\/\/toys.lt\/lv\/wp-json\/wp\/v2\/types\/product"}],"replies":[{"embeddable":true,"href":"https:\/\/toys.lt\/lv\/wp-json\/wp\/v2\/comments?post=27494"}],"version-history":[{"count":1,"href":"https:\/\/toys.lt\/lv\/wp-json\/wp\/v2\/product\/27494\/revisions"}],"predecessor-version":[{"id":34414,"href":"https:\/\/toys.lt\/lv\/wp-json\/wp\/v2\/product\/27494\/revisions\/34414"}],"wp:featuredmedia":[{"embeddable":true,"href":"https:\/\/toys.lt\/lv\/wp-json\/wp\/v2\/media\/27495"}],"wp:attachment":[{"href":"https:\/\/toys.lt\/lv\/wp-json\/wp\/v2\/media?parent=27494"}],"wp:term":[{"taxonomy":"product_brand","embeddable":true,"href":"https:\/\/toys.lt\/lv\/wp-json\/wp\/v2\/product_brand?post=27494"},{"taxonomy":"product_cat","embeddable":true,"href":"https:\/\/toys.lt\/lv\/wp-json\/wp\/v2\/product_cat?post=27494"},{"taxonomy":"product_tag","embeddable":true,"href":"https:\/\/toys.lt\/lv\/wp-json\/wp\/v2\/product_tag?post=27494"}],"curies":[{"name":"wp","href":"https:\/\/api.w.org\/{rel}","templated":true}]}}