{"id":27492,"date":"2020-06-23T15:57:21","date_gmt":"2020-06-23T15:57:21","guid":{"rendered":"https:\/\/toys.lt\/?post_type=product&#038;p=27492"},"modified":"2026-04-23T18:12:28","modified_gmt":"2026-04-23T18:12:28","slug":"lovytes-karusele","status":"publish","type":"product","link":"https:\/\/toys.lt\/lv\/produktas\/lovytes-karusele\/","title":{"rendered":"Lovyt\u0117s karusel\u0117"},"content":{"rendered":"<p><strong>Savyb\u0117s:<\/strong><\/p>\n<ul style=\"list-style-type:square;\">\n<li>Integruotos melodijos su garso reguliavimo funkcija ir pritrenkiantis \u017evaig\u017ed\u0117to dangaus projektorius nuramins ir pad\u0117s k\u016bdikiui u\u017emigti, o spalvoti besisukantys \u017eaislai linksmins vaik\u0105 dienos metu<\/li>\n<li>Prakti\u0161kas ir patogus u\u017esegimas u\u017etikrins tvirt\u0105 gaminio fiksavim\u0105 ant lovel\u0117s<\/li>\n<li>Yra 108 skamb\u0117jimo tonai<\/li>\n<li>Yra nuotolinio valdymo pultas<\/li>\n<li>Karusel\u0117 prisid\u0117s prie k\u016bdikio smulkiosios motorikos, spalv\u0173 ir garso suvokimo lavinimo<\/li>\n<\/ul>\n","protected":false},"excerpt":{"rendered":"<p>Prek\u0117s tipas:\u00a0lovyt\u0117s karusel\u0117<\/p>\n<p>Kilm\u0117s \u0161alis: Kinija<\/p>\n<p>Produkto med\u017eiaga: plastikas<\/p>\n<p>Pakuot\u0117s i\u0161matavimai: 11,5 x 41 x 26 cm<\/p>\n<p>Rekomenduojamas am\u017eius: nuo 0 m\u0117nesi\u0173<\/p>\n<p>Elementai: 2 x AA (nepridedamos)<\/p>\n","protected":false},"featured_media":27493,"comment_status":"open","ping_status":"closed","template":"","meta":[],"product_brand":[],"product_cat":[389,393,397],"product_tag":[],"class_list":{"0":"post-27492","1":"product","2":"type-product","3":"status-publish","4":"has-post-thumbnail","6":"product_cat-lavinamieji-ir-interaktyvus-zaislai","7":"product_cat-muzikiniai-zaislai-2","8":"product_cat-zaislai-mazyliams","9":"pa_prek-s-tipas-grojantys-zaislai-2","11":"first","12":"outofstock","13":"sale","14":"taxable","15":"shipping-taxable","16":"purchasable","17":"product-type-simple"},"yoast_head":"<!-- This site is optimized with the Yoast SEO plugin v26.3 - https:\/\/yoast.com\/wordpress\/plugins\/seo\/ -->\n<title>Lovyt\u0117s karusel\u0117 - Toys.lt<\/title>\n<meta name=\"robots\" content=\"index, follow, max-snippet:-1, max-image-preview:large, max-video-preview:-1\" \/>\n<link rel=\"canonical\" href=\"https:\/\/toys.lt\/lv\/produktas\/lovytes-karusele\/\" \/>\n<meta property=\"og:locale\" content=\"lv_LV\" \/>\n<meta property=\"og:type\" content=\"article\" \/>\n<meta property=\"og:title\" content=\"Lovyt\u0117s karusel\u0117 - Toys.lt\" \/>\n<meta property=\"og:description\" content=\"Prek\u0117s tipas:\u00a0lovyt\u0117s karusel\u0117 Kilm\u0117s \u0161alis: Kinija Produkto med\u017eiaga: plastikas Pakuot\u0117s i\u0161matavimai: 11,5 x 41 x 26 cm Rekomenduojamas am\u017eius: nuo 0 m\u0117nesi\u0173 Elementai: 2 x AA (nepridedamos)\" \/>\n<meta property=\"og:url\" content=\"https:\/\/toys.lt\/lv\/produktas\/lovytes-karusele\/\" \/>\n<meta property=\"og:site_name\" content=\"Toys.lt\" \/>\n<meta property=\"article:modified_time\" content=\"2026-04-23T18:12:28+00:00\" \/>\n<meta property=\"og:image\" content=\"https:\/\/toys.lt\/wp-content\/uploads\/2020\/06\/products-1277.jpg\" \/>\n\t<meta property=\"og:image:width\" content=\"530\" \/>\n\t<meta property=\"og:image:height\" content=\"530\" \/>\n\t<meta property=\"og:image:type\" content=\"image\/jpeg\" \/>\n<meta name=\"twitter:card\" content=\"summary_large_image\" \/>\n<script type=\"application\/ld+json\" class=\"yoast-schema-graph\">{\"@context\":\"https:\/\/schema.org\",\"@graph\":[{\"@type\":\"WebPage\",\"@id\":\"https:\/\/toys.lt\/lv\/produktas\/lovytes-karusele\/\",\"url\":\"https:\/\/toys.lt\/lv\/produktas\/lovytes-karusele\/\",\"name\":\"Lovyt\u0117s karusel\u0117 - Toys.lt\",\"isPartOf\":{\"@id\":\"https:\/\/toys.lt\/lv\/#website\"},\"primaryImageOfPage\":{\"@id\":\"https:\/\/toys.lt\/lv\/produktas\/lovytes-karusele\/#primaryimage\"},\"image\":{\"@id\":\"https:\/\/toys.lt\/lv\/produktas\/lovytes-karusele\/#primaryimage\"},\"thumbnailUrl\":\"https:\/\/toys.lt\/wp-content\/uploads\/2020\/06\/products-1277.jpg\",\"datePublished\":\"2020-06-23T15:57:21+00:00\",\"dateModified\":\"2026-04-23T18:12:28+00:00\",\"breadcrumb\":{\"@id\":\"https:\/\/toys.lt\/lv\/produktas\/lovytes-karusele\/#breadcrumb\"},\"inLanguage\":\"lv-LV\",\"potentialAction\":[{\"@type\":\"ReadAction\",\"target\":[\"https:\/\/toys.lt\/lv\/produktas\/lovytes-karusele\/\"]}]},{\"@type\":\"ImageObject\",\"inLanguage\":\"lv-LV\",\"@id\":\"https:\/\/toys.lt\/lv\/produktas\/lovytes-karusele\/#primaryimage\",\"url\":\"https:\/\/toys.lt\/wp-content\/uploads\/2020\/06\/products-1277.jpg\",\"contentUrl\":\"https:\/\/toys.lt\/wp-content\/uploads\/2020\/06\/products-1277.jpg\",\"width\":530,\"height\":530,\"caption\":\"Lovyt\u0117s karusel\u0117\"},{\"@type\":\"BreadcrumbList\",\"@id\":\"https:\/\/toys.lt\/lv\/produktas\/lovytes-karusele\/#breadcrumb\",\"itemListElement\":[{\"@type\":\"ListItem\",\"position\":1,\"name\":\"Home\",\"item\":\"https:\/\/toys.lt\/lv\/\"},{\"@type\":\"ListItem\",\"position\":2,\"name\":\"Veikals\",\"item\":\"https:\/\/toys.lt\/lv\/shop\/\"},{\"@type\":\"ListItem\",\"position\":3,\"name\":\"Lovyt\u0117s karusel\u0117\"}]},{\"@type\":\"WebSite\",\"@id\":\"https:\/\/toys.lt\/lv\/#website\",\"url\":\"https:\/\/toys.lt\/lv\/\",\"name\":\"Toys.lt\",\"description\":\"\",\"potentialAction\":[{\"@type\":\"SearchAction\",\"target\":{\"@type\":\"EntryPoint\",\"urlTemplate\":\"https:\/\/toys.lt\/lv\/?s={search_term_string}\"},\"query-input\":{\"@type\":\"PropertyValueSpecification\",\"valueRequired\":true,\"valueName\":\"search_term_string\"}}],\"inLanguage\":\"lv-LV\"}]}<\/script>\n<!-- \/ Yoast SEO plugin. -->","yoast_head_json":{"title":"Lovyt\u0117s karusel\u0117 - Toys.lt","robots":{"index":"index","follow":"follow","max-snippet":"max-snippet:-1","max-image-preview":"max-image-preview:large","max-video-preview":"max-video-preview:-1"},"canonical":"https:\/\/toys.lt\/lv\/produktas\/lovytes-karusele\/","og_locale":"lv_LV","og_type":"article","og_title":"Lovyt\u0117s karusel\u0117 - Toys.lt","og_description":"Prek\u0117s tipas:\u00a0lovyt\u0117s karusel\u0117 Kilm\u0117s \u0161alis: Kinija Produkto med\u017eiaga: plastikas Pakuot\u0117s i\u0161matavimai: 11,5 x 41 x 26 cm Rekomenduojamas am\u017eius: nuo 0 m\u0117nesi\u0173 Elementai: 2 x AA (nepridedamos)","og_url":"https:\/\/toys.lt\/lv\/produktas\/lovytes-karusele\/","og_site_name":"Toys.lt","article_modified_time":"2026-04-23T18:12:28+00:00","og_image":[{"width":530,"height":530,"url":"https:\/\/toys.lt\/wp-content\/uploads\/2020\/06\/products-1277.jpg","type":"image\/jpeg"}],"twitter_card":"summary_large_image","schema":{"@context":"https:\/\/schema.org","@graph":[{"@type":"WebPage","@id":"https:\/\/toys.lt\/lv\/produktas\/lovytes-karusele\/","url":"https:\/\/toys.lt\/lv\/produktas\/lovytes-karusele\/","name":"Lovyt\u0117s karusel\u0117 - Toys.lt","isPartOf":{"@id":"https:\/\/toys.lt\/lv\/#website"},"primaryImageOfPage":{"@id":"https:\/\/toys.lt\/lv\/produktas\/lovytes-karusele\/#primaryimage"},"image":{"@id":"https:\/\/toys.lt\/lv\/produktas\/lovytes-karusele\/#primaryimage"},"thumbnailUrl":"https:\/\/toys.lt\/wp-content\/uploads\/2020\/06\/products-1277.jpg","datePublished":"2020-06-23T15:57:21+00:00","dateModified":"2026-04-23T18:12:28+00:00","breadcrumb":{"@id":"https:\/\/toys.lt\/lv\/produktas\/lovytes-karusele\/#breadcrumb"},"inLanguage":"lv-LV","potentialAction":[{"@type":"ReadAction","target":["https:\/\/toys.lt\/lv\/produktas\/lovytes-karusele\/"]}]},{"@type":"ImageObject","inLanguage":"lv-LV","@id":"https:\/\/toys.lt\/lv\/produktas\/lovytes-karusele\/#primaryimage","url":"https:\/\/toys.lt\/wp-content\/uploads\/2020\/06\/products-1277.jpg","contentUrl":"https:\/\/toys.lt\/wp-content\/uploads\/2020\/06\/products-1277.jpg","width":530,"height":530,"caption":"Lovyt\u0117s karusel\u0117"},{"@type":"BreadcrumbList","@id":"https:\/\/toys.lt\/lv\/produktas\/lovytes-karusele\/#breadcrumb","itemListElement":[{"@type":"ListItem","position":1,"name":"Home","item":"https:\/\/toys.lt\/lv\/"},{"@type":"ListItem","position":2,"name":"Veikals","item":"https:\/\/toys.lt\/lv\/shop\/"},{"@type":"ListItem","position":3,"name":"Lovyt\u0117s karusel\u0117"}]},{"@type":"WebSite","@id":"https:\/\/toys.lt\/lv\/#website","url":"https:\/\/toys.lt\/lv\/","name":"Toys.lt","description":"","potentialAction":[{"@type":"SearchAction","target":{"@type":"EntryPoint","urlTemplate":"https:\/\/toys.lt\/lv\/?s={search_term_string}"},"query-input":{"@type":"PropertyValueSpecification","valueRequired":true,"valueName":"search_term_string"}}],"inLanguage":"lv-LV"}]}},"_links":{"self":[{"href":"https:\/\/toys.lt\/lv\/wp-json\/wp\/v2\/product\/27492","targetHints":{"allow":["GET"]}}],"collection":[{"href":"https:\/\/toys.lt\/lv\/wp-json\/wp\/v2\/product"}],"about":[{"href":"https:\/\/toys.lt\/lv\/wp-json\/wp\/v2\/types\/product"}],"replies":[{"embeddable":true,"href":"https:\/\/toys.lt\/lv\/wp-json\/wp\/v2\/comments?post=27492"}],"version-history":[{"count":0,"href":"https:\/\/toys.lt\/lv\/wp-json\/wp\/v2\/product\/27492\/revisions"}],"wp:featuredmedia":[{"embeddable":true,"href":"https:\/\/toys.lt\/lv\/wp-json\/wp\/v2\/media\/27493"}],"wp:attachment":[{"href":"https:\/\/toys.lt\/lv\/wp-json\/wp\/v2\/media?parent=27492"}],"wp:term":[{"taxonomy":"product_brand","embeddable":true,"href":"https:\/\/toys.lt\/lv\/wp-json\/wp\/v2\/product_brand?post=27492"},{"taxonomy":"product_cat","embeddable":true,"href":"https:\/\/toys.lt\/lv\/wp-json\/wp\/v2\/product_cat?post=27492"},{"taxonomy":"product_tag","embeddable":true,"href":"https:\/\/toys.lt\/lv\/wp-json\/wp\/v2\/product_tag?post=27492"}],"curies":[{"name":"wp","href":"https:\/\/api.w.org\/{rel}","templated":true}]}}