{"id":27454,"date":"2020-06-23T08:15:19","date_gmt":"2020-06-23T08:15:19","guid":{"rendered":"https:\/\/toys.lt\/?post_type=product&#038;p=27454"},"modified":"2026-04-23T18:12:28","modified_gmt":"2026-04-23T18:12:28","slug":"vaikiskas-minamas-ekskavatorius-pilsan","status":"publish","type":"product","link":"https:\/\/toys.lt\/lv\/produktas\/vaikiskas-minamas-ekskavatorius-pilsan\/","title":{"rendered":"Vaiki\u0161kas minamas ekskavatorius Pilsan"},"content":{"rendered":"<p><strong>Savyb\u0117s:<\/strong><\/p>\n<ul style=\"list-style-type:square;\">\n<li>Maksimalus svoris: 60 kg<\/li>\n<li>Nuimama ir reguliuojama s\u0117dyn\u0117<\/li>\n<li>Kilnojamas kau\u0161as<\/li>\n<li>Galin\u0117s priekabos sujungimo ta\u0161kas<\/li>\n<li>Grandininis minimo mechanizmas<\/li>\n<li>Atidaromas priekinis variklio dangtis<\/li>\n<li>Signalo mygtukas<\/li>\n<li>Eleganti\u0161kas ir ergonomi\u0161kas dizainas<\/li>\n<li>\u017daliava, tinkama vaik\u0173 sveikatai, be kancerogenini\u0173 med\u017eiag\u0173<\/li>\n<li>\u0422urk\u0173 &#8220;Pilsan&#8221; \u017eaislai yra i\u0161skirti auk\u0161ta kokybe<\/li>\n<\/ul>\n","protected":false},"excerpt":{"rendered":"<p>Prek\u0117s tipas:\u00a0jud\u0117jimo priemon\u0117<\/p>\n<p>Kilm\u0117s \u0161alis: Turkija<\/p>\n<p>Prek\u0117s \u017eenklas: Pilsan<\/p>\n<p>Pakuot\u0117s i\u0161matavimai: 95 x 53.5 x 50 cm<\/p>\n<p>Produkto\u00a0i\u0161matavimai: 126 x 54 x 66 cm<\/p>\n<p>Svoris: 11,82 kg<\/p>\n<p>Rekomenduojamas am\u017eius: nuo 3 met\u0173<\/p>\n","protected":false},"featured_media":27455,"comment_status":"open","ping_status":"open","template":"","meta":[],"product_brand":[],"product_cat":[402,416],"product_tag":[],"class_list":{"0":"post-27454","1":"product","2":"type-product","3":"status-publish","4":"has-post-thumbnail","6":"product_cat-lauko-ir-vasaros-zaislai-2","7":"product_cat-uzsedamos-minamos-ir-akumuliatorines-masinos-ir-traktoriai","8":"pa_amziaus-grupe-76","9":"pa_prek-s-tipas-paspiriami-ir-minami-traktoriai-2","10":"pa_prekes-zenklas-pilsan","11":"pa_spalva-oranzin-2","13":"first","14":"outofstock","15":"sale","16":"taxable","17":"shipping-taxable","18":"purchasable","19":"product-type-simple"},"yoast_head":"<!-- This site is optimized with the Yoast SEO plugin v26.3 - https:\/\/yoast.com\/wordpress\/plugins\/seo\/ -->\n<title>Vaiki\u0161kas minamas ekskavatorius Pilsan - Toys.lt<\/title>\n<meta name=\"robots\" content=\"index, follow, max-snippet:-1, max-image-preview:large, max-video-preview:-1\" \/>\n<link rel=\"canonical\" href=\"https:\/\/toys.lt\/lv\/produktas\/vaikiskas-minamas-ekskavatorius-pilsan\/\" \/>\n<meta property=\"og:locale\" content=\"lv_LV\" \/>\n<meta property=\"og:type\" content=\"article\" \/>\n<meta property=\"og:title\" content=\"Vaiki\u0161kas minamas ekskavatorius Pilsan - Toys.lt\" \/>\n<meta property=\"og:description\" content=\"Prek\u0117s tipas:\u00a0jud\u0117jimo priemon\u0117 Kilm\u0117s \u0161alis: Turkija Prek\u0117s \u017eenklas: Pilsan Pakuot\u0117s i\u0161matavimai: 95 x 53.5 x 50 cm Produkto\u00a0i\u0161matavimai: 126 x 54 x 66 cm Svoris: 11,82 kg Rekomenduojamas am\u017eius: nuo 3 met\u0173\" \/>\n<meta property=\"og:url\" content=\"https:\/\/toys.lt\/lv\/produktas\/vaikiskas-minamas-ekskavatorius-pilsan\/\" \/>\n<meta property=\"og:site_name\" content=\"Toys.lt\" \/>\n<meta property=\"article:modified_time\" content=\"2026-04-23T18:12:28+00:00\" \/>\n<meta property=\"og:image\" content=\"https:\/\/toys.lt\/wp-content\/uploads\/2020\/06\/products-1254.jpg\" \/>\n\t<meta property=\"og:image:width\" content=\"1024\" \/>\n\t<meta property=\"og:image:height\" content=\"768\" \/>\n\t<meta property=\"og:image:type\" content=\"image\/jpeg\" \/>\n<meta name=\"twitter:card\" content=\"summary_large_image\" \/>\n<script type=\"application\/ld+json\" class=\"yoast-schema-graph\">{\"@context\":\"https:\/\/schema.org\",\"@graph\":[{\"@type\":\"WebPage\",\"@id\":\"https:\/\/toys.lt\/lv\/produktas\/vaikiskas-minamas-ekskavatorius-pilsan\/\",\"url\":\"https:\/\/toys.lt\/lv\/produktas\/vaikiskas-minamas-ekskavatorius-pilsan\/\",\"name\":\"Vaiki\u0161kas minamas ekskavatorius Pilsan - Toys.lt\",\"isPartOf\":{\"@id\":\"https:\/\/toys.lt\/lv\/#website\"},\"primaryImageOfPage\":{\"@id\":\"https:\/\/toys.lt\/lv\/produktas\/vaikiskas-minamas-ekskavatorius-pilsan\/#primaryimage\"},\"image\":{\"@id\":\"https:\/\/toys.lt\/lv\/produktas\/vaikiskas-minamas-ekskavatorius-pilsan\/#primaryimage\"},\"thumbnailUrl\":\"https:\/\/toys.lt\/wp-content\/uploads\/2020\/06\/products-1254.jpg\",\"datePublished\":\"2020-06-23T08:15:19+00:00\",\"dateModified\":\"2026-04-23T18:12:28+00:00\",\"breadcrumb\":{\"@id\":\"https:\/\/toys.lt\/lv\/produktas\/vaikiskas-minamas-ekskavatorius-pilsan\/#breadcrumb\"},\"inLanguage\":\"lv-LV\",\"potentialAction\":[{\"@type\":\"ReadAction\",\"target\":[\"https:\/\/toys.lt\/lv\/produktas\/vaikiskas-minamas-ekskavatorius-pilsan\/\"]}]},{\"@type\":\"ImageObject\",\"inLanguage\":\"lv-LV\",\"@id\":\"https:\/\/toys.lt\/lv\/produktas\/vaikiskas-minamas-ekskavatorius-pilsan\/#primaryimage\",\"url\":\"https:\/\/toys.lt\/wp-content\/uploads\/2020\/06\/products-1254.jpg\",\"contentUrl\":\"https:\/\/toys.lt\/wp-content\/uploads\/2020\/06\/products-1254.jpg\",\"width\":1024,\"height\":768,\"caption\":\"Vaiki\u0161kas minamas ekskavatorius Pilsan\"},{\"@type\":\"BreadcrumbList\",\"@id\":\"https:\/\/toys.lt\/lv\/produktas\/vaikiskas-minamas-ekskavatorius-pilsan\/#breadcrumb\",\"itemListElement\":[{\"@type\":\"ListItem\",\"position\":1,\"name\":\"Home\",\"item\":\"https:\/\/toys.lt\/lv\/\"},{\"@type\":\"ListItem\",\"position\":2,\"name\":\"Veikals\",\"item\":\"https:\/\/toys.lt\/lv\/shop\/\"},{\"@type\":\"ListItem\",\"position\":3,\"name\":\"Vaiki\u0161kas minamas ekskavatorius Pilsan\"}]},{\"@type\":\"WebSite\",\"@id\":\"https:\/\/toys.lt\/lv\/#website\",\"url\":\"https:\/\/toys.lt\/lv\/\",\"name\":\"Toys.lt\",\"description\":\"\",\"potentialAction\":[{\"@type\":\"SearchAction\",\"target\":{\"@type\":\"EntryPoint\",\"urlTemplate\":\"https:\/\/toys.lt\/lv\/?s={search_term_string}\"},\"query-input\":{\"@type\":\"PropertyValueSpecification\",\"valueRequired\":true,\"valueName\":\"search_term_string\"}}],\"inLanguage\":\"lv-LV\"}]}<\/script>\n<!-- \/ Yoast SEO plugin. -->","yoast_head_json":{"title":"Vaiki\u0161kas minamas ekskavatorius Pilsan - Toys.lt","robots":{"index":"index","follow":"follow","max-snippet":"max-snippet:-1","max-image-preview":"max-image-preview:large","max-video-preview":"max-video-preview:-1"},"canonical":"https:\/\/toys.lt\/lv\/produktas\/vaikiskas-minamas-ekskavatorius-pilsan\/","og_locale":"lv_LV","og_type":"article","og_title":"Vaiki\u0161kas minamas ekskavatorius Pilsan - Toys.lt","og_description":"Prek\u0117s tipas:\u00a0jud\u0117jimo priemon\u0117 Kilm\u0117s \u0161alis: Turkija Prek\u0117s \u017eenklas: Pilsan Pakuot\u0117s i\u0161matavimai: 95 x 53.5 x 50 cm Produkto\u00a0i\u0161matavimai: 126 x 54 x 66 cm Svoris: 11,82 kg Rekomenduojamas am\u017eius: nuo 3 met\u0173","og_url":"https:\/\/toys.lt\/lv\/produktas\/vaikiskas-minamas-ekskavatorius-pilsan\/","og_site_name":"Toys.lt","article_modified_time":"2026-04-23T18:12:28+00:00","og_image":[{"width":1024,"height":768,"url":"https:\/\/toys.lt\/wp-content\/uploads\/2020\/06\/products-1254.jpg","type":"image\/jpeg"}],"twitter_card":"summary_large_image","schema":{"@context":"https:\/\/schema.org","@graph":[{"@type":"WebPage","@id":"https:\/\/toys.lt\/lv\/produktas\/vaikiskas-minamas-ekskavatorius-pilsan\/","url":"https:\/\/toys.lt\/lv\/produktas\/vaikiskas-minamas-ekskavatorius-pilsan\/","name":"Vaiki\u0161kas minamas ekskavatorius Pilsan - Toys.lt","isPartOf":{"@id":"https:\/\/toys.lt\/lv\/#website"},"primaryImageOfPage":{"@id":"https:\/\/toys.lt\/lv\/produktas\/vaikiskas-minamas-ekskavatorius-pilsan\/#primaryimage"},"image":{"@id":"https:\/\/toys.lt\/lv\/produktas\/vaikiskas-minamas-ekskavatorius-pilsan\/#primaryimage"},"thumbnailUrl":"https:\/\/toys.lt\/wp-content\/uploads\/2020\/06\/products-1254.jpg","datePublished":"2020-06-23T08:15:19+00:00","dateModified":"2026-04-23T18:12:28+00:00","breadcrumb":{"@id":"https:\/\/toys.lt\/lv\/produktas\/vaikiskas-minamas-ekskavatorius-pilsan\/#breadcrumb"},"inLanguage":"lv-LV","potentialAction":[{"@type":"ReadAction","target":["https:\/\/toys.lt\/lv\/produktas\/vaikiskas-minamas-ekskavatorius-pilsan\/"]}]},{"@type":"ImageObject","inLanguage":"lv-LV","@id":"https:\/\/toys.lt\/lv\/produktas\/vaikiskas-minamas-ekskavatorius-pilsan\/#primaryimage","url":"https:\/\/toys.lt\/wp-content\/uploads\/2020\/06\/products-1254.jpg","contentUrl":"https:\/\/toys.lt\/wp-content\/uploads\/2020\/06\/products-1254.jpg","width":1024,"height":768,"caption":"Vaiki\u0161kas minamas ekskavatorius Pilsan"},{"@type":"BreadcrumbList","@id":"https:\/\/toys.lt\/lv\/produktas\/vaikiskas-minamas-ekskavatorius-pilsan\/#breadcrumb","itemListElement":[{"@type":"ListItem","position":1,"name":"Home","item":"https:\/\/toys.lt\/lv\/"},{"@type":"ListItem","position":2,"name":"Veikals","item":"https:\/\/toys.lt\/lv\/shop\/"},{"@type":"ListItem","position":3,"name":"Vaiki\u0161kas minamas ekskavatorius Pilsan"}]},{"@type":"WebSite","@id":"https:\/\/toys.lt\/lv\/#website","url":"https:\/\/toys.lt\/lv\/","name":"Toys.lt","description":"","potentialAction":[{"@type":"SearchAction","target":{"@type":"EntryPoint","urlTemplate":"https:\/\/toys.lt\/lv\/?s={search_term_string}"},"query-input":{"@type":"PropertyValueSpecification","valueRequired":true,"valueName":"search_term_string"}}],"inLanguage":"lv-LV"}]}},"_links":{"self":[{"href":"https:\/\/toys.lt\/lv\/wp-json\/wp\/v2\/product\/27454","targetHints":{"allow":["GET"]}}],"collection":[{"href":"https:\/\/toys.lt\/lv\/wp-json\/wp\/v2\/product"}],"about":[{"href":"https:\/\/toys.lt\/lv\/wp-json\/wp\/v2\/types\/product"}],"replies":[{"embeddable":true,"href":"https:\/\/toys.lt\/lv\/wp-json\/wp\/v2\/comments?post=27454"}],"version-history":[{"count":0,"href":"https:\/\/toys.lt\/lv\/wp-json\/wp\/v2\/product\/27454\/revisions"}],"wp:featuredmedia":[{"embeddable":true,"href":"https:\/\/toys.lt\/lv\/wp-json\/wp\/v2\/media\/27455"}],"wp:attachment":[{"href":"https:\/\/toys.lt\/lv\/wp-json\/wp\/v2\/media?parent=27454"}],"wp:term":[{"taxonomy":"product_brand","embeddable":true,"href":"https:\/\/toys.lt\/lv\/wp-json\/wp\/v2\/product_brand?post=27454"},{"taxonomy":"product_cat","embeddable":true,"href":"https:\/\/toys.lt\/lv\/wp-json\/wp\/v2\/product_cat?post=27454"},{"taxonomy":"product_tag","embeddable":true,"href":"https:\/\/toys.lt\/lv\/wp-json\/wp\/v2\/product_tag?post=27454"}],"curies":[{"name":"wp","href":"https:\/\/api.w.org\/{rel}","templated":true}]}}