{"id":27446,"date":"2020-06-22T16:48:14","date_gmt":"2020-06-22T16:48:14","guid":{"rendered":"https:\/\/toys.lt\/?post_type=product&#038;p=27446"},"modified":"2026-04-06T00:30:20","modified_gmt":"2026-04-06T00:30:20","slug":"pilsan-vaikiska-uzs-damoji-masina-f1","status":"publish","type":"product","link":"https:\/\/toys.lt\/lv\/produktas\/pilsan-vaikiska-uzs-damoji-masina-f1\/","title":{"rendered":"Pilsan vaiki\u0161ka u\u017es\u0117damoji ma\u0161ina &#8220;F1&#8221;"},"content":{"rendered":"<p><strong>Savyb\u0117s:<\/strong><\/p>\n<ul style=\"list-style-type: square;\">\n<li>Maksimalus svoris: 35 kg<\/li>\n<li>Mechaninis signalo mygtukas<\/li>\n<li>Apsauga nuo apvirtimo<\/li>\n<li>Eleganti\u0161kas ir ergonomi\u0161kas dizainas<\/li>\n<li>\u017daliava, tinkama vaik\u0173 sveikatai, be kancerogenini\u0173 med\u017eiag\u0173<\/li>\n<li>\u0422urk\u0173 &#8220;Pilsan&#8221; \u017eaislai yra i\u0161skirti auk\u0161ta kokybe<\/li>\n<\/ul>\n","protected":false},"excerpt":{"rendered":"<p>Prek\u0117s tipas:\u00a0jud\u0117jimo priemon\u0117<\/p>\n<p>Kilm\u0117s \u0161alis: Turkija<\/p>\n<p>Prek\u0117s \u017eenklas: Pilsan<\/p>\n<p>Pakuot\u0117s i\u0161matavimai: 75 x 45 x 40 cm<\/p>\n<p>Produkto\u00a0i\u0161matavimai: 75 x 45 x 40 cm<\/p>\n<p>Svoris: 3,55 kg<\/p>\n<p>Rekomenduojamas am\u017eius: nuo 3 met\u0173<\/p>\n","protected":false},"featured_media":27447,"comment_status":"open","ping_status":"closed","template":"","meta":[],"product_brand":[],"product_cat":[402,416],"product_tag":[],"class_list":{"0":"post-27446","1":"product","2":"type-product","3":"status-publish","4":"has-post-thumbnail","6":"product_cat-lauko-ir-vasaros-zaislai-2","7":"product_cat-uzsedamos-minamos-ir-akumuliatorines-masinos-ir-traktoriai","8":"pa_amziaus-grupe-76","9":"pa_prek-s-tipas-paspiriamos-masinos-2","10":"pa_prekes-zenklas-pilsan","11":"pa_spalva-m-lyna-2","13":"first","14":"outofstock","15":"taxable","16":"shipping-taxable","17":"purchasable","18":"product-type-simple"},"yoast_head":"<!-- This site is optimized with the Yoast SEO plugin v26.3 - https:\/\/yoast.com\/wordpress\/plugins\/seo\/ -->\n<title>Pilsan vaiki\u0161ka u\u017es\u0117damoji ma\u0161ina &quot;F1&quot; - Toys.lt<\/title>\n<meta name=\"robots\" content=\"index, follow, max-snippet:-1, max-image-preview:large, max-video-preview:-1\" \/>\n<link rel=\"canonical\" href=\"https:\/\/toys.lt\/lv\/produktas\/pilsan-vaikiska-uzs-damoji-masina-f1\/\" \/>\n<meta property=\"og:locale\" content=\"lv_LV\" \/>\n<meta property=\"og:type\" content=\"article\" \/>\n<meta property=\"og:title\" content=\"Pilsan vaiki\u0161ka u\u017es\u0117damoji ma\u0161ina &quot;F1&quot; - Toys.lt\" \/>\n<meta property=\"og:description\" content=\"Prek\u0117s tipas:\u00a0jud\u0117jimo priemon\u0117  Kilm\u0117s \u0161alis: Turkija  Prek\u0117s \u017eenklas: Pilsan  Pakuot\u0117s i\u0161matavimai: 75 x 45 x 40 cm  Produkto\u00a0i\u0161matavimai: 75 x 45 x 40 cm  Svoris: 3,55 kg  Rekomenduojamas am\u017eius: nuo 3 met\u0173\" \/>\n<meta property=\"og:url\" content=\"https:\/\/toys.lt\/lv\/produktas\/pilsan-vaikiska-uzs-damoji-masina-f1\/\" \/>\n<meta property=\"og:site_name\" content=\"Toys.lt\" \/>\n<meta property=\"article:modified_time\" content=\"2026-04-06T00:30:20+00:00\" \/>\n<meta property=\"og:image\" content=\"https:\/\/toys.lt\/wp-content\/uploads\/2020\/06\/products-1249.jpg\" \/>\n\t<meta property=\"og:image:width\" content=\"1024\" \/>\n\t<meta property=\"og:image:height\" content=\"768\" \/>\n\t<meta property=\"og:image:type\" content=\"image\/jpeg\" \/>\n<meta name=\"twitter:card\" content=\"summary_large_image\" \/>\n<meta name=\"twitter:label1\" content=\"Est. reading time\" \/>\n\t<meta name=\"twitter:data1\" content=\"1 minute\" \/>\n<script type=\"application\/ld+json\" class=\"yoast-schema-graph\">{\"@context\":\"https:\/\/schema.org\",\"@graph\":[{\"@type\":\"WebPage\",\"@id\":\"https:\/\/toys.lt\/lv\/produktas\/pilsan-vaikiska-uzs-damoji-masina-f1\/\",\"url\":\"https:\/\/toys.lt\/lv\/produktas\/pilsan-vaikiska-uzs-damoji-masina-f1\/\",\"name\":\"Pilsan vaiki\u0161ka u\u017es\u0117damoji ma\u0161ina \\\"F1\\\" - Toys.lt\",\"isPartOf\":{\"@id\":\"https:\/\/toys.lt\/lv\/#website\"},\"primaryImageOfPage\":{\"@id\":\"https:\/\/toys.lt\/lv\/produktas\/pilsan-vaikiska-uzs-damoji-masina-f1\/#primaryimage\"},\"image\":{\"@id\":\"https:\/\/toys.lt\/lv\/produktas\/pilsan-vaikiska-uzs-damoji-masina-f1\/#primaryimage\"},\"thumbnailUrl\":\"https:\/\/toys.lt\/wp-content\/uploads\/2020\/06\/products-1249.jpg\",\"datePublished\":\"2020-06-22T16:48:14+00:00\",\"dateModified\":\"2026-04-06T00:30:20+00:00\",\"breadcrumb\":{\"@id\":\"https:\/\/toys.lt\/lv\/produktas\/pilsan-vaikiska-uzs-damoji-masina-f1\/#breadcrumb\"},\"inLanguage\":\"lv-LV\",\"potentialAction\":[{\"@type\":\"ReadAction\",\"target\":[\"https:\/\/toys.lt\/lv\/produktas\/pilsan-vaikiska-uzs-damoji-masina-f1\/\"]}]},{\"@type\":\"ImageObject\",\"inLanguage\":\"lv-LV\",\"@id\":\"https:\/\/toys.lt\/lv\/produktas\/pilsan-vaikiska-uzs-damoji-masina-f1\/#primaryimage\",\"url\":\"https:\/\/toys.lt\/wp-content\/uploads\/2020\/06\/products-1249.jpg\",\"contentUrl\":\"https:\/\/toys.lt\/wp-content\/uploads\/2020\/06\/products-1249.jpg\",\"width\":1024,\"height\":768,\"caption\":\"Pilsan vaiki\u0161ka u\u017es\u0117damoji ma\u0161ina &#8220;F1&#8221;\"},{\"@type\":\"BreadcrumbList\",\"@id\":\"https:\/\/toys.lt\/lv\/produktas\/pilsan-vaikiska-uzs-damoji-masina-f1\/#breadcrumb\",\"itemListElement\":[{\"@type\":\"ListItem\",\"position\":1,\"name\":\"Home\",\"item\":\"https:\/\/toys.lt\/lv\/\"},{\"@type\":\"ListItem\",\"position\":2,\"name\":\"Veikals\",\"item\":\"https:\/\/toys.lt\/lv\/shop\/\"},{\"@type\":\"ListItem\",\"position\":3,\"name\":\"Pilsan vaiki\u0161ka u\u017es\u0117damoji ma\u0161ina &#8220;F1&#8221;\"}]},{\"@type\":\"WebSite\",\"@id\":\"https:\/\/toys.lt\/lv\/#website\",\"url\":\"https:\/\/toys.lt\/lv\/\",\"name\":\"Toys.lt\",\"description\":\"\",\"potentialAction\":[{\"@type\":\"SearchAction\",\"target\":{\"@type\":\"EntryPoint\",\"urlTemplate\":\"https:\/\/toys.lt\/lv\/?s={search_term_string}\"},\"query-input\":{\"@type\":\"PropertyValueSpecification\",\"valueRequired\":true,\"valueName\":\"search_term_string\"}}],\"inLanguage\":\"lv-LV\"}]}<\/script>\n<!-- \/ Yoast SEO plugin. -->","yoast_head_json":{"title":"Pilsan vaiki\u0161ka u\u017es\u0117damoji ma\u0161ina \"F1\" - Toys.lt","robots":{"index":"index","follow":"follow","max-snippet":"max-snippet:-1","max-image-preview":"max-image-preview:large","max-video-preview":"max-video-preview:-1"},"canonical":"https:\/\/toys.lt\/lv\/produktas\/pilsan-vaikiska-uzs-damoji-masina-f1\/","og_locale":"lv_LV","og_type":"article","og_title":"Pilsan vaiki\u0161ka u\u017es\u0117damoji ma\u0161ina \"F1\" - Toys.lt","og_description":"Prek\u0117s tipas:\u00a0jud\u0117jimo priemon\u0117  Kilm\u0117s \u0161alis: Turkija  Prek\u0117s \u017eenklas: Pilsan  Pakuot\u0117s i\u0161matavimai: 75 x 45 x 40 cm  Produkto\u00a0i\u0161matavimai: 75 x 45 x 40 cm  Svoris: 3,55 kg  Rekomenduojamas am\u017eius: nuo 3 met\u0173","og_url":"https:\/\/toys.lt\/lv\/produktas\/pilsan-vaikiska-uzs-damoji-masina-f1\/","og_site_name":"Toys.lt","article_modified_time":"2026-04-06T00:30:20+00:00","og_image":[{"width":1024,"height":768,"url":"https:\/\/toys.lt\/wp-content\/uploads\/2020\/06\/products-1249.jpg","type":"image\/jpeg"}],"twitter_card":"summary_large_image","twitter_misc":{"Est. reading time":"1 minute"},"schema":{"@context":"https:\/\/schema.org","@graph":[{"@type":"WebPage","@id":"https:\/\/toys.lt\/lv\/produktas\/pilsan-vaikiska-uzs-damoji-masina-f1\/","url":"https:\/\/toys.lt\/lv\/produktas\/pilsan-vaikiska-uzs-damoji-masina-f1\/","name":"Pilsan vaiki\u0161ka u\u017es\u0117damoji ma\u0161ina \"F1\" - Toys.lt","isPartOf":{"@id":"https:\/\/toys.lt\/lv\/#website"},"primaryImageOfPage":{"@id":"https:\/\/toys.lt\/lv\/produktas\/pilsan-vaikiska-uzs-damoji-masina-f1\/#primaryimage"},"image":{"@id":"https:\/\/toys.lt\/lv\/produktas\/pilsan-vaikiska-uzs-damoji-masina-f1\/#primaryimage"},"thumbnailUrl":"https:\/\/toys.lt\/wp-content\/uploads\/2020\/06\/products-1249.jpg","datePublished":"2020-06-22T16:48:14+00:00","dateModified":"2026-04-06T00:30:20+00:00","breadcrumb":{"@id":"https:\/\/toys.lt\/lv\/produktas\/pilsan-vaikiska-uzs-damoji-masina-f1\/#breadcrumb"},"inLanguage":"lv-LV","potentialAction":[{"@type":"ReadAction","target":["https:\/\/toys.lt\/lv\/produktas\/pilsan-vaikiska-uzs-damoji-masina-f1\/"]}]},{"@type":"ImageObject","inLanguage":"lv-LV","@id":"https:\/\/toys.lt\/lv\/produktas\/pilsan-vaikiska-uzs-damoji-masina-f1\/#primaryimage","url":"https:\/\/toys.lt\/wp-content\/uploads\/2020\/06\/products-1249.jpg","contentUrl":"https:\/\/toys.lt\/wp-content\/uploads\/2020\/06\/products-1249.jpg","width":1024,"height":768,"caption":"Pilsan vaiki\u0161ka u\u017es\u0117damoji ma\u0161ina &#8220;F1&#8221;"},{"@type":"BreadcrumbList","@id":"https:\/\/toys.lt\/lv\/produktas\/pilsan-vaikiska-uzs-damoji-masina-f1\/#breadcrumb","itemListElement":[{"@type":"ListItem","position":1,"name":"Home","item":"https:\/\/toys.lt\/lv\/"},{"@type":"ListItem","position":2,"name":"Veikals","item":"https:\/\/toys.lt\/lv\/shop\/"},{"@type":"ListItem","position":3,"name":"Pilsan vaiki\u0161ka u\u017es\u0117damoji ma\u0161ina &#8220;F1&#8221;"}]},{"@type":"WebSite","@id":"https:\/\/toys.lt\/lv\/#website","url":"https:\/\/toys.lt\/lv\/","name":"Toys.lt","description":"","potentialAction":[{"@type":"SearchAction","target":{"@type":"EntryPoint","urlTemplate":"https:\/\/toys.lt\/lv\/?s={search_term_string}"},"query-input":{"@type":"PropertyValueSpecification","valueRequired":true,"valueName":"search_term_string"}}],"inLanguage":"lv-LV"}]}},"_links":{"self":[{"href":"https:\/\/toys.lt\/lv\/wp-json\/wp\/v2\/product\/27446","targetHints":{"allow":["GET"]}}],"collection":[{"href":"https:\/\/toys.lt\/lv\/wp-json\/wp\/v2\/product"}],"about":[{"href":"https:\/\/toys.lt\/lv\/wp-json\/wp\/v2\/types\/product"}],"replies":[{"embeddable":true,"href":"https:\/\/toys.lt\/lv\/wp-json\/wp\/v2\/comments?post=27446"}],"version-history":[{"count":1,"href":"https:\/\/toys.lt\/lv\/wp-json\/wp\/v2\/product\/27446\/revisions"}],"predecessor-version":[{"id":32864,"href":"https:\/\/toys.lt\/lv\/wp-json\/wp\/v2\/product\/27446\/revisions\/32864"}],"wp:featuredmedia":[{"embeddable":true,"href":"https:\/\/toys.lt\/lv\/wp-json\/wp\/v2\/media\/27447"}],"wp:attachment":[{"href":"https:\/\/toys.lt\/lv\/wp-json\/wp\/v2\/media?parent=27446"}],"wp:term":[{"taxonomy":"product_brand","embeddable":true,"href":"https:\/\/toys.lt\/lv\/wp-json\/wp\/v2\/product_brand?post=27446"},{"taxonomy":"product_cat","embeddable":true,"href":"https:\/\/toys.lt\/lv\/wp-json\/wp\/v2\/product_cat?post=27446"},{"taxonomy":"product_tag","embeddable":true,"href":"https:\/\/toys.lt\/lv\/wp-json\/wp\/v2\/product_tag?post=27446"}],"curies":[{"name":"wp","href":"https:\/\/api.w.org\/{rel}","templated":true}]}}