{"id":27382,"date":"2020-06-22T14:37:13","date_gmt":"2020-06-22T14:37:13","guid":{"rendered":"https:\/\/toys.lt\/?post_type=product&#038;p=27382"},"modified":"2026-03-12T12:37:07","modified_gmt":"2026-03-12T12:37:07","slug":"pilsan-vaikiskas-keturratis-su-pedalais-cenk","status":"publish","type":"product","link":"https:\/\/toys.lt\/lv\/produktas\/pilsan-vaikiskas-keturratis-su-pedalais-cenk\/","title":{"rendered":"Pilsan vaiki\u0161kas keturratis su pedalais &#8220;Cenk&#8221;"},"content":{"rendered":"<p><strong>Savyb\u0117s:<\/strong><\/p>\n<ul style=\"list-style-type: square;\">\n<li>Maksimalus svoris: 35 kg<\/li>\n<li>Judanti priekin\u0117 a\u0161is<\/li>\n<li>Su pedalais<\/li>\n<li>Eleganti\u0161kas ir ergonomi\u0161kas dizainas<\/li>\n<li>\u017daliava, tinkama vaik\u0173 sveikatai, be kancerogenini\u0173 med\u017eiag\u0173<\/li>\n<li>\u0422urk\u0173 &#8220;Pilsan&#8221; \u017eaislai yra i\u0161skirti auk\u0161ta kokybe<\/li>\n<\/ul>\n","protected":false},"excerpt":{"rendered":"<p>Prek\u0117s tipas: keturratis<\/p>\n<p>Kilm\u0117s \u0161alis: Turkija<\/p>\n<p>Prek\u0117s \u017eenklas: Pilsan<\/p>\n<p>Pakuot\u0117s i\u0161matavimai: 67 x 48 x 48 cm<\/p>\n<p>Produkto\u00a0i\u0161matavimai: 67 x 48 x 48 cm<\/p>\n<p>Svoris: 3,3 kg<\/p>\n<p>Rekomenduojamas am\u017eius: nuo 3 met\u0173<\/p>\n","protected":false},"featured_media":27386,"comment_status":"open","ping_status":"closed","template":"","meta":[],"product_brand":[],"product_cat":[402,415],"product_tag":[],"class_list":{"0":"post-27382","1":"product","2":"type-product","3":"status-publish","4":"has-post-thumbnail","6":"product_cat-lauko-ir-vasaros-zaislai-2","7":"product_cat-paspirtukai-triratukai-motociklai-keturraciai-2","8":"pa_amziaus-grupe-76","9":"pa_prek-s-spalva-m-lyna","10":"pa_prek-s-spalva-raudona","11":"pa_prek-s-tipas-keturraciai-2","12":"pa_prekes-zenklas-pilsan","14":"first","15":"outofstock","16":"taxable","17":"shipping-taxable","18":"product-type-variable"},"yoast_head":"<!-- This site is optimized with the Yoast SEO plugin v26.3 - https:\/\/yoast.com\/wordpress\/plugins\/seo\/ -->\n<title>Pilsan vaiki\u0161kas keturratis su pedalais &quot;Cenk&quot; - Toys.lt<\/title>\n<meta name=\"robots\" content=\"index, follow, max-snippet:-1, max-image-preview:large, max-video-preview:-1\" \/>\n<link rel=\"canonical\" href=\"https:\/\/toys.lt\/lv\/produktas\/pilsan-vaikiskas-keturratis-su-pedalais-cenk\/\" \/>\n<meta property=\"og:locale\" content=\"lv_LV\" \/>\n<meta property=\"og:type\" content=\"article\" \/>\n<meta property=\"og:title\" content=\"Pilsan vaiki\u0161kas keturratis su pedalais &quot;Cenk&quot; - Toys.lt\" \/>\n<meta property=\"og:description\" content=\"Prek\u0117s tipas: keturratis  Kilm\u0117s \u0161alis: Turkija  Prek\u0117s \u017eenklas: Pilsan  Pakuot\u0117s i\u0161matavimai: 67 x 48 x 48 cm  Produkto\u00a0i\u0161matavimai: 67 x 48 x 48 cm  Svoris: 3,3 kg  Rekomenduojamas am\u017eius: nuo 3 met\u0173\" \/>\n<meta property=\"og:url\" content=\"https:\/\/toys.lt\/lv\/produktas\/pilsan-vaikiskas-keturratis-su-pedalais-cenk\/\" \/>\n<meta property=\"og:site_name\" content=\"Toys.lt\" \/>\n<meta property=\"article:modified_time\" content=\"2026-03-12T12:37:07+00:00\" \/>\n<meta property=\"og:image\" content=\"https:\/\/toys.lt\/wp-content\/uploads\/2020\/06\/products-1211-1300x800.jpg\" \/>\n\t<meta property=\"og:image:width\" content=\"1300\" \/>\n\t<meta property=\"og:image:height\" content=\"800\" \/>\n\t<meta property=\"og:image:type\" content=\"image\/jpeg\" \/>\n<meta name=\"twitter:card\" content=\"summary_large_image\" \/>\n<meta name=\"twitter:label1\" content=\"Est. reading time\" \/>\n\t<meta name=\"twitter:data1\" content=\"1 minute\" \/>\n<script type=\"application\/ld+json\" class=\"yoast-schema-graph\">{\"@context\":\"https:\/\/schema.org\",\"@graph\":[{\"@type\":\"WebPage\",\"@id\":\"https:\/\/toys.lt\/lv\/produktas\/pilsan-vaikiskas-keturratis-su-pedalais-cenk\/\",\"url\":\"https:\/\/toys.lt\/lv\/produktas\/pilsan-vaikiskas-keturratis-su-pedalais-cenk\/\",\"name\":\"Pilsan vaiki\u0161kas keturratis su pedalais \\\"Cenk\\\" - Toys.lt\",\"isPartOf\":{\"@id\":\"https:\/\/toys.lt\/lv\/#website\"},\"primaryImageOfPage\":{\"@id\":\"https:\/\/toys.lt\/lv\/produktas\/pilsan-vaikiskas-keturratis-su-pedalais-cenk\/#primaryimage\"},\"image\":{\"@id\":\"https:\/\/toys.lt\/lv\/produktas\/pilsan-vaikiskas-keturratis-su-pedalais-cenk\/#primaryimage\"},\"thumbnailUrl\":\"https:\/\/toys.lt\/wp-content\/uploads\/2020\/06\/products-1211.jpg\",\"datePublished\":\"2020-06-22T14:37:13+00:00\",\"dateModified\":\"2026-03-12T12:37:07+00:00\",\"breadcrumb\":{\"@id\":\"https:\/\/toys.lt\/lv\/produktas\/pilsan-vaikiskas-keturratis-su-pedalais-cenk\/#breadcrumb\"},\"inLanguage\":\"lv-LV\",\"potentialAction\":[{\"@type\":\"ReadAction\",\"target\":[\"https:\/\/toys.lt\/lv\/produktas\/pilsan-vaikiskas-keturratis-su-pedalais-cenk\/\"]}]},{\"@type\":\"ImageObject\",\"inLanguage\":\"lv-LV\",\"@id\":\"https:\/\/toys.lt\/lv\/produktas\/pilsan-vaikiskas-keturratis-su-pedalais-cenk\/#primaryimage\",\"url\":\"https:\/\/toys.lt\/wp-content\/uploads\/2020\/06\/products-1211.jpg\",\"contentUrl\":\"https:\/\/toys.lt\/wp-content\/uploads\/2020\/06\/products-1211.jpg\",\"width\":1080,\"height\":1080,\"caption\":\"Pilsan vaiki\u0161kas keturratis su pedalais &#8220;Cenk&#8221;\"},{\"@type\":\"BreadcrumbList\",\"@id\":\"https:\/\/toys.lt\/lv\/produktas\/pilsan-vaikiskas-keturratis-su-pedalais-cenk\/#breadcrumb\",\"itemListElement\":[{\"@type\":\"ListItem\",\"position\":1,\"name\":\"Home\",\"item\":\"https:\/\/toys.lt\/lv\/\"},{\"@type\":\"ListItem\",\"position\":2,\"name\":\"Veikals\",\"item\":\"https:\/\/toys.lt\/lv\/shop\/\"},{\"@type\":\"ListItem\",\"position\":3,\"name\":\"Pilsan vaiki\u0161kas keturratis su pedalais &#8220;Cenk&#8221;\"}]},{\"@type\":\"WebSite\",\"@id\":\"https:\/\/toys.lt\/lv\/#website\",\"url\":\"https:\/\/toys.lt\/lv\/\",\"name\":\"Toys.lt\",\"description\":\"\",\"potentialAction\":[{\"@type\":\"SearchAction\",\"target\":{\"@type\":\"EntryPoint\",\"urlTemplate\":\"https:\/\/toys.lt\/lv\/?s={search_term_string}\"},\"query-input\":{\"@type\":\"PropertyValueSpecification\",\"valueRequired\":true,\"valueName\":\"search_term_string\"}}],\"inLanguage\":\"lv-LV\"}]}<\/script>\n<!-- \/ Yoast SEO plugin. -->","yoast_head_json":{"title":"Pilsan vaiki\u0161kas keturratis su pedalais \"Cenk\" - Toys.lt","robots":{"index":"index","follow":"follow","max-snippet":"max-snippet:-1","max-image-preview":"max-image-preview:large","max-video-preview":"max-video-preview:-1"},"canonical":"https:\/\/toys.lt\/lv\/produktas\/pilsan-vaikiskas-keturratis-su-pedalais-cenk\/","og_locale":"lv_LV","og_type":"article","og_title":"Pilsan vaiki\u0161kas keturratis su pedalais \"Cenk\" - Toys.lt","og_description":"Prek\u0117s tipas: keturratis  Kilm\u0117s \u0161alis: Turkija  Prek\u0117s \u017eenklas: Pilsan  Pakuot\u0117s i\u0161matavimai: 67 x 48 x 48 cm  Produkto\u00a0i\u0161matavimai: 67 x 48 x 48 cm  Svoris: 3,3 kg  Rekomenduojamas am\u017eius: nuo 3 met\u0173","og_url":"https:\/\/toys.lt\/lv\/produktas\/pilsan-vaikiskas-keturratis-su-pedalais-cenk\/","og_site_name":"Toys.lt","article_modified_time":"2026-03-12T12:37:07+00:00","og_image":[{"width":1300,"height":800,"url":"https:\/\/toys.lt\/wp-content\/uploads\/2020\/06\/products-1211-1300x800.jpg","type":"image\/jpeg"}],"twitter_card":"summary_large_image","twitter_misc":{"Est. reading time":"1 minute"},"schema":{"@context":"https:\/\/schema.org","@graph":[{"@type":"WebPage","@id":"https:\/\/toys.lt\/lv\/produktas\/pilsan-vaikiskas-keturratis-su-pedalais-cenk\/","url":"https:\/\/toys.lt\/lv\/produktas\/pilsan-vaikiskas-keturratis-su-pedalais-cenk\/","name":"Pilsan vaiki\u0161kas keturratis su pedalais \"Cenk\" - Toys.lt","isPartOf":{"@id":"https:\/\/toys.lt\/lv\/#website"},"primaryImageOfPage":{"@id":"https:\/\/toys.lt\/lv\/produktas\/pilsan-vaikiskas-keturratis-su-pedalais-cenk\/#primaryimage"},"image":{"@id":"https:\/\/toys.lt\/lv\/produktas\/pilsan-vaikiskas-keturratis-su-pedalais-cenk\/#primaryimage"},"thumbnailUrl":"https:\/\/toys.lt\/wp-content\/uploads\/2020\/06\/products-1211.jpg","datePublished":"2020-06-22T14:37:13+00:00","dateModified":"2026-03-12T12:37:07+00:00","breadcrumb":{"@id":"https:\/\/toys.lt\/lv\/produktas\/pilsan-vaikiskas-keturratis-su-pedalais-cenk\/#breadcrumb"},"inLanguage":"lv-LV","potentialAction":[{"@type":"ReadAction","target":["https:\/\/toys.lt\/lv\/produktas\/pilsan-vaikiskas-keturratis-su-pedalais-cenk\/"]}]},{"@type":"ImageObject","inLanguage":"lv-LV","@id":"https:\/\/toys.lt\/lv\/produktas\/pilsan-vaikiskas-keturratis-su-pedalais-cenk\/#primaryimage","url":"https:\/\/toys.lt\/wp-content\/uploads\/2020\/06\/products-1211.jpg","contentUrl":"https:\/\/toys.lt\/wp-content\/uploads\/2020\/06\/products-1211.jpg","width":1080,"height":1080,"caption":"Pilsan vaiki\u0161kas keturratis su pedalais &#8220;Cenk&#8221;"},{"@type":"BreadcrumbList","@id":"https:\/\/toys.lt\/lv\/produktas\/pilsan-vaikiskas-keturratis-su-pedalais-cenk\/#breadcrumb","itemListElement":[{"@type":"ListItem","position":1,"name":"Home","item":"https:\/\/toys.lt\/lv\/"},{"@type":"ListItem","position":2,"name":"Veikals","item":"https:\/\/toys.lt\/lv\/shop\/"},{"@type":"ListItem","position":3,"name":"Pilsan vaiki\u0161kas keturratis su pedalais &#8220;Cenk&#8221;"}]},{"@type":"WebSite","@id":"https:\/\/toys.lt\/lv\/#website","url":"https:\/\/toys.lt\/lv\/","name":"Toys.lt","description":"","potentialAction":[{"@type":"SearchAction","target":{"@type":"EntryPoint","urlTemplate":"https:\/\/toys.lt\/lv\/?s={search_term_string}"},"query-input":{"@type":"PropertyValueSpecification","valueRequired":true,"valueName":"search_term_string"}}],"inLanguage":"lv-LV"}]}},"_links":{"self":[{"href":"https:\/\/toys.lt\/lv\/wp-json\/wp\/v2\/product\/27382","targetHints":{"allow":["GET"]}}],"collection":[{"href":"https:\/\/toys.lt\/lv\/wp-json\/wp\/v2\/product"}],"about":[{"href":"https:\/\/toys.lt\/lv\/wp-json\/wp\/v2\/types\/product"}],"replies":[{"embeddable":true,"href":"https:\/\/toys.lt\/lv\/wp-json\/wp\/v2\/comments?post=27382"}],"version-history":[{"count":1,"href":"https:\/\/toys.lt\/lv\/wp-json\/wp\/v2\/product\/27382\/revisions"}],"predecessor-version":[{"id":32859,"href":"https:\/\/toys.lt\/lv\/wp-json\/wp\/v2\/product\/27382\/revisions\/32859"}],"wp:featuredmedia":[{"embeddable":true,"href":"https:\/\/toys.lt\/lv\/wp-json\/wp\/v2\/media\/27386"}],"wp:attachment":[{"href":"https:\/\/toys.lt\/lv\/wp-json\/wp\/v2\/media?parent=27382"}],"wp:term":[{"taxonomy":"product_brand","embeddable":true,"href":"https:\/\/toys.lt\/lv\/wp-json\/wp\/v2\/product_brand?post=27382"},{"taxonomy":"product_cat","embeddable":true,"href":"https:\/\/toys.lt\/lv\/wp-json\/wp\/v2\/product_cat?post=27382"},{"taxonomy":"product_tag","embeddable":true,"href":"https:\/\/toys.lt\/lv\/wp-json\/wp\/v2\/product_tag?post=27382"}],"curies":[{"name":"wp","href":"https:\/\/api.w.org\/{rel}","templated":true}]}}