{"id":27365,"date":"2020-06-22T13:07:58","date_gmt":"2020-06-22T13:07:58","guid":{"rendered":"https:\/\/toys.lt\/?post_type=product&#038;p=27365"},"modified":"2026-04-06T00:30:16","modified_gmt":"2026-04-06T00:30:16","slug":"pilsan-sokliukas-kudikiams-hoppala","status":"publish","type":"product","link":"https:\/\/toys.lt\/lv\/produktas\/pilsan-sokliukas-kudikiams-hoppala\/","title":{"rendered":"Pilsan \u0161okliukas k\u016bdikiams &#8220;Hoppala&#8221;"},"content":{"rendered":"<p><strong>Savyb\u0117s:<\/strong><\/p>\n<ul style=\"list-style-type: square;\">\n<li>Maksimalus svoris: 12 kg<\/li>\n<li>Ergonomi\u0161kas s\u0117dyn\u0117s u\u017evalkalas<\/li>\n<li>I\u0161bandyta spyruokl\u0117 ir dir\u017eas<\/li>\n<li>Maksimalus visas \u0161okliuko auk\u0161tis 2 metrai<\/li>\n<li>I\u0161bandyta kablio u\u017erakto sistema<\/li>\n<li>Reguliuojamas auk\u0161tis<\/li>\n<li>Lengvas montavimas ant dur\u0173<\/li>\n<li>Dur\u0173 sienos storis tur\u0117t\u0173 b\u016bti 10 cm \u201317 cm<\/li>\n<li>\u017daliava, tinkama vaik\u0173 sveikatai, be kancerogenini\u0173 med\u017eiag\u0173<\/li>\n<li>\u0422urk\u0173 &#8220;Pilsan&#8221; \u017eaislai yra i\u0161skirti auk\u0161ta kokybe<\/li>\n<\/ul>\n","protected":false},"excerpt":{"rendered":"<p>Prek\u0117s tipas: \u0161okliukas<\/p>\n<p>Kilm\u0117s \u0161alis: Turkija<\/p>\n<p>Prek\u0117s \u017eenklas: Pilsan<\/p>\n<p>Pakuot\u0117s i\u0161matavimai:\u00a018 x 12 x 45 cm<\/p>\n<p>Produkto i\u0161matavimai: 42 x 6,5 x 200 cm<\/p>\n<p>Svoris: 1,28 kg<\/p>\n<p>Rekomenduojamas am\u017eius: nuo\u00a06 m\u0117nesi\u0173<\/p>\n","protected":false},"featured_media":27366,"comment_status":"open","ping_status":"closed","template":"","meta":[],"product_brand":[],"product_cat":[397],"product_tag":[],"class_list":{"0":"post-27365","1":"product","2":"type-product","3":"status-publish","4":"has-post-thumbnail","6":"product_cat-zaislai-mazyliams","7":"pa_amziaus-grupe-79","8":"pa_prekes-zenklas-pilsan","10":"first","11":"outofstock","12":"taxable","13":"shipping-taxable","14":"purchasable","15":"product-type-simple"},"yoast_head":"<!-- This site is optimized with the Yoast SEO plugin v26.3 - https:\/\/yoast.com\/wordpress\/plugins\/seo\/ -->\n<title>Pilsan \u0161okliukas k\u016bdikiams &quot;Hoppala&quot; - Toys.lt<\/title>\n<meta name=\"robots\" content=\"index, follow, max-snippet:-1, max-image-preview:large, max-video-preview:-1\" \/>\n<link rel=\"canonical\" href=\"https:\/\/toys.lt\/lv\/produktas\/pilsan-sokliukas-kudikiams-hoppala\/\" \/>\n<meta property=\"og:locale\" content=\"lv_LV\" \/>\n<meta property=\"og:type\" content=\"article\" \/>\n<meta property=\"og:title\" content=\"Pilsan \u0161okliukas k\u016bdikiams &quot;Hoppala&quot; - Toys.lt\" \/>\n<meta property=\"og:description\" content=\"Prek\u0117s tipas: \u0161okliukas  Kilm\u0117s \u0161alis: Turkija  Prek\u0117s \u017eenklas: Pilsan  Pakuot\u0117s i\u0161matavimai:\u00a018 x 12 x 45 cm  Produkto i\u0161matavimai: 42 x 6,5 x 200 cm  Svoris: 1,28 kg  Rekomenduojamas am\u017eius: nuo\u00a06 m\u0117nesi\u0173\" \/>\n<meta property=\"og:url\" content=\"https:\/\/toys.lt\/lv\/produktas\/pilsan-sokliukas-kudikiams-hoppala\/\" \/>\n<meta property=\"og:site_name\" content=\"Toys.lt\" \/>\n<meta property=\"article:modified_time\" content=\"2026-04-06T00:30:16+00:00\" \/>\n<meta property=\"og:image\" content=\"https:\/\/toys.lt\/wp-content\/uploads\/2020\/06\/products-1204.jpg\" \/>\n\t<meta property=\"og:image:width\" content=\"1024\" \/>\n\t<meta property=\"og:image:height\" content=\"768\" \/>\n\t<meta property=\"og:image:type\" content=\"image\/jpeg\" \/>\n<meta name=\"twitter:card\" content=\"summary_large_image\" \/>\n<meta name=\"twitter:label1\" content=\"Est. reading time\" \/>\n\t<meta name=\"twitter:data1\" content=\"1 minute\" \/>\n<script type=\"application\/ld+json\" class=\"yoast-schema-graph\">{\"@context\":\"https:\/\/schema.org\",\"@graph\":[{\"@type\":\"WebPage\",\"@id\":\"https:\/\/toys.lt\/lv\/produktas\/pilsan-sokliukas-kudikiams-hoppala\/\",\"url\":\"https:\/\/toys.lt\/lv\/produktas\/pilsan-sokliukas-kudikiams-hoppala\/\",\"name\":\"Pilsan \u0161okliukas k\u016bdikiams \\\"Hoppala\\\" - Toys.lt\",\"isPartOf\":{\"@id\":\"https:\/\/toys.lt\/lv\/#website\"},\"primaryImageOfPage\":{\"@id\":\"https:\/\/toys.lt\/lv\/produktas\/pilsan-sokliukas-kudikiams-hoppala\/#primaryimage\"},\"image\":{\"@id\":\"https:\/\/toys.lt\/lv\/produktas\/pilsan-sokliukas-kudikiams-hoppala\/#primaryimage\"},\"thumbnailUrl\":\"https:\/\/toys.lt\/wp-content\/uploads\/2020\/06\/products-1204.jpg\",\"datePublished\":\"2020-06-22T13:07:58+00:00\",\"dateModified\":\"2026-04-06T00:30:16+00:00\",\"breadcrumb\":{\"@id\":\"https:\/\/toys.lt\/lv\/produktas\/pilsan-sokliukas-kudikiams-hoppala\/#breadcrumb\"},\"inLanguage\":\"lv-LV\",\"potentialAction\":[{\"@type\":\"ReadAction\",\"target\":[\"https:\/\/toys.lt\/lv\/produktas\/pilsan-sokliukas-kudikiams-hoppala\/\"]}]},{\"@type\":\"ImageObject\",\"inLanguage\":\"lv-LV\",\"@id\":\"https:\/\/toys.lt\/lv\/produktas\/pilsan-sokliukas-kudikiams-hoppala\/#primaryimage\",\"url\":\"https:\/\/toys.lt\/wp-content\/uploads\/2020\/06\/products-1204.jpg\",\"contentUrl\":\"https:\/\/toys.lt\/wp-content\/uploads\/2020\/06\/products-1204.jpg\",\"width\":1024,\"height\":768,\"caption\":\"Pilsan \u0161okliukas k\u016bdikiams &#8220;Hoppala&#8221;\"},{\"@type\":\"BreadcrumbList\",\"@id\":\"https:\/\/toys.lt\/lv\/produktas\/pilsan-sokliukas-kudikiams-hoppala\/#breadcrumb\",\"itemListElement\":[{\"@type\":\"ListItem\",\"position\":1,\"name\":\"Home\",\"item\":\"https:\/\/toys.lt\/lv\/\"},{\"@type\":\"ListItem\",\"position\":2,\"name\":\"Veikals\",\"item\":\"https:\/\/toys.lt\/lv\/shop\/\"},{\"@type\":\"ListItem\",\"position\":3,\"name\":\"Pilsan \u0161okliukas k\u016bdikiams &#8220;Hoppala&#8221;\"}]},{\"@type\":\"WebSite\",\"@id\":\"https:\/\/toys.lt\/lv\/#website\",\"url\":\"https:\/\/toys.lt\/lv\/\",\"name\":\"Toys.lt\",\"description\":\"\",\"potentialAction\":[{\"@type\":\"SearchAction\",\"target\":{\"@type\":\"EntryPoint\",\"urlTemplate\":\"https:\/\/toys.lt\/lv\/?s={search_term_string}\"},\"query-input\":{\"@type\":\"PropertyValueSpecification\",\"valueRequired\":true,\"valueName\":\"search_term_string\"}}],\"inLanguage\":\"lv-LV\"}]}<\/script>\n<!-- \/ Yoast SEO plugin. -->","yoast_head_json":{"title":"Pilsan \u0161okliukas k\u016bdikiams \"Hoppala\" - Toys.lt","robots":{"index":"index","follow":"follow","max-snippet":"max-snippet:-1","max-image-preview":"max-image-preview:large","max-video-preview":"max-video-preview:-1"},"canonical":"https:\/\/toys.lt\/lv\/produktas\/pilsan-sokliukas-kudikiams-hoppala\/","og_locale":"lv_LV","og_type":"article","og_title":"Pilsan \u0161okliukas k\u016bdikiams \"Hoppala\" - Toys.lt","og_description":"Prek\u0117s tipas: \u0161okliukas  Kilm\u0117s \u0161alis: Turkija  Prek\u0117s \u017eenklas: Pilsan  Pakuot\u0117s i\u0161matavimai:\u00a018 x 12 x 45 cm  Produkto i\u0161matavimai: 42 x 6,5 x 200 cm  Svoris: 1,28 kg  Rekomenduojamas am\u017eius: nuo\u00a06 m\u0117nesi\u0173","og_url":"https:\/\/toys.lt\/lv\/produktas\/pilsan-sokliukas-kudikiams-hoppala\/","og_site_name":"Toys.lt","article_modified_time":"2026-04-06T00:30:16+00:00","og_image":[{"width":1024,"height":768,"url":"https:\/\/toys.lt\/wp-content\/uploads\/2020\/06\/products-1204.jpg","type":"image\/jpeg"}],"twitter_card":"summary_large_image","twitter_misc":{"Est. reading time":"1 minute"},"schema":{"@context":"https:\/\/schema.org","@graph":[{"@type":"WebPage","@id":"https:\/\/toys.lt\/lv\/produktas\/pilsan-sokliukas-kudikiams-hoppala\/","url":"https:\/\/toys.lt\/lv\/produktas\/pilsan-sokliukas-kudikiams-hoppala\/","name":"Pilsan \u0161okliukas k\u016bdikiams \"Hoppala\" - Toys.lt","isPartOf":{"@id":"https:\/\/toys.lt\/lv\/#website"},"primaryImageOfPage":{"@id":"https:\/\/toys.lt\/lv\/produktas\/pilsan-sokliukas-kudikiams-hoppala\/#primaryimage"},"image":{"@id":"https:\/\/toys.lt\/lv\/produktas\/pilsan-sokliukas-kudikiams-hoppala\/#primaryimage"},"thumbnailUrl":"https:\/\/toys.lt\/wp-content\/uploads\/2020\/06\/products-1204.jpg","datePublished":"2020-06-22T13:07:58+00:00","dateModified":"2026-04-06T00:30:16+00:00","breadcrumb":{"@id":"https:\/\/toys.lt\/lv\/produktas\/pilsan-sokliukas-kudikiams-hoppala\/#breadcrumb"},"inLanguage":"lv-LV","potentialAction":[{"@type":"ReadAction","target":["https:\/\/toys.lt\/lv\/produktas\/pilsan-sokliukas-kudikiams-hoppala\/"]}]},{"@type":"ImageObject","inLanguage":"lv-LV","@id":"https:\/\/toys.lt\/lv\/produktas\/pilsan-sokliukas-kudikiams-hoppala\/#primaryimage","url":"https:\/\/toys.lt\/wp-content\/uploads\/2020\/06\/products-1204.jpg","contentUrl":"https:\/\/toys.lt\/wp-content\/uploads\/2020\/06\/products-1204.jpg","width":1024,"height":768,"caption":"Pilsan \u0161okliukas k\u016bdikiams &#8220;Hoppala&#8221;"},{"@type":"BreadcrumbList","@id":"https:\/\/toys.lt\/lv\/produktas\/pilsan-sokliukas-kudikiams-hoppala\/#breadcrumb","itemListElement":[{"@type":"ListItem","position":1,"name":"Home","item":"https:\/\/toys.lt\/lv\/"},{"@type":"ListItem","position":2,"name":"Veikals","item":"https:\/\/toys.lt\/lv\/shop\/"},{"@type":"ListItem","position":3,"name":"Pilsan \u0161okliukas k\u016bdikiams &#8220;Hoppala&#8221;"}]},{"@type":"WebSite","@id":"https:\/\/toys.lt\/lv\/#website","url":"https:\/\/toys.lt\/lv\/","name":"Toys.lt","description":"","potentialAction":[{"@type":"SearchAction","target":{"@type":"EntryPoint","urlTemplate":"https:\/\/toys.lt\/lv\/?s={search_term_string}"},"query-input":{"@type":"PropertyValueSpecification","valueRequired":true,"valueName":"search_term_string"}}],"inLanguage":"lv-LV"}]}},"_links":{"self":[{"href":"https:\/\/toys.lt\/lv\/wp-json\/wp\/v2\/product\/27365","targetHints":{"allow":["GET"]}}],"collection":[{"href":"https:\/\/toys.lt\/lv\/wp-json\/wp\/v2\/product"}],"about":[{"href":"https:\/\/toys.lt\/lv\/wp-json\/wp\/v2\/types\/product"}],"replies":[{"embeddable":true,"href":"https:\/\/toys.lt\/lv\/wp-json\/wp\/v2\/comments?post=27365"}],"version-history":[{"count":1,"href":"https:\/\/toys.lt\/lv\/wp-json\/wp\/v2\/product\/27365\/revisions"}],"predecessor-version":[{"id":32856,"href":"https:\/\/toys.lt\/lv\/wp-json\/wp\/v2\/product\/27365\/revisions\/32856"}],"wp:featuredmedia":[{"embeddable":true,"href":"https:\/\/toys.lt\/lv\/wp-json\/wp\/v2\/media\/27366"}],"wp:attachment":[{"href":"https:\/\/toys.lt\/lv\/wp-json\/wp\/v2\/media?parent=27365"}],"wp:term":[{"taxonomy":"product_brand","embeddable":true,"href":"https:\/\/toys.lt\/lv\/wp-json\/wp\/v2\/product_brand?post=27365"},{"taxonomy":"product_cat","embeddable":true,"href":"https:\/\/toys.lt\/lv\/wp-json\/wp\/v2\/product_cat?post=27365"},{"taxonomy":"product_tag","embeddable":true,"href":"https:\/\/toys.lt\/lv\/wp-json\/wp\/v2\/product_tag?post=27365"}],"curies":[{"name":"wp","href":"https:\/\/api.w.org\/{rel}","templated":true}]}}