{"id":27321,"date":"2020-06-22T10:43:16","date_gmt":"2020-06-22T10:43:16","guid":{"rendered":"https:\/\/toys.lt\/?post_type=product&#038;p=27321"},"modified":"2026-04-06T00:30:15","modified_gmt":"2026-04-06T00:30:15","slug":"pilsan-vaikiskas-triratukas-smart-bike","status":"publish","type":"product","link":"https:\/\/toys.lt\/lv\/produktas\/pilsan-vaikiskas-triratukas-smart-bike\/","title":{"rendered":"Pilsan vaiki\u0161kas triratukas &#8220;Smart Bike&#8221;"},"content":{"rendered":"<p><strong>Savyb\u0117s:<\/strong><\/p>\n<ul style=\"list-style-type:square\">\n<li>Maksimalus svoris: 35 kg<\/li>\n<li>Triratukas su pedalais<\/li>\n<li>Patentuota rat\u0173 u\u017erakinimo sistema<\/li>\n<li>Signalo mygtukas<\/li>\n<li>Eleganti\u0161kas ir ergonomi\u0161kas dizainas<\/li>\n<li style=\"margin:0px;padding:0px;font:inherit;border:0px\">\u017daliava, tinkama vaik\u0173 sveikatai, be kancerogenini\u0173 med\u017eiag\u0173<\/li>\n<li style=\"margin:0px;padding:0px;font:inherit;border:0px\">\u0422urk\u0173 &#8220;Pilsan&#8221; \u017eaislai yra i\u0161skirti auk\u0161ta kokybe<\/li>\n<\/ul>\n","protected":false},"excerpt":{"rendered":"<p>Prek\u0117s tipas:\u00a0jud\u0117jimo priemon\u0117<\/p>\n<p>Kilm\u0117s \u0161alis: Turkija<\/p>\n<p>Prek\u0117s \u017eenklas: Pilsan<\/p>\n<p>Pakuot\u0117s i\u0161matavimai:\u00a051 x 25 x 37,5 cm<\/p>\n<p>Produkto\u00a0i\u0161matavimai: 59 x 46 x 48 cm<\/p>\n<p>Svoris: 3,38 kg<\/p>\n<p>Rekomenduojamas am\u017eius: nuo 3 met\u0173<\/p>\n","protected":false},"featured_media":27322,"comment_status":"open","ping_status":"open","template":"","meta":[],"product_brand":[],"product_cat":[418,402,415],"product_tag":[],"class_list":{"0":"post-27321","1":"product","2":"type-product","3":"status-publish","4":"has-post-thumbnail","6":"product_cat-pigu","7":"product_cat-lauko-ir-vasaros-zaislai-2","8":"product_cat-paspirtukai-triratukai-motociklai-keturraciai-2","9":"pa_amziaus-grupe-76","10":"pa_prek-s-tipas-triratukai-2","11":"pa_prekes-zenklas-pilsan","13":"first","14":"outofstock","15":"taxable","16":"shipping-taxable","17":"purchasable","18":"product-type-simple"},"yoast_head":"<!-- This site is optimized with the Yoast SEO plugin v26.3 - https:\/\/yoast.com\/wordpress\/plugins\/seo\/ -->\n<title>Pilsan vaiki\u0161kas triratukas &quot;Smart Bike&quot; - Toys.lt<\/title>\n<meta name=\"robots\" content=\"index, follow, max-snippet:-1, max-image-preview:large, max-video-preview:-1\" \/>\n<link rel=\"canonical\" href=\"https:\/\/toys.lt\/lv\/produktas\/pilsan-vaikiskas-triratukas-smart-bike\/\" \/>\n<meta property=\"og:locale\" content=\"lv_LV\" \/>\n<meta property=\"og:type\" content=\"article\" \/>\n<meta property=\"og:title\" content=\"Pilsan vaiki\u0161kas triratukas &quot;Smart Bike&quot; - Toys.lt\" \/>\n<meta property=\"og:description\" content=\"Prek\u0117s tipas:\u00a0jud\u0117jimo priemon\u0117 Kilm\u0117s \u0161alis: Turkija Prek\u0117s \u017eenklas: Pilsan Pakuot\u0117s i\u0161matavimai:\u00a051 x 25 x 37,5 cm Produkto\u00a0i\u0161matavimai: 59 x 46 x 48 cm Svoris: 3,38 kg Rekomenduojamas am\u017eius: nuo 3 met\u0173\" \/>\n<meta property=\"og:url\" content=\"https:\/\/toys.lt\/lv\/produktas\/pilsan-vaikiskas-triratukas-smart-bike\/\" \/>\n<meta property=\"og:site_name\" content=\"Toys.lt\" \/>\n<meta property=\"article:modified_time\" content=\"2026-04-06T00:30:15+00:00\" \/>\n<meta property=\"og:image\" content=\"https:\/\/toys.lt\/wp-content\/uploads\/2020\/06\/products-1182-1300x800.jpg\" \/>\n\t<meta property=\"og:image:width\" content=\"1300\" \/>\n\t<meta property=\"og:image:height\" content=\"800\" \/>\n\t<meta property=\"og:image:type\" content=\"image\/jpeg\" \/>\n<meta name=\"twitter:card\" content=\"summary_large_image\" \/>\n<script type=\"application\/ld+json\" class=\"yoast-schema-graph\">{\"@context\":\"https:\/\/schema.org\",\"@graph\":[{\"@type\":\"WebPage\",\"@id\":\"https:\/\/toys.lt\/lv\/produktas\/pilsan-vaikiskas-triratukas-smart-bike\/\",\"url\":\"https:\/\/toys.lt\/lv\/produktas\/pilsan-vaikiskas-triratukas-smart-bike\/\",\"name\":\"Pilsan vaiki\u0161kas triratukas \\\"Smart Bike\\\" - Toys.lt\",\"isPartOf\":{\"@id\":\"https:\/\/toys.lt\/lv\/#website\"},\"primaryImageOfPage\":{\"@id\":\"https:\/\/toys.lt\/lv\/produktas\/pilsan-vaikiskas-triratukas-smart-bike\/#primaryimage\"},\"image\":{\"@id\":\"https:\/\/toys.lt\/lv\/produktas\/pilsan-vaikiskas-triratukas-smart-bike\/#primaryimage\"},\"thumbnailUrl\":\"https:\/\/toys.lt\/wp-content\/uploads\/2020\/06\/products-1182.jpg\",\"datePublished\":\"2020-06-22T10:43:16+00:00\",\"dateModified\":\"2026-04-06T00:30:15+00:00\",\"breadcrumb\":{\"@id\":\"https:\/\/toys.lt\/lv\/produktas\/pilsan-vaikiskas-triratukas-smart-bike\/#breadcrumb\"},\"inLanguage\":\"lv-LV\",\"potentialAction\":[{\"@type\":\"ReadAction\",\"target\":[\"https:\/\/toys.lt\/lv\/produktas\/pilsan-vaikiskas-triratukas-smart-bike\/\"]}]},{\"@type\":\"ImageObject\",\"inLanguage\":\"lv-LV\",\"@id\":\"https:\/\/toys.lt\/lv\/produktas\/pilsan-vaikiskas-triratukas-smart-bike\/#primaryimage\",\"url\":\"https:\/\/toys.lt\/wp-content\/uploads\/2020\/06\/products-1182.jpg\",\"contentUrl\":\"https:\/\/toys.lt\/wp-content\/uploads\/2020\/06\/products-1182.jpg\",\"width\":1080,\"height\":1080,\"caption\":\"Pilsan vaiki\u0161kas triratukas &#8220;Smart Bike&#8221;\"},{\"@type\":\"BreadcrumbList\",\"@id\":\"https:\/\/toys.lt\/lv\/produktas\/pilsan-vaikiskas-triratukas-smart-bike\/#breadcrumb\",\"itemListElement\":[{\"@type\":\"ListItem\",\"position\":1,\"name\":\"Home\",\"item\":\"https:\/\/toys.lt\/lv\/\"},{\"@type\":\"ListItem\",\"position\":2,\"name\":\"Veikals\",\"item\":\"https:\/\/toys.lt\/lv\/shop\/\"},{\"@type\":\"ListItem\",\"position\":3,\"name\":\"Pilsan vaiki\u0161kas triratukas &#8222;Smart Bike&#8221;\"}]},{\"@type\":\"WebSite\",\"@id\":\"https:\/\/toys.lt\/lv\/#website\",\"url\":\"https:\/\/toys.lt\/lv\/\",\"name\":\"Toys.lt\",\"description\":\"\",\"potentialAction\":[{\"@type\":\"SearchAction\",\"target\":{\"@type\":\"EntryPoint\",\"urlTemplate\":\"https:\/\/toys.lt\/lv\/?s={search_term_string}\"},\"query-input\":{\"@type\":\"PropertyValueSpecification\",\"valueRequired\":true,\"valueName\":\"search_term_string\"}}],\"inLanguage\":\"lv-LV\"}]}<\/script>\n<!-- \/ Yoast SEO plugin. -->","yoast_head_json":{"title":"Pilsan vaiki\u0161kas triratukas \"Smart Bike\" - Toys.lt","robots":{"index":"index","follow":"follow","max-snippet":"max-snippet:-1","max-image-preview":"max-image-preview:large","max-video-preview":"max-video-preview:-1"},"canonical":"https:\/\/toys.lt\/lv\/produktas\/pilsan-vaikiskas-triratukas-smart-bike\/","og_locale":"lv_LV","og_type":"article","og_title":"Pilsan vaiki\u0161kas triratukas \"Smart Bike\" - Toys.lt","og_description":"Prek\u0117s tipas:\u00a0jud\u0117jimo priemon\u0117 Kilm\u0117s \u0161alis: Turkija Prek\u0117s \u017eenklas: Pilsan Pakuot\u0117s i\u0161matavimai:\u00a051 x 25 x 37,5 cm Produkto\u00a0i\u0161matavimai: 59 x 46 x 48 cm Svoris: 3,38 kg Rekomenduojamas am\u017eius: nuo 3 met\u0173","og_url":"https:\/\/toys.lt\/lv\/produktas\/pilsan-vaikiskas-triratukas-smart-bike\/","og_site_name":"Toys.lt","article_modified_time":"2026-04-06T00:30:15+00:00","og_image":[{"width":1300,"height":800,"url":"https:\/\/toys.lt\/wp-content\/uploads\/2020\/06\/products-1182-1300x800.jpg","type":"image\/jpeg"}],"twitter_card":"summary_large_image","schema":{"@context":"https:\/\/schema.org","@graph":[{"@type":"WebPage","@id":"https:\/\/toys.lt\/lv\/produktas\/pilsan-vaikiskas-triratukas-smart-bike\/","url":"https:\/\/toys.lt\/lv\/produktas\/pilsan-vaikiskas-triratukas-smart-bike\/","name":"Pilsan vaiki\u0161kas triratukas \"Smart Bike\" - Toys.lt","isPartOf":{"@id":"https:\/\/toys.lt\/lv\/#website"},"primaryImageOfPage":{"@id":"https:\/\/toys.lt\/lv\/produktas\/pilsan-vaikiskas-triratukas-smart-bike\/#primaryimage"},"image":{"@id":"https:\/\/toys.lt\/lv\/produktas\/pilsan-vaikiskas-triratukas-smart-bike\/#primaryimage"},"thumbnailUrl":"https:\/\/toys.lt\/wp-content\/uploads\/2020\/06\/products-1182.jpg","datePublished":"2020-06-22T10:43:16+00:00","dateModified":"2026-04-06T00:30:15+00:00","breadcrumb":{"@id":"https:\/\/toys.lt\/lv\/produktas\/pilsan-vaikiskas-triratukas-smart-bike\/#breadcrumb"},"inLanguage":"lv-LV","potentialAction":[{"@type":"ReadAction","target":["https:\/\/toys.lt\/lv\/produktas\/pilsan-vaikiskas-triratukas-smart-bike\/"]}]},{"@type":"ImageObject","inLanguage":"lv-LV","@id":"https:\/\/toys.lt\/lv\/produktas\/pilsan-vaikiskas-triratukas-smart-bike\/#primaryimage","url":"https:\/\/toys.lt\/wp-content\/uploads\/2020\/06\/products-1182.jpg","contentUrl":"https:\/\/toys.lt\/wp-content\/uploads\/2020\/06\/products-1182.jpg","width":1080,"height":1080,"caption":"Pilsan vaiki\u0161kas triratukas &#8220;Smart Bike&#8221;"},{"@type":"BreadcrumbList","@id":"https:\/\/toys.lt\/lv\/produktas\/pilsan-vaikiskas-triratukas-smart-bike\/#breadcrumb","itemListElement":[{"@type":"ListItem","position":1,"name":"Home","item":"https:\/\/toys.lt\/lv\/"},{"@type":"ListItem","position":2,"name":"Veikals","item":"https:\/\/toys.lt\/lv\/shop\/"},{"@type":"ListItem","position":3,"name":"Pilsan vaiki\u0161kas triratukas &#8222;Smart Bike&#8221;"}]},{"@type":"WebSite","@id":"https:\/\/toys.lt\/lv\/#website","url":"https:\/\/toys.lt\/lv\/","name":"Toys.lt","description":"","potentialAction":[{"@type":"SearchAction","target":{"@type":"EntryPoint","urlTemplate":"https:\/\/toys.lt\/lv\/?s={search_term_string}"},"query-input":{"@type":"PropertyValueSpecification","valueRequired":true,"valueName":"search_term_string"}}],"inLanguage":"lv-LV"}]}},"_links":{"self":[{"href":"https:\/\/toys.lt\/lv\/wp-json\/wp\/v2\/product\/27321","targetHints":{"allow":["GET"]}}],"collection":[{"href":"https:\/\/toys.lt\/lv\/wp-json\/wp\/v2\/product"}],"about":[{"href":"https:\/\/toys.lt\/lv\/wp-json\/wp\/v2\/types\/product"}],"replies":[{"embeddable":true,"href":"https:\/\/toys.lt\/lv\/wp-json\/wp\/v2\/comments?post=27321"}],"version-history":[{"count":1,"href":"https:\/\/toys.lt\/lv\/wp-json\/wp\/v2\/product\/27321\/revisions"}],"predecessor-version":[{"id":34407,"href":"https:\/\/toys.lt\/lv\/wp-json\/wp\/v2\/product\/27321\/revisions\/34407"}],"wp:featuredmedia":[{"embeddable":true,"href":"https:\/\/toys.lt\/lv\/wp-json\/wp\/v2\/media\/27322"}],"wp:attachment":[{"href":"https:\/\/toys.lt\/lv\/wp-json\/wp\/v2\/media?parent=27321"}],"wp:term":[{"taxonomy":"product_brand","embeddable":true,"href":"https:\/\/toys.lt\/lv\/wp-json\/wp\/v2\/product_brand?post=27321"},{"taxonomy":"product_cat","embeddable":true,"href":"https:\/\/toys.lt\/lv\/wp-json\/wp\/v2\/product_cat?post=27321"},{"taxonomy":"product_tag","embeddable":true,"href":"https:\/\/toys.lt\/lv\/wp-json\/wp\/v2\/product_tag?post=27321"}],"curies":[{"name":"wp","href":"https:\/\/api.w.org\/{rel}","templated":true}]}}