{"id":27303,"date":"2020-06-22T09:49:09","date_gmt":"2020-06-22T09:49:09","guid":{"rendered":"https:\/\/toys.lt\/?post_type=product&#038;p=27303"},"modified":"2026-04-23T18:12:58","modified_gmt":"2026-04-23T18:12:58","slug":"pilsan-vaikiskas-namelis-su-ciuozykla","status":"publish","type":"product","link":"https:\/\/toys.lt\/lv\/produktas\/pilsan-vaikiskas-namelis-su-ciuozykla\/","title":{"rendered":"Pilsan vaiki\u0161kas namelis su \u010diuo\u017eykla"},"content":{"rendered":"<p><strong>Savyb\u0117s:<\/strong><\/p>\n<ul style=\"list-style-type:square;\">\n<li>Maksimalus svoris: 25 kg<\/li>\n<li>Lengvas montavimas be var\u017et\u0173 ir \u012franki\u0173<\/li>\n<li>Patvarus ir saugus<\/li>\n<li>Galimyb\u0117 naudoti atvirose ir u\u017edarose vietose<\/li>\n<li>Eleganti\u0161kas ir ergonomi\u0161kas dizainas<\/li>\n<li>\u017daliava, tinkama vaik\u0173 sveikatai, be kancerogenini\u0173 med\u017eiag\u0173<\/li>\n<li>\u0422urk\u0173 &#8220;Pilsan&#8221; \u017eaislai yra i\u0161skirti auk\u0161ta kokybe<\/li>\n<\/ul>\n","protected":false},"excerpt":{"rendered":"<p>Prek\u0117s tipas:\u00a0namelis su \u010diuo\u017eykla<\/p>\n<p>Kilm\u0117s \u0161alis: Turkija<\/p>\n<p>Prek\u0117s \u017eenklas: Pilsan<\/p>\n<p>Pakuot\u0117s i\u0161matavimai: 130 x 70 x 70,5 cm<\/p>\n<p>Produkto i\u0161matavimai: 252 x 112 x 131 cm<\/p>\n<p>Svoris: 27,95 kg<\/p>\n<p>Rekomenduojamas am\u017eius: nuo 3 met\u0173<\/p>\n","protected":false},"featured_media":27304,"comment_status":"open","ping_status":"open","template":"","meta":[],"product_brand":[],"product_cat":[402,414,417],"product_tag":[],"class_list":{"0":"post-27303","1":"product","2":"type-product","3":"status-publish","4":"has-post-thumbnail","6":"product_cat-lauko-ir-vasaros-zaislai-2","7":"product_cat-supynes-ir-ciuozyklos","8":"product_cat-vaikiski-nameliai-2","9":"pa_prekes-zenklas-pilsan","11":"first","12":"outofstock","13":"sale","14":"taxable","15":"shipping-taxable","16":"purchasable","17":"product-type-simple"},"yoast_head":"<!-- This site is optimized with the Yoast SEO plugin v26.3 - https:\/\/yoast.com\/wordpress\/plugins\/seo\/ -->\n<title>Pilsan vaiki\u0161kas namelis su \u010diuo\u017eykla - Toys.lt<\/title>\n<meta name=\"robots\" content=\"index, follow, max-snippet:-1, max-image-preview:large, max-video-preview:-1\" \/>\n<link rel=\"canonical\" href=\"https:\/\/toys.lt\/lv\/produktas\/pilsan-vaikiskas-namelis-su-ciuozykla\/\" \/>\n<meta property=\"og:locale\" content=\"lv_LV\" \/>\n<meta property=\"og:type\" content=\"article\" \/>\n<meta property=\"og:title\" content=\"Pilsan vaiki\u0161kas namelis su \u010diuo\u017eykla - Toys.lt\" \/>\n<meta property=\"og:description\" content=\"Prek\u0117s tipas:\u00a0namelis su \u010diuo\u017eykla Kilm\u0117s \u0161alis: Turkija Prek\u0117s \u017eenklas: Pilsan Pakuot\u0117s i\u0161matavimai: 130 x 70 x 70,5 cm Produkto i\u0161matavimai: 252 x 112 x 131 cm Svoris: 27,95 kg Rekomenduojamas am\u017eius: nuo 3 met\u0173\" \/>\n<meta property=\"og:url\" content=\"https:\/\/toys.lt\/lv\/produktas\/pilsan-vaikiskas-namelis-su-ciuozykla\/\" \/>\n<meta property=\"og:site_name\" content=\"Toys.lt\" \/>\n<meta property=\"article:modified_time\" content=\"2026-04-23T18:12:58+00:00\" \/>\n<meta property=\"og:image\" content=\"https:\/\/toys.lt\/wp-content\/uploads\/2020\/06\/products-1171.jpg\" \/>\n\t<meta property=\"og:image:width\" content=\"800\" \/>\n\t<meta property=\"og:image:height\" content=\"800\" \/>\n\t<meta property=\"og:image:type\" content=\"image\/jpeg\" \/>\n<meta name=\"twitter:card\" content=\"summary_large_image\" \/>\n<script type=\"application\/ld+json\" class=\"yoast-schema-graph\">{\"@context\":\"https:\/\/schema.org\",\"@graph\":[{\"@type\":\"WebPage\",\"@id\":\"https:\/\/toys.lt\/lv\/produktas\/pilsan-vaikiskas-namelis-su-ciuozykla\/\",\"url\":\"https:\/\/toys.lt\/lv\/produktas\/pilsan-vaikiskas-namelis-su-ciuozykla\/\",\"name\":\"Pilsan vaiki\u0161kas namelis su \u010diuo\u017eykla - Toys.lt\",\"isPartOf\":{\"@id\":\"https:\/\/toys.lt\/lv\/#website\"},\"primaryImageOfPage\":{\"@id\":\"https:\/\/toys.lt\/lv\/produktas\/pilsan-vaikiskas-namelis-su-ciuozykla\/#primaryimage\"},\"image\":{\"@id\":\"https:\/\/toys.lt\/lv\/produktas\/pilsan-vaikiskas-namelis-su-ciuozykla\/#primaryimage\"},\"thumbnailUrl\":\"https:\/\/toys.lt\/wp-content\/uploads\/2020\/06\/products-1171.jpg\",\"datePublished\":\"2020-06-22T09:49:09+00:00\",\"dateModified\":\"2026-04-23T18:12:58+00:00\",\"breadcrumb\":{\"@id\":\"https:\/\/toys.lt\/lv\/produktas\/pilsan-vaikiskas-namelis-su-ciuozykla\/#breadcrumb\"},\"inLanguage\":\"lv-LV\",\"potentialAction\":[{\"@type\":\"ReadAction\",\"target\":[\"https:\/\/toys.lt\/lv\/produktas\/pilsan-vaikiskas-namelis-su-ciuozykla\/\"]}]},{\"@type\":\"ImageObject\",\"inLanguage\":\"lv-LV\",\"@id\":\"https:\/\/toys.lt\/lv\/produktas\/pilsan-vaikiskas-namelis-su-ciuozykla\/#primaryimage\",\"url\":\"https:\/\/toys.lt\/wp-content\/uploads\/2020\/06\/products-1171.jpg\",\"contentUrl\":\"https:\/\/toys.lt\/wp-content\/uploads\/2020\/06\/products-1171.jpg\",\"width\":1080,\"height\":1080,\"caption\":\"Pilsan vaiki\u0161kas namelis su \u010diuo\u017eykla\"},{\"@type\":\"BreadcrumbList\",\"@id\":\"https:\/\/toys.lt\/lv\/produktas\/pilsan-vaikiskas-namelis-su-ciuozykla\/#breadcrumb\",\"itemListElement\":[{\"@type\":\"ListItem\",\"position\":1,\"name\":\"Home\",\"item\":\"https:\/\/toys.lt\/lv\/\"},{\"@type\":\"ListItem\",\"position\":2,\"name\":\"Veikals\",\"item\":\"https:\/\/toys.lt\/lv\/shop\/\"},{\"@type\":\"ListItem\",\"position\":3,\"name\":\"Pilsan vaiki\u0161kas namelis su \u010diuo\u017eykla\"}]},{\"@type\":\"WebSite\",\"@id\":\"https:\/\/toys.lt\/lv\/#website\",\"url\":\"https:\/\/toys.lt\/lv\/\",\"name\":\"Toys.lt\",\"description\":\"\",\"potentialAction\":[{\"@type\":\"SearchAction\",\"target\":{\"@type\":\"EntryPoint\",\"urlTemplate\":\"https:\/\/toys.lt\/lv\/?s={search_term_string}\"},\"query-input\":{\"@type\":\"PropertyValueSpecification\",\"valueRequired\":true,\"valueName\":\"search_term_string\"}}],\"inLanguage\":\"lv-LV\"}]}<\/script>\n<!-- \/ Yoast SEO plugin. -->","yoast_head_json":{"title":"Pilsan vaiki\u0161kas namelis su \u010diuo\u017eykla - Toys.lt","robots":{"index":"index","follow":"follow","max-snippet":"max-snippet:-1","max-image-preview":"max-image-preview:large","max-video-preview":"max-video-preview:-1"},"canonical":"https:\/\/toys.lt\/lv\/produktas\/pilsan-vaikiskas-namelis-su-ciuozykla\/","og_locale":"lv_LV","og_type":"article","og_title":"Pilsan vaiki\u0161kas namelis su \u010diuo\u017eykla - Toys.lt","og_description":"Prek\u0117s tipas:\u00a0namelis su \u010diuo\u017eykla Kilm\u0117s \u0161alis: Turkija Prek\u0117s \u017eenklas: Pilsan Pakuot\u0117s i\u0161matavimai: 130 x 70 x 70,5 cm Produkto i\u0161matavimai: 252 x 112 x 131 cm Svoris: 27,95 kg Rekomenduojamas am\u017eius: nuo 3 met\u0173","og_url":"https:\/\/toys.lt\/lv\/produktas\/pilsan-vaikiskas-namelis-su-ciuozykla\/","og_site_name":"Toys.lt","article_modified_time":"2026-04-23T18:12:58+00:00","og_image":[{"url":"https:\/\/toys.lt\/wp-content\/uploads\/2020\/06\/products-1171.jpg","width":800,"height":800,"type":"image\/jpeg"}],"twitter_card":"summary_large_image","schema":{"@context":"https:\/\/schema.org","@graph":[{"@type":"WebPage","@id":"https:\/\/toys.lt\/lv\/produktas\/pilsan-vaikiskas-namelis-su-ciuozykla\/","url":"https:\/\/toys.lt\/lv\/produktas\/pilsan-vaikiskas-namelis-su-ciuozykla\/","name":"Pilsan vaiki\u0161kas namelis su \u010diuo\u017eykla - Toys.lt","isPartOf":{"@id":"https:\/\/toys.lt\/lv\/#website"},"primaryImageOfPage":{"@id":"https:\/\/toys.lt\/lv\/produktas\/pilsan-vaikiskas-namelis-su-ciuozykla\/#primaryimage"},"image":{"@id":"https:\/\/toys.lt\/lv\/produktas\/pilsan-vaikiskas-namelis-su-ciuozykla\/#primaryimage"},"thumbnailUrl":"https:\/\/toys.lt\/wp-content\/uploads\/2020\/06\/products-1171.jpg","datePublished":"2020-06-22T09:49:09+00:00","dateModified":"2026-04-23T18:12:58+00:00","breadcrumb":{"@id":"https:\/\/toys.lt\/lv\/produktas\/pilsan-vaikiskas-namelis-su-ciuozykla\/#breadcrumb"},"inLanguage":"lv-LV","potentialAction":[{"@type":"ReadAction","target":["https:\/\/toys.lt\/lv\/produktas\/pilsan-vaikiskas-namelis-su-ciuozykla\/"]}]},{"@type":"ImageObject","inLanguage":"lv-LV","@id":"https:\/\/toys.lt\/lv\/produktas\/pilsan-vaikiskas-namelis-su-ciuozykla\/#primaryimage","url":"https:\/\/toys.lt\/wp-content\/uploads\/2020\/06\/products-1171.jpg","contentUrl":"https:\/\/toys.lt\/wp-content\/uploads\/2020\/06\/products-1171.jpg","width":1080,"height":1080,"caption":"Pilsan vaiki\u0161kas namelis su \u010diuo\u017eykla"},{"@type":"BreadcrumbList","@id":"https:\/\/toys.lt\/lv\/produktas\/pilsan-vaikiskas-namelis-su-ciuozykla\/#breadcrumb","itemListElement":[{"@type":"ListItem","position":1,"name":"Home","item":"https:\/\/toys.lt\/lv\/"},{"@type":"ListItem","position":2,"name":"Veikals","item":"https:\/\/toys.lt\/lv\/shop\/"},{"@type":"ListItem","position":3,"name":"Pilsan vaiki\u0161kas namelis su \u010diuo\u017eykla"}]},{"@type":"WebSite","@id":"https:\/\/toys.lt\/lv\/#website","url":"https:\/\/toys.lt\/lv\/","name":"Toys.lt","description":"","potentialAction":[{"@type":"SearchAction","target":{"@type":"EntryPoint","urlTemplate":"https:\/\/toys.lt\/lv\/?s={search_term_string}"},"query-input":{"@type":"PropertyValueSpecification","valueRequired":true,"valueName":"search_term_string"}}],"inLanguage":"lv-LV"}]}},"_links":{"self":[{"href":"https:\/\/toys.lt\/lv\/wp-json\/wp\/v2\/product\/27303","targetHints":{"allow":["GET"]}}],"collection":[{"href":"https:\/\/toys.lt\/lv\/wp-json\/wp\/v2\/product"}],"about":[{"href":"https:\/\/toys.lt\/lv\/wp-json\/wp\/v2\/types\/product"}],"replies":[{"embeddable":true,"href":"https:\/\/toys.lt\/lv\/wp-json\/wp\/v2\/comments?post=27303"}],"version-history":[{"count":0,"href":"https:\/\/toys.lt\/lv\/wp-json\/wp\/v2\/product\/27303\/revisions"}],"wp:featuredmedia":[{"embeddable":true,"href":"https:\/\/toys.lt\/lv\/wp-json\/wp\/v2\/media\/27304"}],"wp:attachment":[{"href":"https:\/\/toys.lt\/lv\/wp-json\/wp\/v2\/media?parent=27303"}],"wp:term":[{"taxonomy":"product_brand","embeddable":true,"href":"https:\/\/toys.lt\/lv\/wp-json\/wp\/v2\/product_brand?post=27303"},{"taxonomy":"product_cat","embeddable":true,"href":"https:\/\/toys.lt\/lv\/wp-json\/wp\/v2\/product_cat?post=27303"},{"taxonomy":"product_tag","embeddable":true,"href":"https:\/\/toys.lt\/lv\/wp-json\/wp\/v2\/product_tag?post=27303"}],"curies":[{"name":"wp","href":"https:\/\/api.w.org\/{rel}","templated":true}]}}