{"id":27242,"date":"2020-06-19T12:02:43","date_gmt":"2020-06-19T12:02:43","guid":{"rendered":"https:\/\/toys.lt\/?post_type=product&#038;p=27242"},"modified":"2026-04-23T18:12:58","modified_gmt":"2026-04-23T18:12:58","slug":"pilsan-vaikiskas-staliukas-su-dviem-k-dut-m-karalius","status":"publish","type":"product","link":"https:\/\/toys.lt\/lv\/produktas\/pilsan-vaikiskas-staliukas-su-dviem-k-dut-m-karalius\/","title":{"rendered":"Pilsan vaiki\u0161kas staliukas su dviem k\u0117dut\u0117m &#8220;Karalius&#8221;"},"content":{"rendered":"<p><strong>Savyb\u0117s:<\/strong><\/p>\n<ul style=\"list-style-type:square;\">\n<li>K\u0117d\u0117s maksimalus svoris: 150 kg<\/li>\n<li>Tvirta, patvari ir pagal svor\u012f \u012fvertinta med\u017eiaga\u00a0 \u00a0 \u00a0 \u00a0 \u00a0 \u00a0 \u00a0 \u00a0 \u00a0 \u00a0 \u00a0 \u00a0 \u00a0 \u00a0 \u00a0 \u00a0 \u00a0 \u00a0 \u00a0 \u00a0 \u00a0 \u00a0 \u00a0 \u00a0 \u00a0 \u00a0 \u00a0 \u00a0 \u00a0 \u00a0 \u00a0 \u00a0 \u00a0 \u00a0 \u00a0<\/li>\n<li>K\u0117d\u0117s auk\u0161tis yra 30,5 cm<\/li>\n<li>Pamink\u0161tintas koj\u0173 pagrindas, apsaugantis nuo slydimo\u00a0 \u00a0 \u00a0 \u00a0 \u00a0 \u00a0 \u00a0 \u00a0 \u00a0 \u00a0 \u00a0 \u00a0 \u00a0 \u00a0 \u00a0 \u00a0 \u00a0 \u00a0 \u00a0 \u00a0 \u00a0 \u00a0 \u00a0 \u00a0 \u00a0 \u00a0 \u00a0 \u00a0 \u00a0 \u00a0 \u00a0 \u00a0<\/li>\n<li>Platus stalo pavir\u0161iaus plotas<\/li>\n<li>Dalys gali b\u016bti dedamos viena \u012f kit\u0105<\/li>\n<li>Vieta daiktams kra\u0161tuose (ra\u0161ikliui, liniuotei ir kt.)<\/li>\n<li>Eleganti\u0161kas ir ergonomi\u0161kas dizainas<\/li>\n<li>Da\u017eai ir \u017ealiavos, tinkami vaik\u0173 sveikatai, be kancerogenini\u0173 med\u017eiag\u0173<\/li>\n<li>\u0422urk\u0173 &#8220;Pilsan&#8221; \u017eaislai yra i\u0161skirti auk\u0161ta kokybe<\/li>\n<\/ul>\n","protected":false},"excerpt":{"rendered":"<p>Prek\u0117s tipas:\u00a0stalas su k\u0117dut\u0117m<\/p>\n<p>Kilm\u0117s \u0161alis: Turkija<\/p>\n<p>Prek\u0117s \u017eenklas: Pilsan<\/p>\n<p>Pakuot\u0117s i\u0161matavimai: 61,5 x 61,50 x 51,50 cm<\/p>\n<p>Produkto i\u0161matavimai: 64,5 x 64,5 x 50,5 cm<\/p>\n<p>Svoris: 6,9 kg<\/p>\n<p>Rekomenduojamas am\u017eius: nuo 3 met\u0173<\/p>\n","protected":false},"featured_media":27243,"comment_status":"open","ping_status":"closed","template":"","meta":[],"product_brand":[],"product_cat":[402,410,396],"product_tag":[],"class_list":{"0":"post-27242","1":"product","2":"type-product","3":"status-publish","4":"has-post-thumbnail","6":"product_cat-lauko-ir-vasaros-zaislai-2","7":"product_cat-zaislai-berniukams","8":"product_cat-zaislines-virtuveles-indai-ir-priedai","9":"pa_prek-s-tipas-virtuv-s-priedai","10":"pa_prekes-zenklas-pilsan","12":"first","13":"outofstock","14":"sale","15":"taxable","16":"shipping-taxable","17":"purchasable","18":"product-type-simple"},"yoast_head":"<!-- This site is optimized with the Yoast SEO plugin v26.3 - https:\/\/yoast.com\/wordpress\/plugins\/seo\/ -->\n<title>Pilsan vaiki\u0161kas staliukas su dviem k\u0117dut\u0117m &quot;Karalius&quot; - Toys.lt<\/title>\n<meta name=\"robots\" content=\"index, follow, max-snippet:-1, max-image-preview:large, max-video-preview:-1\" \/>\n<link rel=\"canonical\" href=\"https:\/\/toys.lt\/lv\/produktas\/pilsan-vaikiskas-staliukas-su-dviem-k-dut-m-karalius\/\" \/>\n<meta property=\"og:locale\" content=\"lv_LV\" \/>\n<meta property=\"og:type\" content=\"article\" \/>\n<meta property=\"og:title\" content=\"Pilsan vaiki\u0161kas staliukas su dviem k\u0117dut\u0117m &quot;Karalius&quot; - Toys.lt\" \/>\n<meta property=\"og:description\" content=\"Prek\u0117s tipas:\u00a0stalas su k\u0117dut\u0117m Kilm\u0117s \u0161alis: Turkija Prek\u0117s \u017eenklas: Pilsan Pakuot\u0117s i\u0161matavimai: 61,5 x 61,50 x 51,50 cm Produkto i\u0161matavimai: 64,5 x 64,5 x 50,5 cm Svoris: 6,9 kg Rekomenduojamas am\u017eius: nuo 3 met\u0173\" \/>\n<meta property=\"og:url\" content=\"https:\/\/toys.lt\/lv\/produktas\/pilsan-vaikiskas-staliukas-su-dviem-k-dut-m-karalius\/\" \/>\n<meta property=\"og:site_name\" content=\"Toys.lt\" \/>\n<meta property=\"article:modified_time\" content=\"2026-04-23T18:12:58+00:00\" \/>\n<meta property=\"og:image\" content=\"https:\/\/toys.lt\/wp-content\/uploads\/2020\/06\/products-1137-1300x800.jpg\" \/>\n\t<meta property=\"og:image:width\" content=\"1300\" \/>\n\t<meta property=\"og:image:height\" content=\"800\" \/>\n\t<meta property=\"og:image:type\" content=\"image\/jpeg\" \/>\n<meta name=\"twitter:card\" content=\"summary_large_image\" \/>\n<script type=\"application\/ld+json\" class=\"yoast-schema-graph\">{\"@context\":\"https:\/\/schema.org\",\"@graph\":[{\"@type\":\"WebPage\",\"@id\":\"https:\/\/toys.lt\/lv\/produktas\/pilsan-vaikiskas-staliukas-su-dviem-k-dut-m-karalius\/\",\"url\":\"https:\/\/toys.lt\/lv\/produktas\/pilsan-vaikiskas-staliukas-su-dviem-k-dut-m-karalius\/\",\"name\":\"Pilsan vaiki\u0161kas staliukas su dviem k\u0117dut\u0117m \\\"Karalius\\\" - Toys.lt\",\"isPartOf\":{\"@id\":\"https:\/\/toys.lt\/lv\/#website\"},\"primaryImageOfPage\":{\"@id\":\"https:\/\/toys.lt\/lv\/produktas\/pilsan-vaikiskas-staliukas-su-dviem-k-dut-m-karalius\/#primaryimage\"},\"image\":{\"@id\":\"https:\/\/toys.lt\/lv\/produktas\/pilsan-vaikiskas-staliukas-su-dviem-k-dut-m-karalius\/#primaryimage\"},\"thumbnailUrl\":\"https:\/\/toys.lt\/wp-content\/uploads\/2020\/06\/products-1137.jpg\",\"datePublished\":\"2020-06-19T12:02:43+00:00\",\"dateModified\":\"2026-04-23T18:12:58+00:00\",\"breadcrumb\":{\"@id\":\"https:\/\/toys.lt\/lv\/produktas\/pilsan-vaikiskas-staliukas-su-dviem-k-dut-m-karalius\/#breadcrumb\"},\"inLanguage\":\"lv-LV\",\"potentialAction\":[{\"@type\":\"ReadAction\",\"target\":[\"https:\/\/toys.lt\/lv\/produktas\/pilsan-vaikiskas-staliukas-su-dviem-k-dut-m-karalius\/\"]}]},{\"@type\":\"ImageObject\",\"inLanguage\":\"lv-LV\",\"@id\":\"https:\/\/toys.lt\/lv\/produktas\/pilsan-vaikiskas-staliukas-su-dviem-k-dut-m-karalius\/#primaryimage\",\"url\":\"https:\/\/toys.lt\/wp-content\/uploads\/2020\/06\/products-1137.jpg\",\"contentUrl\":\"https:\/\/toys.lt\/wp-content\/uploads\/2020\/06\/products-1137.jpg\",\"width\":1080,\"height\":1080,\"caption\":\"Pilsan vaiki\u0161kas staliukas su dviem k\u0117dut\u0117m &#8220;Karalius&#8221;\"},{\"@type\":\"BreadcrumbList\",\"@id\":\"https:\/\/toys.lt\/lv\/produktas\/pilsan-vaikiskas-staliukas-su-dviem-k-dut-m-karalius\/#breadcrumb\",\"itemListElement\":[{\"@type\":\"ListItem\",\"position\":1,\"name\":\"Home\",\"item\":\"https:\/\/toys.lt\/lv\/\"},{\"@type\":\"ListItem\",\"position\":2,\"name\":\"Veikals\",\"item\":\"https:\/\/toys.lt\/lv\/shop\/\"},{\"@type\":\"ListItem\",\"position\":3,\"name\":\"Pilsan vaiki\u0161kas staliukas su dviem k\u0117dut\u0117m &#8222;Karalius&#8221;\"}]},{\"@type\":\"WebSite\",\"@id\":\"https:\/\/toys.lt\/lv\/#website\",\"url\":\"https:\/\/toys.lt\/lv\/\",\"name\":\"Toys.lt\",\"description\":\"\",\"potentialAction\":[{\"@type\":\"SearchAction\",\"target\":{\"@type\":\"EntryPoint\",\"urlTemplate\":\"https:\/\/toys.lt\/lv\/?s={search_term_string}\"},\"query-input\":{\"@type\":\"PropertyValueSpecification\",\"valueRequired\":true,\"valueName\":\"search_term_string\"}}],\"inLanguage\":\"lv-LV\"}]}<\/script>\n<!-- \/ Yoast SEO plugin. -->","yoast_head_json":{"title":"Pilsan vaiki\u0161kas staliukas su dviem k\u0117dut\u0117m \"Karalius\" - Toys.lt","robots":{"index":"index","follow":"follow","max-snippet":"max-snippet:-1","max-image-preview":"max-image-preview:large","max-video-preview":"max-video-preview:-1"},"canonical":"https:\/\/toys.lt\/lv\/produktas\/pilsan-vaikiskas-staliukas-su-dviem-k-dut-m-karalius\/","og_locale":"lv_LV","og_type":"article","og_title":"Pilsan vaiki\u0161kas staliukas su dviem k\u0117dut\u0117m \"Karalius\" - Toys.lt","og_description":"Prek\u0117s tipas:\u00a0stalas su k\u0117dut\u0117m Kilm\u0117s \u0161alis: Turkija Prek\u0117s \u017eenklas: Pilsan Pakuot\u0117s i\u0161matavimai: 61,5 x 61,50 x 51,50 cm Produkto i\u0161matavimai: 64,5 x 64,5 x 50,5 cm Svoris: 6,9 kg Rekomenduojamas am\u017eius: nuo 3 met\u0173","og_url":"https:\/\/toys.lt\/lv\/produktas\/pilsan-vaikiskas-staliukas-su-dviem-k-dut-m-karalius\/","og_site_name":"Toys.lt","article_modified_time":"2026-04-23T18:12:58+00:00","og_image":[{"width":1300,"height":800,"url":"https:\/\/toys.lt\/wp-content\/uploads\/2020\/06\/products-1137-1300x800.jpg","type":"image\/jpeg"}],"twitter_card":"summary_large_image","schema":{"@context":"https:\/\/schema.org","@graph":[{"@type":"WebPage","@id":"https:\/\/toys.lt\/lv\/produktas\/pilsan-vaikiskas-staliukas-su-dviem-k-dut-m-karalius\/","url":"https:\/\/toys.lt\/lv\/produktas\/pilsan-vaikiskas-staliukas-su-dviem-k-dut-m-karalius\/","name":"Pilsan vaiki\u0161kas staliukas su dviem k\u0117dut\u0117m \"Karalius\" - Toys.lt","isPartOf":{"@id":"https:\/\/toys.lt\/lv\/#website"},"primaryImageOfPage":{"@id":"https:\/\/toys.lt\/lv\/produktas\/pilsan-vaikiskas-staliukas-su-dviem-k-dut-m-karalius\/#primaryimage"},"image":{"@id":"https:\/\/toys.lt\/lv\/produktas\/pilsan-vaikiskas-staliukas-su-dviem-k-dut-m-karalius\/#primaryimage"},"thumbnailUrl":"https:\/\/toys.lt\/wp-content\/uploads\/2020\/06\/products-1137.jpg","datePublished":"2020-06-19T12:02:43+00:00","dateModified":"2026-04-23T18:12:58+00:00","breadcrumb":{"@id":"https:\/\/toys.lt\/lv\/produktas\/pilsan-vaikiskas-staliukas-su-dviem-k-dut-m-karalius\/#breadcrumb"},"inLanguage":"lv-LV","potentialAction":[{"@type":"ReadAction","target":["https:\/\/toys.lt\/lv\/produktas\/pilsan-vaikiskas-staliukas-su-dviem-k-dut-m-karalius\/"]}]},{"@type":"ImageObject","inLanguage":"lv-LV","@id":"https:\/\/toys.lt\/lv\/produktas\/pilsan-vaikiskas-staliukas-su-dviem-k-dut-m-karalius\/#primaryimage","url":"https:\/\/toys.lt\/wp-content\/uploads\/2020\/06\/products-1137.jpg","contentUrl":"https:\/\/toys.lt\/wp-content\/uploads\/2020\/06\/products-1137.jpg","width":1080,"height":1080,"caption":"Pilsan vaiki\u0161kas staliukas su dviem k\u0117dut\u0117m &#8220;Karalius&#8221;"},{"@type":"BreadcrumbList","@id":"https:\/\/toys.lt\/lv\/produktas\/pilsan-vaikiskas-staliukas-su-dviem-k-dut-m-karalius\/#breadcrumb","itemListElement":[{"@type":"ListItem","position":1,"name":"Home","item":"https:\/\/toys.lt\/lv\/"},{"@type":"ListItem","position":2,"name":"Veikals","item":"https:\/\/toys.lt\/lv\/shop\/"},{"@type":"ListItem","position":3,"name":"Pilsan vaiki\u0161kas staliukas su dviem k\u0117dut\u0117m &#8222;Karalius&#8221;"}]},{"@type":"WebSite","@id":"https:\/\/toys.lt\/lv\/#website","url":"https:\/\/toys.lt\/lv\/","name":"Toys.lt","description":"","potentialAction":[{"@type":"SearchAction","target":{"@type":"EntryPoint","urlTemplate":"https:\/\/toys.lt\/lv\/?s={search_term_string}"},"query-input":{"@type":"PropertyValueSpecification","valueRequired":true,"valueName":"search_term_string"}}],"inLanguage":"lv-LV"}]}},"_links":{"self":[{"href":"https:\/\/toys.lt\/lv\/wp-json\/wp\/v2\/product\/27242","targetHints":{"allow":["GET"]}}],"collection":[{"href":"https:\/\/toys.lt\/lv\/wp-json\/wp\/v2\/product"}],"about":[{"href":"https:\/\/toys.lt\/lv\/wp-json\/wp\/v2\/types\/product"}],"replies":[{"embeddable":true,"href":"https:\/\/toys.lt\/lv\/wp-json\/wp\/v2\/comments?post=27242"}],"version-history":[{"count":1,"href":"https:\/\/toys.lt\/lv\/wp-json\/wp\/v2\/product\/27242\/revisions"}],"predecessor-version":[{"id":35832,"href":"https:\/\/toys.lt\/lv\/wp-json\/wp\/v2\/product\/27242\/revisions\/35832"}],"wp:featuredmedia":[{"embeddable":true,"href":"https:\/\/toys.lt\/lv\/wp-json\/wp\/v2\/media\/27243"}],"wp:attachment":[{"href":"https:\/\/toys.lt\/lv\/wp-json\/wp\/v2\/media?parent=27242"}],"wp:term":[{"taxonomy":"product_brand","embeddable":true,"href":"https:\/\/toys.lt\/lv\/wp-json\/wp\/v2\/product_brand?post=27242"},{"taxonomy":"product_cat","embeddable":true,"href":"https:\/\/toys.lt\/lv\/wp-json\/wp\/v2\/product_cat?post=27242"},{"taxonomy":"product_tag","embeddable":true,"href":"https:\/\/toys.lt\/lv\/wp-json\/wp\/v2\/product_tag?post=27242"}],"curies":[{"name":"wp","href":"https:\/\/api.w.org\/{rel}","templated":true}]}}