{"id":27230,"date":"2020-06-18T11:46:07","date_gmt":"2020-06-18T11:46:07","guid":{"rendered":"https:\/\/toys.lt\/?post_type=product&#038;p=27230"},"modified":"2026-04-23T18:13:18","modified_gmt":"2026-04-23T18:13:18","slug":"magnetinis-konstruktorius","status":"publish","type":"product","link":"https:\/\/toys.lt\/lv\/produktas\/magnetinis-konstruktorius\/","title":{"rendered":"Magnetinis konstruktorius"},"content":{"rendered":"<p><strong>Savyb\u0117s:<\/strong><\/p>\n<ul style=\"list-style-type: square;\">\n<li>\u0160io \u017eaislo unikalumas slypi magnetin\u0117je \u0161erdyje. Su ja gal\u0117site derinti ir pritraukti kitus \u0161ios serijos automobilius<\/li>\n<li>Visos ma\u0161inos lengvai sujungiamos viena su kita<\/li>\n<li>Taip pat komplekte yra magnetinis rutulys, kuris\u00a0padaro \u017eaidim\u0105 \u012fdomesn\u012f<\/li>\n<li>Visos detal\u0117s yra pagamintos i\u0161 auk\u0161tos kokyb\u0117s, patvari\u0173 med\u017eiag\u0173<\/li>\n<li>Spalvingos konstrukcijos su daugybe jungimo variant\u0173<\/li>\n<li>Auk\u0161tos kokyb\u0117s med\u017eiaga<\/li>\n<li>Yra naudojimo instrukcija<\/li>\n<li>\u017daislas, leid\u017eiantis vaikui suprasti pagrindinius magneto principus<\/li>\n<li>Padidinti rank\u0173 ir aki\u0173 koordinacij\u0105,\u00a0skatinti login\u012f m\u0105stym\u0105, lavina k\u016brybi\u0161kum\u0105 ir vaizduot\u0119<\/li>\n<\/ul>\n","protected":false},"excerpt":{"rendered":"<p>Prek\u0117s tipas: konstruktorius<\/p>\n<p>Kilm\u0117s \u0161alis:\u00a0Kinija<\/p>\n<p>Pakuot\u0117s i\u0161matavimai: 44 x 7,2 x 30,7 cm<\/p>\n<p>Produkto med\u017eiaga:\u00a0plastikas, magnetas<\/p>\n<p>Rekomenduojamas am\u017eius: nuo\u00a03 met\u0173<\/p>\n","protected":false},"featured_media":27231,"comment_status":"open","ping_status":"closed","template":"","meta":[],"product_brand":[],"product_cat":[385,410,411],"product_tag":[],"class_list":{"0":"post-27230","1":"product","2":"type-product","3":"status-publish","4":"has-post-thumbnail","6":"product_cat-konstruktoriai-2","7":"product_cat-zaislai-berniukams","8":"product_cat-zaislai-mergaitems","9":"pa_amziaus-grupe-76","10":"pa_prek-s-tipas-konstruktoriai-ir-kalad-l-s","12":"first","13":"outofstock","14":"sale","15":"taxable","16":"shipping-taxable","17":"purchasable","18":"product-type-simple"},"yoast_head":"<!-- This site is optimized with the Yoast SEO plugin v26.3 - https:\/\/yoast.com\/wordpress\/plugins\/seo\/ -->\n<title>Magnetinis konstruktorius - Toys.lt<\/title>\n<meta name=\"robots\" content=\"index, follow, max-snippet:-1, max-image-preview:large, max-video-preview:-1\" \/>\n<link rel=\"canonical\" href=\"https:\/\/toys.lt\/lv\/produktas\/magnetinis-konstruktorius\/\" \/>\n<meta property=\"og:locale\" content=\"lv_LV\" \/>\n<meta property=\"og:type\" content=\"article\" \/>\n<meta property=\"og:title\" content=\"Magnetinis konstruktorius - Toys.lt\" \/>\n<meta property=\"og:description\" content=\"Prek\u0117s tipas: konstruktorius  Kilm\u0117s \u0161alis:\u00a0Kinija  Pakuot\u0117s i\u0161matavimai: 44 x 7,2 x 30,7 cm  Produkto med\u017eiaga:\u00a0plastikas, magnetas  Rekomenduojamas am\u017eius: nuo\u00a03 met\u0173\" \/>\n<meta property=\"og:url\" content=\"https:\/\/toys.lt\/lv\/produktas\/magnetinis-konstruktorius\/\" \/>\n<meta property=\"og:site_name\" content=\"Toys.lt\" \/>\n<meta property=\"article:modified_time\" content=\"2026-04-23T18:13:18+00:00\" \/>\n<meta property=\"og:image\" content=\"https:\/\/toys.lt\/wp-content\/uploads\/2020\/06\/products-1130.jpg\" \/>\n\t<meta property=\"og:image:width\" content=\"800\" \/>\n\t<meta property=\"og:image:height\" content=\"600\" \/>\n\t<meta property=\"og:image:type\" content=\"image\/jpeg\" \/>\n<meta name=\"twitter:card\" content=\"summary_large_image\" \/>\n<meta name=\"twitter:label1\" content=\"Est. reading time\" \/>\n\t<meta name=\"twitter:data1\" content=\"1 minute\" \/>\n<script type=\"application\/ld+json\" class=\"yoast-schema-graph\">{\"@context\":\"https:\/\/schema.org\",\"@graph\":[{\"@type\":\"WebPage\",\"@id\":\"https:\/\/toys.lt\/lv\/produktas\/magnetinis-konstruktorius\/\",\"url\":\"https:\/\/toys.lt\/lv\/produktas\/magnetinis-konstruktorius\/\",\"name\":\"Magnetinis konstruktorius - Toys.lt\",\"isPartOf\":{\"@id\":\"https:\/\/toys.lt\/lv\/#website\"},\"primaryImageOfPage\":{\"@id\":\"https:\/\/toys.lt\/lv\/produktas\/magnetinis-konstruktorius\/#primaryimage\"},\"image\":{\"@id\":\"https:\/\/toys.lt\/lv\/produktas\/magnetinis-konstruktorius\/#primaryimage\"},\"thumbnailUrl\":\"https:\/\/toys.lt\/wp-content\/uploads\/2020\/06\/products-1130.jpg\",\"datePublished\":\"2020-06-18T11:46:07+00:00\",\"dateModified\":\"2026-04-23T18:13:18+00:00\",\"breadcrumb\":{\"@id\":\"https:\/\/toys.lt\/lv\/produktas\/magnetinis-konstruktorius\/#breadcrumb\"},\"inLanguage\":\"lv-LV\",\"potentialAction\":[{\"@type\":\"ReadAction\",\"target\":[\"https:\/\/toys.lt\/lv\/produktas\/magnetinis-konstruktorius\/\"]}]},{\"@type\":\"ImageObject\",\"inLanguage\":\"lv-LV\",\"@id\":\"https:\/\/toys.lt\/lv\/produktas\/magnetinis-konstruktorius\/#primaryimage\",\"url\":\"https:\/\/toys.lt\/wp-content\/uploads\/2020\/06\/products-1130.jpg\",\"contentUrl\":\"https:\/\/toys.lt\/wp-content\/uploads\/2020\/06\/products-1130.jpg\",\"width\":800,\"height\":600,\"caption\":\"Magnetinis konstruktorius\"},{\"@type\":\"BreadcrumbList\",\"@id\":\"https:\/\/toys.lt\/lv\/produktas\/magnetinis-konstruktorius\/#breadcrumb\",\"itemListElement\":[{\"@type\":\"ListItem\",\"position\":1,\"name\":\"Home\",\"item\":\"https:\/\/toys.lt\/lv\/\"},{\"@type\":\"ListItem\",\"position\":2,\"name\":\"Veikals\",\"item\":\"https:\/\/toys.lt\/lv\/shop\/\"},{\"@type\":\"ListItem\",\"position\":3,\"name\":\"Magnetinis konstruktorius\"}]},{\"@type\":\"WebSite\",\"@id\":\"https:\/\/toys.lt\/lv\/#website\",\"url\":\"https:\/\/toys.lt\/lv\/\",\"name\":\"Toys.lt\",\"description\":\"\",\"potentialAction\":[{\"@type\":\"SearchAction\",\"target\":{\"@type\":\"EntryPoint\",\"urlTemplate\":\"https:\/\/toys.lt\/lv\/?s={search_term_string}\"},\"query-input\":{\"@type\":\"PropertyValueSpecification\",\"valueRequired\":true,\"valueName\":\"search_term_string\"}}],\"inLanguage\":\"lv-LV\"}]}<\/script>\n<!-- \/ Yoast SEO plugin. -->","yoast_head_json":{"title":"Magnetinis konstruktorius - Toys.lt","robots":{"index":"index","follow":"follow","max-snippet":"max-snippet:-1","max-image-preview":"max-image-preview:large","max-video-preview":"max-video-preview:-1"},"canonical":"https:\/\/toys.lt\/lv\/produktas\/magnetinis-konstruktorius\/","og_locale":"lv_LV","og_type":"article","og_title":"Magnetinis konstruktorius - Toys.lt","og_description":"Prek\u0117s tipas: konstruktorius  Kilm\u0117s \u0161alis:\u00a0Kinija  Pakuot\u0117s i\u0161matavimai: 44 x 7,2 x 30,7 cm  Produkto med\u017eiaga:\u00a0plastikas, magnetas  Rekomenduojamas am\u017eius: nuo\u00a03 met\u0173","og_url":"https:\/\/toys.lt\/lv\/produktas\/magnetinis-konstruktorius\/","og_site_name":"Toys.lt","article_modified_time":"2026-04-23T18:13:18+00:00","og_image":[{"width":800,"height":600,"url":"https:\/\/toys.lt\/wp-content\/uploads\/2020\/06\/products-1130.jpg","type":"image\/jpeg"}],"twitter_card":"summary_large_image","twitter_misc":{"Est. reading time":"1 minute"},"schema":{"@context":"https:\/\/schema.org","@graph":[{"@type":"WebPage","@id":"https:\/\/toys.lt\/lv\/produktas\/magnetinis-konstruktorius\/","url":"https:\/\/toys.lt\/lv\/produktas\/magnetinis-konstruktorius\/","name":"Magnetinis konstruktorius - Toys.lt","isPartOf":{"@id":"https:\/\/toys.lt\/lv\/#website"},"primaryImageOfPage":{"@id":"https:\/\/toys.lt\/lv\/produktas\/magnetinis-konstruktorius\/#primaryimage"},"image":{"@id":"https:\/\/toys.lt\/lv\/produktas\/magnetinis-konstruktorius\/#primaryimage"},"thumbnailUrl":"https:\/\/toys.lt\/wp-content\/uploads\/2020\/06\/products-1130.jpg","datePublished":"2020-06-18T11:46:07+00:00","dateModified":"2026-04-23T18:13:18+00:00","breadcrumb":{"@id":"https:\/\/toys.lt\/lv\/produktas\/magnetinis-konstruktorius\/#breadcrumb"},"inLanguage":"lv-LV","potentialAction":[{"@type":"ReadAction","target":["https:\/\/toys.lt\/lv\/produktas\/magnetinis-konstruktorius\/"]}]},{"@type":"ImageObject","inLanguage":"lv-LV","@id":"https:\/\/toys.lt\/lv\/produktas\/magnetinis-konstruktorius\/#primaryimage","url":"https:\/\/toys.lt\/wp-content\/uploads\/2020\/06\/products-1130.jpg","contentUrl":"https:\/\/toys.lt\/wp-content\/uploads\/2020\/06\/products-1130.jpg","width":800,"height":600,"caption":"Magnetinis konstruktorius"},{"@type":"BreadcrumbList","@id":"https:\/\/toys.lt\/lv\/produktas\/magnetinis-konstruktorius\/#breadcrumb","itemListElement":[{"@type":"ListItem","position":1,"name":"Home","item":"https:\/\/toys.lt\/lv\/"},{"@type":"ListItem","position":2,"name":"Veikals","item":"https:\/\/toys.lt\/lv\/shop\/"},{"@type":"ListItem","position":3,"name":"Magnetinis konstruktorius"}]},{"@type":"WebSite","@id":"https:\/\/toys.lt\/lv\/#website","url":"https:\/\/toys.lt\/lv\/","name":"Toys.lt","description":"","potentialAction":[{"@type":"SearchAction","target":{"@type":"EntryPoint","urlTemplate":"https:\/\/toys.lt\/lv\/?s={search_term_string}"},"query-input":{"@type":"PropertyValueSpecification","valueRequired":true,"valueName":"search_term_string"}}],"inLanguage":"lv-LV"}]}},"_links":{"self":[{"href":"https:\/\/toys.lt\/lv\/wp-json\/wp\/v2\/product\/27230","targetHints":{"allow":["GET"]}}],"collection":[{"href":"https:\/\/toys.lt\/lv\/wp-json\/wp\/v2\/product"}],"about":[{"href":"https:\/\/toys.lt\/lv\/wp-json\/wp\/v2\/types\/product"}],"replies":[{"embeddable":true,"href":"https:\/\/toys.lt\/lv\/wp-json\/wp\/v2\/comments?post=27230"}],"version-history":[{"count":1,"href":"https:\/\/toys.lt\/lv\/wp-json\/wp\/v2\/product\/27230\/revisions"}],"predecessor-version":[{"id":32841,"href":"https:\/\/toys.lt\/lv\/wp-json\/wp\/v2\/product\/27230\/revisions\/32841"}],"wp:featuredmedia":[{"embeddable":true,"href":"https:\/\/toys.lt\/lv\/wp-json\/wp\/v2\/media\/27231"}],"wp:attachment":[{"href":"https:\/\/toys.lt\/lv\/wp-json\/wp\/v2\/media?parent=27230"}],"wp:term":[{"taxonomy":"product_brand","embeddable":true,"href":"https:\/\/toys.lt\/lv\/wp-json\/wp\/v2\/product_brand?post=27230"},{"taxonomy":"product_cat","embeddable":true,"href":"https:\/\/toys.lt\/lv\/wp-json\/wp\/v2\/product_cat?post=27230"},{"taxonomy":"product_tag","embeddable":true,"href":"https:\/\/toys.lt\/lv\/wp-json\/wp\/v2\/product_tag?post=27230"}],"curies":[{"name":"wp","href":"https:\/\/api.w.org\/{rel}","templated":true}]}}