{"id":27210,"date":"2020-06-17T11:30:39","date_gmt":"2020-06-17T11:30:39","guid":{"rendered":"https:\/\/toys.lt\/?post_type=product&#038;p=27210"},"modified":"2026-04-23T18:13:18","modified_gmt":"2026-04-23T18:13:18","slug":"vaikiskas-krepsinio-ziedas-su-reguliuojamu-stovu-iki-145-cm","status":"publish","type":"product","link":"https:\/\/toys.lt\/lv\/produktas\/vaikiskas-krepsinio-ziedas-su-reguliuojamu-stovu-iki-145-cm\/","title":{"rendered":"Vaiki\u0161kas krep\u0161inio \u017eiedas su reguliuojamu stovu (iki 145 cm)"},"content":{"rendered":"<p style=\"margin:0px;font-size:medium;color:#7a7a7a;padding:0px;line-height:inherit;border:0px;font-family:Roboto, sans-serif;background-color:#fefefe;\"><strong style=\"background-color:#fafbfc;color:#000000;font-family:Verdana, Arial, Helvetica, sans-serif;font-size:11px;\"><span style=\"font-weight:400;\">Puikus krep\u0161inio\u00a0\u017eiedas su stovu vaikams, skirtas \u017eaisti su draugais! Kartu su \u0161iuo sporto komplektu vaikas suaktyvins perspektyvaus sportininko gyvenim\u0105. Krep\u0161inio \u017eaidimai lavina fizin\u012f aktyvum\u0105, miklum\u0105 ir tikslum\u0105, o \u017eaidimai komandoje lavina atleti\u0161kum\u0105, ritm\u0105 ir bendravimo \u012fg\u016bd\u017eius. Maksimalus auk\u0161tis yra 145 cm. Stovas yra reguliuojamo auk\u0161\u010dio, tod\u0117l \u0161is komplektas tinka \u012fvairaus \u016bgio ir am\u017eiaus vaikams. Kad konstrukcija b\u016bt\u0173 stabili, pagrind\u0105 geriau sutvirtinti sm\u0117liu ar vandeniu.<\/span><\/strong><\/p>\n<p style=\"margin:0px;font-size:medium;color:#7a7a7a;padding:0px;line-height:inherit;border:0px;font-family:Roboto, sans-serif;background-color:#fefefe;\">\n<p style=\"margin:0px;font-size:medium;color:#7a7a7a;padding:0px;line-height:inherit;border:0px;font-family:Roboto, sans-serif;background-color:#fefefe;\"><strong style=\"background-color:#fafbfc;color:#000000;font-family:Verdana, Arial, Helvetica, sans-serif;font-size:11px;\">Savyb\u0117s:<\/strong><\/p>\n<ul style=\"list-style-type:square;\">\n<li style=\"margin:0px;padding:0px;font:inherit;border:0px;\">Reguliuojamas auk\u0161tis (105-145 cm)<\/li>\n<li style=\"margin:0px;padding:0px;font:inherit;border:0px;\">Tinka naudoti lauke ir namuose<\/li>\n<li style=\"margin:0px;padding:0px;font:inherit;border:0px;\">Lengvai susirenka ir i\u0161sirenka<\/li>\n<li style=\"margin:0px;padding:0px;font:inherit;border:0px;\">Yra mobilus ir kompakti\u0161kas<\/li>\n<li style=\"margin:0px;padding:0px;font:inherit;border:0px;\">Pritvirtinamas pagrindas sm\u0117liu arba vandeniu<\/li>\n<li style=\"margin:0px;padding:0px;font:inherit;border:0px;\">Lavina judrum\u0105, greit\u012f, j\u0117g\u0105, i\u0161tverm\u0119<\/li>\n<\/ul>\n","protected":false},"excerpt":{"rendered":"<p>Prek\u0117s tipas: sportas<\/p>\n<p>Kilm\u0117s \u0161alis: Kinija<\/p>\n<p>Pakuot\u0117s i\u0161matavimai: 34 x 8,5 x 42\u00a0cm<\/p>\n<p>Rekomenduojamas am\u017eius: nuo 8 met\u0173<\/p>\n","protected":false},"featured_media":27211,"comment_status":"open","ping_status":"open","template":"","meta":[],"product_brand":[],"product_cat":[402,398,410],"product_tag":[],"class_list":{"0":"post-27210","1":"product","2":"type-product","3":"status-publish","4":"has-post-thumbnail","6":"product_cat-lauko-ir-vasaros-zaislai-2","7":"product_cat-sporto-ir-laisvalaikio-zaislai","8":"product_cat-zaislai-berniukams","9":"pa_amziaus-grupe-81","10":"pa_spalva-vairi","12":"first","13":"outofstock","14":"sale","15":"taxable","16":"shipping-taxable","17":"purchasable","18":"product-type-simple"},"yoast_head":"<!-- This site is optimized with the Yoast SEO plugin v26.3 - https:\/\/yoast.com\/wordpress\/plugins\/seo\/ -->\n<title>Vaiki\u0161kas krep\u0161inio \u017eiedas su reguliuojamu stovu (iki 145 cm) - Toys.lt<\/title>\n<meta name=\"robots\" content=\"index, follow, max-snippet:-1, max-image-preview:large, max-video-preview:-1\" \/>\n<link rel=\"canonical\" href=\"https:\/\/toys.lt\/lv\/produktas\/vaikiskas-krepsinio-ziedas-su-reguliuojamu-stovu-iki-145-cm\/\" \/>\n<meta property=\"og:locale\" content=\"lv_LV\" \/>\n<meta property=\"og:type\" content=\"article\" \/>\n<meta property=\"og:title\" content=\"Vaiki\u0161kas krep\u0161inio \u017eiedas su reguliuojamu stovu (iki 145 cm) - Toys.lt\" \/>\n<meta property=\"og:description\" content=\"Prek\u0117s tipas: sportas Kilm\u0117s \u0161alis: Kinija Pakuot\u0117s i\u0161matavimai: 34 x 8,5 x 42\u00a0cm Rekomenduojamas am\u017eius: nuo 8 met\u0173\" \/>\n<meta property=\"og:url\" content=\"https:\/\/toys.lt\/lv\/produktas\/vaikiskas-krepsinio-ziedas-su-reguliuojamu-stovu-iki-145-cm\/\" \/>\n<meta property=\"og:site_name\" content=\"Toys.lt\" \/>\n<meta property=\"article:modified_time\" content=\"2026-04-23T18:13:18+00:00\" \/>\n<meta property=\"og:image\" content=\"https:\/\/toys.lt\/wp-content\/uploads\/2020\/06\/products-1120.jpg\" \/>\n\t<meta property=\"og:image:width\" content=\"2500\" \/>\n\t<meta property=\"og:image:height\" content=\"1876\" \/>\n\t<meta property=\"og:image:type\" content=\"image\/jpeg\" \/>\n<meta name=\"twitter:card\" content=\"summary_large_image\" \/>\n<meta name=\"twitter:label1\" content=\"Est. reading time\" \/>\n\t<meta name=\"twitter:data1\" content=\"1 minute\" \/>\n<script type=\"application\/ld+json\" class=\"yoast-schema-graph\">{\"@context\":\"https:\/\/schema.org\",\"@graph\":[{\"@type\":\"WebPage\",\"@id\":\"https:\/\/toys.lt\/lv\/produktas\/vaikiskas-krepsinio-ziedas-su-reguliuojamu-stovu-iki-145-cm\/\",\"url\":\"https:\/\/toys.lt\/lv\/produktas\/vaikiskas-krepsinio-ziedas-su-reguliuojamu-stovu-iki-145-cm\/\",\"name\":\"Vaiki\u0161kas krep\u0161inio \u017eiedas su reguliuojamu stovu (iki 145 cm) - Toys.lt\",\"isPartOf\":{\"@id\":\"https:\/\/toys.lt\/lv\/#website\"},\"primaryImageOfPage\":{\"@id\":\"https:\/\/toys.lt\/lv\/produktas\/vaikiskas-krepsinio-ziedas-su-reguliuojamu-stovu-iki-145-cm\/#primaryimage\"},\"image\":{\"@id\":\"https:\/\/toys.lt\/lv\/produktas\/vaikiskas-krepsinio-ziedas-su-reguliuojamu-stovu-iki-145-cm\/#primaryimage\"},\"thumbnailUrl\":\"https:\/\/toys.lt\/wp-content\/uploads\/2020\/06\/products-1120.jpg\",\"datePublished\":\"2020-06-17T11:30:39+00:00\",\"dateModified\":\"2026-04-23T18:13:18+00:00\",\"breadcrumb\":{\"@id\":\"https:\/\/toys.lt\/lv\/produktas\/vaikiskas-krepsinio-ziedas-su-reguliuojamu-stovu-iki-145-cm\/#breadcrumb\"},\"inLanguage\":\"lv-LV\",\"potentialAction\":[{\"@type\":\"ReadAction\",\"target\":[\"https:\/\/toys.lt\/lv\/produktas\/vaikiskas-krepsinio-ziedas-su-reguliuojamu-stovu-iki-145-cm\/\"]}]},{\"@type\":\"ImageObject\",\"inLanguage\":\"lv-LV\",\"@id\":\"https:\/\/toys.lt\/lv\/produktas\/vaikiskas-krepsinio-ziedas-su-reguliuojamu-stovu-iki-145-cm\/#primaryimage\",\"url\":\"https:\/\/toys.lt\/wp-content\/uploads\/2020\/06\/products-1120.jpg\",\"contentUrl\":\"https:\/\/toys.lt\/wp-content\/uploads\/2020\/06\/products-1120.jpg\",\"width\":2500,\"height\":1876,\"caption\":\"Vaiki\u0161kas krep\u0161inio \u017eiedas su reguliuojamu stovu (iki 145 cm)\"},{\"@type\":\"BreadcrumbList\",\"@id\":\"https:\/\/toys.lt\/lv\/produktas\/vaikiskas-krepsinio-ziedas-su-reguliuojamu-stovu-iki-145-cm\/#breadcrumb\",\"itemListElement\":[{\"@type\":\"ListItem\",\"position\":1,\"name\":\"Home\",\"item\":\"https:\/\/toys.lt\/lv\/\"},{\"@type\":\"ListItem\",\"position\":2,\"name\":\"Veikals\",\"item\":\"https:\/\/toys.lt\/lv\/shop\/\"},{\"@type\":\"ListItem\",\"position\":3,\"name\":\"Vaiki\u0161kas krep\u0161inio \u017eiedas su reguliuojamu stovu (iki 145 cm)\"}]},{\"@type\":\"WebSite\",\"@id\":\"https:\/\/toys.lt\/lv\/#website\",\"url\":\"https:\/\/toys.lt\/lv\/\",\"name\":\"Toys.lt\",\"description\":\"\",\"potentialAction\":[{\"@type\":\"SearchAction\",\"target\":{\"@type\":\"EntryPoint\",\"urlTemplate\":\"https:\/\/toys.lt\/lv\/?s={search_term_string}\"},\"query-input\":{\"@type\":\"PropertyValueSpecification\",\"valueRequired\":true,\"valueName\":\"search_term_string\"}}],\"inLanguage\":\"lv-LV\"}]}<\/script>\n<!-- \/ Yoast SEO plugin. -->","yoast_head_json":{"title":"Vaiki\u0161kas krep\u0161inio \u017eiedas su reguliuojamu stovu (iki 145 cm) - Toys.lt","robots":{"index":"index","follow":"follow","max-snippet":"max-snippet:-1","max-image-preview":"max-image-preview:large","max-video-preview":"max-video-preview:-1"},"canonical":"https:\/\/toys.lt\/lv\/produktas\/vaikiskas-krepsinio-ziedas-su-reguliuojamu-stovu-iki-145-cm\/","og_locale":"lv_LV","og_type":"article","og_title":"Vaiki\u0161kas krep\u0161inio \u017eiedas su reguliuojamu stovu (iki 145 cm) - Toys.lt","og_description":"Prek\u0117s tipas: sportas Kilm\u0117s \u0161alis: Kinija Pakuot\u0117s i\u0161matavimai: 34 x 8,5 x 42\u00a0cm Rekomenduojamas am\u017eius: nuo 8 met\u0173","og_url":"https:\/\/toys.lt\/lv\/produktas\/vaikiskas-krepsinio-ziedas-su-reguliuojamu-stovu-iki-145-cm\/","og_site_name":"Toys.lt","article_modified_time":"2026-04-23T18:13:18+00:00","og_image":[{"width":2500,"height":1876,"url":"https:\/\/toys.lt\/wp-content\/uploads\/2020\/06\/products-1120.jpg","type":"image\/jpeg"}],"twitter_card":"summary_large_image","twitter_misc":{"Est. reading time":"1 minute"},"schema":{"@context":"https:\/\/schema.org","@graph":[{"@type":"WebPage","@id":"https:\/\/toys.lt\/lv\/produktas\/vaikiskas-krepsinio-ziedas-su-reguliuojamu-stovu-iki-145-cm\/","url":"https:\/\/toys.lt\/lv\/produktas\/vaikiskas-krepsinio-ziedas-su-reguliuojamu-stovu-iki-145-cm\/","name":"Vaiki\u0161kas krep\u0161inio \u017eiedas su reguliuojamu stovu (iki 145 cm) - Toys.lt","isPartOf":{"@id":"https:\/\/toys.lt\/lv\/#website"},"primaryImageOfPage":{"@id":"https:\/\/toys.lt\/lv\/produktas\/vaikiskas-krepsinio-ziedas-su-reguliuojamu-stovu-iki-145-cm\/#primaryimage"},"image":{"@id":"https:\/\/toys.lt\/lv\/produktas\/vaikiskas-krepsinio-ziedas-su-reguliuojamu-stovu-iki-145-cm\/#primaryimage"},"thumbnailUrl":"https:\/\/toys.lt\/wp-content\/uploads\/2020\/06\/products-1120.jpg","datePublished":"2020-06-17T11:30:39+00:00","dateModified":"2026-04-23T18:13:18+00:00","breadcrumb":{"@id":"https:\/\/toys.lt\/lv\/produktas\/vaikiskas-krepsinio-ziedas-su-reguliuojamu-stovu-iki-145-cm\/#breadcrumb"},"inLanguage":"lv-LV","potentialAction":[{"@type":"ReadAction","target":["https:\/\/toys.lt\/lv\/produktas\/vaikiskas-krepsinio-ziedas-su-reguliuojamu-stovu-iki-145-cm\/"]}]},{"@type":"ImageObject","inLanguage":"lv-LV","@id":"https:\/\/toys.lt\/lv\/produktas\/vaikiskas-krepsinio-ziedas-su-reguliuojamu-stovu-iki-145-cm\/#primaryimage","url":"https:\/\/toys.lt\/wp-content\/uploads\/2020\/06\/products-1120.jpg","contentUrl":"https:\/\/toys.lt\/wp-content\/uploads\/2020\/06\/products-1120.jpg","width":2500,"height":1876,"caption":"Vaiki\u0161kas krep\u0161inio \u017eiedas su reguliuojamu stovu (iki 145 cm)"},{"@type":"BreadcrumbList","@id":"https:\/\/toys.lt\/lv\/produktas\/vaikiskas-krepsinio-ziedas-su-reguliuojamu-stovu-iki-145-cm\/#breadcrumb","itemListElement":[{"@type":"ListItem","position":1,"name":"Home","item":"https:\/\/toys.lt\/lv\/"},{"@type":"ListItem","position":2,"name":"Veikals","item":"https:\/\/toys.lt\/lv\/shop\/"},{"@type":"ListItem","position":3,"name":"Vaiki\u0161kas krep\u0161inio \u017eiedas su reguliuojamu stovu (iki 145 cm)"}]},{"@type":"WebSite","@id":"https:\/\/toys.lt\/lv\/#website","url":"https:\/\/toys.lt\/lv\/","name":"Toys.lt","description":"","potentialAction":[{"@type":"SearchAction","target":{"@type":"EntryPoint","urlTemplate":"https:\/\/toys.lt\/lv\/?s={search_term_string}"},"query-input":{"@type":"PropertyValueSpecification","valueRequired":true,"valueName":"search_term_string"}}],"inLanguage":"lv-LV"}]}},"_links":{"self":[{"href":"https:\/\/toys.lt\/lv\/wp-json\/wp\/v2\/product\/27210","targetHints":{"allow":["GET"]}}],"collection":[{"href":"https:\/\/toys.lt\/lv\/wp-json\/wp\/v2\/product"}],"about":[{"href":"https:\/\/toys.lt\/lv\/wp-json\/wp\/v2\/types\/product"}],"replies":[{"embeddable":true,"href":"https:\/\/toys.lt\/lv\/wp-json\/wp\/v2\/comments?post=27210"}],"version-history":[{"count":0,"href":"https:\/\/toys.lt\/lv\/wp-json\/wp\/v2\/product\/27210\/revisions"}],"wp:featuredmedia":[{"embeddable":true,"href":"https:\/\/toys.lt\/lv\/wp-json\/wp\/v2\/media\/27211"}],"wp:attachment":[{"href":"https:\/\/toys.lt\/lv\/wp-json\/wp\/v2\/media?parent=27210"}],"wp:term":[{"taxonomy":"product_brand","embeddable":true,"href":"https:\/\/toys.lt\/lv\/wp-json\/wp\/v2\/product_brand?post=27210"},{"taxonomy":"product_cat","embeddable":true,"href":"https:\/\/toys.lt\/lv\/wp-json\/wp\/v2\/product_cat?post=27210"},{"taxonomy":"product_tag","embeddable":true,"href":"https:\/\/toys.lt\/lv\/wp-json\/wp\/v2\/product_tag?post=27210"}],"curies":[{"name":"wp","href":"https:\/\/api.w.org\/{rel}","templated":true}]}}