{"id":27186,"date":"2020-06-16T13:57:47","date_gmt":"2020-06-16T13:57:47","guid":{"rendered":"https:\/\/toys.lt\/?post_type=product&#038;p=27186"},"modified":"2026-04-23T18:13:18","modified_gmt":"2026-04-23T18:13:18","slug":"zaisline-karieta-ir-pilis-su-priedais","status":"publish","type":"product","link":"https:\/\/toys.lt\/lv\/produktas\/zaisline-karieta-ir-pilis-su-priedais\/","title":{"rendered":"\u017daislin\u0117 karieta ir pilis su priedais"},"content":{"rendered":"<p><strong>Priedai:<\/strong><\/p>\n<ul style=\"list-style-type: square;\">\n<li style=\"margin: 0px; padding: 0px; font: inherit; border: 0px;\">Karieta<\/li>\n<li style=\"margin: 0px; padding: 0px; font: inherit; border: 0px;\">Pilis<\/li>\n<li style=\"margin: 0px; padding: 0px; font: inherit; border: 0px;\">Arklys<\/li>\n<li style=\"margin: 0px; padding: 0px; font: inherit; border: 0px;\">2 l\u0117li\u0173 fig\u016bros: princas ir princes\u0117<\/li>\n<li style=\"margin: 0px; padding: 0px; font: inherit; border: 0px;\">2 karali\u0161ki foteliai<\/li>\n<li style=\"margin: 0px; padding: 0px; font: inherit; border: 0px;\">Staliukas<\/li>\n<\/ul>\n<p><strong>Savyb\u0117s:<\/strong><\/p>\n<ul style=\"list-style-type: square;\">\n<li style=\"margin: 0px; padding: 0px; font: inherit; border: 0px;\">\u0160viesos ir garso efektai<\/li>\n<li style=\"margin: 0px; padding: 0px; font: inherit; border: 0px;\">Karietos ratai sukasi<\/li>\n<li style=\"margin: 0px; padding: 0px; font: inherit; border: 0px;\">Kariet\u0105 galima atkabinti nuo arklio<\/li>\n<li style=\"margin: 0px; padding: 0px; font: inherit; border: 0px;\">Spalvingas dizainas<\/li>\n<li style=\"margin: 0px; padding: 0px; font: inherit; border: 0px;\">Saugus vaik\u0173 sveikatai<\/li>\n<li style=\"margin: 0px; padding: 0px; font: inherit; border: 0px;\">Lavina vaizduot\u0119, judesi\u0173 koordinacij\u0105, skatina k\u016brybi\u0161kum\u0105<\/li>\n<\/ul>\n","protected":false},"excerpt":{"rendered":"<p>Prek\u0117s tipas: karieta su priedais<\/p>\n<p>Kilm\u0117s \u0161alis: Kinija<\/p>\n<p>Pakuot\u0117s i\u0161matavimai: 50,5 x 8,5 x 31,5 cm<\/p>\n<p>Rekomenduojamas am\u017eius: nuo 3 met\u0173<\/p>\n<p>Elementai: 3 x LR44 (pridedamos)<\/p>\n","protected":false},"featured_media":27187,"comment_status":"open","ping_status":"closed","template":"","meta":[],"product_brand":[],"product_cat":[411,406],"product_tag":[],"class_list":{"0":"post-27186","1":"product","2":"type-product","3":"status-publish","4":"has-post-thumbnail","6":"product_cat-zaislai-mergaitems","7":"product_cat-zaislines-leles-ir-priedai","8":"pa_amziaus-grupe-76","9":"pa_prek-s-tipas-l-li-priedai","11":"first","12":"outofstock","13":"sale","14":"taxable","15":"shipping-taxable","16":"purchasable","17":"product-type-simple"},"yoast_head":"<!-- This site is optimized with the Yoast SEO plugin v26.3 - https:\/\/yoast.com\/wordpress\/plugins\/seo\/ -->\n<title>\u017daislin\u0117 karieta ir pilis su priedais - Toys.lt<\/title>\n<meta name=\"robots\" content=\"index, follow, max-snippet:-1, max-image-preview:large, max-video-preview:-1\" \/>\n<link rel=\"canonical\" href=\"https:\/\/toys.lt\/lv\/produktas\/zaisline-karieta-ir-pilis-su-priedais\/\" \/>\n<meta property=\"og:locale\" content=\"lv_LV\" \/>\n<meta property=\"og:type\" content=\"article\" \/>\n<meta property=\"og:title\" content=\"\u017daislin\u0117 karieta ir pilis su priedais - Toys.lt\" \/>\n<meta property=\"og:description\" content=\"Prek\u0117s tipas: karieta su priedais  Kilm\u0117s \u0161alis: Kinija  Pakuot\u0117s i\u0161matavimai: 50,5 x 8,5 x 31,5 cm  Rekomenduojamas am\u017eius: nuo 3 met\u0173  Elementai: 3 x LR44 (pridedamos)\" \/>\n<meta property=\"og:url\" content=\"https:\/\/toys.lt\/lv\/produktas\/zaisline-karieta-ir-pilis-su-priedais\/\" \/>\n<meta property=\"og:site_name\" content=\"Toys.lt\" \/>\n<meta property=\"article:modified_time\" content=\"2026-04-23T18:13:18+00:00\" \/>\n<meta property=\"og:image\" content=\"https:\/\/toys.lt\/wp-content\/uploads\/2020\/06\/products-1104.jpg\" \/>\n\t<meta property=\"og:image:width\" content=\"500\" \/>\n\t<meta property=\"og:image:height\" content=\"413\" \/>\n\t<meta property=\"og:image:type\" content=\"image\/jpeg\" \/>\n<meta name=\"twitter:card\" content=\"summary_large_image\" \/>\n<meta name=\"twitter:label1\" content=\"Est. reading time\" \/>\n\t<meta name=\"twitter:data1\" content=\"1 minute\" \/>\n<script type=\"application\/ld+json\" class=\"yoast-schema-graph\">{\"@context\":\"https:\/\/schema.org\",\"@graph\":[{\"@type\":\"WebPage\",\"@id\":\"https:\/\/toys.lt\/lv\/produktas\/zaisline-karieta-ir-pilis-su-priedais\/\",\"url\":\"https:\/\/toys.lt\/lv\/produktas\/zaisline-karieta-ir-pilis-su-priedais\/\",\"name\":\"\u017daislin\u0117 karieta ir pilis su priedais - Toys.lt\",\"isPartOf\":{\"@id\":\"https:\/\/toys.lt\/lv\/#website\"},\"primaryImageOfPage\":{\"@id\":\"https:\/\/toys.lt\/lv\/produktas\/zaisline-karieta-ir-pilis-su-priedais\/#primaryimage\"},\"image\":{\"@id\":\"https:\/\/toys.lt\/lv\/produktas\/zaisline-karieta-ir-pilis-su-priedais\/#primaryimage\"},\"thumbnailUrl\":\"https:\/\/toys.lt\/wp-content\/uploads\/2020\/06\/products-1104.jpg\",\"datePublished\":\"2020-06-16T13:57:47+00:00\",\"dateModified\":\"2026-04-23T18:13:18+00:00\",\"breadcrumb\":{\"@id\":\"https:\/\/toys.lt\/lv\/produktas\/zaisline-karieta-ir-pilis-su-priedais\/#breadcrumb\"},\"inLanguage\":\"lv-LV\",\"potentialAction\":[{\"@type\":\"ReadAction\",\"target\":[\"https:\/\/toys.lt\/lv\/produktas\/zaisline-karieta-ir-pilis-su-priedais\/\"]}]},{\"@type\":\"ImageObject\",\"inLanguage\":\"lv-LV\",\"@id\":\"https:\/\/toys.lt\/lv\/produktas\/zaisline-karieta-ir-pilis-su-priedais\/#primaryimage\",\"url\":\"https:\/\/toys.lt\/wp-content\/uploads\/2020\/06\/products-1104.jpg\",\"contentUrl\":\"https:\/\/toys.lt\/wp-content\/uploads\/2020\/06\/products-1104.jpg\",\"width\":500,\"height\":413,\"caption\":\"\u017daislin\u0117 karieta ir pilis su priedais\"},{\"@type\":\"BreadcrumbList\",\"@id\":\"https:\/\/toys.lt\/lv\/produktas\/zaisline-karieta-ir-pilis-su-priedais\/#breadcrumb\",\"itemListElement\":[{\"@type\":\"ListItem\",\"position\":1,\"name\":\"Home\",\"item\":\"https:\/\/toys.lt\/lv\/\"},{\"@type\":\"ListItem\",\"position\":2,\"name\":\"Veikals\",\"item\":\"https:\/\/toys.lt\/lv\/shop\/\"},{\"@type\":\"ListItem\",\"position\":3,\"name\":\"\u017daislin\u0117 karieta ir pilis su priedais\"}]},{\"@type\":\"WebSite\",\"@id\":\"https:\/\/toys.lt\/lv\/#website\",\"url\":\"https:\/\/toys.lt\/lv\/\",\"name\":\"Toys.lt\",\"description\":\"\",\"potentialAction\":[{\"@type\":\"SearchAction\",\"target\":{\"@type\":\"EntryPoint\",\"urlTemplate\":\"https:\/\/toys.lt\/lv\/?s={search_term_string}\"},\"query-input\":{\"@type\":\"PropertyValueSpecification\",\"valueRequired\":true,\"valueName\":\"search_term_string\"}}],\"inLanguage\":\"lv-LV\"}]}<\/script>\n<!-- \/ Yoast SEO plugin. -->","yoast_head_json":{"title":"\u017daislin\u0117 karieta ir pilis su priedais - Toys.lt","robots":{"index":"index","follow":"follow","max-snippet":"max-snippet:-1","max-image-preview":"max-image-preview:large","max-video-preview":"max-video-preview:-1"},"canonical":"https:\/\/toys.lt\/lv\/produktas\/zaisline-karieta-ir-pilis-su-priedais\/","og_locale":"lv_LV","og_type":"article","og_title":"\u017daislin\u0117 karieta ir pilis su priedais - Toys.lt","og_description":"Prek\u0117s tipas: karieta su priedais  Kilm\u0117s \u0161alis: Kinija  Pakuot\u0117s i\u0161matavimai: 50,5 x 8,5 x 31,5 cm  Rekomenduojamas am\u017eius: nuo 3 met\u0173  Elementai: 3 x LR44 (pridedamos)","og_url":"https:\/\/toys.lt\/lv\/produktas\/zaisline-karieta-ir-pilis-su-priedais\/","og_site_name":"Toys.lt","article_modified_time":"2026-04-23T18:13:18+00:00","og_image":[{"width":500,"height":413,"url":"https:\/\/toys.lt\/wp-content\/uploads\/2020\/06\/products-1104.jpg","type":"image\/jpeg"}],"twitter_card":"summary_large_image","twitter_misc":{"Est. reading time":"1 minute"},"schema":{"@context":"https:\/\/schema.org","@graph":[{"@type":"WebPage","@id":"https:\/\/toys.lt\/lv\/produktas\/zaisline-karieta-ir-pilis-su-priedais\/","url":"https:\/\/toys.lt\/lv\/produktas\/zaisline-karieta-ir-pilis-su-priedais\/","name":"\u017daislin\u0117 karieta ir pilis su priedais - Toys.lt","isPartOf":{"@id":"https:\/\/toys.lt\/lv\/#website"},"primaryImageOfPage":{"@id":"https:\/\/toys.lt\/lv\/produktas\/zaisline-karieta-ir-pilis-su-priedais\/#primaryimage"},"image":{"@id":"https:\/\/toys.lt\/lv\/produktas\/zaisline-karieta-ir-pilis-su-priedais\/#primaryimage"},"thumbnailUrl":"https:\/\/toys.lt\/wp-content\/uploads\/2020\/06\/products-1104.jpg","datePublished":"2020-06-16T13:57:47+00:00","dateModified":"2026-04-23T18:13:18+00:00","breadcrumb":{"@id":"https:\/\/toys.lt\/lv\/produktas\/zaisline-karieta-ir-pilis-su-priedais\/#breadcrumb"},"inLanguage":"lv-LV","potentialAction":[{"@type":"ReadAction","target":["https:\/\/toys.lt\/lv\/produktas\/zaisline-karieta-ir-pilis-su-priedais\/"]}]},{"@type":"ImageObject","inLanguage":"lv-LV","@id":"https:\/\/toys.lt\/lv\/produktas\/zaisline-karieta-ir-pilis-su-priedais\/#primaryimage","url":"https:\/\/toys.lt\/wp-content\/uploads\/2020\/06\/products-1104.jpg","contentUrl":"https:\/\/toys.lt\/wp-content\/uploads\/2020\/06\/products-1104.jpg","width":500,"height":413,"caption":"\u017daislin\u0117 karieta ir pilis su priedais"},{"@type":"BreadcrumbList","@id":"https:\/\/toys.lt\/lv\/produktas\/zaisline-karieta-ir-pilis-su-priedais\/#breadcrumb","itemListElement":[{"@type":"ListItem","position":1,"name":"Home","item":"https:\/\/toys.lt\/lv\/"},{"@type":"ListItem","position":2,"name":"Veikals","item":"https:\/\/toys.lt\/lv\/shop\/"},{"@type":"ListItem","position":3,"name":"\u017daislin\u0117 karieta ir pilis su priedais"}]},{"@type":"WebSite","@id":"https:\/\/toys.lt\/lv\/#website","url":"https:\/\/toys.lt\/lv\/","name":"Toys.lt","description":"","potentialAction":[{"@type":"SearchAction","target":{"@type":"EntryPoint","urlTemplate":"https:\/\/toys.lt\/lv\/?s={search_term_string}"},"query-input":{"@type":"PropertyValueSpecification","valueRequired":true,"valueName":"search_term_string"}}],"inLanguage":"lv-LV"}]}},"_links":{"self":[{"href":"https:\/\/toys.lt\/lv\/wp-json\/wp\/v2\/product\/27186","targetHints":{"allow":["GET"]}}],"collection":[{"href":"https:\/\/toys.lt\/lv\/wp-json\/wp\/v2\/product"}],"about":[{"href":"https:\/\/toys.lt\/lv\/wp-json\/wp\/v2\/types\/product"}],"replies":[{"embeddable":true,"href":"https:\/\/toys.lt\/lv\/wp-json\/wp\/v2\/comments?post=27186"}],"version-history":[{"count":1,"href":"https:\/\/toys.lt\/lv\/wp-json\/wp\/v2\/product\/27186\/revisions"}],"predecessor-version":[{"id":32834,"href":"https:\/\/toys.lt\/lv\/wp-json\/wp\/v2\/product\/27186\/revisions\/32834"}],"wp:featuredmedia":[{"embeddable":true,"href":"https:\/\/toys.lt\/lv\/wp-json\/wp\/v2\/media\/27187"}],"wp:attachment":[{"href":"https:\/\/toys.lt\/lv\/wp-json\/wp\/v2\/media?parent=27186"}],"wp:term":[{"taxonomy":"product_brand","embeddable":true,"href":"https:\/\/toys.lt\/lv\/wp-json\/wp\/v2\/product_brand?post=27186"},{"taxonomy":"product_cat","embeddable":true,"href":"https:\/\/toys.lt\/lv\/wp-json\/wp\/v2\/product_cat?post=27186"},{"taxonomy":"product_tag","embeddable":true,"href":"https:\/\/toys.lt\/lv\/wp-json\/wp\/v2\/product_tag?post=27186"}],"curies":[{"name":"wp","href":"https:\/\/api.w.org\/{rel}","templated":true}]}}