{"id":27162,"date":"2020-06-15T13:43:51","date_gmt":"2020-06-15T13:43:51","guid":{"rendered":"https:\/\/toys.lt\/?post_type=product&#038;p=27162"},"modified":"2026-03-12T12:37:19","modified_gmt":"2026-03-12T12:37:19","slug":"r-b-valdomas-4wd-visureigis-kraunamas","status":"publish","type":"product","link":"https:\/\/toys.lt\/lv\/produktas\/r-b-valdomas-4wd-visureigis-kraunamas\/","title":{"rendered":"R\/B valdomas 4WD visureigis (\u012fkraunamas)"},"content":{"rendered":"<p><strong>Komplektacija:<\/strong><\/p>\n<ul style=\"list-style-type: square\">\n<li>RC visureigis<\/li>\n<li>nuotolinio valdymo pultas<\/li>\n<li>baterija<\/li>\n<li>USB \u012fkrovimo kabelis<\/li>\n<\/ul>\n<p><strong>Savyb\u0117s:<\/strong><\/p>\n<ul style=\"list-style-type: square\">\n<li>\u0160vie\u010diantys \u017eibintai<\/li>\n<li>Funkcija: pirmyn, atgal, pos\u016bkis \u012f kair\u0119, pos\u016bkis de\u0161in\u0117n<\/li>\n<li>Tur\u0117damas tvirt\u0105 sukibim\u0105 ir galing\u0105 varom\u0105j\u0105 j\u0117g\u0105, jis gali lengvai pakilti 45 \u00b0 \u012f \u0161lait\u0105<\/li>\n<li>Susid\u0117v\u0117jimui atsparios TPR padangos su neslid\u017eiu pavir\u0161iumi u\u017etikrina stipr\u0173 sukibim\u0105<\/li>\n<li>2,4 GHz da\u017enis u\u017etikrina stabil\u0173 signal\u0105 ir tiksl\u0173 veikim\u0105<\/li>\n<li>Galingas variklis leid\u017eia lengvai atlikti sunkius judesius, lengvai kyla palei \u0161lait\u0105<\/li>\n<li>Auk\u0161tos kokyb\u0117s buferiai u\u017etikrina ger\u0105 apsaug\u0105 nuo susid\u016brimo<\/li>\n<li>Auk\u0161to kietumo va\u017eiuokl\u0117 palaiko galing\u0105 automobilio k\u0117bul\u0105<\/li>\n<li>Nepriklausoma keturi\u0173 rat\u0173 pakabos \u012franga sugeria nelygi\u0173 keli\u0173 sukelt\u0105 vibracij\u0105, tod\u0117l ji veikia lanks\u010diai ir stabiliai<\/li>\n<\/ul>\n","protected":false},"excerpt":{"rendered":"<p>Prek\u0117s tipas: valdomi \u017eaislai<\/p>\n<p>Kilm\u0117s \u0161alis: Kinija<\/p>\n<p>Pakuot\u0117s i\u0161matavimai: 55 x 30 x 33 cm<\/p>\n<p>Produkto i\u0161matavimai: 50 x 26 x 30 cm<\/p>\n<p>Produkto med\u017eiaga: plastikas<\/p>\n<p>Mastelis: 1:8<\/p>\n<p>Da\u017enis: 2,4 GHz<\/p>\n<p>Valdymo atstumas: iki 35 metr\u0173<\/p>\n<p>\u017daidimo laikas: daugiau nei 12 minu\u010di\u0173<\/p>\n<p>Nuotolinio valdymo baterija: 9 V (pridedama)<\/p>\n<p>RC automobilio akumuliatorius: 8,4 V Ni-Cd (pridedamas)<\/p>\n<p>Rekomenduojamas am\u017eius: nuo 8 met\u0173<\/p>\n","protected":false},"featured_media":27165,"comment_status":"open","ping_status":"closed","template":"","meta":[],"product_brand":[],"product_cat":[418,395,410],"product_tag":[],"class_list":{"0":"post-27162","1":"product","2":"type-product","3":"status-publish","4":"has-post-thumbnail","6":"product_cat-pigu","7":"product_cat-valdomi-zaislai-2","8":"product_cat-zaislai-berniukams","9":"pa_amziaus-grupe-81","10":"pa_prek-s-spalva-m-lyna","11":"pa_prek-s-spalva-raudona","12":"pa_prek-s-tipas-automobiliai-2","14":"first","15":"outofstock","16":"taxable","17":"shipping-taxable","18":"product-type-variable"},"yoast_head":"<!-- This site is optimized with the Yoast SEO plugin v26.3 - https:\/\/yoast.com\/wordpress\/plugins\/seo\/ -->\n<title>R\/B valdomas 4WD visureigis (\u012fkraunamas) - Toys.lt<\/title>\n<meta name=\"robots\" content=\"index, follow, max-snippet:-1, max-image-preview:large, max-video-preview:-1\" \/>\n<link rel=\"canonical\" href=\"https:\/\/toys.lt\/lv\/produktas\/r-b-valdomas-4wd-visureigis-kraunamas\/\" \/>\n<meta property=\"og:locale\" content=\"lv_LV\" \/>\n<meta property=\"og:type\" content=\"article\" \/>\n<meta property=\"og:title\" content=\"R\/B valdomas 4WD visureigis (\u012fkraunamas) - Toys.lt\" \/>\n<meta property=\"og:description\" content=\"Prek\u0117s tipas: valdomi \u017eaislai  Kilm\u0117s \u0161alis: Kinija  Pakuot\u0117s i\u0161matavimai: 55 x 30 x 33 cm  Produkto i\u0161matavimai: 50 x 26 x 30 cm  Produkto med\u017eiaga: plastikas  Mastelis: 1:8  Da\u017enis: 2,4 GHz  Valdymo atstumas: iki 35 metr\u0173  \u017daidimo laikas: daugiau nei 12 minu\u010di\u0173  Nuotolinio valdymo baterija: 9 V (pridedama)  RC automobilio akumuliatorius: 8,4 V Ni-Cd (pridedamas)  Rekomenduojamas am\u017eius: nuo 8 met\u0173\" \/>\n<meta property=\"og:url\" content=\"https:\/\/toys.lt\/lv\/produktas\/r-b-valdomas-4wd-visureigis-kraunamas\/\" \/>\n<meta property=\"og:site_name\" content=\"Toys.lt\" \/>\n<meta property=\"article:modified_time\" content=\"2026-03-12T12:37:19+00:00\" \/>\n<meta property=\"og:image\" content=\"https:\/\/toys.lt\/wp-content\/uploads\/2020\/06\/products-1090.jpg\" \/>\n\t<meta property=\"og:image:width\" content=\"2362\" \/>\n\t<meta property=\"og:image:height\" content=\"1476\" \/>\n\t<meta property=\"og:image:type\" content=\"image\/jpeg\" \/>\n<meta name=\"twitter:card\" content=\"summary_large_image\" \/>\n<meta name=\"twitter:label1\" content=\"Est. reading time\" \/>\n\t<meta name=\"twitter:data1\" content=\"1 minute\" \/>\n<script type=\"application\/ld+json\" class=\"yoast-schema-graph\">{\"@context\":\"https:\/\/schema.org\",\"@graph\":[{\"@type\":\"WebPage\",\"@id\":\"https:\/\/toys.lt\/lv\/produktas\/r-b-valdomas-4wd-visureigis-kraunamas\/\",\"url\":\"https:\/\/toys.lt\/lv\/produktas\/r-b-valdomas-4wd-visureigis-kraunamas\/\",\"name\":\"R\/B valdomas 4WD visureigis (\u012fkraunamas) - Toys.lt\",\"isPartOf\":{\"@id\":\"https:\/\/toys.lt\/lv\/#website\"},\"primaryImageOfPage\":{\"@id\":\"https:\/\/toys.lt\/lv\/produktas\/r-b-valdomas-4wd-visureigis-kraunamas\/#primaryimage\"},\"image\":{\"@id\":\"https:\/\/toys.lt\/lv\/produktas\/r-b-valdomas-4wd-visureigis-kraunamas\/#primaryimage\"},\"thumbnailUrl\":\"https:\/\/toys.lt\/wp-content\/uploads\/2020\/06\/products-1090.jpg\",\"datePublished\":\"2020-06-15T13:43:51+00:00\",\"dateModified\":\"2026-03-12T12:37:19+00:00\",\"breadcrumb\":{\"@id\":\"https:\/\/toys.lt\/lv\/produktas\/r-b-valdomas-4wd-visureigis-kraunamas\/#breadcrumb\"},\"inLanguage\":\"lv-LV\",\"potentialAction\":[{\"@type\":\"ReadAction\",\"target\":[\"https:\/\/toys.lt\/lv\/produktas\/r-b-valdomas-4wd-visureigis-kraunamas\/\"]}]},{\"@type\":\"ImageObject\",\"inLanguage\":\"lv-LV\",\"@id\":\"https:\/\/toys.lt\/lv\/produktas\/r-b-valdomas-4wd-visureigis-kraunamas\/#primaryimage\",\"url\":\"https:\/\/toys.lt\/wp-content\/uploads\/2020\/06\/products-1090.jpg\",\"contentUrl\":\"https:\/\/toys.lt\/wp-content\/uploads\/2020\/06\/products-1090.jpg\",\"width\":2362,\"height\":1476,\"caption\":\"R\/B valdomas 4WD visureigis (\u012fkraunamas)\"},{\"@type\":\"BreadcrumbList\",\"@id\":\"https:\/\/toys.lt\/lv\/produktas\/r-b-valdomas-4wd-visureigis-kraunamas\/#breadcrumb\",\"itemListElement\":[{\"@type\":\"ListItem\",\"position\":1,\"name\":\"Home\",\"item\":\"https:\/\/toys.lt\/lv\/\"},{\"@type\":\"ListItem\",\"position\":2,\"name\":\"Veikals\",\"item\":\"https:\/\/toys.lt\/lv\/shop\/\"},{\"@type\":\"ListItem\",\"position\":3,\"name\":\"R\/B valdomas 4WD visureigis (\u012fkraunamas)\"}]},{\"@type\":\"WebSite\",\"@id\":\"https:\/\/toys.lt\/lv\/#website\",\"url\":\"https:\/\/toys.lt\/lv\/\",\"name\":\"Toys.lt\",\"description\":\"\",\"potentialAction\":[{\"@type\":\"SearchAction\",\"target\":{\"@type\":\"EntryPoint\",\"urlTemplate\":\"https:\/\/toys.lt\/lv\/?s={search_term_string}\"},\"query-input\":{\"@type\":\"PropertyValueSpecification\",\"valueRequired\":true,\"valueName\":\"search_term_string\"}}],\"inLanguage\":\"lv-LV\"}]}<\/script>\n<!-- \/ Yoast SEO plugin. -->","yoast_head_json":{"title":"R\/B valdomas 4WD visureigis (\u012fkraunamas) - Toys.lt","robots":{"index":"index","follow":"follow","max-snippet":"max-snippet:-1","max-image-preview":"max-image-preview:large","max-video-preview":"max-video-preview:-1"},"canonical":"https:\/\/toys.lt\/lv\/produktas\/r-b-valdomas-4wd-visureigis-kraunamas\/","og_locale":"lv_LV","og_type":"article","og_title":"R\/B valdomas 4WD visureigis (\u012fkraunamas) - Toys.lt","og_description":"Prek\u0117s tipas: valdomi \u017eaislai  Kilm\u0117s \u0161alis: Kinija  Pakuot\u0117s i\u0161matavimai: 55 x 30 x 33 cm  Produkto i\u0161matavimai: 50 x 26 x 30 cm  Produkto med\u017eiaga: plastikas  Mastelis: 1:8  Da\u017enis: 2,4 GHz  Valdymo atstumas: iki 35 metr\u0173  \u017daidimo laikas: daugiau nei 12 minu\u010di\u0173  Nuotolinio valdymo baterija: 9 V (pridedama)  RC automobilio akumuliatorius: 8,4 V Ni-Cd (pridedamas)  Rekomenduojamas am\u017eius: nuo 8 met\u0173","og_url":"https:\/\/toys.lt\/lv\/produktas\/r-b-valdomas-4wd-visureigis-kraunamas\/","og_site_name":"Toys.lt","article_modified_time":"2026-03-12T12:37:19+00:00","og_image":[{"width":2362,"height":1476,"url":"https:\/\/toys.lt\/wp-content\/uploads\/2020\/06\/products-1090.jpg","type":"image\/jpeg"}],"twitter_card":"summary_large_image","twitter_misc":{"Est. reading time":"1 minute"},"schema":{"@context":"https:\/\/schema.org","@graph":[{"@type":"WebPage","@id":"https:\/\/toys.lt\/lv\/produktas\/r-b-valdomas-4wd-visureigis-kraunamas\/","url":"https:\/\/toys.lt\/lv\/produktas\/r-b-valdomas-4wd-visureigis-kraunamas\/","name":"R\/B valdomas 4WD visureigis (\u012fkraunamas) - Toys.lt","isPartOf":{"@id":"https:\/\/toys.lt\/lv\/#website"},"primaryImageOfPage":{"@id":"https:\/\/toys.lt\/lv\/produktas\/r-b-valdomas-4wd-visureigis-kraunamas\/#primaryimage"},"image":{"@id":"https:\/\/toys.lt\/lv\/produktas\/r-b-valdomas-4wd-visureigis-kraunamas\/#primaryimage"},"thumbnailUrl":"https:\/\/toys.lt\/wp-content\/uploads\/2020\/06\/products-1090.jpg","datePublished":"2020-06-15T13:43:51+00:00","dateModified":"2026-03-12T12:37:19+00:00","breadcrumb":{"@id":"https:\/\/toys.lt\/lv\/produktas\/r-b-valdomas-4wd-visureigis-kraunamas\/#breadcrumb"},"inLanguage":"lv-LV","potentialAction":[{"@type":"ReadAction","target":["https:\/\/toys.lt\/lv\/produktas\/r-b-valdomas-4wd-visureigis-kraunamas\/"]}]},{"@type":"ImageObject","inLanguage":"lv-LV","@id":"https:\/\/toys.lt\/lv\/produktas\/r-b-valdomas-4wd-visureigis-kraunamas\/#primaryimage","url":"https:\/\/toys.lt\/wp-content\/uploads\/2020\/06\/products-1090.jpg","contentUrl":"https:\/\/toys.lt\/wp-content\/uploads\/2020\/06\/products-1090.jpg","width":2362,"height":1476,"caption":"R\/B valdomas 4WD visureigis (\u012fkraunamas)"},{"@type":"BreadcrumbList","@id":"https:\/\/toys.lt\/lv\/produktas\/r-b-valdomas-4wd-visureigis-kraunamas\/#breadcrumb","itemListElement":[{"@type":"ListItem","position":1,"name":"Home","item":"https:\/\/toys.lt\/lv\/"},{"@type":"ListItem","position":2,"name":"Veikals","item":"https:\/\/toys.lt\/lv\/shop\/"},{"@type":"ListItem","position":3,"name":"R\/B valdomas 4WD visureigis (\u012fkraunamas)"}]},{"@type":"WebSite","@id":"https:\/\/toys.lt\/lv\/#website","url":"https:\/\/toys.lt\/lv\/","name":"Toys.lt","description":"","potentialAction":[{"@type":"SearchAction","target":{"@type":"EntryPoint","urlTemplate":"https:\/\/toys.lt\/lv\/?s={search_term_string}"},"query-input":{"@type":"PropertyValueSpecification","valueRequired":true,"valueName":"search_term_string"}}],"inLanguage":"lv-LV"}]}},"_links":{"self":[{"href":"https:\/\/toys.lt\/lv\/wp-json\/wp\/v2\/product\/27162","targetHints":{"allow":["GET"]}}],"collection":[{"href":"https:\/\/toys.lt\/lv\/wp-json\/wp\/v2\/product"}],"about":[{"href":"https:\/\/toys.lt\/lv\/wp-json\/wp\/v2\/types\/product"}],"replies":[{"embeddable":true,"href":"https:\/\/toys.lt\/lv\/wp-json\/wp\/v2\/comments?post=27162"}],"version-history":[{"count":2,"href":"https:\/\/toys.lt\/lv\/wp-json\/wp\/v2\/product\/27162\/revisions"}],"predecessor-version":[{"id":43564,"href":"https:\/\/toys.lt\/lv\/wp-json\/wp\/v2\/product\/27162\/revisions\/43564"}],"wp:featuredmedia":[{"embeddable":true,"href":"https:\/\/toys.lt\/lv\/wp-json\/wp\/v2\/media\/27165"}],"wp:attachment":[{"href":"https:\/\/toys.lt\/lv\/wp-json\/wp\/v2\/media?parent=27162"}],"wp:term":[{"taxonomy":"product_brand","embeddable":true,"href":"https:\/\/toys.lt\/lv\/wp-json\/wp\/v2\/product_brand?post=27162"},{"taxonomy":"product_cat","embeddable":true,"href":"https:\/\/toys.lt\/lv\/wp-json\/wp\/v2\/product_cat?post=27162"},{"taxonomy":"product_tag","embeddable":true,"href":"https:\/\/toys.lt\/lv\/wp-json\/wp\/v2\/product_tag?post=27162"}],"curies":[{"name":"wp","href":"https:\/\/api.w.org\/{rel}","templated":true}]}}