{"id":27134,"date":"2020-06-15T10:32:26","date_gmt":"2020-06-15T10:32:26","guid":{"rendered":"https:\/\/toys.lt\/?post_type=product&#038;p=27134"},"modified":"2026-03-12T12:37:19","modified_gmt":"2026-03-12T12:37:19","slug":"inercinis-zaislinis-autovezis-2","status":"publish","type":"product","link":"https:\/\/toys.lt\/lv\/produktas\/inercinis-zaislinis-autovezis-2\/","title":{"rendered":"Inercinis \u017eaislinis autove\u017eis"},"content":{"rendered":"<p><strong>Savyb\u0117s:<\/strong><\/p>\n<ul style=\"list-style-type: square;\">\n<li style=\"margin: 0px; padding: 0px; font: inherit; border: 0px;\">Inercinis mechanizmas<\/li>\n<li style=\"margin: 0px; padding: 0px; font: inherit; border: 0px;\">Atkabinama priekaba<\/li>\n<li style=\"margin: 0px; padding: 0px; font: inherit; border: 0px;\">Nuleid\u017eiama autove\u017eio rampa<\/li>\n<li style=\"margin: 0px; padding: 0px; font: inherit; border: 0px;\">Lengva naudoti<\/li>\n<li style=\"margin: 0px; padding: 0px; font: inherit; border: 0px;\">Lavina\u00a0motorinius \u012fg\u016bd\u017eius, aki\u0173 koordinacij\u0105, mastym\u0105<\/li>\n<li style=\"margin: 0px; padding: 0px; font: inherit; border: 0px;\">Saugus \u017eaisti<\/li>\n<\/ul>\n","protected":false},"excerpt":{"rendered":"<p>Prek\u0117s tipas: transporto priemon\u0117<\/p>\n<p>Kilm\u0117s \u0161alis: Kinija<\/p>\n<p>Pakuot\u0117s i\u0161matavimai: 46 x 22,5 x 16,5 cm<\/p>\n<p>Svoris: 1,250 kg<\/p>\n<p>Produkto med\u017eiaga: plastikas (ABS)<\/p>\n<p>Rekomenduojamas am\u017eius: nuo\u00a024 m\u0117nesi\u0173<\/p>\n","protected":false},"featured_media":27137,"comment_status":"open","ping_status":"closed","template":"","meta":[],"product_brand":[],"product_cat":[410,408],"product_tag":[],"class_list":{"0":"post-27134","1":"product","2":"type-product","3":"status-publish","4":"has-post-thumbnail","6":"product_cat-zaislai-berniukams","7":"product_cat-zaislines-masinos-traktoriai-ir-trasos","8":"pa_amziaus-grupe-75","9":"pa_prek-s-spalva-geltona","10":"pa_prek-s-spalva-alia-2","12":"first","13":"outofstock","14":"taxable","15":"shipping-taxable","16":"purchasable","17":"product-type-variable"},"yoast_head":"<!-- This site is optimized with the Yoast SEO plugin v26.3 - https:\/\/yoast.com\/wordpress\/plugins\/seo\/ -->\n<title>Inercinis \u017eaislinis autove\u017eis - Toys.lt<\/title>\n<meta name=\"robots\" content=\"index, follow, max-snippet:-1, max-image-preview:large, max-video-preview:-1\" \/>\n<link rel=\"canonical\" href=\"https:\/\/toys.lt\/lv\/produktas\/inercinis-zaislinis-autovezis-2\/\" \/>\n<meta property=\"og:locale\" content=\"lv_LV\" \/>\n<meta property=\"og:type\" content=\"article\" \/>\n<meta property=\"og:title\" content=\"Inercinis \u017eaislinis autove\u017eis - Toys.lt\" \/>\n<meta property=\"og:description\" content=\"Prek\u0117s tipas: transporto priemon\u0117  Kilm\u0117s \u0161alis: Kinija  Pakuot\u0117s i\u0161matavimai: 46 x 22,5 x 16,5 cm  Svoris: 1,250 kg  Produkto med\u017eiaga: plastikas (ABS)  Rekomenduojamas am\u017eius: nuo\u00a024 m\u0117nesi\u0173\" \/>\n<meta property=\"og:url\" content=\"https:\/\/toys.lt\/lv\/produktas\/inercinis-zaislinis-autovezis-2\/\" \/>\n<meta property=\"og:site_name\" content=\"Toys.lt\" \/>\n<meta property=\"article:modified_time\" content=\"2026-03-12T12:37:19+00:00\" \/>\n<meta property=\"og:image\" content=\"https:\/\/toys.lt\/wp-content\/uploads\/2020\/06\/products-1071-scaled.jpg\" \/>\n\t<meta property=\"og:image:width\" content=\"2560\" \/>\n\t<meta property=\"og:image:height\" content=\"2400\" \/>\n\t<meta property=\"og:image:type\" content=\"image\/jpeg\" \/>\n<meta name=\"twitter:card\" content=\"summary_large_image\" \/>\n<meta name=\"twitter:label1\" content=\"Est. reading time\" \/>\n\t<meta name=\"twitter:data1\" content=\"1 minute\" \/>\n<script type=\"application\/ld+json\" class=\"yoast-schema-graph\">{\"@context\":\"https:\/\/schema.org\",\"@graph\":[{\"@type\":\"WebPage\",\"@id\":\"https:\/\/toys.lt\/lv\/produktas\/inercinis-zaislinis-autovezis-2\/\",\"url\":\"https:\/\/toys.lt\/lv\/produktas\/inercinis-zaislinis-autovezis-2\/\",\"name\":\"Inercinis \u017eaislinis autove\u017eis - Toys.lt\",\"isPartOf\":{\"@id\":\"https:\/\/toys.lt\/lv\/#website\"},\"primaryImageOfPage\":{\"@id\":\"https:\/\/toys.lt\/lv\/produktas\/inercinis-zaislinis-autovezis-2\/#primaryimage\"},\"image\":{\"@id\":\"https:\/\/toys.lt\/lv\/produktas\/inercinis-zaislinis-autovezis-2\/#primaryimage\"},\"thumbnailUrl\":\"https:\/\/toys.lt\/wp-content\/uploads\/2020\/06\/products-1071-scaled.jpg\",\"datePublished\":\"2020-06-15T10:32:26+00:00\",\"dateModified\":\"2026-03-12T12:37:19+00:00\",\"breadcrumb\":{\"@id\":\"https:\/\/toys.lt\/lv\/produktas\/inercinis-zaislinis-autovezis-2\/#breadcrumb\"},\"inLanguage\":\"lv-LV\",\"potentialAction\":[{\"@type\":\"ReadAction\",\"target\":[\"https:\/\/toys.lt\/lv\/produktas\/inercinis-zaislinis-autovezis-2\/\"]}]},{\"@type\":\"ImageObject\",\"inLanguage\":\"lv-LV\",\"@id\":\"https:\/\/toys.lt\/lv\/produktas\/inercinis-zaislinis-autovezis-2\/#primaryimage\",\"url\":\"https:\/\/toys.lt\/wp-content\/uploads\/2020\/06\/products-1071-scaled.jpg\",\"contentUrl\":\"https:\/\/toys.lt\/wp-content\/uploads\/2020\/06\/products-1071-scaled.jpg\",\"width\":2560,\"height\":2400,\"caption\":\"Inercinis \u017eaislinis autove\u017eis\"},{\"@type\":\"BreadcrumbList\",\"@id\":\"https:\/\/toys.lt\/lv\/produktas\/inercinis-zaislinis-autovezis-2\/#breadcrumb\",\"itemListElement\":[{\"@type\":\"ListItem\",\"position\":1,\"name\":\"Home\",\"item\":\"https:\/\/toys.lt\/lv\/\"},{\"@type\":\"ListItem\",\"position\":2,\"name\":\"Veikals\",\"item\":\"https:\/\/toys.lt\/lv\/shop\/\"},{\"@type\":\"ListItem\",\"position\":3,\"name\":\"Inercinis \u017eaislinis autove\u017eis\"}]},{\"@type\":\"WebSite\",\"@id\":\"https:\/\/toys.lt\/lv\/#website\",\"url\":\"https:\/\/toys.lt\/lv\/\",\"name\":\"Toys.lt\",\"description\":\"\",\"potentialAction\":[{\"@type\":\"SearchAction\",\"target\":{\"@type\":\"EntryPoint\",\"urlTemplate\":\"https:\/\/toys.lt\/lv\/?s={search_term_string}\"},\"query-input\":{\"@type\":\"PropertyValueSpecification\",\"valueRequired\":true,\"valueName\":\"search_term_string\"}}],\"inLanguage\":\"lv-LV\"}]}<\/script>\n<!-- \/ Yoast SEO plugin. -->","yoast_head_json":{"title":"Inercinis \u017eaislinis autove\u017eis - Toys.lt","robots":{"index":"index","follow":"follow","max-snippet":"max-snippet:-1","max-image-preview":"max-image-preview:large","max-video-preview":"max-video-preview:-1"},"canonical":"https:\/\/toys.lt\/lv\/produktas\/inercinis-zaislinis-autovezis-2\/","og_locale":"lv_LV","og_type":"article","og_title":"Inercinis \u017eaislinis autove\u017eis - Toys.lt","og_description":"Prek\u0117s tipas: transporto priemon\u0117  Kilm\u0117s \u0161alis: Kinija  Pakuot\u0117s i\u0161matavimai: 46 x 22,5 x 16,5 cm  Svoris: 1,250 kg  Produkto med\u017eiaga: plastikas (ABS)  Rekomenduojamas am\u017eius: nuo\u00a024 m\u0117nesi\u0173","og_url":"https:\/\/toys.lt\/lv\/produktas\/inercinis-zaislinis-autovezis-2\/","og_site_name":"Toys.lt","article_modified_time":"2026-03-12T12:37:19+00:00","og_image":[{"width":2560,"height":2400,"url":"https:\/\/toys.lt\/wp-content\/uploads\/2020\/06\/products-1071-scaled.jpg","type":"image\/jpeg"}],"twitter_card":"summary_large_image","twitter_misc":{"Est. reading time":"1 minute"},"schema":{"@context":"https:\/\/schema.org","@graph":[{"@type":"WebPage","@id":"https:\/\/toys.lt\/lv\/produktas\/inercinis-zaislinis-autovezis-2\/","url":"https:\/\/toys.lt\/lv\/produktas\/inercinis-zaislinis-autovezis-2\/","name":"Inercinis \u017eaislinis autove\u017eis - Toys.lt","isPartOf":{"@id":"https:\/\/toys.lt\/lv\/#website"},"primaryImageOfPage":{"@id":"https:\/\/toys.lt\/lv\/produktas\/inercinis-zaislinis-autovezis-2\/#primaryimage"},"image":{"@id":"https:\/\/toys.lt\/lv\/produktas\/inercinis-zaislinis-autovezis-2\/#primaryimage"},"thumbnailUrl":"https:\/\/toys.lt\/wp-content\/uploads\/2020\/06\/products-1071-scaled.jpg","datePublished":"2020-06-15T10:32:26+00:00","dateModified":"2026-03-12T12:37:19+00:00","breadcrumb":{"@id":"https:\/\/toys.lt\/lv\/produktas\/inercinis-zaislinis-autovezis-2\/#breadcrumb"},"inLanguage":"lv-LV","potentialAction":[{"@type":"ReadAction","target":["https:\/\/toys.lt\/lv\/produktas\/inercinis-zaislinis-autovezis-2\/"]}]},{"@type":"ImageObject","inLanguage":"lv-LV","@id":"https:\/\/toys.lt\/lv\/produktas\/inercinis-zaislinis-autovezis-2\/#primaryimage","url":"https:\/\/toys.lt\/wp-content\/uploads\/2020\/06\/products-1071-scaled.jpg","contentUrl":"https:\/\/toys.lt\/wp-content\/uploads\/2020\/06\/products-1071-scaled.jpg","width":2560,"height":2400,"caption":"Inercinis \u017eaislinis autove\u017eis"},{"@type":"BreadcrumbList","@id":"https:\/\/toys.lt\/lv\/produktas\/inercinis-zaislinis-autovezis-2\/#breadcrumb","itemListElement":[{"@type":"ListItem","position":1,"name":"Home","item":"https:\/\/toys.lt\/lv\/"},{"@type":"ListItem","position":2,"name":"Veikals","item":"https:\/\/toys.lt\/lv\/shop\/"},{"@type":"ListItem","position":3,"name":"Inercinis \u017eaislinis autove\u017eis"}]},{"@type":"WebSite","@id":"https:\/\/toys.lt\/lv\/#website","url":"https:\/\/toys.lt\/lv\/","name":"Toys.lt","description":"","potentialAction":[{"@type":"SearchAction","target":{"@type":"EntryPoint","urlTemplate":"https:\/\/toys.lt\/lv\/?s={search_term_string}"},"query-input":{"@type":"PropertyValueSpecification","valueRequired":true,"valueName":"search_term_string"}}],"inLanguage":"lv-LV"}]}},"_links":{"self":[{"href":"https:\/\/toys.lt\/lv\/wp-json\/wp\/v2\/product\/27134","targetHints":{"allow":["GET"]}}],"collection":[{"href":"https:\/\/toys.lt\/lv\/wp-json\/wp\/v2\/product"}],"about":[{"href":"https:\/\/toys.lt\/lv\/wp-json\/wp\/v2\/types\/product"}],"replies":[{"embeddable":true,"href":"https:\/\/toys.lt\/lv\/wp-json\/wp\/v2\/comments?post=27134"}],"version-history":[{"count":1,"href":"https:\/\/toys.lt\/lv\/wp-json\/wp\/v2\/product\/27134\/revisions"}],"predecessor-version":[{"id":32829,"href":"https:\/\/toys.lt\/lv\/wp-json\/wp\/v2\/product\/27134\/revisions\/32829"}],"wp:featuredmedia":[{"embeddable":true,"href":"https:\/\/toys.lt\/lv\/wp-json\/wp\/v2\/media\/27137"}],"wp:attachment":[{"href":"https:\/\/toys.lt\/lv\/wp-json\/wp\/v2\/media?parent=27134"}],"wp:term":[{"taxonomy":"product_brand","embeddable":true,"href":"https:\/\/toys.lt\/lv\/wp-json\/wp\/v2\/product_brand?post=27134"},{"taxonomy":"product_cat","embeddable":true,"href":"https:\/\/toys.lt\/lv\/wp-json\/wp\/v2\/product_cat?post=27134"},{"taxonomy":"product_tag","embeddable":true,"href":"https:\/\/toys.lt\/lv\/wp-json\/wp\/v2\/product_tag?post=27134"}],"curies":[{"name":"wp","href":"https:\/\/api.w.org\/{rel}","templated":true}]}}