{"id":27074,"date":"2020-06-02T09:25:19","date_gmt":"2020-06-02T09:25:19","guid":{"rendered":"https:\/\/toys.lt\/?post_type=product&#038;p=27074"},"modified":"2026-04-06T00:30:01","modified_gmt":"2026-04-06T00:30:01","slug":"aislinis-sunkvezimis-su-kranu-technok","status":"publish","type":"product","link":"https:\/\/toys.lt\/lv\/produktas\/aislinis-sunkvezimis-su-kranu-technok\/","title":{"rendered":"\u017daislinis sunkve\u017eimis su kranu &#8220;TechnoK&#8221;"},"content":{"rendered":"<p><strong>Savyb\u0117s:<\/strong><\/p>\n<ul style=\"list-style-type:square\">\n<li>Platforma su\u00a0kranu turi galimyb\u0119 pasisukti 360 laipsni\u0173<\/li>\n<li>3 valdymo mechanizmai: krano pak\u0117limas, nuleidimas ir prailginimas, kablio auk\u0161\u010dio\u00a0sureguliavimas<\/li>\n<li>50 cm ilgio kranas<\/li>\n<li>Sukamosios ranken\u0117l\u0117s reguliuoti krano ir virv\u0117s su kabliu pad\u0117t\u012f<\/li>\n<li>Priekiniame buferyje yra skyl\u0117 virvei pritvirtinti<\/li>\n<li>Atsparus nepalankiems oro veiksniams &#8211; lietaus, sniego, \u017eemos temperat\u016bros<\/li>\n<li>Tinka \u017eaisti lauke ir namuose<\/li>\n<\/ul>\n","protected":false},"excerpt":{"rendered":"<p>Prek\u0117s tipas: \u017eaislin\u0117 ma\u0161ina<\/p>\n<p>Kilm\u0117s \u0161alis:\u00a0Ukraina<\/p>\n<p>Produkto i\u0161matavimai: 57 x 30 x 26 cm<\/p>\n<p>Svoris: 3,695 kg<\/p>\n<p>Produkto med\u017eiaga: plastikas<\/p>\n<p>Rekomenduojamas am\u017eius: nuo 3 met\u0173<\/p>\n","protected":false},"featured_media":27075,"comment_status":"open","ping_status":"open","template":"","meta":[],"product_brand":[],"product_cat":[418,402,413,410,408],"product_tag":[],"class_list":{"0":"post-27074","1":"product","2":"type-product","3":"status-publish","4":"has-post-thumbnail","6":"product_cat-pigu","7":"product_cat-lauko-ir-vasaros-zaislai-2","8":"product_cat-smelio-zaislai","9":"product_cat-zaislai-berniukams","10":"product_cat-zaislines-masinos-traktoriai-ir-trasos","11":"pa_amziaus-grupe-76","12":"pa_prek-s-tipas-masinos-2","14":"first","15":"outofstock","16":"taxable","17":"shipping-taxable","18":"purchasable","19":"product-type-simple"},"yoast_head":"<!-- This site is optimized with the Yoast SEO plugin v26.3 - https:\/\/yoast.com\/wordpress\/plugins\/seo\/ -->\n<title>\u017daislinis sunkve\u017eimis su kranu &quot;TechnoK&quot; - Toys.lt<\/title>\n<meta name=\"robots\" content=\"index, follow, max-snippet:-1, max-image-preview:large, max-video-preview:-1\" \/>\n<link rel=\"canonical\" href=\"https:\/\/toys.lt\/lv\/produktas\/aislinis-sunkvezimis-su-kranu-technok\/\" \/>\n<meta property=\"og:locale\" content=\"lv_LV\" \/>\n<meta property=\"og:type\" content=\"article\" \/>\n<meta property=\"og:title\" content=\"\u017daislinis sunkve\u017eimis su kranu &quot;TechnoK&quot; - Toys.lt\" \/>\n<meta property=\"og:description\" content=\"Prek\u0117s tipas: \u017eaislin\u0117 ma\u0161ina Kilm\u0117s \u0161alis:\u00a0Ukraina Produkto i\u0161matavimai: 57 x 30 x 26 cm Svoris: 3,695 kg Produkto med\u017eiaga: plastikas Rekomenduojamas am\u017eius: nuo 3 met\u0173\" \/>\n<meta property=\"og:url\" content=\"https:\/\/toys.lt\/lv\/produktas\/aislinis-sunkvezimis-su-kranu-technok\/\" \/>\n<meta property=\"og:site_name\" content=\"Toys.lt\" \/>\n<meta property=\"article:modified_time\" content=\"2026-04-06T00:30:01+00:00\" \/>\n<meta property=\"og:image\" content=\"https:\/\/toys.lt\/wp-content\/uploads\/2020\/06\/products-1023.jpg\" \/>\n\t<meta property=\"og:image:width\" content=\"1200\" \/>\n\t<meta property=\"og:image:height\" content=\"800\" \/>\n\t<meta property=\"og:image:type\" content=\"image\/jpeg\" \/>\n<meta name=\"twitter:card\" content=\"summary_large_image\" \/>\n<script type=\"application\/ld+json\" class=\"yoast-schema-graph\">{\"@context\":\"https:\/\/schema.org\",\"@graph\":[{\"@type\":\"WebPage\",\"@id\":\"https:\/\/toys.lt\/lv\/produktas\/aislinis-sunkvezimis-su-kranu-technok\/\",\"url\":\"https:\/\/toys.lt\/lv\/produktas\/aislinis-sunkvezimis-su-kranu-technok\/\",\"name\":\"\u017daislinis sunkve\u017eimis su kranu \\\"TechnoK\\\" - Toys.lt\",\"isPartOf\":{\"@id\":\"https:\/\/toys.lt\/lv\/#website\"},\"primaryImageOfPage\":{\"@id\":\"https:\/\/toys.lt\/lv\/produktas\/aislinis-sunkvezimis-su-kranu-technok\/#primaryimage\"},\"image\":{\"@id\":\"https:\/\/toys.lt\/lv\/produktas\/aislinis-sunkvezimis-su-kranu-technok\/#primaryimage\"},\"thumbnailUrl\":\"https:\/\/toys.lt\/wp-content\/uploads\/2020\/06\/products-1023.jpg\",\"datePublished\":\"2020-06-02T09:25:19+00:00\",\"dateModified\":\"2026-04-06T00:30:01+00:00\",\"breadcrumb\":{\"@id\":\"https:\/\/toys.lt\/lv\/produktas\/aislinis-sunkvezimis-su-kranu-technok\/#breadcrumb\"},\"inLanguage\":\"lv-LV\",\"potentialAction\":[{\"@type\":\"ReadAction\",\"target\":[\"https:\/\/toys.lt\/lv\/produktas\/aislinis-sunkvezimis-su-kranu-technok\/\"]}]},{\"@type\":\"ImageObject\",\"inLanguage\":\"lv-LV\",\"@id\":\"https:\/\/toys.lt\/lv\/produktas\/aislinis-sunkvezimis-su-kranu-technok\/#primaryimage\",\"url\":\"https:\/\/toys.lt\/wp-content\/uploads\/2020\/06\/products-1023.jpg\",\"contentUrl\":\"https:\/\/toys.lt\/wp-content\/uploads\/2020\/06\/products-1023.jpg\",\"width\":1200,\"height\":800,\"caption\":\"\u017daislinis sunkve\u017eimis su kranu &#8220;TechnoK&#8221;\"},{\"@type\":\"BreadcrumbList\",\"@id\":\"https:\/\/toys.lt\/lv\/produktas\/aislinis-sunkvezimis-su-kranu-technok\/#breadcrumb\",\"itemListElement\":[{\"@type\":\"ListItem\",\"position\":1,\"name\":\"Home\",\"item\":\"https:\/\/toys.lt\/lv\/\"},{\"@type\":\"ListItem\",\"position\":2,\"name\":\"Veikals\",\"item\":\"https:\/\/toys.lt\/lv\/shop\/\"},{\"@type\":\"ListItem\",\"position\":3,\"name\":\"\u017daislinis sunkve\u017eimis su kranu &#8222;TechnoK&#8221;\"}]},{\"@type\":\"WebSite\",\"@id\":\"https:\/\/toys.lt\/lv\/#website\",\"url\":\"https:\/\/toys.lt\/lv\/\",\"name\":\"Toys.lt\",\"description\":\"\",\"potentialAction\":[{\"@type\":\"SearchAction\",\"target\":{\"@type\":\"EntryPoint\",\"urlTemplate\":\"https:\/\/toys.lt\/lv\/?s={search_term_string}\"},\"query-input\":{\"@type\":\"PropertyValueSpecification\",\"valueRequired\":true,\"valueName\":\"search_term_string\"}}],\"inLanguage\":\"lv-LV\"}]}<\/script>\n<!-- \/ Yoast SEO plugin. -->","yoast_head_json":{"title":"\u017daislinis sunkve\u017eimis su kranu \"TechnoK\" - Toys.lt","robots":{"index":"index","follow":"follow","max-snippet":"max-snippet:-1","max-image-preview":"max-image-preview:large","max-video-preview":"max-video-preview:-1"},"canonical":"https:\/\/toys.lt\/lv\/produktas\/aislinis-sunkvezimis-su-kranu-technok\/","og_locale":"lv_LV","og_type":"article","og_title":"\u017daislinis sunkve\u017eimis su kranu \"TechnoK\" - Toys.lt","og_description":"Prek\u0117s tipas: \u017eaislin\u0117 ma\u0161ina Kilm\u0117s \u0161alis:\u00a0Ukraina Produkto i\u0161matavimai: 57 x 30 x 26 cm Svoris: 3,695 kg Produkto med\u017eiaga: plastikas Rekomenduojamas am\u017eius: nuo 3 met\u0173","og_url":"https:\/\/toys.lt\/lv\/produktas\/aislinis-sunkvezimis-su-kranu-technok\/","og_site_name":"Toys.lt","article_modified_time":"2026-04-06T00:30:01+00:00","og_image":[{"width":1200,"height":800,"url":"https:\/\/toys.lt\/wp-content\/uploads\/2020\/06\/products-1023.jpg","type":"image\/jpeg"}],"twitter_card":"summary_large_image","schema":{"@context":"https:\/\/schema.org","@graph":[{"@type":"WebPage","@id":"https:\/\/toys.lt\/lv\/produktas\/aislinis-sunkvezimis-su-kranu-technok\/","url":"https:\/\/toys.lt\/lv\/produktas\/aislinis-sunkvezimis-su-kranu-technok\/","name":"\u017daislinis sunkve\u017eimis su kranu \"TechnoK\" - Toys.lt","isPartOf":{"@id":"https:\/\/toys.lt\/lv\/#website"},"primaryImageOfPage":{"@id":"https:\/\/toys.lt\/lv\/produktas\/aislinis-sunkvezimis-su-kranu-technok\/#primaryimage"},"image":{"@id":"https:\/\/toys.lt\/lv\/produktas\/aislinis-sunkvezimis-su-kranu-technok\/#primaryimage"},"thumbnailUrl":"https:\/\/toys.lt\/wp-content\/uploads\/2020\/06\/products-1023.jpg","datePublished":"2020-06-02T09:25:19+00:00","dateModified":"2026-04-06T00:30:01+00:00","breadcrumb":{"@id":"https:\/\/toys.lt\/lv\/produktas\/aislinis-sunkvezimis-su-kranu-technok\/#breadcrumb"},"inLanguage":"lv-LV","potentialAction":[{"@type":"ReadAction","target":["https:\/\/toys.lt\/lv\/produktas\/aislinis-sunkvezimis-su-kranu-technok\/"]}]},{"@type":"ImageObject","inLanguage":"lv-LV","@id":"https:\/\/toys.lt\/lv\/produktas\/aislinis-sunkvezimis-su-kranu-technok\/#primaryimage","url":"https:\/\/toys.lt\/wp-content\/uploads\/2020\/06\/products-1023.jpg","contentUrl":"https:\/\/toys.lt\/wp-content\/uploads\/2020\/06\/products-1023.jpg","width":1200,"height":800,"caption":"\u017daislinis sunkve\u017eimis su kranu &#8220;TechnoK&#8221;"},{"@type":"BreadcrumbList","@id":"https:\/\/toys.lt\/lv\/produktas\/aislinis-sunkvezimis-su-kranu-technok\/#breadcrumb","itemListElement":[{"@type":"ListItem","position":1,"name":"Home","item":"https:\/\/toys.lt\/lv\/"},{"@type":"ListItem","position":2,"name":"Veikals","item":"https:\/\/toys.lt\/lv\/shop\/"},{"@type":"ListItem","position":3,"name":"\u017daislinis sunkve\u017eimis su kranu &#8222;TechnoK&#8221;"}]},{"@type":"WebSite","@id":"https:\/\/toys.lt\/lv\/#website","url":"https:\/\/toys.lt\/lv\/","name":"Toys.lt","description":"","potentialAction":[{"@type":"SearchAction","target":{"@type":"EntryPoint","urlTemplate":"https:\/\/toys.lt\/lv\/?s={search_term_string}"},"query-input":{"@type":"PropertyValueSpecification","valueRequired":true,"valueName":"search_term_string"}}],"inLanguage":"lv-LV"}]}},"_links":{"self":[{"href":"https:\/\/toys.lt\/lv\/wp-json\/wp\/v2\/product\/27074","targetHints":{"allow":["GET"]}}],"collection":[{"href":"https:\/\/toys.lt\/lv\/wp-json\/wp\/v2\/product"}],"about":[{"href":"https:\/\/toys.lt\/lv\/wp-json\/wp\/v2\/types\/product"}],"replies":[{"embeddable":true,"href":"https:\/\/toys.lt\/lv\/wp-json\/wp\/v2\/comments?post=27074"}],"version-history":[{"count":1,"href":"https:\/\/toys.lt\/lv\/wp-json\/wp\/v2\/product\/27074\/revisions"}],"predecessor-version":[{"id":34443,"href":"https:\/\/toys.lt\/lv\/wp-json\/wp\/v2\/product\/27074\/revisions\/34443"}],"wp:featuredmedia":[{"embeddable":true,"href":"https:\/\/toys.lt\/lv\/wp-json\/wp\/v2\/media\/27075"}],"wp:attachment":[{"href":"https:\/\/toys.lt\/lv\/wp-json\/wp\/v2\/media?parent=27074"}],"wp:term":[{"taxonomy":"product_brand","embeddable":true,"href":"https:\/\/toys.lt\/lv\/wp-json\/wp\/v2\/product_brand?post=27074"},{"taxonomy":"product_cat","embeddable":true,"href":"https:\/\/toys.lt\/lv\/wp-json\/wp\/v2\/product_cat?post=27074"},{"taxonomy":"product_tag","embeddable":true,"href":"https:\/\/toys.lt\/lv\/wp-json\/wp\/v2\/product_tag?post=27074"}],"curies":[{"name":"wp","href":"https:\/\/api.w.org\/{rel}","templated":true}]}}