{"id":26801,"date":"2020-05-19T03:11:21","date_gmt":"2020-05-19T03:11:21","guid":{"rendered":"https:\/\/toys.lt\/?post_type=product&#038;p=26801"},"modified":"2026-04-06T00:29:54","modified_gmt":"2026-04-06T00:29:54","slug":"medine-virtuvele-su-priedais-2","status":"publish","type":"product","link":"https:\/\/toys.lt\/lv\/produktas\/medine-virtuvele-su-priedais-2\/","title":{"rendered":"Medin\u0117 virtuv\u0117l\u0117 su priedais"},"content":{"rendered":"<p><strong>Savyb\u0117s:<\/strong><\/p>\n<ul style=\"list-style-type: square;\">\n<li style=\"margin: 0px; padding: 0px; font: inherit; border: 0px;\">Mediniai virtuv\u0117s\u00a0priedai: puodas, keptuv\u0117 ir 3 prieskoni\u0173 indeliai<\/li>\n<li style=\"margin: 0px; padding: 0px; font: inherit; border: 0px;\">Didel\u0117s talpos spintel\u0117 ir orkait\u0117<\/li>\n<li style=\"margin: 0px; padding: 0px; font: inherit; border: 0px;\">Kriaukl\u0117 su kranu<\/li>\n<li style=\"margin: 0px; padding: 0px; font: inherit; border: 0px;\">Sukamosios orkait\u0117s ranken\u0117l\u0117s<\/li>\n<li style=\"margin: 0px; padding: 0px; font: inherit; border: 0px;\">Orkait\u0117s ir spintel\u0117s durys atsidaro<\/li>\n<li style=\"margin: 0px; padding: 0px; font: inherit; border: 0px;\">Imituotas laikrodis<\/li>\n<li style=\"margin: 0px; padding: 0px; font: inherit; border: 0px;\">Tvirta med\u017eio masyvo konstrukcija<\/li>\n<li style=\"margin: 0px; padding: 0px; font: inherit; border: 0px;\">Yra virtuv\u0117l\u0117s surinkimo vadovas<\/li>\n<li style=\"margin: 0px; padding: 0px; font: inherit; border: 0px;\">Aplinkai saug\u016bs da\u017eai, be kvapo<\/li>\n<li style=\"margin: 0px; padding: 0px; font: inherit; border: 0px;\">Auk\u0161tos kokyb\u0117s mediena<\/li>\n<li style=\"margin: 0px; padding: 0px; font: inherit; border: 0px;\">Treniruojami vaik\u0173 rank\u0173 ir aki\u0173 koordinavimo geb\u0117jimai, lavinami vaik\u0173 praktiniai geb\u0117jimai, lavinami vaik\u0173 geb\u0117jimai atpa\u017einti spalvas<\/li>\n<\/ul>\n<p>&nbsp;<\/p>\n","protected":false},"excerpt":{"rendered":"<p>Prek\u0117s tipas: vaiki\u0161ka virtuv\u0117l\u0117<\/p>\n<p>Kilm\u0117s \u0161alis: Kinija<\/p>\n<p>Pakuot\u0117s i\u0161matavimai: 67,5 x 12,5\u00a0 x 32 cm<\/p>\n<p>Virtuv\u0117l\u0117s i\u0161matavimai:\u00a095 x 30 x 60 cm<\/p>\n<p>Produkto med\u017eiaga: mediena, plastikas<\/p>\n<p>Rekomenduojamas am\u017eius: nuo 3 met\u0173<\/p>\n","protected":false},"featured_media":26802,"comment_status":"open","ping_status":"closed","template":"","meta":[],"product_brand":[],"product_cat":[387,396],"product_tag":[],"class_list":{"0":"post-26801","1":"product","2":"type-product","3":"status-publish","4":"has-post-thumbnail","6":"product_cat-mediniai-zaislai-2","7":"product_cat-zaislines-virtuveles-indai-ir-priedai","8":"pa_amziaus-grupe-76","9":"pa_prek-s-tipas-virtuv-l-s","11":"first","12":"outofstock","13":"taxable","14":"shipping-taxable","15":"purchasable","16":"product-type-simple"},"yoast_head":"<!-- This site is optimized with the Yoast SEO plugin v26.3 - https:\/\/yoast.com\/wordpress\/plugins\/seo\/ -->\n<title>Medin\u0117 virtuv\u0117l\u0117 su priedais - Toys.lt<\/title>\n<meta name=\"robots\" content=\"index, follow, max-snippet:-1, max-image-preview:large, max-video-preview:-1\" \/>\n<link rel=\"canonical\" href=\"https:\/\/toys.lt\/lv\/produktas\/medine-virtuvele-su-priedais-2\/\" \/>\n<meta property=\"og:locale\" content=\"lv_LV\" \/>\n<meta property=\"og:type\" content=\"article\" \/>\n<meta property=\"og:title\" content=\"Medin\u0117 virtuv\u0117l\u0117 su priedais - Toys.lt\" \/>\n<meta property=\"og:description\" content=\"Prek\u0117s tipas: vaiki\u0161ka virtuv\u0117l\u0117  Kilm\u0117s \u0161alis: Kinija  Pakuot\u0117s i\u0161matavimai: 67,5 x 12,5\u00a0 x 32 cm  Virtuv\u0117l\u0117s i\u0161matavimai:\u00a095 x 30 x 60 cm  Produkto med\u017eiaga: mediena, plastikas  Rekomenduojamas am\u017eius: nuo 3 met\u0173\" \/>\n<meta property=\"og:url\" content=\"https:\/\/toys.lt\/lv\/produktas\/medine-virtuvele-su-priedais-2\/\" \/>\n<meta property=\"og:site_name\" content=\"Toys.lt\" \/>\n<meta property=\"article:modified_time\" content=\"2026-04-06T00:29:54+00:00\" \/>\n<meta property=\"og:image\" content=\"https:\/\/toys.lt\/wp-content\/uploads\/2020\/05\/products-808.jpg\" \/>\n\t<meta property=\"og:image:width\" content=\"986\" \/>\n\t<meta property=\"og:image:height\" content=\"824\" \/>\n\t<meta property=\"og:image:type\" content=\"image\/jpeg\" \/>\n<meta name=\"twitter:card\" content=\"summary_large_image\" \/>\n<meta name=\"twitter:label1\" content=\"Est. reading time\" \/>\n\t<meta name=\"twitter:data1\" content=\"1 minute\" \/>\n<script type=\"application\/ld+json\" class=\"yoast-schema-graph\">{\"@context\":\"https:\/\/schema.org\",\"@graph\":[{\"@type\":\"WebPage\",\"@id\":\"https:\/\/toys.lt\/lv\/produktas\/medine-virtuvele-su-priedais-2\/\",\"url\":\"https:\/\/toys.lt\/lv\/produktas\/medine-virtuvele-su-priedais-2\/\",\"name\":\"Medin\u0117 virtuv\u0117l\u0117 su priedais - Toys.lt\",\"isPartOf\":{\"@id\":\"https:\/\/toys.lt\/lv\/#website\"},\"primaryImageOfPage\":{\"@id\":\"https:\/\/toys.lt\/lv\/produktas\/medine-virtuvele-su-priedais-2\/#primaryimage\"},\"image\":{\"@id\":\"https:\/\/toys.lt\/lv\/produktas\/medine-virtuvele-su-priedais-2\/#primaryimage\"},\"thumbnailUrl\":\"https:\/\/toys.lt\/wp-content\/uploads\/2020\/05\/products-808.jpg\",\"datePublished\":\"2020-05-19T03:11:21+00:00\",\"dateModified\":\"2026-04-06T00:29:54+00:00\",\"breadcrumb\":{\"@id\":\"https:\/\/toys.lt\/lv\/produktas\/medine-virtuvele-su-priedais-2\/#breadcrumb\"},\"inLanguage\":\"lv-LV\",\"potentialAction\":[{\"@type\":\"ReadAction\",\"target\":[\"https:\/\/toys.lt\/lv\/produktas\/medine-virtuvele-su-priedais-2\/\"]}]},{\"@type\":\"ImageObject\",\"inLanguage\":\"lv-LV\",\"@id\":\"https:\/\/toys.lt\/lv\/produktas\/medine-virtuvele-su-priedais-2\/#primaryimage\",\"url\":\"https:\/\/toys.lt\/wp-content\/uploads\/2020\/05\/products-808.jpg\",\"contentUrl\":\"https:\/\/toys.lt\/wp-content\/uploads\/2020\/05\/products-808.jpg\",\"width\":986,\"height\":824,\"caption\":\"Medin\u0117 virtuv\u0117l\u0117 su priedais\"},{\"@type\":\"BreadcrumbList\",\"@id\":\"https:\/\/toys.lt\/lv\/produktas\/medine-virtuvele-su-priedais-2\/#breadcrumb\",\"itemListElement\":[{\"@type\":\"ListItem\",\"position\":1,\"name\":\"Home\",\"item\":\"https:\/\/toys.lt\/lv\/\"},{\"@type\":\"ListItem\",\"position\":2,\"name\":\"Veikals\",\"item\":\"https:\/\/toys.lt\/lv\/shop\/\"},{\"@type\":\"ListItem\",\"position\":3,\"name\":\"Medin\u0117 virtuv\u0117l\u0117 su priedais\"}]},{\"@type\":\"WebSite\",\"@id\":\"https:\/\/toys.lt\/lv\/#website\",\"url\":\"https:\/\/toys.lt\/lv\/\",\"name\":\"Toys.lt\",\"description\":\"\",\"potentialAction\":[{\"@type\":\"SearchAction\",\"target\":{\"@type\":\"EntryPoint\",\"urlTemplate\":\"https:\/\/toys.lt\/lv\/?s={search_term_string}\"},\"query-input\":{\"@type\":\"PropertyValueSpecification\",\"valueRequired\":true,\"valueName\":\"search_term_string\"}}],\"inLanguage\":\"lv-LV\"}]}<\/script>\n<!-- \/ Yoast SEO plugin. -->","yoast_head_json":{"title":"Medin\u0117 virtuv\u0117l\u0117 su priedais - Toys.lt","robots":{"index":"index","follow":"follow","max-snippet":"max-snippet:-1","max-image-preview":"max-image-preview:large","max-video-preview":"max-video-preview:-1"},"canonical":"https:\/\/toys.lt\/lv\/produktas\/medine-virtuvele-su-priedais-2\/","og_locale":"lv_LV","og_type":"article","og_title":"Medin\u0117 virtuv\u0117l\u0117 su priedais - Toys.lt","og_description":"Prek\u0117s tipas: vaiki\u0161ka virtuv\u0117l\u0117  Kilm\u0117s \u0161alis: Kinija  Pakuot\u0117s i\u0161matavimai: 67,5 x 12,5\u00a0 x 32 cm  Virtuv\u0117l\u0117s i\u0161matavimai:\u00a095 x 30 x 60 cm  Produkto med\u017eiaga: mediena, plastikas  Rekomenduojamas am\u017eius: nuo 3 met\u0173","og_url":"https:\/\/toys.lt\/lv\/produktas\/medine-virtuvele-su-priedais-2\/","og_site_name":"Toys.lt","article_modified_time":"2026-04-06T00:29:54+00:00","og_image":[{"width":986,"height":824,"url":"https:\/\/toys.lt\/wp-content\/uploads\/2020\/05\/products-808.jpg","type":"image\/jpeg"}],"twitter_card":"summary_large_image","twitter_misc":{"Est. reading time":"1 minute"},"schema":{"@context":"https:\/\/schema.org","@graph":[{"@type":"WebPage","@id":"https:\/\/toys.lt\/lv\/produktas\/medine-virtuvele-su-priedais-2\/","url":"https:\/\/toys.lt\/lv\/produktas\/medine-virtuvele-su-priedais-2\/","name":"Medin\u0117 virtuv\u0117l\u0117 su priedais - Toys.lt","isPartOf":{"@id":"https:\/\/toys.lt\/lv\/#website"},"primaryImageOfPage":{"@id":"https:\/\/toys.lt\/lv\/produktas\/medine-virtuvele-su-priedais-2\/#primaryimage"},"image":{"@id":"https:\/\/toys.lt\/lv\/produktas\/medine-virtuvele-su-priedais-2\/#primaryimage"},"thumbnailUrl":"https:\/\/toys.lt\/wp-content\/uploads\/2020\/05\/products-808.jpg","datePublished":"2020-05-19T03:11:21+00:00","dateModified":"2026-04-06T00:29:54+00:00","breadcrumb":{"@id":"https:\/\/toys.lt\/lv\/produktas\/medine-virtuvele-su-priedais-2\/#breadcrumb"},"inLanguage":"lv-LV","potentialAction":[{"@type":"ReadAction","target":["https:\/\/toys.lt\/lv\/produktas\/medine-virtuvele-su-priedais-2\/"]}]},{"@type":"ImageObject","inLanguage":"lv-LV","@id":"https:\/\/toys.lt\/lv\/produktas\/medine-virtuvele-su-priedais-2\/#primaryimage","url":"https:\/\/toys.lt\/wp-content\/uploads\/2020\/05\/products-808.jpg","contentUrl":"https:\/\/toys.lt\/wp-content\/uploads\/2020\/05\/products-808.jpg","width":986,"height":824,"caption":"Medin\u0117 virtuv\u0117l\u0117 su priedais"},{"@type":"BreadcrumbList","@id":"https:\/\/toys.lt\/lv\/produktas\/medine-virtuvele-su-priedais-2\/#breadcrumb","itemListElement":[{"@type":"ListItem","position":1,"name":"Home","item":"https:\/\/toys.lt\/lv\/"},{"@type":"ListItem","position":2,"name":"Veikals","item":"https:\/\/toys.lt\/lv\/shop\/"},{"@type":"ListItem","position":3,"name":"Medin\u0117 virtuv\u0117l\u0117 su priedais"}]},{"@type":"WebSite","@id":"https:\/\/toys.lt\/lv\/#website","url":"https:\/\/toys.lt\/lv\/","name":"Toys.lt","description":"","potentialAction":[{"@type":"SearchAction","target":{"@type":"EntryPoint","urlTemplate":"https:\/\/toys.lt\/lv\/?s={search_term_string}"},"query-input":{"@type":"PropertyValueSpecification","valueRequired":true,"valueName":"search_term_string"}}],"inLanguage":"lv-LV"}]}},"_links":{"self":[{"href":"https:\/\/toys.lt\/lv\/wp-json\/wp\/v2\/product\/26801","targetHints":{"allow":["GET"]}}],"collection":[{"href":"https:\/\/toys.lt\/lv\/wp-json\/wp\/v2\/product"}],"about":[{"href":"https:\/\/toys.lt\/lv\/wp-json\/wp\/v2\/types\/product"}],"replies":[{"embeddable":true,"href":"https:\/\/toys.lt\/lv\/wp-json\/wp\/v2\/comments?post=26801"}],"version-history":[{"count":1,"href":"https:\/\/toys.lt\/lv\/wp-json\/wp\/v2\/product\/26801\/revisions"}],"predecessor-version":[{"id":32796,"href":"https:\/\/toys.lt\/lv\/wp-json\/wp\/v2\/product\/26801\/revisions\/32796"}],"wp:featuredmedia":[{"embeddable":true,"href":"https:\/\/toys.lt\/lv\/wp-json\/wp\/v2\/media\/26802"}],"wp:attachment":[{"href":"https:\/\/toys.lt\/lv\/wp-json\/wp\/v2\/media?parent=26801"}],"wp:term":[{"taxonomy":"product_brand","embeddable":true,"href":"https:\/\/toys.lt\/lv\/wp-json\/wp\/v2\/product_brand?post=26801"},{"taxonomy":"product_cat","embeddable":true,"href":"https:\/\/toys.lt\/lv\/wp-json\/wp\/v2\/product_cat?post=26801"},{"taxonomy":"product_tag","embeddable":true,"href":"https:\/\/toys.lt\/lv\/wp-json\/wp\/v2\/product_tag?post=26801"}],"curies":[{"name":"wp","href":"https:\/\/api.w.org\/{rel}","templated":true}]}}