{"id":26796,"date":"2020-05-18T09:11:11","date_gmt":"2020-05-18T09:11:11","guid":{"rendered":"https:\/\/toys.lt\/?post_type=product&#038;p=26796"},"modified":"2026-04-23T18:28:11","modified_gmt":"2026-04-23T18:28:11","slug":"trij-rat-paspirtukas-iki-40-kg-3","status":"publish","type":"product","link":"https:\/\/toys.lt\/lv\/produktas\/trij-rat-paspirtukas-iki-40-kg-3\/","title":{"rendered":"Trij\u0173 rat\u0173 paspirtukas (iki 40 kg)"},"content":{"rendered":"<p><strong>Savyb\u0117s:<\/strong><\/p>\n<ul style=\"list-style-type: square;\">\n<li style=\"margin: 0px; padding: 0px; font: inherit; border: 0px;\">Lengva vairuoti, manevringas ir stabilus<\/li>\n<li style=\"margin: 0px; padding: 0px; font: inherit; border: 0px;\">Atlaiko iki 40 kilogram\u0173 svorio apkrov\u0105<\/li>\n<li style=\"margin: 0px; padding: 0px; font: inherit; border: 0px;\">Vir\u0161 galinio rato \u012frengtas kojinis stabdis<\/li>\n<li style=\"margin: 0px; padding: 0px; font: inherit; border: 0px;\">T formos patogi rankena<\/li>\n<li style=\"margin: 0px; padding: 0px; font: inherit; border: 0px;\">Ypa\u010d plati stov\u0117jimo baz\u0117, tod\u0117l vaikas beva\u017eiuojant stabiliai stov\u0117s abiem kojom ant paspirtuko<\/li>\n<li style=\"margin: 0px; padding: 0px; font: inherit; border: 0px;\">Vairo\u00a0auk\u0161tis reguliuojamas nuo 70 iki 90 cm<\/li>\n<li style=\"margin: 0px; padding: 0px; font: inherit; border: 0px;\">Paspirtukas lengvai susilanksto, tod\u0117l yra kompakti\u0161kas ir mobilus<\/li>\n<li style=\"margin: 0px; padding: 0px; font: inherit; border: 0px;\">Va\u017eiavimo metu vaikas i\u0161moks i\u0161laikyti pusiausvyr\u0105, taip pat vystysis koordinacija<\/li>\n<\/ul>\n<p>&nbsp;<\/p>\n","protected":false},"excerpt":{"rendered":"<p>Prek\u0117s tipas: jud\u0117jimo priemon\u0117<\/p>\n<p>Kilm\u0117s \u0161alis: Kinija<\/p>\n<p>Pakuot\u0117s i\u0161matavimai: 68 x 31,5 x 24,5 cm<\/p>\n<p>Paspirtuko i\u0161matavimai: 90 x 30 x 62 cm<\/p>\n<p>Ratuk\u0173 skersmuo: 11 cm (galiniai), 14 cm (priekiniai)<\/p>\n<p>Produkto med\u017eiaga: GFK, PP, ALU<\/p>\n<p>Ratuk\u0173 med\u017eiaga: PU, 78&#8217;shore A<\/p>\n<p>Rekomenduojamas am\u017eius: nuo 3 met\u0173<\/p>\n","protected":false},"featured_media":26800,"comment_status":"open","ping_status":"closed","template":"","meta":[],"product_brand":[],"product_cat":[402,415],"product_tag":[],"class_list":{"0":"post-26796","1":"product","2":"type-product","3":"status-publish","4":"has-post-thumbnail","6":"product_cat-lauko-ir-vasaros-zaislai-2","7":"product_cat-paspirtukai-triratukai-motociklai-keturraciai-2","8":"pa_amziaus-grupe-76","9":"pa_ean_nc-1100","10":"pa_prek-s-spalva-m-lyna","11":"pa_prek-s-spalva-raudona","12":"pa_prek-s-tipas-paspirtukai-2","14":"first","15":"outofstock","16":"taxable","17":"shipping-taxable","18":"product-type-variable"},"yoast_head":"<!-- This site is optimized with the Yoast SEO plugin v26.3 - https:\/\/yoast.com\/wordpress\/plugins\/seo\/ -->\n<title>Trij\u0173 rat\u0173 paspirtukas (iki 40 kg) - Toys.lt<\/title>\n<meta name=\"robots\" content=\"index, follow, max-snippet:-1, max-image-preview:large, max-video-preview:-1\" \/>\n<link rel=\"canonical\" href=\"https:\/\/toys.lt\/lv\/produktas\/trij-rat-paspirtukas-iki-40-kg-3\/\" \/>\n<meta property=\"og:locale\" content=\"lv_LV\" \/>\n<meta property=\"og:type\" content=\"article\" \/>\n<meta property=\"og:title\" content=\"Trij\u0173 rat\u0173 paspirtukas (iki 40 kg) - Toys.lt\" \/>\n<meta property=\"og:description\" content=\"Prek\u0117s tipas: jud\u0117jimo priemon\u0117  Kilm\u0117s \u0161alis: Kinija  Pakuot\u0117s i\u0161matavimai: 68 x 31,5 x 24,5 cm  Paspirtuko i\u0161matavimai: 90 x 30 x 62 cm  Ratuk\u0173 skersmuo: 11 cm (galiniai), 14 cm (priekiniai)  Produkto med\u017eiaga: GFK, PP, ALU  Ratuk\u0173 med\u017eiaga: PU, 78&#039;shore A  Rekomenduojamas am\u017eius: nuo 3 met\u0173\" \/>\n<meta property=\"og:url\" content=\"https:\/\/toys.lt\/lv\/produktas\/trij-rat-paspirtukas-iki-40-kg-3\/\" \/>\n<meta property=\"og:site_name\" content=\"Toys.lt\" \/>\n<meta property=\"article:modified_time\" content=\"2026-04-23T18:28:11+00:00\" \/>\n<meta property=\"og:image\" content=\"https:\/\/toys.lt\/wp-content\/uploads\/2020\/05\/products-806.jpg\" \/>\n\t<meta property=\"og:image:width\" content=\"750\" \/>\n\t<meta property=\"og:image:height\" content=\"1031\" \/>\n\t<meta property=\"og:image:type\" content=\"image\/jpeg\" \/>\n<meta name=\"twitter:card\" content=\"summary_large_image\" \/>\n<meta name=\"twitter:label1\" content=\"Est. reading time\" \/>\n\t<meta name=\"twitter:data1\" content=\"1 minute\" \/>\n<script type=\"application\/ld+json\" class=\"yoast-schema-graph\">{\"@context\":\"https:\/\/schema.org\",\"@graph\":[{\"@type\":\"WebPage\",\"@id\":\"https:\/\/toys.lt\/lv\/produktas\/trij-rat-paspirtukas-iki-40-kg-3\/\",\"url\":\"https:\/\/toys.lt\/lv\/produktas\/trij-rat-paspirtukas-iki-40-kg-3\/\",\"name\":\"Trij\u0173 rat\u0173 paspirtukas (iki 40 kg) - Toys.lt\",\"isPartOf\":{\"@id\":\"https:\/\/toys.lt\/lv\/#website\"},\"primaryImageOfPage\":{\"@id\":\"https:\/\/toys.lt\/lv\/produktas\/trij-rat-paspirtukas-iki-40-kg-3\/#primaryimage\"},\"image\":{\"@id\":\"https:\/\/toys.lt\/lv\/produktas\/trij-rat-paspirtukas-iki-40-kg-3\/#primaryimage\"},\"thumbnailUrl\":\"https:\/\/toys.lt\/wp-content\/uploads\/2020\/05\/products-806.jpg\",\"datePublished\":\"2020-05-18T09:11:11+00:00\",\"dateModified\":\"2026-04-23T18:28:11+00:00\",\"breadcrumb\":{\"@id\":\"https:\/\/toys.lt\/lv\/produktas\/trij-rat-paspirtukas-iki-40-kg-3\/#breadcrumb\"},\"inLanguage\":\"lv-LV\",\"potentialAction\":[{\"@type\":\"ReadAction\",\"target\":[\"https:\/\/toys.lt\/lv\/produktas\/trij-rat-paspirtukas-iki-40-kg-3\/\"]}]},{\"@type\":\"ImageObject\",\"inLanguage\":\"lv-LV\",\"@id\":\"https:\/\/toys.lt\/lv\/produktas\/trij-rat-paspirtukas-iki-40-kg-3\/#primaryimage\",\"url\":\"https:\/\/toys.lt\/wp-content\/uploads\/2020\/05\/products-806.jpg\",\"contentUrl\":\"https:\/\/toys.lt\/wp-content\/uploads\/2020\/05\/products-806.jpg\",\"width\":750,\"height\":1031,\"caption\":\"Trij\u0173 rat\u0173 paspirtukas (iki 40 kg)\"},{\"@type\":\"BreadcrumbList\",\"@id\":\"https:\/\/toys.lt\/lv\/produktas\/trij-rat-paspirtukas-iki-40-kg-3\/#breadcrumb\",\"itemListElement\":[{\"@type\":\"ListItem\",\"position\":1,\"name\":\"Home\",\"item\":\"https:\/\/toys.lt\/lv\/\"},{\"@type\":\"ListItem\",\"position\":2,\"name\":\"Veikals\",\"item\":\"https:\/\/toys.lt\/lv\/shop\/\"},{\"@type\":\"ListItem\",\"position\":3,\"name\":\"Trij\u0173 rat\u0173 paspirtukas (iki 40 kg)\"}]},{\"@type\":\"WebSite\",\"@id\":\"https:\/\/toys.lt\/lv\/#website\",\"url\":\"https:\/\/toys.lt\/lv\/\",\"name\":\"Toys.lt\",\"description\":\"\",\"potentialAction\":[{\"@type\":\"SearchAction\",\"target\":{\"@type\":\"EntryPoint\",\"urlTemplate\":\"https:\/\/toys.lt\/lv\/?s={search_term_string}\"},\"query-input\":{\"@type\":\"PropertyValueSpecification\",\"valueRequired\":true,\"valueName\":\"search_term_string\"}}],\"inLanguage\":\"lv-LV\"}]}<\/script>\n<!-- \/ Yoast SEO plugin. -->","yoast_head_json":{"title":"Trij\u0173 rat\u0173 paspirtukas (iki 40 kg) - Toys.lt","robots":{"index":"index","follow":"follow","max-snippet":"max-snippet:-1","max-image-preview":"max-image-preview:large","max-video-preview":"max-video-preview:-1"},"canonical":"https:\/\/toys.lt\/lv\/produktas\/trij-rat-paspirtukas-iki-40-kg-3\/","og_locale":"lv_LV","og_type":"article","og_title":"Trij\u0173 rat\u0173 paspirtukas (iki 40 kg) - Toys.lt","og_description":"Prek\u0117s tipas: jud\u0117jimo priemon\u0117  Kilm\u0117s \u0161alis: Kinija  Pakuot\u0117s i\u0161matavimai: 68 x 31,5 x 24,5 cm  Paspirtuko i\u0161matavimai: 90 x 30 x 62 cm  Ratuk\u0173 skersmuo: 11 cm (galiniai), 14 cm (priekiniai)  Produkto med\u017eiaga: GFK, PP, ALU  Ratuk\u0173 med\u017eiaga: PU, 78'shore A  Rekomenduojamas am\u017eius: nuo 3 met\u0173","og_url":"https:\/\/toys.lt\/lv\/produktas\/trij-rat-paspirtukas-iki-40-kg-3\/","og_site_name":"Toys.lt","article_modified_time":"2026-04-23T18:28:11+00:00","og_image":[{"width":750,"height":1031,"url":"https:\/\/toys.lt\/wp-content\/uploads\/2020\/05\/products-806.jpg","type":"image\/jpeg"}],"twitter_card":"summary_large_image","twitter_misc":{"Est. reading time":"1 minute"},"schema":{"@context":"https:\/\/schema.org","@graph":[{"@type":"WebPage","@id":"https:\/\/toys.lt\/lv\/produktas\/trij-rat-paspirtukas-iki-40-kg-3\/","url":"https:\/\/toys.lt\/lv\/produktas\/trij-rat-paspirtukas-iki-40-kg-3\/","name":"Trij\u0173 rat\u0173 paspirtukas (iki 40 kg) - Toys.lt","isPartOf":{"@id":"https:\/\/toys.lt\/lv\/#website"},"primaryImageOfPage":{"@id":"https:\/\/toys.lt\/lv\/produktas\/trij-rat-paspirtukas-iki-40-kg-3\/#primaryimage"},"image":{"@id":"https:\/\/toys.lt\/lv\/produktas\/trij-rat-paspirtukas-iki-40-kg-3\/#primaryimage"},"thumbnailUrl":"https:\/\/toys.lt\/wp-content\/uploads\/2020\/05\/products-806.jpg","datePublished":"2020-05-18T09:11:11+00:00","dateModified":"2026-04-23T18:28:11+00:00","breadcrumb":{"@id":"https:\/\/toys.lt\/lv\/produktas\/trij-rat-paspirtukas-iki-40-kg-3\/#breadcrumb"},"inLanguage":"lv-LV","potentialAction":[{"@type":"ReadAction","target":["https:\/\/toys.lt\/lv\/produktas\/trij-rat-paspirtukas-iki-40-kg-3\/"]}]},{"@type":"ImageObject","inLanguage":"lv-LV","@id":"https:\/\/toys.lt\/lv\/produktas\/trij-rat-paspirtukas-iki-40-kg-3\/#primaryimage","url":"https:\/\/toys.lt\/wp-content\/uploads\/2020\/05\/products-806.jpg","contentUrl":"https:\/\/toys.lt\/wp-content\/uploads\/2020\/05\/products-806.jpg","width":750,"height":1031,"caption":"Trij\u0173 rat\u0173 paspirtukas (iki 40 kg)"},{"@type":"BreadcrumbList","@id":"https:\/\/toys.lt\/lv\/produktas\/trij-rat-paspirtukas-iki-40-kg-3\/#breadcrumb","itemListElement":[{"@type":"ListItem","position":1,"name":"Home","item":"https:\/\/toys.lt\/lv\/"},{"@type":"ListItem","position":2,"name":"Veikals","item":"https:\/\/toys.lt\/lv\/shop\/"},{"@type":"ListItem","position":3,"name":"Trij\u0173 rat\u0173 paspirtukas (iki 40 kg)"}]},{"@type":"WebSite","@id":"https:\/\/toys.lt\/lv\/#website","url":"https:\/\/toys.lt\/lv\/","name":"Toys.lt","description":"","potentialAction":[{"@type":"SearchAction","target":{"@type":"EntryPoint","urlTemplate":"https:\/\/toys.lt\/lv\/?s={search_term_string}"},"query-input":{"@type":"PropertyValueSpecification","valueRequired":true,"valueName":"search_term_string"}}],"inLanguage":"lv-LV"}]}},"_links":{"self":[{"href":"https:\/\/toys.lt\/lv\/wp-json\/wp\/v2\/product\/26796","targetHints":{"allow":["GET"]}}],"collection":[{"href":"https:\/\/toys.lt\/lv\/wp-json\/wp\/v2\/product"}],"about":[{"href":"https:\/\/toys.lt\/lv\/wp-json\/wp\/v2\/types\/product"}],"replies":[{"embeddable":true,"href":"https:\/\/toys.lt\/lv\/wp-json\/wp\/v2\/comments?post=26796"}],"version-history":[{"count":2,"href":"https:\/\/toys.lt\/lv\/wp-json\/wp\/v2\/product\/26796\/revisions"}],"predecessor-version":[{"id":32795,"href":"https:\/\/toys.lt\/lv\/wp-json\/wp\/v2\/product\/26796\/revisions\/32795"}],"wp:featuredmedia":[{"embeddable":true,"href":"https:\/\/toys.lt\/lv\/wp-json\/wp\/v2\/media\/26800"}],"wp:attachment":[{"href":"https:\/\/toys.lt\/lv\/wp-json\/wp\/v2\/media?parent=26796"}],"wp:term":[{"taxonomy":"product_brand","embeddable":true,"href":"https:\/\/toys.lt\/lv\/wp-json\/wp\/v2\/product_brand?post=26796"},{"taxonomy":"product_cat","embeddable":true,"href":"https:\/\/toys.lt\/lv\/wp-json\/wp\/v2\/product_cat?post=26796"},{"taxonomy":"product_tag","embeddable":true,"href":"https:\/\/toys.lt\/lv\/wp-json\/wp\/v2\/product_tag?post=26796"}],"curies":[{"name":"wp","href":"https:\/\/api.w.org\/{rel}","templated":true}]}}