{"id":26769,"date":"2020-05-15T02:43:53","date_gmt":"2020-05-15T02:43:53","guid":{"rendered":"https:\/\/toys.lt\/?post_type=product&#038;p=26769"},"modified":"2026-04-06T00:29:54","modified_gmt":"2026-04-06T00:29:54","slug":"medinis-l-li-namas-su-priedais-2","status":"publish","type":"product","link":"https:\/\/toys.lt\/lv\/produktas\/medinis-l-li-namas-su-priedais-2\/","title":{"rendered":"Medinis l\u0117li\u0173 namas su priedais"},"content":{"rendered":"<p><strong>Savyb\u0117s:<\/strong><\/p>\n<ul style=\"list-style-type: square;\">\n<li style=\"margin: 0px; padding: 0px; font: inherit; border: 0px;\">Spalvingas nam\u0173 dekoras<\/li>\n<li style=\"margin: 0px; padding: 0px; font: inherit; border: 0px;\">3 auk\u0161tai su miegamaisiais ir gyvenamaisiais kambariais<\/li>\n<li style=\"margin: 0px; padding: 0px; font: inherit; border: 0px;\">Priede mediniai baldai ir 2 l\u0117lyt\u0117s<\/li>\n<li style=\"margin: 0px; padding: 0px; font: inherit; border: 0px;\">Namelis su laiptais, liftu ir balkonu<\/li>\n<li style=\"margin: 0px; padding: 0px; font: inherit; border: 0px;\">Yra namo surinkimo vadovas<\/li>\n<li style=\"margin: 0px; padding: 0px; font: inherit; border: 0px;\">Ekologi\u0161kas, netoksinis produktas<\/li>\n<li style=\"margin: 0px; padding: 0px; font: inherit; border: 0px;\">Treniruojami vaik\u0173 rank\u0173 ir aki\u0173 koordinavimo geb\u0117jimai, lavinami vaik\u0173 praktiniai geb\u0117jimai, lavinami vaik\u0173 geb\u0117jimai atpa\u017einti spalvas<\/li>\n<\/ul>\n<p>&nbsp;<\/p>\n","protected":false},"excerpt":{"rendered":"<p>Prek\u0117s tipas: l\u0117li\u0173 namas<\/p>\n<p>Kilm\u0117s \u0161alis: Kinija<\/p>\n<p>Prek\u0117s med\u017eiaga:\u00a0mediena<\/p>\n<p>Pakuot\u0117s i\u0161matavimai:\u00a027,5 x 14 x\u00a080 cm<\/p>\n<p>Namo i\u0161matavimai: 80 x 30,5 x 61 cm<\/p>\n<p>Svoris: 8,1 kg<\/p>\n<p>Rekomenduojamas am\u017eius: nuo 3 met\u0173<\/p>\n","protected":false},"featured_media":26770,"comment_status":"open","ping_status":"closed","template":"","meta":[],"product_brand":[],"product_cat":[387,411,406,1109],"product_tag":[],"class_list":{"0":"post-26769","1":"product","2":"type-product","3":"status-publish","4":"has-post-thumbnail","6":"product_cat-mediniai-zaislai-2","7":"product_cat-zaislai-mergaitems","8":"product_cat-zaislines-leles-ir-priedai","9":"product_cat-leliu-namai","10":"pa_amziaus-grupe-76","11":"pa_prek-s-tipas-l-li-namai-ir-priedai","13":"first","14":"outofstock","15":"taxable","16":"shipping-taxable","17":"purchasable","18":"product-type-simple"},"yoast_head":"<!-- This site is optimized with the Yoast SEO plugin v26.3 - https:\/\/yoast.com\/wordpress\/plugins\/seo\/ -->\n<title>Medinis l\u0117li\u0173 namas su priedais - Toys.lt<\/title>\n<meta name=\"robots\" content=\"index, follow, max-snippet:-1, max-image-preview:large, max-video-preview:-1\" \/>\n<link rel=\"canonical\" href=\"https:\/\/toys.lt\/lv\/produktas\/medinis-l-li-namas-su-priedais-2\/\" \/>\n<meta property=\"og:locale\" content=\"lv_LV\" \/>\n<meta property=\"og:type\" content=\"article\" \/>\n<meta property=\"og:title\" content=\"Medinis l\u0117li\u0173 namas su priedais - Toys.lt\" \/>\n<meta property=\"og:description\" content=\"Prek\u0117s tipas: l\u0117li\u0173 namas  Kilm\u0117s \u0161alis: Kinija  Prek\u0117s med\u017eiaga:\u00a0mediena  Pakuot\u0117s i\u0161matavimai:\u00a027,5 x 14 x\u00a080 cm  Namo i\u0161matavimai: 80 x 30,5 x 61 cm  Svoris: 8,1 kg  Rekomenduojamas am\u017eius: nuo 3 met\u0173\" \/>\n<meta property=\"og:url\" content=\"https:\/\/toys.lt\/lv\/produktas\/medinis-l-li-namas-su-priedais-2\/\" \/>\n<meta property=\"og:site_name\" content=\"Toys.lt\" \/>\n<meta property=\"article:modified_time\" content=\"2026-04-06T00:29:54+00:00\" \/>\n<meta property=\"og:image\" content=\"https:\/\/toys.lt\/wp-content\/uploads\/2020\/05\/products-791.jpg\" \/>\n\t<meta property=\"og:image:width\" content=\"1200\" \/>\n\t<meta property=\"og:image:height\" content=\"900\" \/>\n\t<meta property=\"og:image:type\" content=\"image\/jpeg\" \/>\n<meta name=\"twitter:card\" content=\"summary_large_image\" \/>\n<meta name=\"twitter:label1\" content=\"Est. reading time\" \/>\n\t<meta name=\"twitter:data1\" content=\"1 minute\" \/>\n<script type=\"application\/ld+json\" class=\"yoast-schema-graph\">{\"@context\":\"https:\/\/schema.org\",\"@graph\":[{\"@type\":\"WebPage\",\"@id\":\"https:\/\/toys.lt\/lv\/produktas\/medinis-l-li-namas-su-priedais-2\/\",\"url\":\"https:\/\/toys.lt\/lv\/produktas\/medinis-l-li-namas-su-priedais-2\/\",\"name\":\"Medinis l\u0117li\u0173 namas su priedais - Toys.lt\",\"isPartOf\":{\"@id\":\"https:\/\/toys.lt\/lv\/#website\"},\"primaryImageOfPage\":{\"@id\":\"https:\/\/toys.lt\/lv\/produktas\/medinis-l-li-namas-su-priedais-2\/#primaryimage\"},\"image\":{\"@id\":\"https:\/\/toys.lt\/lv\/produktas\/medinis-l-li-namas-su-priedais-2\/#primaryimage\"},\"thumbnailUrl\":\"https:\/\/toys.lt\/wp-content\/uploads\/2020\/05\/products-791.jpg\",\"datePublished\":\"2020-05-15T02:43:53+00:00\",\"dateModified\":\"2026-04-06T00:29:54+00:00\",\"breadcrumb\":{\"@id\":\"https:\/\/toys.lt\/lv\/produktas\/medinis-l-li-namas-su-priedais-2\/#breadcrumb\"},\"inLanguage\":\"lv-LV\",\"potentialAction\":[{\"@type\":\"ReadAction\",\"target\":[\"https:\/\/toys.lt\/lv\/produktas\/medinis-l-li-namas-su-priedais-2\/\"]}]},{\"@type\":\"ImageObject\",\"inLanguage\":\"lv-LV\",\"@id\":\"https:\/\/toys.lt\/lv\/produktas\/medinis-l-li-namas-su-priedais-2\/#primaryimage\",\"url\":\"https:\/\/toys.lt\/wp-content\/uploads\/2020\/05\/products-791.jpg\",\"contentUrl\":\"https:\/\/toys.lt\/wp-content\/uploads\/2020\/05\/products-791.jpg\",\"width\":1200,\"height\":900,\"caption\":\"Medinis l\u0117li\u0173 namas su priedais\"},{\"@type\":\"BreadcrumbList\",\"@id\":\"https:\/\/toys.lt\/lv\/produktas\/medinis-l-li-namas-su-priedais-2\/#breadcrumb\",\"itemListElement\":[{\"@type\":\"ListItem\",\"position\":1,\"name\":\"Home\",\"item\":\"https:\/\/toys.lt\/lv\/\"},{\"@type\":\"ListItem\",\"position\":2,\"name\":\"Veikals\",\"item\":\"https:\/\/toys.lt\/lv\/shop\/\"},{\"@type\":\"ListItem\",\"position\":3,\"name\":\"Medinis l\u0117li\u0173 namas su priedais\"}]},{\"@type\":\"WebSite\",\"@id\":\"https:\/\/toys.lt\/lv\/#website\",\"url\":\"https:\/\/toys.lt\/lv\/\",\"name\":\"Toys.lt\",\"description\":\"\",\"potentialAction\":[{\"@type\":\"SearchAction\",\"target\":{\"@type\":\"EntryPoint\",\"urlTemplate\":\"https:\/\/toys.lt\/lv\/?s={search_term_string}\"},\"query-input\":{\"@type\":\"PropertyValueSpecification\",\"valueRequired\":true,\"valueName\":\"search_term_string\"}}],\"inLanguage\":\"lv-LV\"}]}<\/script>\n<!-- \/ Yoast SEO plugin. -->","yoast_head_json":{"title":"Medinis l\u0117li\u0173 namas su priedais - Toys.lt","robots":{"index":"index","follow":"follow","max-snippet":"max-snippet:-1","max-image-preview":"max-image-preview:large","max-video-preview":"max-video-preview:-1"},"canonical":"https:\/\/toys.lt\/lv\/produktas\/medinis-l-li-namas-su-priedais-2\/","og_locale":"lv_LV","og_type":"article","og_title":"Medinis l\u0117li\u0173 namas su priedais - Toys.lt","og_description":"Prek\u0117s tipas: l\u0117li\u0173 namas  Kilm\u0117s \u0161alis: Kinija  Prek\u0117s med\u017eiaga:\u00a0mediena  Pakuot\u0117s i\u0161matavimai:\u00a027,5 x 14 x\u00a080 cm  Namo i\u0161matavimai: 80 x 30,5 x 61 cm  Svoris: 8,1 kg  Rekomenduojamas am\u017eius: nuo 3 met\u0173","og_url":"https:\/\/toys.lt\/lv\/produktas\/medinis-l-li-namas-su-priedais-2\/","og_site_name":"Toys.lt","article_modified_time":"2026-04-06T00:29:54+00:00","og_image":[{"width":1200,"height":900,"url":"https:\/\/toys.lt\/wp-content\/uploads\/2020\/05\/products-791.jpg","type":"image\/jpeg"}],"twitter_card":"summary_large_image","twitter_misc":{"Est. reading time":"1 minute"},"schema":{"@context":"https:\/\/schema.org","@graph":[{"@type":"WebPage","@id":"https:\/\/toys.lt\/lv\/produktas\/medinis-l-li-namas-su-priedais-2\/","url":"https:\/\/toys.lt\/lv\/produktas\/medinis-l-li-namas-su-priedais-2\/","name":"Medinis l\u0117li\u0173 namas su priedais - Toys.lt","isPartOf":{"@id":"https:\/\/toys.lt\/lv\/#website"},"primaryImageOfPage":{"@id":"https:\/\/toys.lt\/lv\/produktas\/medinis-l-li-namas-su-priedais-2\/#primaryimage"},"image":{"@id":"https:\/\/toys.lt\/lv\/produktas\/medinis-l-li-namas-su-priedais-2\/#primaryimage"},"thumbnailUrl":"https:\/\/toys.lt\/wp-content\/uploads\/2020\/05\/products-791.jpg","datePublished":"2020-05-15T02:43:53+00:00","dateModified":"2026-04-06T00:29:54+00:00","breadcrumb":{"@id":"https:\/\/toys.lt\/lv\/produktas\/medinis-l-li-namas-su-priedais-2\/#breadcrumb"},"inLanguage":"lv-LV","potentialAction":[{"@type":"ReadAction","target":["https:\/\/toys.lt\/lv\/produktas\/medinis-l-li-namas-su-priedais-2\/"]}]},{"@type":"ImageObject","inLanguage":"lv-LV","@id":"https:\/\/toys.lt\/lv\/produktas\/medinis-l-li-namas-su-priedais-2\/#primaryimage","url":"https:\/\/toys.lt\/wp-content\/uploads\/2020\/05\/products-791.jpg","contentUrl":"https:\/\/toys.lt\/wp-content\/uploads\/2020\/05\/products-791.jpg","width":1200,"height":900,"caption":"Medinis l\u0117li\u0173 namas su priedais"},{"@type":"BreadcrumbList","@id":"https:\/\/toys.lt\/lv\/produktas\/medinis-l-li-namas-su-priedais-2\/#breadcrumb","itemListElement":[{"@type":"ListItem","position":1,"name":"Home","item":"https:\/\/toys.lt\/lv\/"},{"@type":"ListItem","position":2,"name":"Veikals","item":"https:\/\/toys.lt\/lv\/shop\/"},{"@type":"ListItem","position":3,"name":"Medinis l\u0117li\u0173 namas su priedais"}]},{"@type":"WebSite","@id":"https:\/\/toys.lt\/lv\/#website","url":"https:\/\/toys.lt\/lv\/","name":"Toys.lt","description":"","potentialAction":[{"@type":"SearchAction","target":{"@type":"EntryPoint","urlTemplate":"https:\/\/toys.lt\/lv\/?s={search_term_string}"},"query-input":{"@type":"PropertyValueSpecification","valueRequired":true,"valueName":"search_term_string"}}],"inLanguage":"lv-LV"}]}},"_links":{"self":[{"href":"https:\/\/toys.lt\/lv\/wp-json\/wp\/v2\/product\/26769","targetHints":{"allow":["GET"]}}],"collection":[{"href":"https:\/\/toys.lt\/lv\/wp-json\/wp\/v2\/product"}],"about":[{"href":"https:\/\/toys.lt\/lv\/wp-json\/wp\/v2\/types\/product"}],"replies":[{"embeddable":true,"href":"https:\/\/toys.lt\/lv\/wp-json\/wp\/v2\/comments?post=26769"}],"version-history":[{"count":2,"href":"https:\/\/toys.lt\/lv\/wp-json\/wp\/v2\/product\/26769\/revisions"}],"predecessor-version":[{"id":32791,"href":"https:\/\/toys.lt\/lv\/wp-json\/wp\/v2\/product\/26769\/revisions\/32791"}],"wp:featuredmedia":[{"embeddable":true,"href":"https:\/\/toys.lt\/lv\/wp-json\/wp\/v2\/media\/26770"}],"wp:attachment":[{"href":"https:\/\/toys.lt\/lv\/wp-json\/wp\/v2\/media?parent=26769"}],"wp:term":[{"taxonomy":"product_brand","embeddable":true,"href":"https:\/\/toys.lt\/lv\/wp-json\/wp\/v2\/product_brand?post=26769"},{"taxonomy":"product_cat","embeddable":true,"href":"https:\/\/toys.lt\/lv\/wp-json\/wp\/v2\/product_cat?post=26769"},{"taxonomy":"product_tag","embeddable":true,"href":"https:\/\/toys.lt\/lv\/wp-json\/wp\/v2\/product_tag?post=26769"}],"curies":[{"name":"wp","href":"https:\/\/api.w.org\/{rel}","templated":true}]}}