{"id":26749,"date":"2020-05-14T08:56:12","date_gmt":"2020-05-14T08:56:12","guid":{"rendered":"https:\/\/toys.lt\/?post_type=product&#038;p=26749"},"modified":"2026-04-23T18:14:06","modified_gmt":"2026-04-23T18:14:06","slug":"medinis-l-li-namas-su-priedais","status":"publish","type":"product","link":"https:\/\/toys.lt\/lv\/produktas\/medinis-l-li-namas-su-priedais\/","title":{"rendered":"Medinis l\u0117li\u0173 namas su priedais"},"content":{"rendered":"<p><strong>Savyb\u0117s:<\/strong><\/p>\n<ul style=\"list-style-type: square;\">\n<li>Tvirta med\u017eio masyvo konstrukcija<\/li>\n<li>Spalvingas nam\u0173 dekoras<\/li>\n<li>4 kambariai<\/li>\n<li>Mediniai baldai<\/li>\n<li>Atidaromos durys<\/li>\n<li>Nuimamas balkono r\u0117mas<\/li>\n<li>Atidaromas stoglangis<\/li>\n<li>Yra namelio surinkimo vadovas<\/li>\n<li>Aplinkai saug\u016bs da\u017eai, be kvapo<\/li>\n<li>Auk\u0161tos kokyb\u0117s mediena<\/li>\n<li>Treniruojami vaik\u0173 rank\u0173 ir aki\u0173 koordinavimo geb\u0117jimai, lavinami vaik\u0173 praktiniai geb\u0117jimai, lavinami vaik\u0173 geb\u0117jimai atpa\u017einti spalvas<\/li>\n<\/ul>\n<p>&nbsp;<\/p>\n","protected":false},"excerpt":{"rendered":"<p>Prek\u0117s tipas: l\u0117li\u0173 namas<\/p>\n<p>Kilm\u0117s \u0161alis: Kinija<\/p>\n<p>Prek\u0117s med\u017eiaga:\u00a0mediena<\/p>\n<p>Pakuot\u0117s i\u0161matavimai: 56 x 8 x 54 cm<\/p>\n<p>Namo i\u0161matavimai: 37,5 x 55 x 52,5 cm<\/p>\n<p>Svoris: 5,8 kg<\/p>\n<p>Rekomenduojamas am\u017eius: nuo 3 met\u0173<\/p>\n","protected":false},"featured_media":26750,"comment_status":"open","ping_status":"closed","template":"","meta":[],"product_brand":[],"product_cat":[387,411,406,1109],"product_tag":[],"class_list":{"0":"post-26749","1":"product","2":"type-product","3":"status-publish","4":"has-post-thumbnail","6":"product_cat-mediniai-zaislai-2","7":"product_cat-zaislai-mergaitems","8":"product_cat-zaislines-leles-ir-priedai","9":"product_cat-leliu-namai","10":"pa_amziaus-grupe-76","11":"pa_prek-s-tipas-l-li-namai-ir-priedai","13":"first","14":"outofstock","15":"sale","16":"taxable","17":"shipping-taxable","18":"purchasable","19":"product-type-simple"},"yoast_head":"<!-- This site is optimized with the Yoast SEO plugin v26.3 - https:\/\/yoast.com\/wordpress\/plugins\/seo\/ -->\n<title>Medinis l\u0117li\u0173 namas su priedais - Toys.lt<\/title>\n<meta name=\"robots\" content=\"index, follow, max-snippet:-1, max-image-preview:large, max-video-preview:-1\" \/>\n<link rel=\"canonical\" href=\"https:\/\/toys.lt\/lv\/produktas\/medinis-l-li-namas-su-priedais\/\" \/>\n<meta property=\"og:locale\" content=\"lv_LV\" \/>\n<meta property=\"og:type\" content=\"article\" \/>\n<meta property=\"og:title\" content=\"Medinis l\u0117li\u0173 namas su priedais - Toys.lt\" \/>\n<meta property=\"og:description\" content=\"Prek\u0117s tipas: l\u0117li\u0173 namas  Kilm\u0117s \u0161alis: Kinija  Prek\u0117s med\u017eiaga:\u00a0mediena  Pakuot\u0117s i\u0161matavimai: 56 x 8 x 54 cm  Namo i\u0161matavimai: 37,5 x 55 x 52,5 cm  Svoris: 5,8 kg  Rekomenduojamas am\u017eius: nuo 3 met\u0173\" \/>\n<meta property=\"og:url\" content=\"https:\/\/toys.lt\/lv\/produktas\/medinis-l-li-namas-su-priedais\/\" \/>\n<meta property=\"og:site_name\" content=\"Toys.lt\" \/>\n<meta property=\"article:modified_time\" content=\"2026-04-23T18:14:06+00:00\" \/>\n<meta property=\"og:image\" content=\"https:\/\/toys.lt\/wp-content\/uploads\/2020\/05\/products-773.jpg\" \/>\n\t<meta property=\"og:image:width\" content=\"714\" \/>\n\t<meta property=\"og:image:height\" content=\"665\" \/>\n\t<meta property=\"og:image:type\" content=\"image\/jpeg\" \/>\n<meta name=\"twitter:card\" content=\"summary_large_image\" \/>\n<meta name=\"twitter:label1\" content=\"Est. reading time\" \/>\n\t<meta name=\"twitter:data1\" content=\"1 minute\" \/>\n<script type=\"application\/ld+json\" class=\"yoast-schema-graph\">{\"@context\":\"https:\/\/schema.org\",\"@graph\":[{\"@type\":\"WebPage\",\"@id\":\"https:\/\/toys.lt\/lv\/produktas\/medinis-l-li-namas-su-priedais\/\",\"url\":\"https:\/\/toys.lt\/lv\/produktas\/medinis-l-li-namas-su-priedais\/\",\"name\":\"Medinis l\u0117li\u0173 namas su priedais - Toys.lt\",\"isPartOf\":{\"@id\":\"https:\/\/toys.lt\/lv\/#website\"},\"primaryImageOfPage\":{\"@id\":\"https:\/\/toys.lt\/lv\/produktas\/medinis-l-li-namas-su-priedais\/#primaryimage\"},\"image\":{\"@id\":\"https:\/\/toys.lt\/lv\/produktas\/medinis-l-li-namas-su-priedais\/#primaryimage\"},\"thumbnailUrl\":\"https:\/\/toys.lt\/wp-content\/uploads\/2020\/05\/products-773.jpg\",\"datePublished\":\"2020-05-14T08:56:12+00:00\",\"dateModified\":\"2026-04-23T18:14:06+00:00\",\"breadcrumb\":{\"@id\":\"https:\/\/toys.lt\/lv\/produktas\/medinis-l-li-namas-su-priedais\/#breadcrumb\"},\"inLanguage\":\"lv-LV\",\"potentialAction\":[{\"@type\":\"ReadAction\",\"target\":[\"https:\/\/toys.lt\/lv\/produktas\/medinis-l-li-namas-su-priedais\/\"]}]},{\"@type\":\"ImageObject\",\"inLanguage\":\"lv-LV\",\"@id\":\"https:\/\/toys.lt\/lv\/produktas\/medinis-l-li-namas-su-priedais\/#primaryimage\",\"url\":\"https:\/\/toys.lt\/wp-content\/uploads\/2020\/05\/products-773.jpg\",\"contentUrl\":\"https:\/\/toys.lt\/wp-content\/uploads\/2020\/05\/products-773.jpg\",\"width\":714,\"height\":665,\"caption\":\"Medinis l\u0117li\u0173 namas su priedais\"},{\"@type\":\"BreadcrumbList\",\"@id\":\"https:\/\/toys.lt\/lv\/produktas\/medinis-l-li-namas-su-priedais\/#breadcrumb\",\"itemListElement\":[{\"@type\":\"ListItem\",\"position\":1,\"name\":\"Home\",\"item\":\"https:\/\/toys.lt\/lv\/\"},{\"@type\":\"ListItem\",\"position\":2,\"name\":\"Veikals\",\"item\":\"https:\/\/toys.lt\/lv\/shop\/\"},{\"@type\":\"ListItem\",\"position\":3,\"name\":\"Medinis l\u0117li\u0173 namas su priedais\"}]},{\"@type\":\"WebSite\",\"@id\":\"https:\/\/toys.lt\/lv\/#website\",\"url\":\"https:\/\/toys.lt\/lv\/\",\"name\":\"Toys.lt\",\"description\":\"\",\"potentialAction\":[{\"@type\":\"SearchAction\",\"target\":{\"@type\":\"EntryPoint\",\"urlTemplate\":\"https:\/\/toys.lt\/lv\/?s={search_term_string}\"},\"query-input\":{\"@type\":\"PropertyValueSpecification\",\"valueRequired\":true,\"valueName\":\"search_term_string\"}}],\"inLanguage\":\"lv-LV\"}]}<\/script>\n<!-- \/ Yoast SEO plugin. -->","yoast_head_json":{"title":"Medinis l\u0117li\u0173 namas su priedais - Toys.lt","robots":{"index":"index","follow":"follow","max-snippet":"max-snippet:-1","max-image-preview":"max-image-preview:large","max-video-preview":"max-video-preview:-1"},"canonical":"https:\/\/toys.lt\/lv\/produktas\/medinis-l-li-namas-su-priedais\/","og_locale":"lv_LV","og_type":"article","og_title":"Medinis l\u0117li\u0173 namas su priedais - Toys.lt","og_description":"Prek\u0117s tipas: l\u0117li\u0173 namas  Kilm\u0117s \u0161alis: Kinija  Prek\u0117s med\u017eiaga:\u00a0mediena  Pakuot\u0117s i\u0161matavimai: 56 x 8 x 54 cm  Namo i\u0161matavimai: 37,5 x 55 x 52,5 cm  Svoris: 5,8 kg  Rekomenduojamas am\u017eius: nuo 3 met\u0173","og_url":"https:\/\/toys.lt\/lv\/produktas\/medinis-l-li-namas-su-priedais\/","og_site_name":"Toys.lt","article_modified_time":"2026-04-23T18:14:06+00:00","og_image":[{"width":714,"height":665,"url":"https:\/\/toys.lt\/wp-content\/uploads\/2020\/05\/products-773.jpg","type":"image\/jpeg"}],"twitter_card":"summary_large_image","twitter_misc":{"Est. reading time":"1 minute"},"schema":{"@context":"https:\/\/schema.org","@graph":[{"@type":"WebPage","@id":"https:\/\/toys.lt\/lv\/produktas\/medinis-l-li-namas-su-priedais\/","url":"https:\/\/toys.lt\/lv\/produktas\/medinis-l-li-namas-su-priedais\/","name":"Medinis l\u0117li\u0173 namas su priedais - Toys.lt","isPartOf":{"@id":"https:\/\/toys.lt\/lv\/#website"},"primaryImageOfPage":{"@id":"https:\/\/toys.lt\/lv\/produktas\/medinis-l-li-namas-su-priedais\/#primaryimage"},"image":{"@id":"https:\/\/toys.lt\/lv\/produktas\/medinis-l-li-namas-su-priedais\/#primaryimage"},"thumbnailUrl":"https:\/\/toys.lt\/wp-content\/uploads\/2020\/05\/products-773.jpg","datePublished":"2020-05-14T08:56:12+00:00","dateModified":"2026-04-23T18:14:06+00:00","breadcrumb":{"@id":"https:\/\/toys.lt\/lv\/produktas\/medinis-l-li-namas-su-priedais\/#breadcrumb"},"inLanguage":"lv-LV","potentialAction":[{"@type":"ReadAction","target":["https:\/\/toys.lt\/lv\/produktas\/medinis-l-li-namas-su-priedais\/"]}]},{"@type":"ImageObject","inLanguage":"lv-LV","@id":"https:\/\/toys.lt\/lv\/produktas\/medinis-l-li-namas-su-priedais\/#primaryimage","url":"https:\/\/toys.lt\/wp-content\/uploads\/2020\/05\/products-773.jpg","contentUrl":"https:\/\/toys.lt\/wp-content\/uploads\/2020\/05\/products-773.jpg","width":714,"height":665,"caption":"Medinis l\u0117li\u0173 namas su priedais"},{"@type":"BreadcrumbList","@id":"https:\/\/toys.lt\/lv\/produktas\/medinis-l-li-namas-su-priedais\/#breadcrumb","itemListElement":[{"@type":"ListItem","position":1,"name":"Home","item":"https:\/\/toys.lt\/lv\/"},{"@type":"ListItem","position":2,"name":"Veikals","item":"https:\/\/toys.lt\/lv\/shop\/"},{"@type":"ListItem","position":3,"name":"Medinis l\u0117li\u0173 namas su priedais"}]},{"@type":"WebSite","@id":"https:\/\/toys.lt\/lv\/#website","url":"https:\/\/toys.lt\/lv\/","name":"Toys.lt","description":"","potentialAction":[{"@type":"SearchAction","target":{"@type":"EntryPoint","urlTemplate":"https:\/\/toys.lt\/lv\/?s={search_term_string}"},"query-input":{"@type":"PropertyValueSpecification","valueRequired":true,"valueName":"search_term_string"}}],"inLanguage":"lv-LV"}]}},"_links":{"self":[{"href":"https:\/\/toys.lt\/lv\/wp-json\/wp\/v2\/product\/26749","targetHints":{"allow":["GET"]}}],"collection":[{"href":"https:\/\/toys.lt\/lv\/wp-json\/wp\/v2\/product"}],"about":[{"href":"https:\/\/toys.lt\/lv\/wp-json\/wp\/v2\/types\/product"}],"replies":[{"embeddable":true,"href":"https:\/\/toys.lt\/lv\/wp-json\/wp\/v2\/comments?post=26749"}],"version-history":[{"count":3,"href":"https:\/\/toys.lt\/lv\/wp-json\/wp\/v2\/product\/26749\/revisions"}],"predecessor-version":[{"id":32789,"href":"https:\/\/toys.lt\/lv\/wp-json\/wp\/v2\/product\/26749\/revisions\/32789"}],"wp:featuredmedia":[{"embeddable":true,"href":"https:\/\/toys.lt\/lv\/wp-json\/wp\/v2\/media\/26750"}],"wp:attachment":[{"href":"https:\/\/toys.lt\/lv\/wp-json\/wp\/v2\/media?parent=26749"}],"wp:term":[{"taxonomy":"product_brand","embeddable":true,"href":"https:\/\/toys.lt\/lv\/wp-json\/wp\/v2\/product_brand?post=26749"},{"taxonomy":"product_cat","embeddable":true,"href":"https:\/\/toys.lt\/lv\/wp-json\/wp\/v2\/product_cat?post=26749"},{"taxonomy":"product_tag","embeddable":true,"href":"https:\/\/toys.lt\/lv\/wp-json\/wp\/v2\/product_tag?post=26749"}],"curies":[{"name":"wp","href":"https:\/\/api.w.org\/{rel}","templated":true}]}}