{"id":26739,"date":"2020-05-14T07:29:44","date_gmt":"2020-05-14T07:29:44","guid":{"rendered":"https:\/\/toys.lt\/?post_type=product&#038;p=26739"},"modified":"2026-04-06T00:29:53","modified_gmt":"2026-04-06T00:29:53","slug":"r-b-valdomas-voras","status":"publish","type":"product","link":"https:\/\/toys.lt\/lv\/produktas\/r-b-valdomas-voras\/","title":{"rendered":"R\/B valdomas voras"},"content":{"rendered":"<p><strong>Savyb\u0117s:<\/strong><\/p>\n<ul style=\"list-style-type: square;\">\n<li style=\"margin: 0px; padding: 0px; font: inherit; border: 0px;\">Juda pirmyn ir apsisuka per de\u0161in\u0119 pus\u0119<\/li>\n<li style=\"margin: 0px; padding: 0px; font: inherit; border: 0px;\">Ap\u0161vietimo efektai<\/li>\n<li style=\"margin: 0px; padding: 0px; font: inherit; border: 0px;\">Infraraudon\u0173j\u0173 spinduli\u0173 nuotolinio valdymo pultas<\/li>\n<li style=\"margin: 0px; padding: 0px; font: inherit; border: 0px;\">3 kanal\u0173 valdymas<\/li>\n<li style=\"margin: 0px; padding: 0px; font: inherit; border: 0px;\">Paprasta ir patogu\u00a0valdyti<\/li>\n<li style=\"margin: 0px; padding: 0px; font: inherit; border: 0px;\">Kokybi\u0161kas ir saugus sveikatai<\/li>\n<li style=\"margin: 0px; padding: 0px; font: inherit; border: 0px;\">Tinka \u017eaisti namuose ir lauke<\/li>\n<\/ul>\n<p>&nbsp;<\/p>\n","protected":false},"excerpt":{"rendered":"<p>Prek\u0117s tipas: valdomi \u017eaislai<\/p>\n<p>Kilm\u0117s \u0161alis: Kinija<\/p>\n<p>Pakuot\u0117s i\u0161matavimai:\u00a05,5 x 18,7 x 19,2 cm<\/p>\n<p>Voro\u00a0i\u0161matavimai: 9,7 x 15,7 x 4 cm<\/p>\n<p>\u017daislo sud\u0117tis: plastikas<\/p>\n<p>Rekomenduojamas am\u017eius: nuo 6 met\u0173<\/p>\n<p>Elementai: 4 x LR44 ir 2 x LR44 (pridedamos)<\/p>\n","protected":false},"featured_media":26740,"comment_status":"open","ping_status":"closed","template":"","meta":[],"product_brand":[],"product_cat":[395,410,411],"product_tag":[],"class_list":{"0":"post-26739","1":"product","2":"type-product","3":"status-publish","4":"has-post-thumbnail","6":"product_cat-valdomi-zaislai-2","7":"product_cat-zaislai-berniukams","8":"product_cat-zaislai-mergaitems","9":"pa_amziaus-grupe-79","10":"pa_prek-s-tipas-gyv-nai","12":"first","13":"outofstock","14":"taxable","15":"shipping-taxable","16":"purchasable","17":"product-type-simple"},"yoast_head":"<!-- This site is optimized with the Yoast SEO plugin v26.3 - https:\/\/yoast.com\/wordpress\/plugins\/seo\/ -->\n<title>R\/B valdomas voras - Toys.lt<\/title>\n<meta name=\"robots\" content=\"index, follow, max-snippet:-1, max-image-preview:large, max-video-preview:-1\" \/>\n<link rel=\"canonical\" href=\"https:\/\/toys.lt\/lv\/produktas\/r-b-valdomas-voras\/\" \/>\n<meta property=\"og:locale\" content=\"lv_LV\" \/>\n<meta property=\"og:type\" content=\"article\" \/>\n<meta property=\"og:title\" content=\"R\/B valdomas voras - Toys.lt\" \/>\n<meta property=\"og:description\" content=\"Prek\u0117s tipas: valdomi \u017eaislai  Kilm\u0117s \u0161alis: Kinija  Pakuot\u0117s i\u0161matavimai:\u00a05,5 x 18,7 x 19,2 cm  Voro\u00a0i\u0161matavimai: 9,7 x 15,7 x 4 cm  \u017daislo sud\u0117tis: plastikas  Rekomenduojamas am\u017eius: nuo 6 met\u0173  Elementai: 4 x LR44 ir 2 x LR44 (pridedamos)\" \/>\n<meta property=\"og:url\" content=\"https:\/\/toys.lt\/lv\/produktas\/r-b-valdomas-voras\/\" \/>\n<meta property=\"og:site_name\" content=\"Toys.lt\" \/>\n<meta property=\"article:modified_time\" content=\"2026-04-06T00:29:53+00:00\" \/>\n<meta property=\"og:image\" content=\"https:\/\/toys.lt\/wp-content\/uploads\/2020\/05\/products-763.jpg\" \/>\n\t<meta property=\"og:image:width\" content=\"800\" \/>\n\t<meta property=\"og:image:height\" content=\"640\" \/>\n\t<meta property=\"og:image:type\" content=\"image\/jpeg\" \/>\n<meta name=\"twitter:card\" content=\"summary_large_image\" \/>\n<meta name=\"twitter:label1\" content=\"Est. reading time\" \/>\n\t<meta name=\"twitter:data1\" content=\"1 minute\" \/>\n<script type=\"application\/ld+json\" class=\"yoast-schema-graph\">{\"@context\":\"https:\/\/schema.org\",\"@graph\":[{\"@type\":\"WebPage\",\"@id\":\"https:\/\/toys.lt\/lv\/produktas\/r-b-valdomas-voras\/\",\"url\":\"https:\/\/toys.lt\/lv\/produktas\/r-b-valdomas-voras\/\",\"name\":\"R\/B valdomas voras - Toys.lt\",\"isPartOf\":{\"@id\":\"https:\/\/toys.lt\/lv\/#website\"},\"primaryImageOfPage\":{\"@id\":\"https:\/\/toys.lt\/lv\/produktas\/r-b-valdomas-voras\/#primaryimage\"},\"image\":{\"@id\":\"https:\/\/toys.lt\/lv\/produktas\/r-b-valdomas-voras\/#primaryimage\"},\"thumbnailUrl\":\"https:\/\/toys.lt\/wp-content\/uploads\/2020\/05\/products-763.jpg\",\"datePublished\":\"2020-05-14T07:29:44+00:00\",\"dateModified\":\"2026-04-06T00:29:53+00:00\",\"breadcrumb\":{\"@id\":\"https:\/\/toys.lt\/lv\/produktas\/r-b-valdomas-voras\/#breadcrumb\"},\"inLanguage\":\"lv-LV\",\"potentialAction\":[{\"@type\":\"ReadAction\",\"target\":[\"https:\/\/toys.lt\/lv\/produktas\/r-b-valdomas-voras\/\"]}]},{\"@type\":\"ImageObject\",\"inLanguage\":\"lv-LV\",\"@id\":\"https:\/\/toys.lt\/lv\/produktas\/r-b-valdomas-voras\/#primaryimage\",\"url\":\"https:\/\/toys.lt\/wp-content\/uploads\/2020\/05\/products-763.jpg\",\"contentUrl\":\"https:\/\/toys.lt\/wp-content\/uploads\/2020\/05\/products-763.jpg\",\"width\":800,\"height\":640},{\"@type\":\"BreadcrumbList\",\"@id\":\"https:\/\/toys.lt\/lv\/produktas\/r-b-valdomas-voras\/#breadcrumb\",\"itemListElement\":[{\"@type\":\"ListItem\",\"position\":1,\"name\":\"Home\",\"item\":\"https:\/\/toys.lt\/lv\/\"},{\"@type\":\"ListItem\",\"position\":2,\"name\":\"Veikals\",\"item\":\"https:\/\/toys.lt\/lv\/shop\/\"},{\"@type\":\"ListItem\",\"position\":3,\"name\":\"R\/B valdomas voras\"}]},{\"@type\":\"WebSite\",\"@id\":\"https:\/\/toys.lt\/lv\/#website\",\"url\":\"https:\/\/toys.lt\/lv\/\",\"name\":\"Toys.lt\",\"description\":\"\",\"potentialAction\":[{\"@type\":\"SearchAction\",\"target\":{\"@type\":\"EntryPoint\",\"urlTemplate\":\"https:\/\/toys.lt\/lv\/?s={search_term_string}\"},\"query-input\":{\"@type\":\"PropertyValueSpecification\",\"valueRequired\":true,\"valueName\":\"search_term_string\"}}],\"inLanguage\":\"lv-LV\"}]}<\/script>\n<!-- \/ Yoast SEO plugin. -->","yoast_head_json":{"title":"R\/B valdomas voras - Toys.lt","robots":{"index":"index","follow":"follow","max-snippet":"max-snippet:-1","max-image-preview":"max-image-preview:large","max-video-preview":"max-video-preview:-1"},"canonical":"https:\/\/toys.lt\/lv\/produktas\/r-b-valdomas-voras\/","og_locale":"lv_LV","og_type":"article","og_title":"R\/B valdomas voras - Toys.lt","og_description":"Prek\u0117s tipas: valdomi \u017eaislai  Kilm\u0117s \u0161alis: Kinija  Pakuot\u0117s i\u0161matavimai:\u00a05,5 x 18,7 x 19,2 cm  Voro\u00a0i\u0161matavimai: 9,7 x 15,7 x 4 cm  \u017daislo sud\u0117tis: plastikas  Rekomenduojamas am\u017eius: nuo 6 met\u0173  Elementai: 4 x LR44 ir 2 x LR44 (pridedamos)","og_url":"https:\/\/toys.lt\/lv\/produktas\/r-b-valdomas-voras\/","og_site_name":"Toys.lt","article_modified_time":"2026-04-06T00:29:53+00:00","og_image":[{"width":800,"height":640,"url":"https:\/\/toys.lt\/wp-content\/uploads\/2020\/05\/products-763.jpg","type":"image\/jpeg"}],"twitter_card":"summary_large_image","twitter_misc":{"Est. reading time":"1 minute"},"schema":{"@context":"https:\/\/schema.org","@graph":[{"@type":"WebPage","@id":"https:\/\/toys.lt\/lv\/produktas\/r-b-valdomas-voras\/","url":"https:\/\/toys.lt\/lv\/produktas\/r-b-valdomas-voras\/","name":"R\/B valdomas voras - Toys.lt","isPartOf":{"@id":"https:\/\/toys.lt\/lv\/#website"},"primaryImageOfPage":{"@id":"https:\/\/toys.lt\/lv\/produktas\/r-b-valdomas-voras\/#primaryimage"},"image":{"@id":"https:\/\/toys.lt\/lv\/produktas\/r-b-valdomas-voras\/#primaryimage"},"thumbnailUrl":"https:\/\/toys.lt\/wp-content\/uploads\/2020\/05\/products-763.jpg","datePublished":"2020-05-14T07:29:44+00:00","dateModified":"2026-04-06T00:29:53+00:00","breadcrumb":{"@id":"https:\/\/toys.lt\/lv\/produktas\/r-b-valdomas-voras\/#breadcrumb"},"inLanguage":"lv-LV","potentialAction":[{"@type":"ReadAction","target":["https:\/\/toys.lt\/lv\/produktas\/r-b-valdomas-voras\/"]}]},{"@type":"ImageObject","inLanguage":"lv-LV","@id":"https:\/\/toys.lt\/lv\/produktas\/r-b-valdomas-voras\/#primaryimage","url":"https:\/\/toys.lt\/wp-content\/uploads\/2020\/05\/products-763.jpg","contentUrl":"https:\/\/toys.lt\/wp-content\/uploads\/2020\/05\/products-763.jpg","width":800,"height":640},{"@type":"BreadcrumbList","@id":"https:\/\/toys.lt\/lv\/produktas\/r-b-valdomas-voras\/#breadcrumb","itemListElement":[{"@type":"ListItem","position":1,"name":"Home","item":"https:\/\/toys.lt\/lv\/"},{"@type":"ListItem","position":2,"name":"Veikals","item":"https:\/\/toys.lt\/lv\/shop\/"},{"@type":"ListItem","position":3,"name":"R\/B valdomas voras"}]},{"@type":"WebSite","@id":"https:\/\/toys.lt\/lv\/#website","url":"https:\/\/toys.lt\/lv\/","name":"Toys.lt","description":"","potentialAction":[{"@type":"SearchAction","target":{"@type":"EntryPoint","urlTemplate":"https:\/\/toys.lt\/lv\/?s={search_term_string}"},"query-input":{"@type":"PropertyValueSpecification","valueRequired":true,"valueName":"search_term_string"}}],"inLanguage":"lv-LV"}]}},"_links":{"self":[{"href":"https:\/\/toys.lt\/lv\/wp-json\/wp\/v2\/product\/26739","targetHints":{"allow":["GET"]}}],"collection":[{"href":"https:\/\/toys.lt\/lv\/wp-json\/wp\/v2\/product"}],"about":[{"href":"https:\/\/toys.lt\/lv\/wp-json\/wp\/v2\/types\/product"}],"replies":[{"embeddable":true,"href":"https:\/\/toys.lt\/lv\/wp-json\/wp\/v2\/comments?post=26739"}],"version-history":[{"count":1,"href":"https:\/\/toys.lt\/lv\/wp-json\/wp\/v2\/product\/26739\/revisions"}],"predecessor-version":[{"id":32784,"href":"https:\/\/toys.lt\/lv\/wp-json\/wp\/v2\/product\/26739\/revisions\/32784"}],"wp:featuredmedia":[{"embeddable":true,"href":"https:\/\/toys.lt\/lv\/wp-json\/wp\/v2\/media\/26740"}],"wp:attachment":[{"href":"https:\/\/toys.lt\/lv\/wp-json\/wp\/v2\/media?parent=26739"}],"wp:term":[{"taxonomy":"product_brand","embeddable":true,"href":"https:\/\/toys.lt\/lv\/wp-json\/wp\/v2\/product_brand?post=26739"},{"taxonomy":"product_cat","embeddable":true,"href":"https:\/\/toys.lt\/lv\/wp-json\/wp\/v2\/product_cat?post=26739"},{"taxonomy":"product_tag","embeddable":true,"href":"https:\/\/toys.lt\/lv\/wp-json\/wp\/v2\/product_tag?post=26739"}],"curies":[{"name":"wp","href":"https:\/\/api.w.org\/{rel}","templated":true}]}}