{"id":26703,"date":"2020-05-06T09:06:53","date_gmt":"2020-05-06T09:06:53","guid":{"rendered":"https:\/\/toys.lt\/?post_type=product&#038;p=26703"},"modified":"2026-04-23T18:14:06","modified_gmt":"2026-04-23T18:14:06","slug":"3d-miniati-rinis-namelis-spalvinimui","status":"publish","type":"product","link":"https:\/\/toys.lt\/lv\/produktas\/3d-miniati-rinis-namelis-spalvinimui\/","title":{"rendered":"3D miniati\u016brinis namelis spalvinimui"},"content":{"rendered":"<p><strong>Savyb\u0117s:<\/strong><\/p>\n<ul style=\"list-style-type: square;\">\n<li>Pagaminta i\u0161 tvirto kartono<\/li>\n<li>Tinka da\u017eyti da\u017eais, pie\u0161tukais ar kreidel\u0117m<\/li>\n<li>Lengvai susirenka<\/li>\n<li>Saugus vaik\u0173 sveikatai<\/li>\n<li>Lavina vaizduot\u0119, k\u016brybingum\u0105, smulki\u0105j\u0105 motorik\u0105, m\u0105stym\u0105<\/li>\n<\/ul>\n<p>Greitu metu bus platesnis prek\u0117s apra\u0161ymas.<\/p>\n<p>Nor\u0117dami su\u017einoti daugiau informacijos apie prek\u0119, pra\u0161ome skambinti numeriu, kuris yra nurodytas puslapyje.<\/p>\n","protected":false},"excerpt":{"rendered":"<p>Prek\u0117s tipas: k\u016bryba<\/p>\n<p>Kilm\u0117s \u0161alis: Vokietija<\/p>\n<p>Pakuot\u0117s i\u0161matavimai: 3 x 41 x 25 cm<\/p>\n<p>Namelio i\u0161matavimai: 42 x 34,5 x 51 cm<\/p>\n<p>Produkto med\u017eiaga: kartonas<\/p>\n<p>Rekomenduojamas am\u017eius: nuo 3 met\u0173<\/p>\n","protected":false},"featured_media":26704,"comment_status":"open","ping_status":"closed","template":"","meta":[],"product_brand":[],"product_cat":[409,410,411],"product_tag":[],"class_list":{"0":"post-26703","1":"product","2":"type-product","3":"status-publish","4":"has-post-thumbnail","6":"product_cat-rankdarbiai-ir-kuryba","7":"product_cat-zaislai-berniukams","8":"product_cat-zaislai-mergaitems","9":"pa_amziaus-grupe-76","11":"first","12":"outofstock","13":"sale","14":"taxable","15":"shipping-taxable","16":"purchasable","17":"product-type-simple"},"yoast_head":"<!-- This site is optimized with the Yoast SEO plugin v26.3 - https:\/\/yoast.com\/wordpress\/plugins\/seo\/ -->\n<title>3D miniati\u016brinis namelis spalvinimui - Toys.lt<\/title>\n<meta name=\"robots\" content=\"index, follow, max-snippet:-1, max-image-preview:large, max-video-preview:-1\" \/>\n<link rel=\"canonical\" href=\"https:\/\/toys.lt\/lv\/produktas\/3d-miniati-rinis-namelis-spalvinimui\/\" \/>\n<meta property=\"og:locale\" content=\"lv_LV\" \/>\n<meta property=\"og:type\" content=\"article\" \/>\n<meta property=\"og:title\" content=\"3D miniati\u016brinis namelis spalvinimui - Toys.lt\" \/>\n<meta property=\"og:description\" content=\"Prek\u0117s tipas: k\u016bryba  Kilm\u0117s \u0161alis: Vokietija  Pakuot\u0117s i\u0161matavimai: 3 x 41 x 25 cm  Namelio i\u0161matavimai: 42 x 34,5 x 51 cm  Produkto med\u017eiaga: kartonas  Rekomenduojamas am\u017eius: nuo 3 met\u0173\" \/>\n<meta property=\"og:url\" content=\"https:\/\/toys.lt\/lv\/produktas\/3d-miniati-rinis-namelis-spalvinimui\/\" \/>\n<meta property=\"og:site_name\" content=\"Toys.lt\" \/>\n<meta property=\"article:modified_time\" content=\"2026-04-23T18:14:06+00:00\" \/>\n<meta property=\"og:image\" content=\"https:\/\/toys.lt\/wp-content\/uploads\/2020\/05\/products-744-scaled.jpg\" \/>\n\t<meta property=\"og:image:width\" content=\"2560\" \/>\n\t<meta property=\"og:image:height\" content=\"1632\" \/>\n\t<meta property=\"og:image:type\" content=\"image\/jpeg\" \/>\n<meta name=\"twitter:card\" content=\"summary_large_image\" \/>\n<meta name=\"twitter:label1\" content=\"Est. reading time\" \/>\n\t<meta name=\"twitter:data1\" content=\"1 minute\" \/>\n<script type=\"application\/ld+json\" class=\"yoast-schema-graph\">{\"@context\":\"https:\/\/schema.org\",\"@graph\":[{\"@type\":\"WebPage\",\"@id\":\"https:\/\/toys.lt\/lv\/produktas\/3d-miniati-rinis-namelis-spalvinimui\/\",\"url\":\"https:\/\/toys.lt\/lv\/produktas\/3d-miniati-rinis-namelis-spalvinimui\/\",\"name\":\"3D miniati\u016brinis namelis spalvinimui - Toys.lt\",\"isPartOf\":{\"@id\":\"https:\/\/toys.lt\/lv\/#website\"},\"primaryImageOfPage\":{\"@id\":\"https:\/\/toys.lt\/lv\/produktas\/3d-miniati-rinis-namelis-spalvinimui\/#primaryimage\"},\"image\":{\"@id\":\"https:\/\/toys.lt\/lv\/produktas\/3d-miniati-rinis-namelis-spalvinimui\/#primaryimage\"},\"thumbnailUrl\":\"https:\/\/toys.lt\/wp-content\/uploads\/2020\/05\/products-744-scaled.jpg\",\"datePublished\":\"2020-05-06T09:06:53+00:00\",\"dateModified\":\"2026-04-23T18:14:06+00:00\",\"breadcrumb\":{\"@id\":\"https:\/\/toys.lt\/lv\/produktas\/3d-miniati-rinis-namelis-spalvinimui\/#breadcrumb\"},\"inLanguage\":\"lv-LV\",\"potentialAction\":[{\"@type\":\"ReadAction\",\"target\":[\"https:\/\/toys.lt\/lv\/produktas\/3d-miniati-rinis-namelis-spalvinimui\/\"]}]},{\"@type\":\"ImageObject\",\"inLanguage\":\"lv-LV\",\"@id\":\"https:\/\/toys.lt\/lv\/produktas\/3d-miniati-rinis-namelis-spalvinimui\/#primaryimage\",\"url\":\"https:\/\/toys.lt\/wp-content\/uploads\/2020\/05\/products-744-scaled.jpg\",\"contentUrl\":\"https:\/\/toys.lt\/wp-content\/uploads\/2020\/05\/products-744-scaled.jpg\",\"width\":2560,\"height\":1632},{\"@type\":\"BreadcrumbList\",\"@id\":\"https:\/\/toys.lt\/lv\/produktas\/3d-miniati-rinis-namelis-spalvinimui\/#breadcrumb\",\"itemListElement\":[{\"@type\":\"ListItem\",\"position\":1,\"name\":\"Home\",\"item\":\"https:\/\/toys.lt\/lv\/\"},{\"@type\":\"ListItem\",\"position\":2,\"name\":\"Veikals\",\"item\":\"https:\/\/toys.lt\/lv\/shop\/\"},{\"@type\":\"ListItem\",\"position\":3,\"name\":\"3D miniati\u016brinis namelis spalvinimui\"}]},{\"@type\":\"WebSite\",\"@id\":\"https:\/\/toys.lt\/lv\/#website\",\"url\":\"https:\/\/toys.lt\/lv\/\",\"name\":\"Toys.lt\",\"description\":\"\",\"potentialAction\":[{\"@type\":\"SearchAction\",\"target\":{\"@type\":\"EntryPoint\",\"urlTemplate\":\"https:\/\/toys.lt\/lv\/?s={search_term_string}\"},\"query-input\":{\"@type\":\"PropertyValueSpecification\",\"valueRequired\":true,\"valueName\":\"search_term_string\"}}],\"inLanguage\":\"lv-LV\"}]}<\/script>\n<!-- \/ Yoast SEO plugin. -->","yoast_head_json":{"title":"3D miniati\u016brinis namelis spalvinimui - Toys.lt","robots":{"index":"index","follow":"follow","max-snippet":"max-snippet:-1","max-image-preview":"max-image-preview:large","max-video-preview":"max-video-preview:-1"},"canonical":"https:\/\/toys.lt\/lv\/produktas\/3d-miniati-rinis-namelis-spalvinimui\/","og_locale":"lv_LV","og_type":"article","og_title":"3D miniati\u016brinis namelis spalvinimui - Toys.lt","og_description":"Prek\u0117s tipas: k\u016bryba  Kilm\u0117s \u0161alis: Vokietija  Pakuot\u0117s i\u0161matavimai: 3 x 41 x 25 cm  Namelio i\u0161matavimai: 42 x 34,5 x 51 cm  Produkto med\u017eiaga: kartonas  Rekomenduojamas am\u017eius: nuo 3 met\u0173","og_url":"https:\/\/toys.lt\/lv\/produktas\/3d-miniati-rinis-namelis-spalvinimui\/","og_site_name":"Toys.lt","article_modified_time":"2026-04-23T18:14:06+00:00","og_image":[{"width":2560,"height":1632,"url":"https:\/\/toys.lt\/wp-content\/uploads\/2020\/05\/products-744-scaled.jpg","type":"image\/jpeg"}],"twitter_card":"summary_large_image","twitter_misc":{"Est. reading time":"1 minute"},"schema":{"@context":"https:\/\/schema.org","@graph":[{"@type":"WebPage","@id":"https:\/\/toys.lt\/lv\/produktas\/3d-miniati-rinis-namelis-spalvinimui\/","url":"https:\/\/toys.lt\/lv\/produktas\/3d-miniati-rinis-namelis-spalvinimui\/","name":"3D miniati\u016brinis namelis spalvinimui - Toys.lt","isPartOf":{"@id":"https:\/\/toys.lt\/lv\/#website"},"primaryImageOfPage":{"@id":"https:\/\/toys.lt\/lv\/produktas\/3d-miniati-rinis-namelis-spalvinimui\/#primaryimage"},"image":{"@id":"https:\/\/toys.lt\/lv\/produktas\/3d-miniati-rinis-namelis-spalvinimui\/#primaryimage"},"thumbnailUrl":"https:\/\/toys.lt\/wp-content\/uploads\/2020\/05\/products-744-scaled.jpg","datePublished":"2020-05-06T09:06:53+00:00","dateModified":"2026-04-23T18:14:06+00:00","breadcrumb":{"@id":"https:\/\/toys.lt\/lv\/produktas\/3d-miniati-rinis-namelis-spalvinimui\/#breadcrumb"},"inLanguage":"lv-LV","potentialAction":[{"@type":"ReadAction","target":["https:\/\/toys.lt\/lv\/produktas\/3d-miniati-rinis-namelis-spalvinimui\/"]}]},{"@type":"ImageObject","inLanguage":"lv-LV","@id":"https:\/\/toys.lt\/lv\/produktas\/3d-miniati-rinis-namelis-spalvinimui\/#primaryimage","url":"https:\/\/toys.lt\/wp-content\/uploads\/2020\/05\/products-744-scaled.jpg","contentUrl":"https:\/\/toys.lt\/wp-content\/uploads\/2020\/05\/products-744-scaled.jpg","width":2560,"height":1632},{"@type":"BreadcrumbList","@id":"https:\/\/toys.lt\/lv\/produktas\/3d-miniati-rinis-namelis-spalvinimui\/#breadcrumb","itemListElement":[{"@type":"ListItem","position":1,"name":"Home","item":"https:\/\/toys.lt\/lv\/"},{"@type":"ListItem","position":2,"name":"Veikals","item":"https:\/\/toys.lt\/lv\/shop\/"},{"@type":"ListItem","position":3,"name":"3D miniati\u016brinis namelis spalvinimui"}]},{"@type":"WebSite","@id":"https:\/\/toys.lt\/lv\/#website","url":"https:\/\/toys.lt\/lv\/","name":"Toys.lt","description":"","potentialAction":[{"@type":"SearchAction","target":{"@type":"EntryPoint","urlTemplate":"https:\/\/toys.lt\/lv\/?s={search_term_string}"},"query-input":{"@type":"PropertyValueSpecification","valueRequired":true,"valueName":"search_term_string"}}],"inLanguage":"lv-LV"}]}},"_links":{"self":[{"href":"https:\/\/toys.lt\/lv\/wp-json\/wp\/v2\/product\/26703","targetHints":{"allow":["GET"]}}],"collection":[{"href":"https:\/\/toys.lt\/lv\/wp-json\/wp\/v2\/product"}],"about":[{"href":"https:\/\/toys.lt\/lv\/wp-json\/wp\/v2\/types\/product"}],"replies":[{"embeddable":true,"href":"https:\/\/toys.lt\/lv\/wp-json\/wp\/v2\/comments?post=26703"}],"version-history":[{"count":0,"href":"https:\/\/toys.lt\/lv\/wp-json\/wp\/v2\/product\/26703\/revisions"}],"wp:featuredmedia":[{"embeddable":true,"href":"https:\/\/toys.lt\/lv\/wp-json\/wp\/v2\/media\/26704"}],"wp:attachment":[{"href":"https:\/\/toys.lt\/lv\/wp-json\/wp\/v2\/media?parent=26703"}],"wp:term":[{"taxonomy":"product_brand","embeddable":true,"href":"https:\/\/toys.lt\/lv\/wp-json\/wp\/v2\/product_brand?post=26703"},{"taxonomy":"product_cat","embeddable":true,"href":"https:\/\/toys.lt\/lv\/wp-json\/wp\/v2\/product_cat?post=26703"},{"taxonomy":"product_tag","embeddable":true,"href":"https:\/\/toys.lt\/lv\/wp-json\/wp\/v2\/product_tag?post=26703"}],"curies":[{"name":"wp","href":"https:\/\/api.w.org\/{rel}","templated":true}]}}