{"id":26691,"date":"2020-04-27T11:20:43","date_gmt":"2020-04-27T11:20:43","guid":{"rendered":"https:\/\/toys.lt\/?post_type=product&#038;p=26691"},"modified":"2026-04-06T00:29:51","modified_gmt":"2026-04-06T00:29:51","slug":"clemmy-plus-konstruktorius-trasa-play-set-fun-race","status":"publish","type":"product","link":"https:\/\/toys.lt\/lv\/produktas\/clemmy-plus-konstruktorius-trasa-play-set-fun-race\/","title":{"rendered":"Clemmy Plus konstruktorius &#8211; trasa &#8220;Play Set Fun Race&#8221;"},"content":{"rendered":"<p class=\"MsoNormal\" style=\"margin: 0px; font-size: medium; color: #7a7a7a; padding: 0px; line-height: inherit; border: 0px; font-family: Roboto, sans-serif; background-color: #fefefe; text-align: center;\" align=\"center\"><i style=\"line-height: inherit; margin: 0px; padding: 0px; border: 0px; font-variant: inherit; font-weight: inherit; font-size: inherit; font-family: inherit;\"><span style=\"margin: 0px; padding: 0px; border: 0px; font-style: inherit; font-variant: inherit; font-weight: inherit; font-size: 8.5pt; line-height: inherit; font-family: Verdana, sans-serif; color: #000000;\">Kompanija &#8220;Clementoni&#8221; &#8211; \u012fkurta Italijoje ir\u00a0s\u0117kmingai dirba\u00a0daugiau nei 50 met\u0173! Kompanijos misija &#8211; kurti \u017eaidimus, kurie padeda vaikams augimo procese.\u00a0<\/span><\/i><\/p>\n<p class=\"MsoNormal\" style=\"margin: 0px; font-size: medium; color: #7a7a7a; padding: 0px; line-height: inherit; border: 0px; font-family: Roboto, sans-serif; background-color: #fefefe; text-align: center;\" align=\"center\"><i style=\"line-height: inherit; margin: 0px; padding: 0px; border: 0px; font-variant: inherit; font-weight: inherit; font-size: inherit; font-family: inherit;\"><span style=\"margin: 0px; padding: 0px; border: 0px; font-style: inherit; font-variant: inherit; font-weight: inherit; font-size: 8.5pt; line-height: inherit; font-family: Verdana, sans-serif; color: #000000;\">Vis\u0105 tai skirta patenkinti jaunimo poreikius, atsi\u017evelgiant \u012f \u0161iuolaikines technologijas ir pasaulio \u0161vietimo tendencijas.<\/span><\/i><\/p>\n<p><strong>Savyb\u0117s:<\/strong><\/p>\n<ul style=\"list-style-type: square;\">\n<li style=\"margin: 0px; padding: 0px; font: inherit; border: 0px;\">Mink\u0161ti blokeliai, kurie lengvai susieina tarpusavy ir yra atspar\u016bs vandeniui<\/li>\n<li style=\"margin: 0px; padding: 0px; font: inherit; border: 0px;\">Lengvas konstruktori\u0173 susijungimas<\/li>\n<li style=\"margin: 0px; padding: 0px; font: inherit; border: 0px;\"><span style=\"margin: 0px; padding: 0px; border: 0px; font-style: inherit; font-variant: inherit; font-weight: inherit; font-size: medium; line-height: inherit; font-family: Roboto, sans-serif; color: #0a0a0a; background-color: #fefefe;\">\u201e<\/span>Clemmy\u201c \u017eaislai yra saugiausios konstrukcijos, pritaikytos net ma\u017eiausiems vaikams, kurie gali prie j\u0173 \u017eaisti nerizikuodami susi\u017eeisti<\/li>\n<li style=\"margin: 0px; padding: 0px; font: inherit; border: 0px;\">Saugus ir sertifikuotas \u017eaislas<\/li>\n<li style=\"margin: 0px; padding: 0px; font: inherit; border: 0px;\">Skatina sensorin\u012f vystym\u0105s\u012f, vaizduot\u0119,\u00a0ugdo smulki\u0105j\u0105 motorik\u0105<\/li>\n<\/ul>\n<p>Greitu metu bus platesnis prek\u0117s apra\u0161ymas.<\/p>\n<p>Nor\u0117dami su\u017einoti daugiau informacijos apie prek\u0119, pra\u0161ome skambinti numeriu, kuris yra nurodytas puslapyje.<\/p>\n","protected":false},"excerpt":{"rendered":"<p>Prek\u0117s tipas: konstruktorius<\/p>\n<p>Prek\u0117s \u017eenklas: Clementoni<\/p>\n<p>Kilm\u0117s \u0161alis: Italija<\/p>\n<p>Detali\u0173 skai\u010dius: 50<\/p>\n<p>Rekomenduojamas am\u017eius: nuo 18 m\u0117nesi\u0173<\/p>\n","protected":false},"featured_media":26692,"comment_status":"open","ping_status":"closed","template":"","meta":[],"product_brand":[384],"product_cat":[385,389,397,408],"product_tag":[],"class_list":{"0":"post-26691","1":"product","2":"type-product","3":"status-publish","4":"has-post-thumbnail","6":"product_brand-clementoni-2","7":"product_cat-konstruktoriai-2","8":"product_cat-lavinamieji-ir-interaktyvus-zaislai","9":"product_cat-zaislai-mazyliams","10":"product_cat-zaislines-masinos-traktoriai-ir-trasos","11":"pa_amziaus-grupe-74","12":"pa_prek-s-tipas-konstruktoriai-ir-kalad-l-s","13":"pa_prekes-zenklas-clementoni","15":"first","16":"outofstock","17":"taxable","18":"shipping-taxable","19":"purchasable","20":"product-type-simple"},"yoast_head":"<!-- This site is optimized with the Yoast SEO plugin v26.3 - https:\/\/yoast.com\/wordpress\/plugins\/seo\/ -->\n<title>Clemmy Plus konstruktorius - trasa &quot;Play Set Fun Race&quot; - Toys.lt<\/title>\n<meta name=\"robots\" content=\"index, follow, max-snippet:-1, max-image-preview:large, max-video-preview:-1\" \/>\n<link rel=\"canonical\" href=\"https:\/\/toys.lt\/lv\/produktas\/clemmy-plus-konstruktorius-trasa-play-set-fun-race\/\" \/>\n<meta property=\"og:locale\" content=\"lv_LV\" \/>\n<meta property=\"og:type\" content=\"article\" \/>\n<meta property=\"og:title\" content=\"Clemmy Plus konstruktorius - trasa &quot;Play Set Fun Race&quot; - Toys.lt\" \/>\n<meta property=\"og:description\" content=\"Prek\u0117s tipas: konstruktorius  Prek\u0117s \u017eenklas: Clementoni  Kilm\u0117s \u0161alis: Italija  Detali\u0173 skai\u010dius: 50  Rekomenduojamas am\u017eius: nuo 18 m\u0117nesi\u0173\" \/>\n<meta property=\"og:url\" content=\"https:\/\/toys.lt\/lv\/produktas\/clemmy-plus-konstruktorius-trasa-play-set-fun-race\/\" \/>\n<meta property=\"og:site_name\" content=\"Toys.lt\" \/>\n<meta property=\"article:modified_time\" content=\"2026-04-06T00:29:51+00:00\" \/>\n<meta property=\"og:image\" content=\"https:\/\/toys.lt\/wp-content\/uploads\/2020\/04\/products-734.jpg\" \/>\n\t<meta property=\"og:image:width\" content=\"1500\" \/>\n\t<meta property=\"og:image:height\" content=\"1299\" \/>\n\t<meta property=\"og:image:type\" content=\"image\/jpeg\" \/>\n<meta name=\"twitter:card\" content=\"summary_large_image\" \/>\n<meta name=\"twitter:label1\" content=\"Est. reading time\" \/>\n\t<meta name=\"twitter:data1\" content=\"1 minute\" \/>\n<script type=\"application\/ld+json\" class=\"yoast-schema-graph\">{\"@context\":\"https:\/\/schema.org\",\"@graph\":[{\"@type\":\"WebPage\",\"@id\":\"https:\/\/toys.lt\/lv\/produktas\/clemmy-plus-konstruktorius-trasa-play-set-fun-race\/\",\"url\":\"https:\/\/toys.lt\/lv\/produktas\/clemmy-plus-konstruktorius-trasa-play-set-fun-race\/\",\"name\":\"Clemmy Plus konstruktorius - trasa \\\"Play Set Fun Race\\\" - Toys.lt\",\"isPartOf\":{\"@id\":\"https:\/\/toys.lt\/lv\/#website\"},\"primaryImageOfPage\":{\"@id\":\"https:\/\/toys.lt\/lv\/produktas\/clemmy-plus-konstruktorius-trasa-play-set-fun-race\/#primaryimage\"},\"image\":{\"@id\":\"https:\/\/toys.lt\/lv\/produktas\/clemmy-plus-konstruktorius-trasa-play-set-fun-race\/#primaryimage\"},\"thumbnailUrl\":\"https:\/\/toys.lt\/wp-content\/uploads\/2020\/04\/products-734.jpg\",\"datePublished\":\"2020-04-27T11:20:43+00:00\",\"dateModified\":\"2026-04-06T00:29:51+00:00\",\"breadcrumb\":{\"@id\":\"https:\/\/toys.lt\/lv\/produktas\/clemmy-plus-konstruktorius-trasa-play-set-fun-race\/#breadcrumb\"},\"inLanguage\":\"lv-LV\",\"potentialAction\":[{\"@type\":\"ReadAction\",\"target\":[\"https:\/\/toys.lt\/lv\/produktas\/clemmy-plus-konstruktorius-trasa-play-set-fun-race\/\"]}]},{\"@type\":\"ImageObject\",\"inLanguage\":\"lv-LV\",\"@id\":\"https:\/\/toys.lt\/lv\/produktas\/clemmy-plus-konstruktorius-trasa-play-set-fun-race\/#primaryimage\",\"url\":\"https:\/\/toys.lt\/wp-content\/uploads\/2020\/04\/products-734.jpg\",\"contentUrl\":\"https:\/\/toys.lt\/wp-content\/uploads\/2020\/04\/products-734.jpg\",\"width\":1500,\"height\":1299},{\"@type\":\"BreadcrumbList\",\"@id\":\"https:\/\/toys.lt\/lv\/produktas\/clemmy-plus-konstruktorius-trasa-play-set-fun-race\/#breadcrumb\",\"itemListElement\":[{\"@type\":\"ListItem\",\"position\":1,\"name\":\"Home\",\"item\":\"https:\/\/toys.lt\/lv\/\"},{\"@type\":\"ListItem\",\"position\":2,\"name\":\"Veikals\",\"item\":\"https:\/\/toys.lt\/lv\/shop\/\"},{\"@type\":\"ListItem\",\"position\":3,\"name\":\"Clemmy Plus konstruktorius &#8211; trasa &#8222;Play Set Fun Race&#8221;\"}]},{\"@type\":\"WebSite\",\"@id\":\"https:\/\/toys.lt\/lv\/#website\",\"url\":\"https:\/\/toys.lt\/lv\/\",\"name\":\"Toys.lt\",\"description\":\"\",\"potentialAction\":[{\"@type\":\"SearchAction\",\"target\":{\"@type\":\"EntryPoint\",\"urlTemplate\":\"https:\/\/toys.lt\/lv\/?s={search_term_string}\"},\"query-input\":{\"@type\":\"PropertyValueSpecification\",\"valueRequired\":true,\"valueName\":\"search_term_string\"}}],\"inLanguage\":\"lv-LV\"}]}<\/script>\n<!-- \/ Yoast SEO plugin. -->","yoast_head_json":{"title":"Clemmy Plus konstruktorius - trasa \"Play Set Fun Race\" - Toys.lt","robots":{"index":"index","follow":"follow","max-snippet":"max-snippet:-1","max-image-preview":"max-image-preview:large","max-video-preview":"max-video-preview:-1"},"canonical":"https:\/\/toys.lt\/lv\/produktas\/clemmy-plus-konstruktorius-trasa-play-set-fun-race\/","og_locale":"lv_LV","og_type":"article","og_title":"Clemmy Plus konstruktorius - trasa \"Play Set Fun Race\" - Toys.lt","og_description":"Prek\u0117s tipas: konstruktorius  Prek\u0117s \u017eenklas: Clementoni  Kilm\u0117s \u0161alis: Italija  Detali\u0173 skai\u010dius: 50  Rekomenduojamas am\u017eius: nuo 18 m\u0117nesi\u0173","og_url":"https:\/\/toys.lt\/lv\/produktas\/clemmy-plus-konstruktorius-trasa-play-set-fun-race\/","og_site_name":"Toys.lt","article_modified_time":"2026-04-06T00:29:51+00:00","og_image":[{"width":1500,"height":1299,"url":"https:\/\/toys.lt\/wp-content\/uploads\/2020\/04\/products-734.jpg","type":"image\/jpeg"}],"twitter_card":"summary_large_image","twitter_misc":{"Est. reading time":"1 minute"},"schema":{"@context":"https:\/\/schema.org","@graph":[{"@type":"WebPage","@id":"https:\/\/toys.lt\/lv\/produktas\/clemmy-plus-konstruktorius-trasa-play-set-fun-race\/","url":"https:\/\/toys.lt\/lv\/produktas\/clemmy-plus-konstruktorius-trasa-play-set-fun-race\/","name":"Clemmy Plus konstruktorius - trasa \"Play Set Fun Race\" - Toys.lt","isPartOf":{"@id":"https:\/\/toys.lt\/lv\/#website"},"primaryImageOfPage":{"@id":"https:\/\/toys.lt\/lv\/produktas\/clemmy-plus-konstruktorius-trasa-play-set-fun-race\/#primaryimage"},"image":{"@id":"https:\/\/toys.lt\/lv\/produktas\/clemmy-plus-konstruktorius-trasa-play-set-fun-race\/#primaryimage"},"thumbnailUrl":"https:\/\/toys.lt\/wp-content\/uploads\/2020\/04\/products-734.jpg","datePublished":"2020-04-27T11:20:43+00:00","dateModified":"2026-04-06T00:29:51+00:00","breadcrumb":{"@id":"https:\/\/toys.lt\/lv\/produktas\/clemmy-plus-konstruktorius-trasa-play-set-fun-race\/#breadcrumb"},"inLanguage":"lv-LV","potentialAction":[{"@type":"ReadAction","target":["https:\/\/toys.lt\/lv\/produktas\/clemmy-plus-konstruktorius-trasa-play-set-fun-race\/"]}]},{"@type":"ImageObject","inLanguage":"lv-LV","@id":"https:\/\/toys.lt\/lv\/produktas\/clemmy-plus-konstruktorius-trasa-play-set-fun-race\/#primaryimage","url":"https:\/\/toys.lt\/wp-content\/uploads\/2020\/04\/products-734.jpg","contentUrl":"https:\/\/toys.lt\/wp-content\/uploads\/2020\/04\/products-734.jpg","width":1500,"height":1299},{"@type":"BreadcrumbList","@id":"https:\/\/toys.lt\/lv\/produktas\/clemmy-plus-konstruktorius-trasa-play-set-fun-race\/#breadcrumb","itemListElement":[{"@type":"ListItem","position":1,"name":"Home","item":"https:\/\/toys.lt\/lv\/"},{"@type":"ListItem","position":2,"name":"Veikals","item":"https:\/\/toys.lt\/lv\/shop\/"},{"@type":"ListItem","position":3,"name":"Clemmy Plus konstruktorius &#8211; trasa &#8222;Play Set Fun Race&#8221;"}]},{"@type":"WebSite","@id":"https:\/\/toys.lt\/lv\/#website","url":"https:\/\/toys.lt\/lv\/","name":"Toys.lt","description":"","potentialAction":[{"@type":"SearchAction","target":{"@type":"EntryPoint","urlTemplate":"https:\/\/toys.lt\/lv\/?s={search_term_string}"},"query-input":{"@type":"PropertyValueSpecification","valueRequired":true,"valueName":"search_term_string"}}],"inLanguage":"lv-LV"}]}},"_links":{"self":[{"href":"https:\/\/toys.lt\/lv\/wp-json\/wp\/v2\/product\/26691","targetHints":{"allow":["GET"]}}],"collection":[{"href":"https:\/\/toys.lt\/lv\/wp-json\/wp\/v2\/product"}],"about":[{"href":"https:\/\/toys.lt\/lv\/wp-json\/wp\/v2\/types\/product"}],"replies":[{"embeddable":true,"href":"https:\/\/toys.lt\/lv\/wp-json\/wp\/v2\/comments?post=26691"}],"version-history":[{"count":0,"href":"https:\/\/toys.lt\/lv\/wp-json\/wp\/v2\/product\/26691\/revisions"}],"wp:featuredmedia":[{"embeddable":true,"href":"https:\/\/toys.lt\/lv\/wp-json\/wp\/v2\/media\/26692"}],"wp:attachment":[{"href":"https:\/\/toys.lt\/lv\/wp-json\/wp\/v2\/media?parent=26691"}],"wp:term":[{"taxonomy":"product_brand","embeddable":true,"href":"https:\/\/toys.lt\/lv\/wp-json\/wp\/v2\/product_brand?post=26691"},{"taxonomy":"product_cat","embeddable":true,"href":"https:\/\/toys.lt\/lv\/wp-json\/wp\/v2\/product_cat?post=26691"},{"taxonomy":"product_tag","embeddable":true,"href":"https:\/\/toys.lt\/lv\/wp-json\/wp\/v2\/product_tag?post=26691"}],"curies":[{"name":"wp","href":"https:\/\/api.w.org\/{rel}","templated":true}]}}