{"id":26669,"date":"2020-04-27T09:09:36","date_gmt":"2020-04-27T09:09:36","guid":{"rendered":"https:\/\/toys.lt\/?post_type=product&#038;p=26669"},"modified":"2026-04-06T00:29:50","modified_gmt":"2026-04-06T00:29:50","slug":"vaikiskos-apyrank-s-k-rybos-rinkinys-clementoni-wow-bracelets","status":"publish","type":"product","link":"https:\/\/toys.lt\/lv\/produktas\/vaikiskos-apyrank-s-k-rybos-rinkinys-clementoni-wow-bracelets\/","title":{"rendered":"Vaiki\u0161kos apyrank\u0117s &#8211; k\u016brybos rinkinys &#8220;Clementoni Wow Bracelets&#8221;"},"content":{"rendered":"<p class=\"MsoNormal\" align=\"center\" style=\"margin:0px;font-size:medium;color:#7a7a7a;padding:0px;line-height:inherit;border:0px;font-family:Roboto, sans-serif;background-color:#fefefe;text-align:center;\"><i style=\"line-height:inherit;margin:0px;padding:0px;border:0px;font-variant:inherit;font-weight:inherit;font-size:inherit;font-family:inherit;\"><span style=\"margin:0px;padding:0px;border:0px;font-style:inherit;font-variant:inherit;font-weight:inherit;font-size:8.5pt;line-height:inherit;font-family:Verdana, sans-serif;color:#000000;\">Kompanija &#8220;Clementoni&#8221; &#8211; \u012fkurta Italijoje ir\u00a0s\u0117kmingai dirba\u00a0daugiau nei 50 met\u0173! Kompanijos misija &#8211; kurti \u017eaidimus, kurie padeda vaikams augimo procese.\u00a0<\/span><\/i><\/p>\n<p style=\"margin:0px;font-size:medium;color:#7a7a7a;padding:0px;line-height:inherit;border:0px;font-family:Roboto, sans-serif;background-color:#fefefe;text-align:center;\">\n<p style=\"margin:0px;font-size:medium;color:#7a7a7a;padding:0px;line-height:inherit;border:0px;font-family:Roboto, sans-serif;background-color:#fefefe;text-align:center;\">\n<p style=\"text-align:center;\"><i style=\"color:#7a7a7a;font-family:inherit;font-size:inherit;text-align:center;line-height:inherit;margin:0px;padding:0px;border:0px;font-variant:inherit;font-weight:inherit;\"><span style=\"margin:0px;padding:0px;border:0px;font-style:inherit;font-variant:inherit;font-weight:inherit;font-size:8.5pt;line-height:inherit;font-family:Verdana, sans-serif;color:#000000;\">Vis\u0105 tai skirta patenkinti jaunimo poreikius, atsi\u017evelgiant \u012f \u0161iuolaikines technologijas ir pasaulio \u0161vietimo tendencijas.<\/span><\/i><\/p>\n<p style=\"text-align:left;\"><strong>Rinkin\u012f sudaro:<\/strong><\/p>\n<ul style=\"list-style-type:square;\">\n<li>4 spalv\u0173 128 Wow elementai<\/li>\n<li>Spalvoti plastikiniai pakabu\u010diai<\/li>\n<li>Aliumininiai \u017eiedeliai<\/li>\n<li>Elastingas med\u017eiaginis vamzdelis<\/li>\n<li>Plastikin\u0117s apyrank\u0117s sagtys<\/li>\n<li>2 iliustruotos kortel\u0117s<\/li>\n<\/ul>\n<p style=\"text-align:left;\"><strong>Savyb\u0117s:<\/strong><\/p>\n<ul style=\"list-style-type:square;\">\n<li>Apyrank\u0117s pagamintos i\u0161 mink\u0161tos, elastingos med\u017eiagos<\/li>\n<li>Spalvotus modulius galima lengvai surinkti \u012fvairiais b\u016bdais<\/li>\n<li>Pagaminta i\u0161 auk\u0161tos kokyb\u0117s med\u017eiag\u0173 ir skirta sukurti gra\u017eius ir eleganti\u0161kus papuo\u0161alus<\/li>\n<li>Saugus vaik\u0173 sveikatai<\/li>\n<li>\u0160is \u017eaidimas skatina j\u016bs\u0173 vaik\u0173 miklum\u0105 ir vaizduot\u0119, lavina motorinius \u012fg\u016bd\u017eius, k\u016brybin\u012f m\u0105stym\u0105<\/li>\n<\/ul>\n<p>Greitu metu bus platesnis prek\u0117s apra\u0161ymas.<\/p>\n<p>Nor\u0117dami su\u017einoti daugiau informacijos apie prek\u0119, pra\u0161ome skambinti numeriu, kuris yra nurodytas puslapyje.<\/p>\n","protected":false},"excerpt":{"rendered":"<p>Prek\u0117s tipas:\u00a0k\u016brybos rinkinys<\/p>\n<p>Prek\u0117s \u017eenklas: Clementoni<\/p>\n<p>Kilm\u0117s \u0161alis:\u00a0Italija<\/p>\n<p>Pakuot\u0117s i\u0161matavimai: 23 x 23 x 9 cm<\/p>\n<p>Rekomenduojamas am\u017eius: nuo 7 met\u0173<\/p>\n","protected":false},"featured_media":26670,"comment_status":"open","ping_status":"open","template":"","meta":[],"product_brand":[384],"product_cat":[405,409,411],"product_tag":[],"class_list":{"0":"post-26669","1":"product","2":"type-product","3":"status-publish","4":"has-post-thumbnail","6":"product_brand-clementoni-2","7":"product_cat-grozio-rinkiniai-ir-kosmetika-2","8":"product_cat-rankdarbiai-ir-kuryba","9":"product_cat-zaislai-mergaitems","10":"pa_amziaus-grupe-80","11":"pa_prek-s-tipas-apyranki-gaminimo-rinkiniai","12":"pa_prekes-zenklas-clementoni","14":"first","15":"outofstock","16":"taxable","17":"shipping-taxable","18":"purchasable","19":"product-type-simple"},"yoast_head":"<!-- This site is optimized with the Yoast SEO plugin v26.3 - https:\/\/yoast.com\/wordpress\/plugins\/seo\/ -->\n<title>Vaiki\u0161kos apyrank\u0117s - k\u016brybos rinkinys &quot;Clementoni Wow Bracelets&quot; - Toys.lt<\/title>\n<meta name=\"robots\" content=\"index, follow, max-snippet:-1, max-image-preview:large, max-video-preview:-1\" \/>\n<link rel=\"canonical\" href=\"https:\/\/toys.lt\/lv\/produktas\/vaikiskos-apyrank-s-k-rybos-rinkinys-clementoni-wow-bracelets\/\" \/>\n<meta property=\"og:locale\" content=\"lv_LV\" \/>\n<meta property=\"og:type\" content=\"article\" \/>\n<meta property=\"og:title\" content=\"Vaiki\u0161kos apyrank\u0117s - k\u016brybos rinkinys &quot;Clementoni Wow Bracelets&quot; - Toys.lt\" \/>\n<meta property=\"og:description\" content=\"Prek\u0117s tipas:\u00a0k\u016brybos rinkinys Prek\u0117s \u017eenklas: Clementoni Kilm\u0117s \u0161alis:\u00a0Italija Pakuot\u0117s i\u0161matavimai: 23 x 23 x 9 cm Rekomenduojamas am\u017eius: nuo 7 met\u0173\" \/>\n<meta property=\"og:url\" content=\"https:\/\/toys.lt\/lv\/produktas\/vaikiskos-apyrank-s-k-rybos-rinkinys-clementoni-wow-bracelets\/\" \/>\n<meta property=\"og:site_name\" content=\"Toys.lt\" \/>\n<meta property=\"article:modified_time\" content=\"2026-04-06T00:29:50+00:00\" \/>\n<meta property=\"og:image\" content=\"https:\/\/toys.lt\/wp-content\/uploads\/2020\/04\/products-721.jpg\" \/>\n\t<meta property=\"og:image:width\" content=\"1400\" \/>\n\t<meta property=\"og:image:height\" content=\"1398\" \/>\n\t<meta property=\"og:image:type\" content=\"image\/jpeg\" \/>\n<meta name=\"twitter:card\" content=\"summary_large_image\" \/>\n<meta name=\"twitter:label1\" content=\"Est. reading time\" \/>\n\t<meta name=\"twitter:data1\" content=\"1 minute\" \/>\n<script type=\"application\/ld+json\" class=\"yoast-schema-graph\">{\"@context\":\"https:\/\/schema.org\",\"@graph\":[{\"@type\":\"WebPage\",\"@id\":\"https:\/\/toys.lt\/lv\/produktas\/vaikiskos-apyrank-s-k-rybos-rinkinys-clementoni-wow-bracelets\/\",\"url\":\"https:\/\/toys.lt\/lv\/produktas\/vaikiskos-apyrank-s-k-rybos-rinkinys-clementoni-wow-bracelets\/\",\"name\":\"Vaiki\u0161kos apyrank\u0117s - k\u016brybos rinkinys \\\"Clementoni Wow Bracelets\\\" - Toys.lt\",\"isPartOf\":{\"@id\":\"https:\/\/toys.lt\/lv\/#website\"},\"primaryImageOfPage\":{\"@id\":\"https:\/\/toys.lt\/lv\/produktas\/vaikiskos-apyrank-s-k-rybos-rinkinys-clementoni-wow-bracelets\/#primaryimage\"},\"image\":{\"@id\":\"https:\/\/toys.lt\/lv\/produktas\/vaikiskos-apyrank-s-k-rybos-rinkinys-clementoni-wow-bracelets\/#primaryimage\"},\"thumbnailUrl\":\"https:\/\/toys.lt\/wp-content\/uploads\/2020\/04\/products-721.jpg\",\"datePublished\":\"2020-04-27T09:09:36+00:00\",\"dateModified\":\"2026-04-06T00:29:50+00:00\",\"breadcrumb\":{\"@id\":\"https:\/\/toys.lt\/lv\/produktas\/vaikiskos-apyrank-s-k-rybos-rinkinys-clementoni-wow-bracelets\/#breadcrumb\"},\"inLanguage\":\"lv-LV\",\"potentialAction\":[{\"@type\":\"ReadAction\",\"target\":[\"https:\/\/toys.lt\/lv\/produktas\/vaikiskos-apyrank-s-k-rybos-rinkinys-clementoni-wow-bracelets\/\"]}]},{\"@type\":\"ImageObject\",\"inLanguage\":\"lv-LV\",\"@id\":\"https:\/\/toys.lt\/lv\/produktas\/vaikiskos-apyrank-s-k-rybos-rinkinys-clementoni-wow-bracelets\/#primaryimage\",\"url\":\"https:\/\/toys.lt\/wp-content\/uploads\/2020\/04\/products-721.jpg\",\"contentUrl\":\"https:\/\/toys.lt\/wp-content\/uploads\/2020\/04\/products-721.jpg\",\"width\":1400,\"height\":1398,\"caption\":\"mergaitems zaislai\"},{\"@type\":\"BreadcrumbList\",\"@id\":\"https:\/\/toys.lt\/lv\/produktas\/vaikiskos-apyrank-s-k-rybos-rinkinys-clementoni-wow-bracelets\/#breadcrumb\",\"itemListElement\":[{\"@type\":\"ListItem\",\"position\":1,\"name\":\"Home\",\"item\":\"https:\/\/toys.lt\/lv\/\"},{\"@type\":\"ListItem\",\"position\":2,\"name\":\"Veikals\",\"item\":\"https:\/\/toys.lt\/lv\/shop\/\"},{\"@type\":\"ListItem\",\"position\":3,\"name\":\"Vaiki\u0161kos apyrank\u0117s &#8211; k\u016brybos rinkinys &#8222;Clementoni Wow Bracelets&#8221;\"}]},{\"@type\":\"WebSite\",\"@id\":\"https:\/\/toys.lt\/lv\/#website\",\"url\":\"https:\/\/toys.lt\/lv\/\",\"name\":\"Toys.lt\",\"description\":\"\",\"potentialAction\":[{\"@type\":\"SearchAction\",\"target\":{\"@type\":\"EntryPoint\",\"urlTemplate\":\"https:\/\/toys.lt\/lv\/?s={search_term_string}\"},\"query-input\":{\"@type\":\"PropertyValueSpecification\",\"valueRequired\":true,\"valueName\":\"search_term_string\"}}],\"inLanguage\":\"lv-LV\"}]}<\/script>\n<!-- \/ Yoast SEO plugin. -->","yoast_head_json":{"title":"Vaiki\u0161kos apyrank\u0117s - k\u016brybos rinkinys \"Clementoni Wow Bracelets\" - Toys.lt","robots":{"index":"index","follow":"follow","max-snippet":"max-snippet:-1","max-image-preview":"max-image-preview:large","max-video-preview":"max-video-preview:-1"},"canonical":"https:\/\/toys.lt\/lv\/produktas\/vaikiskos-apyrank-s-k-rybos-rinkinys-clementoni-wow-bracelets\/","og_locale":"lv_LV","og_type":"article","og_title":"Vaiki\u0161kos apyrank\u0117s - k\u016brybos rinkinys \"Clementoni Wow Bracelets\" - Toys.lt","og_description":"Prek\u0117s tipas:\u00a0k\u016brybos rinkinys Prek\u0117s \u017eenklas: Clementoni Kilm\u0117s \u0161alis:\u00a0Italija Pakuot\u0117s i\u0161matavimai: 23 x 23 x 9 cm Rekomenduojamas am\u017eius: nuo 7 met\u0173","og_url":"https:\/\/toys.lt\/lv\/produktas\/vaikiskos-apyrank-s-k-rybos-rinkinys-clementoni-wow-bracelets\/","og_site_name":"Toys.lt","article_modified_time":"2026-04-06T00:29:50+00:00","og_image":[{"width":1400,"height":1398,"url":"https:\/\/toys.lt\/wp-content\/uploads\/2020\/04\/products-721.jpg","type":"image\/jpeg"}],"twitter_card":"summary_large_image","twitter_misc":{"Est. reading time":"1 minute"},"schema":{"@context":"https:\/\/schema.org","@graph":[{"@type":"WebPage","@id":"https:\/\/toys.lt\/lv\/produktas\/vaikiskos-apyrank-s-k-rybos-rinkinys-clementoni-wow-bracelets\/","url":"https:\/\/toys.lt\/lv\/produktas\/vaikiskos-apyrank-s-k-rybos-rinkinys-clementoni-wow-bracelets\/","name":"Vaiki\u0161kos apyrank\u0117s - k\u016brybos rinkinys \"Clementoni Wow Bracelets\" - Toys.lt","isPartOf":{"@id":"https:\/\/toys.lt\/lv\/#website"},"primaryImageOfPage":{"@id":"https:\/\/toys.lt\/lv\/produktas\/vaikiskos-apyrank-s-k-rybos-rinkinys-clementoni-wow-bracelets\/#primaryimage"},"image":{"@id":"https:\/\/toys.lt\/lv\/produktas\/vaikiskos-apyrank-s-k-rybos-rinkinys-clementoni-wow-bracelets\/#primaryimage"},"thumbnailUrl":"https:\/\/toys.lt\/wp-content\/uploads\/2020\/04\/products-721.jpg","datePublished":"2020-04-27T09:09:36+00:00","dateModified":"2026-04-06T00:29:50+00:00","breadcrumb":{"@id":"https:\/\/toys.lt\/lv\/produktas\/vaikiskos-apyrank-s-k-rybos-rinkinys-clementoni-wow-bracelets\/#breadcrumb"},"inLanguage":"lv-LV","potentialAction":[{"@type":"ReadAction","target":["https:\/\/toys.lt\/lv\/produktas\/vaikiskos-apyrank-s-k-rybos-rinkinys-clementoni-wow-bracelets\/"]}]},{"@type":"ImageObject","inLanguage":"lv-LV","@id":"https:\/\/toys.lt\/lv\/produktas\/vaikiskos-apyrank-s-k-rybos-rinkinys-clementoni-wow-bracelets\/#primaryimage","url":"https:\/\/toys.lt\/wp-content\/uploads\/2020\/04\/products-721.jpg","contentUrl":"https:\/\/toys.lt\/wp-content\/uploads\/2020\/04\/products-721.jpg","width":1400,"height":1398,"caption":"mergaitems zaislai"},{"@type":"BreadcrumbList","@id":"https:\/\/toys.lt\/lv\/produktas\/vaikiskos-apyrank-s-k-rybos-rinkinys-clementoni-wow-bracelets\/#breadcrumb","itemListElement":[{"@type":"ListItem","position":1,"name":"Home","item":"https:\/\/toys.lt\/lv\/"},{"@type":"ListItem","position":2,"name":"Veikals","item":"https:\/\/toys.lt\/lv\/shop\/"},{"@type":"ListItem","position":3,"name":"Vaiki\u0161kos apyrank\u0117s &#8211; k\u016brybos rinkinys &#8222;Clementoni Wow Bracelets&#8221;"}]},{"@type":"WebSite","@id":"https:\/\/toys.lt\/lv\/#website","url":"https:\/\/toys.lt\/lv\/","name":"Toys.lt","description":"","potentialAction":[{"@type":"SearchAction","target":{"@type":"EntryPoint","urlTemplate":"https:\/\/toys.lt\/lv\/?s={search_term_string}"},"query-input":{"@type":"PropertyValueSpecification","valueRequired":true,"valueName":"search_term_string"}}],"inLanguage":"lv-LV"}]}},"_links":{"self":[{"href":"https:\/\/toys.lt\/lv\/wp-json\/wp\/v2\/product\/26669","targetHints":{"allow":["GET"]}}],"collection":[{"href":"https:\/\/toys.lt\/lv\/wp-json\/wp\/v2\/product"}],"about":[{"href":"https:\/\/toys.lt\/lv\/wp-json\/wp\/v2\/types\/product"}],"replies":[{"embeddable":true,"href":"https:\/\/toys.lt\/lv\/wp-json\/wp\/v2\/comments?post=26669"}],"version-history":[{"count":0,"href":"https:\/\/toys.lt\/lv\/wp-json\/wp\/v2\/product\/26669\/revisions"}],"wp:featuredmedia":[{"embeddable":true,"href":"https:\/\/toys.lt\/lv\/wp-json\/wp\/v2\/media\/26670"}],"wp:attachment":[{"href":"https:\/\/toys.lt\/lv\/wp-json\/wp\/v2\/media?parent=26669"}],"wp:term":[{"taxonomy":"product_brand","embeddable":true,"href":"https:\/\/toys.lt\/lv\/wp-json\/wp\/v2\/product_brand?post=26669"},{"taxonomy":"product_cat","embeddable":true,"href":"https:\/\/toys.lt\/lv\/wp-json\/wp\/v2\/product_cat?post=26669"},{"taxonomy":"product_tag","embeddable":true,"href":"https:\/\/toys.lt\/lv\/wp-json\/wp\/v2\/product_tag?post=26669"}],"curies":[{"name":"wp","href":"https:\/\/api.w.org\/{rel}","templated":true}]}}