{"id":26631,"date":"2020-04-20T07:33:41","date_gmt":"2020-04-20T07:33:41","guid":{"rendered":"https:\/\/toys.lt\/?post_type=product&#038;p=26631"},"modified":"2026-04-06T00:29:48","modified_gmt":"2026-04-06T00:29:48","slug":"r-b-valdomas-metalinis-viksrinis-buldozeris-1-16","status":"publish","type":"product","link":"https:\/\/toys.lt\/lv\/produktas\/r-b-valdomas-metalinis-viksrinis-buldozeris-1-16\/","title":{"rendered":"R\/B valdomas metalinis vik\u0161rinis-buldozeris 1:16"},"content":{"rendered":"<p><strong>Savyb\u0117s:<\/strong><\/p>\n<ul style=\"list-style-type:square;\">\n<li>Stiprios mechanin\u0117s svirtys ir hidrauliniai cilindrai<\/li>\n<li>Real\u016bs garsai ir ry\u0161ki LED lemput\u0117<\/li>\n<li>Jud\u0117jimas visomis kryptimis<\/li>\n<li>Kilnojamas kau\u0161as<\/li>\n<li>11 kanal\u0173 valdymas<\/li>\n<li>Besisukanti aplink savo a\u0161\u012f kabina<\/li>\n<li>Metalinis k\u0117bulas<\/li>\n<li>\u017daislas\u00a0veikia \u012fkraunamo akumuliatoriaus pagalba<\/li>\n<li>Buldozeris\u00a0gali atlikti kasim\u0105, i\u0161vertim\u0105 ir krovim\u0105<\/li>\n<li>Nuotolinio valdymo pultas<\/li>\n<li>Saugus vaiko sveikatai<\/li>\n<li>Tinka naudoti namuose ir lauke<\/li>\n<\/ul>\n<p>Greitu metu bus platesnis prek\u0117s apra\u0161ymas.<\/p>\n<p>Nor\u0117dami su\u017einoti daugiau informacijos apie prek\u0119, pra\u0161ome skambinti numeriu, kuris yra nurodytas puslapyje.<\/p>\n","protected":false},"excerpt":{"rendered":"<p>Prek\u0117s tipas: valdomi \u017eaislai<\/p>\n<p>Kilm\u0117s \u0161alis: Kinija<\/p>\n<p>Pakuot\u0117s i\u0161matavimai: 16,5 x 48,4 x 26 cm<\/p>\n<p>Svoris: 3 kg<\/p>\n<p>Produkto med\u017eiaga: metalas, plastikas, guma<\/p>\n<p>Mastelis: 1:16<\/p>\n<p>Da\u017enis: 2.4 GHz<\/p>\n<p>Valdymo atstumas: apie 50 metr\u0173<\/p>\n<p>Rekomenduojamas am\u017eius: nuo 8 met\u0173<\/p>\n<p>Elementai: 2 x AA (nepridedamos)<\/p>\n","protected":false},"featured_media":26632,"comment_status":"open","ping_status":"open","template":"","meta":[],"product_brand":[],"product_cat":[395,410],"product_tag":[],"class_list":{"0":"post-26631","1":"product","2":"type-product","3":"status-publish","4":"has-post-thumbnail","6":"product_cat-valdomi-zaislai-2","7":"product_cat-zaislai-berniukams","8":"pa_amziaus-grupe-81","9":"pa_prek-s-tipas-sunkioji-technika-2","11":"first","12":"outofstock","13":"taxable","14":"shipping-taxable","15":"purchasable","16":"product-type-simple"},"yoast_head":"<!-- This site is optimized with the Yoast SEO plugin v26.3 - https:\/\/yoast.com\/wordpress\/plugins\/seo\/ -->\n<title>R\/B valdomas metalinis vik\u0161rinis-buldozeris 1:16 - Toys.lt<\/title>\n<meta name=\"robots\" content=\"index, follow, max-snippet:-1, max-image-preview:large, max-video-preview:-1\" \/>\n<link rel=\"canonical\" href=\"https:\/\/toys.lt\/lv\/produktas\/r-b-valdomas-metalinis-viksrinis-buldozeris-1-16\/\" \/>\n<meta property=\"og:locale\" content=\"lv_LV\" \/>\n<meta property=\"og:type\" content=\"article\" \/>\n<meta property=\"og:title\" content=\"R\/B valdomas metalinis vik\u0161rinis-buldozeris 1:16 - Toys.lt\" \/>\n<meta property=\"og:description\" content=\"Prek\u0117s tipas: valdomi \u017eaislai Kilm\u0117s \u0161alis: Kinija Pakuot\u0117s i\u0161matavimai: 16,5 x 48,4 x 26 cm Svoris: 3 kg Produkto med\u017eiaga: metalas, plastikas, guma Mastelis: 1:16 Da\u017enis: 2.4 GHz Valdymo atstumas: apie 50 metr\u0173 Rekomenduojamas am\u017eius: nuo 8 met\u0173 Elementai: 2 x AA (nepridedamos)\" \/>\n<meta property=\"og:url\" content=\"https:\/\/toys.lt\/lv\/produktas\/r-b-valdomas-metalinis-viksrinis-buldozeris-1-16\/\" \/>\n<meta property=\"og:site_name\" content=\"Toys.lt\" \/>\n<meta property=\"article:modified_time\" content=\"2026-04-06T00:29:48+00:00\" \/>\n<meta property=\"og:image\" content=\"https:\/\/toys.lt\/wp-content\/uploads\/2020\/04\/products-696.jpg\" \/>\n\t<meta property=\"og:image:width\" content=\"1800\" \/>\n\t<meta property=\"og:image:height\" content=\"1400\" \/>\n\t<meta property=\"og:image:type\" content=\"image\/jpeg\" \/>\n<meta name=\"twitter:card\" content=\"summary_large_image\" \/>\n<script type=\"application\/ld+json\" class=\"yoast-schema-graph\">{\"@context\":\"https:\/\/schema.org\",\"@graph\":[{\"@type\":\"WebPage\",\"@id\":\"https:\/\/toys.lt\/lv\/produktas\/r-b-valdomas-metalinis-viksrinis-buldozeris-1-16\/\",\"url\":\"https:\/\/toys.lt\/lv\/produktas\/r-b-valdomas-metalinis-viksrinis-buldozeris-1-16\/\",\"name\":\"R\/B valdomas metalinis vik\u0161rinis-buldozeris 1:16 - Toys.lt\",\"isPartOf\":{\"@id\":\"https:\/\/toys.lt\/lv\/#website\"},\"primaryImageOfPage\":{\"@id\":\"https:\/\/toys.lt\/lv\/produktas\/r-b-valdomas-metalinis-viksrinis-buldozeris-1-16\/#primaryimage\"},\"image\":{\"@id\":\"https:\/\/toys.lt\/lv\/produktas\/r-b-valdomas-metalinis-viksrinis-buldozeris-1-16\/#primaryimage\"},\"thumbnailUrl\":\"https:\/\/toys.lt\/wp-content\/uploads\/2020\/04\/products-696.jpg\",\"datePublished\":\"2020-04-20T07:33:41+00:00\",\"dateModified\":\"2026-04-06T00:29:48+00:00\",\"breadcrumb\":{\"@id\":\"https:\/\/toys.lt\/lv\/produktas\/r-b-valdomas-metalinis-viksrinis-buldozeris-1-16\/#breadcrumb\"},\"inLanguage\":\"lv-LV\",\"potentialAction\":[{\"@type\":\"ReadAction\",\"target\":[\"https:\/\/toys.lt\/lv\/produktas\/r-b-valdomas-metalinis-viksrinis-buldozeris-1-16\/\"]}]},{\"@type\":\"ImageObject\",\"inLanguage\":\"lv-LV\",\"@id\":\"https:\/\/toys.lt\/lv\/produktas\/r-b-valdomas-metalinis-viksrinis-buldozeris-1-16\/#primaryimage\",\"url\":\"https:\/\/toys.lt\/wp-content\/uploads\/2020\/04\/products-696.jpg\",\"contentUrl\":\"https:\/\/toys.lt\/wp-content\/uploads\/2020\/04\/products-696.jpg\",\"width\":1800,\"height\":1400},{\"@type\":\"BreadcrumbList\",\"@id\":\"https:\/\/toys.lt\/lv\/produktas\/r-b-valdomas-metalinis-viksrinis-buldozeris-1-16\/#breadcrumb\",\"itemListElement\":[{\"@type\":\"ListItem\",\"position\":1,\"name\":\"Home\",\"item\":\"https:\/\/toys.lt\/lv\/\"},{\"@type\":\"ListItem\",\"position\":2,\"name\":\"Veikals\",\"item\":\"https:\/\/toys.lt\/lv\/shop\/\"},{\"@type\":\"ListItem\",\"position\":3,\"name\":\"R\/B valdomas metalinis vik\u0161rinis-buldozeris 1:16\"}]},{\"@type\":\"WebSite\",\"@id\":\"https:\/\/toys.lt\/lv\/#website\",\"url\":\"https:\/\/toys.lt\/lv\/\",\"name\":\"Toys.lt\",\"description\":\"\",\"potentialAction\":[{\"@type\":\"SearchAction\",\"target\":{\"@type\":\"EntryPoint\",\"urlTemplate\":\"https:\/\/toys.lt\/lv\/?s={search_term_string}\"},\"query-input\":{\"@type\":\"PropertyValueSpecification\",\"valueRequired\":true,\"valueName\":\"search_term_string\"}}],\"inLanguage\":\"lv-LV\"}]}<\/script>\n<!-- \/ Yoast SEO plugin. -->","yoast_head_json":{"title":"R\/B valdomas metalinis vik\u0161rinis-buldozeris 1:16 - Toys.lt","robots":{"index":"index","follow":"follow","max-snippet":"max-snippet:-1","max-image-preview":"max-image-preview:large","max-video-preview":"max-video-preview:-1"},"canonical":"https:\/\/toys.lt\/lv\/produktas\/r-b-valdomas-metalinis-viksrinis-buldozeris-1-16\/","og_locale":"lv_LV","og_type":"article","og_title":"R\/B valdomas metalinis vik\u0161rinis-buldozeris 1:16 - Toys.lt","og_description":"Prek\u0117s tipas: valdomi \u017eaislai Kilm\u0117s \u0161alis: Kinija Pakuot\u0117s i\u0161matavimai: 16,5 x 48,4 x 26 cm Svoris: 3 kg Produkto med\u017eiaga: metalas, plastikas, guma Mastelis: 1:16 Da\u017enis: 2.4 GHz Valdymo atstumas: apie 50 metr\u0173 Rekomenduojamas am\u017eius: nuo 8 met\u0173 Elementai: 2 x AA (nepridedamos)","og_url":"https:\/\/toys.lt\/lv\/produktas\/r-b-valdomas-metalinis-viksrinis-buldozeris-1-16\/","og_site_name":"Toys.lt","article_modified_time":"2026-04-06T00:29:48+00:00","og_image":[{"width":1800,"height":1400,"url":"https:\/\/toys.lt\/wp-content\/uploads\/2020\/04\/products-696.jpg","type":"image\/jpeg"}],"twitter_card":"summary_large_image","schema":{"@context":"https:\/\/schema.org","@graph":[{"@type":"WebPage","@id":"https:\/\/toys.lt\/lv\/produktas\/r-b-valdomas-metalinis-viksrinis-buldozeris-1-16\/","url":"https:\/\/toys.lt\/lv\/produktas\/r-b-valdomas-metalinis-viksrinis-buldozeris-1-16\/","name":"R\/B valdomas metalinis vik\u0161rinis-buldozeris 1:16 - Toys.lt","isPartOf":{"@id":"https:\/\/toys.lt\/lv\/#website"},"primaryImageOfPage":{"@id":"https:\/\/toys.lt\/lv\/produktas\/r-b-valdomas-metalinis-viksrinis-buldozeris-1-16\/#primaryimage"},"image":{"@id":"https:\/\/toys.lt\/lv\/produktas\/r-b-valdomas-metalinis-viksrinis-buldozeris-1-16\/#primaryimage"},"thumbnailUrl":"https:\/\/toys.lt\/wp-content\/uploads\/2020\/04\/products-696.jpg","datePublished":"2020-04-20T07:33:41+00:00","dateModified":"2026-04-06T00:29:48+00:00","breadcrumb":{"@id":"https:\/\/toys.lt\/lv\/produktas\/r-b-valdomas-metalinis-viksrinis-buldozeris-1-16\/#breadcrumb"},"inLanguage":"lv-LV","potentialAction":[{"@type":"ReadAction","target":["https:\/\/toys.lt\/lv\/produktas\/r-b-valdomas-metalinis-viksrinis-buldozeris-1-16\/"]}]},{"@type":"ImageObject","inLanguage":"lv-LV","@id":"https:\/\/toys.lt\/lv\/produktas\/r-b-valdomas-metalinis-viksrinis-buldozeris-1-16\/#primaryimage","url":"https:\/\/toys.lt\/wp-content\/uploads\/2020\/04\/products-696.jpg","contentUrl":"https:\/\/toys.lt\/wp-content\/uploads\/2020\/04\/products-696.jpg","width":1800,"height":1400},{"@type":"BreadcrumbList","@id":"https:\/\/toys.lt\/lv\/produktas\/r-b-valdomas-metalinis-viksrinis-buldozeris-1-16\/#breadcrumb","itemListElement":[{"@type":"ListItem","position":1,"name":"Home","item":"https:\/\/toys.lt\/lv\/"},{"@type":"ListItem","position":2,"name":"Veikals","item":"https:\/\/toys.lt\/lv\/shop\/"},{"@type":"ListItem","position":3,"name":"R\/B valdomas metalinis vik\u0161rinis-buldozeris 1:16"}]},{"@type":"WebSite","@id":"https:\/\/toys.lt\/lv\/#website","url":"https:\/\/toys.lt\/lv\/","name":"Toys.lt","description":"","potentialAction":[{"@type":"SearchAction","target":{"@type":"EntryPoint","urlTemplate":"https:\/\/toys.lt\/lv\/?s={search_term_string}"},"query-input":{"@type":"PropertyValueSpecification","valueRequired":true,"valueName":"search_term_string"}}],"inLanguage":"lv-LV"}]}},"_links":{"self":[{"href":"https:\/\/toys.lt\/lv\/wp-json\/wp\/v2\/product\/26631","targetHints":{"allow":["GET"]}}],"collection":[{"href":"https:\/\/toys.lt\/lv\/wp-json\/wp\/v2\/product"}],"about":[{"href":"https:\/\/toys.lt\/lv\/wp-json\/wp\/v2\/types\/product"}],"replies":[{"embeddable":true,"href":"https:\/\/toys.lt\/lv\/wp-json\/wp\/v2\/comments?post=26631"}],"version-history":[{"count":0,"href":"https:\/\/toys.lt\/lv\/wp-json\/wp\/v2\/product\/26631\/revisions"}],"wp:featuredmedia":[{"embeddable":true,"href":"https:\/\/toys.lt\/lv\/wp-json\/wp\/v2\/media\/26632"}],"wp:attachment":[{"href":"https:\/\/toys.lt\/lv\/wp-json\/wp\/v2\/media?parent=26631"}],"wp:term":[{"taxonomy":"product_brand","embeddable":true,"href":"https:\/\/toys.lt\/lv\/wp-json\/wp\/v2\/product_brand?post=26631"},{"taxonomy":"product_cat","embeddable":true,"href":"https:\/\/toys.lt\/lv\/wp-json\/wp\/v2\/product_cat?post=26631"},{"taxonomy":"product_tag","embeddable":true,"href":"https:\/\/toys.lt\/lv\/wp-json\/wp\/v2\/product_tag?post=26631"}],"curies":[{"name":"wp","href":"https:\/\/api.w.org\/{rel}","templated":true}]}}