{"id":26626,"date":"2020-04-20T06:40:11","date_gmt":"2020-04-20T06:40:11","guid":{"rendered":"https:\/\/toys.lt\/?post_type=product&#038;p=26626"},"modified":"2026-03-12T12:37:32","modified_gmt":"2026-03-12T12:37:32","slug":"r-b-valdomas-driftuojantis-visureigis-stunt-drift","status":"publish","type":"product","link":"https:\/\/toys.lt\/lv\/produktas\/r-b-valdomas-driftuojantis-visureigis-stunt-drift\/","title":{"rendered":"R\/B valdomas driftuojantis visureigis &#8220;Stunt Drift&#8221;"},"content":{"rendered":"<p><strong>Savyb\u0117s:<\/strong><\/p>\n<ul style=\"list-style-type: square;\">\n<li>\u0160okio re\u017eimas (1 melodija su choreografija)<\/li>\n<li>Galimyb\u0117 programuoti judesi\u0173 serijas<\/li>\n<li style=\"margin: 0px; padding: 0px; font: inherit; border: 0px;\">Vis\u0173 pusi\u0173 driftas<\/li>\n<li style=\"margin: 0px; padding: 0px; font: inherit; border: 0px;\">\u0160vies\u0173 ir gars\u0173 efektai<\/li>\n<li style=\"margin: 0px; padding: 0px; font: inherit; border: 0px;\">4WD<\/li>\n<li style=\"margin: 0px; padding: 0px; font: inherit; border: 0px;\">Gali atlikti fizinius pakilimus ir nuosmukius<\/li>\n<li style=\"margin: 0px; padding: 0px; font: inherit; border: 0px;\">360 \u00b0\u00a0laisvas sukimasis<\/li>\n<li style=\"margin: 0px; padding: 0px; font: inherit; border: 0px;\">\u012evairiakrypt\u0117s padangos<\/li>\n<li style=\"margin: 0px; padding: 0px; font: inherit; border: 0px;\">Nuotolinio valdymo pultas<\/li>\n<li style=\"margin: 0px; padding: 0px; font: inherit; border: 0px;\">Ma\u0161ina veikia\u00a0\u012fkraunamo akumuliatoriaus pagalba<\/li>\n<li style=\"margin: 0px; padding: 0px; font: inherit; border: 0px;\">Saugus vaiko sveikatai<\/li>\n<li style=\"margin: 0px; padding: 0px; font: inherit; border: 0px;\">Galimyb\u0117 rinktis i\u0161 3 \u017eaislo spalv\u0173<\/li>\n<li style=\"margin: 0px; padding: 0px; font: inherit; border: 0px;\">Tinka naudoti lauke ir namuose<\/li>\n<\/ul>\n<p>&nbsp;<\/p>\n","protected":false},"excerpt":{"rendered":"<p>Prek\u0117s tipas: valdomi \u017eaislai<\/p>\n<p>Kilm\u0117s \u0161alis: Kinija<\/p>\n<p>Pakuot\u0117s i\u0161matavimai: 28,5 x 41,7 cm<\/p>\n<p>Produkto i\u0161matavimai: 22 x 38 x 25 cm<\/p>\n<p>Automobilio akumuliatorius: 7.4 V<\/p>\n<p>Rekomenduojamas am\u017eius: nuo 8 met\u0173<\/p>\n<p>Elementai:<\/p>\n","protected":false},"featured_media":26630,"comment_status":"open","ping_status":"closed","template":"","meta":[],"product_brand":[],"product_cat":[395,410],"product_tag":[],"class_list":{"0":"post-26626","1":"product","2":"type-product","3":"status-publish","4":"has-post-thumbnail","6":"product_cat-valdomi-zaislai-2","7":"product_cat-zaislai-berniukams","8":"pa_amziaus-grupe-81","9":"pa_prek-s-spalva-geltona","10":"pa_prek-s-spalva-raudona","11":"pa_prek-s-spalva-ydra","12":"pa_prek-s-tipas-automobiliai-2","14":"first","15":"outofstock","16":"taxable","17":"shipping-taxable","18":"product-type-variable"},"yoast_head":"<!-- This site is optimized with the Yoast SEO plugin v26.3 - https:\/\/yoast.com\/wordpress\/plugins\/seo\/ -->\n<title>R\/B valdomas driftuojantis visureigis &quot;Stunt Drift&quot; - Toys.lt<\/title>\n<meta name=\"robots\" content=\"index, follow, max-snippet:-1, max-image-preview:large, max-video-preview:-1\" \/>\n<link rel=\"canonical\" href=\"https:\/\/toys.lt\/lv\/produktas\/r-b-valdomas-driftuojantis-visureigis-stunt-drift\/\" \/>\n<meta property=\"og:locale\" content=\"lv_LV\" \/>\n<meta property=\"og:type\" content=\"article\" \/>\n<meta property=\"og:title\" content=\"R\/B valdomas driftuojantis visureigis &quot;Stunt Drift&quot; - Toys.lt\" \/>\n<meta property=\"og:description\" content=\"Prek\u0117s tipas: valdomi \u017eaislai  Kilm\u0117s \u0161alis: Kinija  Pakuot\u0117s i\u0161matavimai: 28,5 x 41,7 cm  Produkto i\u0161matavimai: 22 x 38 x 25 cm  Automobilio akumuliatorius: 7.4 V  Rekomenduojamas am\u017eius: nuo 8 met\u0173  Elementai:\" \/>\n<meta property=\"og:url\" content=\"https:\/\/toys.lt\/lv\/produktas\/r-b-valdomas-driftuojantis-visureigis-stunt-drift\/\" \/>\n<meta property=\"og:site_name\" content=\"Toys.lt\" \/>\n<meta property=\"article:modified_time\" content=\"2026-03-12T12:37:32+00:00\" \/>\n<meta property=\"og:image\" content=\"https:\/\/toys.lt\/wp-content\/uploads\/2020\/04\/products-695.jpg\" \/>\n\t<meta property=\"og:image:width\" content=\"1080\" \/>\n\t<meta property=\"og:image:height\" content=\"1269\" \/>\n\t<meta property=\"og:image:type\" content=\"image\/jpeg\" \/>\n<meta name=\"twitter:card\" content=\"summary_large_image\" \/>\n<meta name=\"twitter:label1\" content=\"Est. reading time\" \/>\n\t<meta name=\"twitter:data1\" content=\"1 minute\" \/>\n<script type=\"application\/ld+json\" class=\"yoast-schema-graph\">{\"@context\":\"https:\/\/schema.org\",\"@graph\":[{\"@type\":\"WebPage\",\"@id\":\"https:\/\/toys.lt\/lv\/produktas\/r-b-valdomas-driftuojantis-visureigis-stunt-drift\/\",\"url\":\"https:\/\/toys.lt\/lv\/produktas\/r-b-valdomas-driftuojantis-visureigis-stunt-drift\/\",\"name\":\"R\/B valdomas driftuojantis visureigis \\\"Stunt Drift\\\" - Toys.lt\",\"isPartOf\":{\"@id\":\"https:\/\/toys.lt\/lv\/#website\"},\"primaryImageOfPage\":{\"@id\":\"https:\/\/toys.lt\/lv\/produktas\/r-b-valdomas-driftuojantis-visureigis-stunt-drift\/#primaryimage\"},\"image\":{\"@id\":\"https:\/\/toys.lt\/lv\/produktas\/r-b-valdomas-driftuojantis-visureigis-stunt-drift\/#primaryimage\"},\"thumbnailUrl\":\"https:\/\/toys.lt\/wp-content\/uploads\/2020\/04\/products-695.jpg\",\"datePublished\":\"2020-04-20T06:40:11+00:00\",\"dateModified\":\"2026-03-12T12:37:32+00:00\",\"breadcrumb\":{\"@id\":\"https:\/\/toys.lt\/lv\/produktas\/r-b-valdomas-driftuojantis-visureigis-stunt-drift\/#breadcrumb\"},\"inLanguage\":\"lv-LV\",\"potentialAction\":[{\"@type\":\"ReadAction\",\"target\":[\"https:\/\/toys.lt\/lv\/produktas\/r-b-valdomas-driftuojantis-visureigis-stunt-drift\/\"]}]},{\"@type\":\"ImageObject\",\"inLanguage\":\"lv-LV\",\"@id\":\"https:\/\/toys.lt\/lv\/produktas\/r-b-valdomas-driftuojantis-visureigis-stunt-drift\/#primaryimage\",\"url\":\"https:\/\/toys.lt\/wp-content\/uploads\/2020\/04\/products-695.jpg\",\"contentUrl\":\"https:\/\/toys.lt\/wp-content\/uploads\/2020\/04\/products-695.jpg\",\"width\":1080,\"height\":1269,\"caption\":\"populiariausi \u017eaislai berniukams\"},{\"@type\":\"BreadcrumbList\",\"@id\":\"https:\/\/toys.lt\/lv\/produktas\/r-b-valdomas-driftuojantis-visureigis-stunt-drift\/#breadcrumb\",\"itemListElement\":[{\"@type\":\"ListItem\",\"position\":1,\"name\":\"Home\",\"item\":\"https:\/\/toys.lt\/lv\/\"},{\"@type\":\"ListItem\",\"position\":2,\"name\":\"Veikals\",\"item\":\"https:\/\/toys.lt\/lv\/shop\/\"},{\"@type\":\"ListItem\",\"position\":3,\"name\":\"R\/B valdomas driftuojantis visureigis &#8222;Stunt Drift&#8221;\"}]},{\"@type\":\"WebSite\",\"@id\":\"https:\/\/toys.lt\/lv\/#website\",\"url\":\"https:\/\/toys.lt\/lv\/\",\"name\":\"Toys.lt\",\"description\":\"\",\"potentialAction\":[{\"@type\":\"SearchAction\",\"target\":{\"@type\":\"EntryPoint\",\"urlTemplate\":\"https:\/\/toys.lt\/lv\/?s={search_term_string}\"},\"query-input\":{\"@type\":\"PropertyValueSpecification\",\"valueRequired\":true,\"valueName\":\"search_term_string\"}}],\"inLanguage\":\"lv-LV\"}]}<\/script>\n<!-- \/ Yoast SEO plugin. -->","yoast_head_json":{"title":"R\/B valdomas driftuojantis visureigis \"Stunt Drift\" - Toys.lt","robots":{"index":"index","follow":"follow","max-snippet":"max-snippet:-1","max-image-preview":"max-image-preview:large","max-video-preview":"max-video-preview:-1"},"canonical":"https:\/\/toys.lt\/lv\/produktas\/r-b-valdomas-driftuojantis-visureigis-stunt-drift\/","og_locale":"lv_LV","og_type":"article","og_title":"R\/B valdomas driftuojantis visureigis \"Stunt Drift\" - Toys.lt","og_description":"Prek\u0117s tipas: valdomi \u017eaislai  Kilm\u0117s \u0161alis: Kinija  Pakuot\u0117s i\u0161matavimai: 28,5 x 41,7 cm  Produkto i\u0161matavimai: 22 x 38 x 25 cm  Automobilio akumuliatorius: 7.4 V  Rekomenduojamas am\u017eius: nuo 8 met\u0173  Elementai:","og_url":"https:\/\/toys.lt\/lv\/produktas\/r-b-valdomas-driftuojantis-visureigis-stunt-drift\/","og_site_name":"Toys.lt","article_modified_time":"2026-03-12T12:37:32+00:00","og_image":[{"width":1080,"height":1269,"url":"https:\/\/toys.lt\/wp-content\/uploads\/2020\/04\/products-695.jpg","type":"image\/jpeg"}],"twitter_card":"summary_large_image","twitter_misc":{"Est. reading time":"1 minute"},"schema":{"@context":"https:\/\/schema.org","@graph":[{"@type":"WebPage","@id":"https:\/\/toys.lt\/lv\/produktas\/r-b-valdomas-driftuojantis-visureigis-stunt-drift\/","url":"https:\/\/toys.lt\/lv\/produktas\/r-b-valdomas-driftuojantis-visureigis-stunt-drift\/","name":"R\/B valdomas driftuojantis visureigis \"Stunt Drift\" - Toys.lt","isPartOf":{"@id":"https:\/\/toys.lt\/lv\/#website"},"primaryImageOfPage":{"@id":"https:\/\/toys.lt\/lv\/produktas\/r-b-valdomas-driftuojantis-visureigis-stunt-drift\/#primaryimage"},"image":{"@id":"https:\/\/toys.lt\/lv\/produktas\/r-b-valdomas-driftuojantis-visureigis-stunt-drift\/#primaryimage"},"thumbnailUrl":"https:\/\/toys.lt\/wp-content\/uploads\/2020\/04\/products-695.jpg","datePublished":"2020-04-20T06:40:11+00:00","dateModified":"2026-03-12T12:37:32+00:00","breadcrumb":{"@id":"https:\/\/toys.lt\/lv\/produktas\/r-b-valdomas-driftuojantis-visureigis-stunt-drift\/#breadcrumb"},"inLanguage":"lv-LV","potentialAction":[{"@type":"ReadAction","target":["https:\/\/toys.lt\/lv\/produktas\/r-b-valdomas-driftuojantis-visureigis-stunt-drift\/"]}]},{"@type":"ImageObject","inLanguage":"lv-LV","@id":"https:\/\/toys.lt\/lv\/produktas\/r-b-valdomas-driftuojantis-visureigis-stunt-drift\/#primaryimage","url":"https:\/\/toys.lt\/wp-content\/uploads\/2020\/04\/products-695.jpg","contentUrl":"https:\/\/toys.lt\/wp-content\/uploads\/2020\/04\/products-695.jpg","width":1080,"height":1269,"caption":"populiariausi \u017eaislai berniukams"},{"@type":"BreadcrumbList","@id":"https:\/\/toys.lt\/lv\/produktas\/r-b-valdomas-driftuojantis-visureigis-stunt-drift\/#breadcrumb","itemListElement":[{"@type":"ListItem","position":1,"name":"Home","item":"https:\/\/toys.lt\/lv\/"},{"@type":"ListItem","position":2,"name":"Veikals","item":"https:\/\/toys.lt\/lv\/shop\/"},{"@type":"ListItem","position":3,"name":"R\/B valdomas driftuojantis visureigis &#8222;Stunt Drift&#8221;"}]},{"@type":"WebSite","@id":"https:\/\/toys.lt\/lv\/#website","url":"https:\/\/toys.lt\/lv\/","name":"Toys.lt","description":"","potentialAction":[{"@type":"SearchAction","target":{"@type":"EntryPoint","urlTemplate":"https:\/\/toys.lt\/lv\/?s={search_term_string}"},"query-input":{"@type":"PropertyValueSpecification","valueRequired":true,"valueName":"search_term_string"}}],"inLanguage":"lv-LV"}]}},"_links":{"self":[{"href":"https:\/\/toys.lt\/lv\/wp-json\/wp\/v2\/product\/26626","targetHints":{"allow":["GET"]}}],"collection":[{"href":"https:\/\/toys.lt\/lv\/wp-json\/wp\/v2\/product"}],"about":[{"href":"https:\/\/toys.lt\/lv\/wp-json\/wp\/v2\/types\/product"}],"replies":[{"embeddable":true,"href":"https:\/\/toys.lt\/lv\/wp-json\/wp\/v2\/comments?post=26626"}],"version-history":[{"count":2,"href":"https:\/\/toys.lt\/lv\/wp-json\/wp\/v2\/product\/26626\/revisions"}],"predecessor-version":[{"id":34727,"href":"https:\/\/toys.lt\/lv\/wp-json\/wp\/v2\/product\/26626\/revisions\/34727"}],"wp:featuredmedia":[{"embeddable":true,"href":"https:\/\/toys.lt\/lv\/wp-json\/wp\/v2\/media\/26630"}],"wp:attachment":[{"href":"https:\/\/toys.lt\/lv\/wp-json\/wp\/v2\/media?parent=26626"}],"wp:term":[{"taxonomy":"product_brand","embeddable":true,"href":"https:\/\/toys.lt\/lv\/wp-json\/wp\/v2\/product_brand?post=26626"},{"taxonomy":"product_cat","embeddable":true,"href":"https:\/\/toys.lt\/lv\/wp-json\/wp\/v2\/product_cat?post=26626"},{"taxonomy":"product_tag","embeddable":true,"href":"https:\/\/toys.lt\/lv\/wp-json\/wp\/v2\/product_tag?post=26626"}],"curies":[{"name":"wp","href":"https:\/\/api.w.org\/{rel}","templated":true}]}}