{"id":26595,"date":"2020-04-20T05:21:23","date_gmt":"2020-04-20T05:21:23","guid":{"rendered":"https:\/\/toys.lt\/?post_type=product&#038;p=26595"},"modified":"2026-04-23T18:28:13","modified_gmt":"2026-04-23T18:28:13","slug":"uzsedama-paspiriama-masina-muzikinis-vairas","status":"publish","type":"product","link":"https:\/\/toys.lt\/lv\/produktas\/uzsedama-paspiriama-masina-muzikinis-vairas\/","title":{"rendered":"U\u017es\u0117dama &#8211; paspiriama ma\u0161ina su muzikiniu vairu vaikams"},"content":{"rendered":"<p><strong data-start=\"476\" data-end=\"516\">U\u017es\u0117dama &#8211; paspiriama ma\u0161ina su muzikiniu vairu<\/strong> \u2013 smagus ir naudingas \u017eaislas ma\u017eyliams, pradedantiems pa\u017einti pasaul\u012f. \u0160is automobilis ne tik d\u017eiugins vaikus garsais ir spalvomis, bet ir pad\u0117s lavinti koj\u0173 raumenis, pusiausvyr\u0105 bei judesi\u0173 koordinacij\u0105. Tvirtas dizainas ir saugumo funkcijos suteiks t\u0117vams ramyb\u0119, o vaikams \u2013 daug linksm\u0173 akimirk\u0173 tiek namuose, tiek lauke.<\/p>\n<p>&nbsp;<\/p>\n<p><strong>Savyb\u0117s:<\/strong><\/p>\n<ul style=\"list-style-type: square;\">\n<li>Sukamasis muzikinis vairas<\/li>\n<li>Po s\u0117dyne yra vieta \u017eaislams<\/li>\n<li>Atlaiko iki 27 kg svorio apkrov\u0105<\/li>\n<li>Po ma\u0161in\u0117le yra apsaugos, kurios u\u017etikrina, kad ma\u0161in\u0117l\u0117 neapsiverst\u0173<\/li>\n<li>Tvirta ir patogi atrama vaiko nugar\u0117lei<\/li>\n<li>Manevringas<\/li>\n<li>Remdamasis kojomis, vaikas sustiprins koj\u0173 raumenis, i\u0161moks i\u0161laikyti pusiausvyr\u0105, pasirinkti krypt\u012f<\/li>\n<li style=\"margin: 0px; padding: 0px; font: inherit; border: 0px;\">Tinka naudoti tiek namuose, tiek lauke<\/li>\n<li style=\"margin: 0px; padding: 0px; font: inherit; border: 0px;\">Saugus vaik\u0173 sveikatai<\/li>\n<\/ul>\n<p>&nbsp;<\/p>\n","protected":false},"excerpt":{"rendered":"<p>Prek\u0117s tipas: jud\u0117jimo priemon\u0117<\/p>\n<p>Kilm\u0117s \u0161alis: Kinija<\/p>\n<p>Produkto i\u0161matavimai: 62 x 29 x 48 cm<\/p>\n<p>Produkto med\u017eiaga: plastikas<\/p>\n<p>Rekomenduojamas am\u017eius: nuo 1 met\u0173<\/p>\n<p>Elementai: 2 x AA (nepridedamos)<\/p>\n","protected":false},"featured_media":26596,"comment_status":"open","ping_status":"closed","template":"","meta":[],"product_brand":[],"product_cat":[418,402,416,397],"product_tag":[],"class_list":{"0":"post-26595","1":"product","2":"type-product","3":"status-publish","4":"has-post-thumbnail","6":"product_cat-pigu","7":"product_cat-lauko-ir-vasaros-zaislai-2","8":"product_cat-uzsedamos-minamos-ir-akumuliatorines-masinos-ir-traktoriai","9":"product_cat-zaislai-mazyliams","10":"pa_amziaus-grupe-74","11":"pa_prek-s-spalva-violetin","12":"pa_prek-s-spalva-ydra","13":"pa_prek-s-tipas-paspiriamos-masinos-2","15":"first","16":"outofstock","17":"taxable","18":"shipping-taxable","19":"product-type-variable"},"yoast_head":"<!-- This site is optimized with the Yoast SEO plugin v26.3 - https:\/\/yoast.com\/wordpress\/plugins\/seo\/ -->\n<title>U\u017es\u0117dama - paspiriama ma\u0161ina su muzikiniu vairu vaikams - Toys.lt<\/title>\n<meta name=\"description\" content=\"U\u017es\u0117dama - paspiriama ma\u0161ina su muzikiniu vairu vaikams nuo 1 met\u0173. Tvirtas dizainas, vieta \u017eaislams, patogi atrama ir saugus naudojimas namuose ar lauke.\" \/>\n<meta name=\"robots\" content=\"index, follow, max-snippet:-1, max-image-preview:large, max-video-preview:-1\" \/>\n<link rel=\"canonical\" href=\"https:\/\/toys.lt\/lv\/produktas\/uzsedama-paspiriama-masina-muzikinis-vairas\/\" \/>\n<meta property=\"og:locale\" content=\"lv_LV\" \/>\n<meta property=\"og:type\" content=\"article\" \/>\n<meta property=\"og:title\" content=\"U\u017es\u0117dama - paspiriama ma\u0161ina su muzikiniu vairu vaikams - Toys.lt\" \/>\n<meta property=\"og:description\" content=\"U\u017es\u0117dama - paspiriama ma\u0161ina su muzikiniu vairu vaikams nuo 1 met\u0173. Tvirtas dizainas, vieta \u017eaislams, patogi atrama ir saugus naudojimas namuose ar lauke.\" \/>\n<meta property=\"og:url\" content=\"https:\/\/toys.lt\/lv\/produktas\/uzsedama-paspiriama-masina-muzikinis-vairas\/\" \/>\n<meta property=\"og:site_name\" content=\"Toys.lt\" \/>\n<meta property=\"article:modified_time\" content=\"2026-04-23T18:28:13+00:00\" \/>\n<meta property=\"og:image\" content=\"https:\/\/toys.lt\/wp-content\/uploads\/2021\/03\/products-1915.jpg\" \/>\n\t<meta property=\"og:image:width\" content=\"500\" \/>\n\t<meta property=\"og:image:height\" content=\"500\" \/>\n\t<meta property=\"og:image:type\" content=\"image\/jpeg\" \/>\n<meta name=\"twitter:card\" content=\"summary_large_image\" \/>\n<meta name=\"twitter:label1\" content=\"Est. reading time\" \/>\n\t<meta name=\"twitter:data1\" content=\"1 minute\" \/>\n<script type=\"application\/ld+json\" class=\"yoast-schema-graph\">{\"@context\":\"https:\/\/schema.org\",\"@graph\":[{\"@type\":\"WebPage\",\"@id\":\"https:\/\/toys.lt\/lv\/produktas\/uzsedama-paspiriama-masina-muzikinis-vairas\/\",\"url\":\"https:\/\/toys.lt\/lv\/produktas\/uzsedama-paspiriama-masina-muzikinis-vairas\/\",\"name\":\"U\u017es\u0117dama - paspiriama ma\u0161ina su muzikiniu vairu vaikams - Toys.lt\",\"isPartOf\":{\"@id\":\"https:\/\/toys.lt\/lv\/#website\"},\"primaryImageOfPage\":{\"@id\":\"https:\/\/toys.lt\/lv\/produktas\/uzsedama-paspiriama-masina-muzikinis-vairas\/#primaryimage\"},\"image\":{\"@id\":\"https:\/\/toys.lt\/lv\/produktas\/uzsedama-paspiriama-masina-muzikinis-vairas\/#primaryimage\"},\"thumbnailUrl\":\"https:\/\/toys.lt\/wp-content\/uploads\/2021\/03\/products-1915.jpg\",\"datePublished\":\"2020-04-20T05:21:23+00:00\",\"dateModified\":\"2026-04-23T18:28:13+00:00\",\"description\":\"U\u017es\u0117dama - paspiriama ma\u0161ina su muzikiniu vairu vaikams nuo 1 met\u0173. Tvirtas dizainas, vieta \u017eaislams, patogi atrama ir saugus naudojimas namuose ar lauke.\",\"breadcrumb\":{\"@id\":\"https:\/\/toys.lt\/lv\/produktas\/uzsedama-paspiriama-masina-muzikinis-vairas\/#breadcrumb\"},\"inLanguage\":\"lv-LV\",\"potentialAction\":[{\"@type\":\"ReadAction\",\"target\":[\"https:\/\/toys.lt\/lv\/produktas\/uzsedama-paspiriama-masina-muzikinis-vairas\/\"]}]},{\"@type\":\"ImageObject\",\"inLanguage\":\"lv-LV\",\"@id\":\"https:\/\/toys.lt\/lv\/produktas\/uzsedama-paspiriama-masina-muzikinis-vairas\/#primaryimage\",\"url\":\"https:\/\/toys.lt\/wp-content\/uploads\/2021\/03\/products-1915.jpg\",\"contentUrl\":\"https:\/\/toys.lt\/wp-content\/uploads\/2021\/03\/products-1915.jpg\",\"width\":500,\"height\":500,\"caption\":\"U\u017es\u0117damoji ma\u0161ina\"},{\"@type\":\"BreadcrumbList\",\"@id\":\"https:\/\/toys.lt\/lv\/produktas\/uzsedama-paspiriama-masina-muzikinis-vairas\/#breadcrumb\",\"itemListElement\":[{\"@type\":\"ListItem\",\"position\":1,\"name\":\"Home\",\"item\":\"https:\/\/toys.lt\/lv\/\"},{\"@type\":\"ListItem\",\"position\":2,\"name\":\"Veikals\",\"item\":\"https:\/\/toys.lt\/lv\/shop\/\"},{\"@type\":\"ListItem\",\"position\":3,\"name\":\"U\u017es\u0117dama &#8211; paspiriama ma\u0161ina su muzikiniu vairu vaikams\"}]},{\"@type\":\"WebSite\",\"@id\":\"https:\/\/toys.lt\/lv\/#website\",\"url\":\"https:\/\/toys.lt\/lv\/\",\"name\":\"Toys.lt\",\"description\":\"\",\"potentialAction\":[{\"@type\":\"SearchAction\",\"target\":{\"@type\":\"EntryPoint\",\"urlTemplate\":\"https:\/\/toys.lt\/lv\/?s={search_term_string}\"},\"query-input\":{\"@type\":\"PropertyValueSpecification\",\"valueRequired\":true,\"valueName\":\"search_term_string\"}}],\"inLanguage\":\"lv-LV\"}]}<\/script>\n<!-- \/ Yoast SEO plugin. -->","yoast_head_json":{"title":"U\u017es\u0117dama - paspiriama ma\u0161ina su muzikiniu vairu vaikams - Toys.lt","description":"U\u017es\u0117dama - paspiriama ma\u0161ina su muzikiniu vairu vaikams nuo 1 met\u0173. Tvirtas dizainas, vieta \u017eaislams, patogi atrama ir saugus naudojimas namuose ar lauke.","robots":{"index":"index","follow":"follow","max-snippet":"max-snippet:-1","max-image-preview":"max-image-preview:large","max-video-preview":"max-video-preview:-1"},"canonical":"https:\/\/toys.lt\/lv\/produktas\/uzsedama-paspiriama-masina-muzikinis-vairas\/","og_locale":"lv_LV","og_type":"article","og_title":"U\u017es\u0117dama - paspiriama ma\u0161ina su muzikiniu vairu vaikams - Toys.lt","og_description":"U\u017es\u0117dama - paspiriama ma\u0161ina su muzikiniu vairu vaikams nuo 1 met\u0173. Tvirtas dizainas, vieta \u017eaislams, patogi atrama ir saugus naudojimas namuose ar lauke.","og_url":"https:\/\/toys.lt\/lv\/produktas\/uzsedama-paspiriama-masina-muzikinis-vairas\/","og_site_name":"Toys.lt","article_modified_time":"2026-04-23T18:28:13+00:00","og_image":[{"width":500,"height":500,"url":"https:\/\/toys.lt\/wp-content\/uploads\/2021\/03\/products-1915.jpg","type":"image\/jpeg"}],"twitter_card":"summary_large_image","twitter_misc":{"Est. reading time":"1 minute"},"schema":{"@context":"https:\/\/schema.org","@graph":[{"@type":"WebPage","@id":"https:\/\/toys.lt\/lv\/produktas\/uzsedama-paspiriama-masina-muzikinis-vairas\/","url":"https:\/\/toys.lt\/lv\/produktas\/uzsedama-paspiriama-masina-muzikinis-vairas\/","name":"U\u017es\u0117dama - paspiriama ma\u0161ina su muzikiniu vairu vaikams - Toys.lt","isPartOf":{"@id":"https:\/\/toys.lt\/lv\/#website"},"primaryImageOfPage":{"@id":"https:\/\/toys.lt\/lv\/produktas\/uzsedama-paspiriama-masina-muzikinis-vairas\/#primaryimage"},"image":{"@id":"https:\/\/toys.lt\/lv\/produktas\/uzsedama-paspiriama-masina-muzikinis-vairas\/#primaryimage"},"thumbnailUrl":"https:\/\/toys.lt\/wp-content\/uploads\/2021\/03\/products-1915.jpg","datePublished":"2020-04-20T05:21:23+00:00","dateModified":"2026-04-23T18:28:13+00:00","description":"U\u017es\u0117dama - paspiriama ma\u0161ina su muzikiniu vairu vaikams nuo 1 met\u0173. Tvirtas dizainas, vieta \u017eaislams, patogi atrama ir saugus naudojimas namuose ar lauke.","breadcrumb":{"@id":"https:\/\/toys.lt\/lv\/produktas\/uzsedama-paspiriama-masina-muzikinis-vairas\/#breadcrumb"},"inLanguage":"lv-LV","potentialAction":[{"@type":"ReadAction","target":["https:\/\/toys.lt\/lv\/produktas\/uzsedama-paspiriama-masina-muzikinis-vairas\/"]}]},{"@type":"ImageObject","inLanguage":"lv-LV","@id":"https:\/\/toys.lt\/lv\/produktas\/uzsedama-paspiriama-masina-muzikinis-vairas\/#primaryimage","url":"https:\/\/toys.lt\/wp-content\/uploads\/2021\/03\/products-1915.jpg","contentUrl":"https:\/\/toys.lt\/wp-content\/uploads\/2021\/03\/products-1915.jpg","width":500,"height":500,"caption":"U\u017es\u0117damoji ma\u0161ina"},{"@type":"BreadcrumbList","@id":"https:\/\/toys.lt\/lv\/produktas\/uzsedama-paspiriama-masina-muzikinis-vairas\/#breadcrumb","itemListElement":[{"@type":"ListItem","position":1,"name":"Home","item":"https:\/\/toys.lt\/lv\/"},{"@type":"ListItem","position":2,"name":"Veikals","item":"https:\/\/toys.lt\/lv\/shop\/"},{"@type":"ListItem","position":3,"name":"U\u017es\u0117dama &#8211; paspiriama ma\u0161ina su muzikiniu vairu vaikams"}]},{"@type":"WebSite","@id":"https:\/\/toys.lt\/lv\/#website","url":"https:\/\/toys.lt\/lv\/","name":"Toys.lt","description":"","potentialAction":[{"@type":"SearchAction","target":{"@type":"EntryPoint","urlTemplate":"https:\/\/toys.lt\/lv\/?s={search_term_string}"},"query-input":{"@type":"PropertyValueSpecification","valueRequired":true,"valueName":"search_term_string"}}],"inLanguage":"lv-LV"}]}},"_links":{"self":[{"href":"https:\/\/toys.lt\/lv\/wp-json\/wp\/v2\/product\/26595","targetHints":{"allow":["GET"]}}],"collection":[{"href":"https:\/\/toys.lt\/lv\/wp-json\/wp\/v2\/product"}],"about":[{"href":"https:\/\/toys.lt\/lv\/wp-json\/wp\/v2\/types\/product"}],"replies":[{"embeddable":true,"href":"https:\/\/toys.lt\/lv\/wp-json\/wp\/v2\/comments?post=26595"}],"version-history":[{"count":4,"href":"https:\/\/toys.lt\/lv\/wp-json\/wp\/v2\/product\/26595\/revisions"}],"predecessor-version":[{"id":34599,"href":"https:\/\/toys.lt\/lv\/wp-json\/wp\/v2\/product\/26595\/revisions\/34599"}],"wp:featuredmedia":[{"embeddable":true,"href":"https:\/\/toys.lt\/lv\/wp-json\/wp\/v2\/media\/26596"}],"wp:attachment":[{"href":"https:\/\/toys.lt\/lv\/wp-json\/wp\/v2\/media?parent=26595"}],"wp:term":[{"taxonomy":"product_brand","embeddable":true,"href":"https:\/\/toys.lt\/lv\/wp-json\/wp\/v2\/product_brand?post=26595"},{"taxonomy":"product_cat","embeddable":true,"href":"https:\/\/toys.lt\/lv\/wp-json\/wp\/v2\/product_cat?post=26595"},{"taxonomy":"product_tag","embeddable":true,"href":"https:\/\/toys.lt\/lv\/wp-json\/wp\/v2\/product_tag?post=26595"}],"curies":[{"name":"wp","href":"https:\/\/api.w.org\/{rel}","templated":true}]}}