{"id":26593,"date":"2020-04-20T05:09:09","date_gmt":"2020-04-20T05:09:09","guid":{"rendered":"https:\/\/toys.lt\/?post_type=product&#038;p=26593"},"modified":"2026-04-23T18:14:31","modified_gmt":"2026-04-23T18:14:31","slug":"vaikiskas-naktipuodis-anciukas","status":"publish","type":"product","link":"https:\/\/toys.lt\/lv\/produktas\/vaikiskas-naktipuodis-anciukas\/","title":{"rendered":"Vaiki\u0161kas naktipuodis &#8220;An\u010diukas&#8221;"},"content":{"rendered":"<p><strong>Savyb\u0117s:<\/strong><\/p>\n<ul style=\"list-style-type:square\">\n<li>Tvirta konstrukcija ant stabili\u0173 atram\u0173<\/li>\n<li>N\u0117ra a\u0161tri\u0173 kamp\u0173<\/li>\n<li>Anatomin\u0117 s\u0117dyn\u0117<\/li>\n<li>Auk\u0161ta nugara patogiam s\u0117d\u0117jimui<\/li>\n<li>Vidus yra i\u0161imamas, plaunamas<\/li>\n<li>Puodo\u00a0\u017eied\u0105 galima nuimti ir naudoti j\u012f ant \u012fprasto tualeto<\/li>\n<li style=\"margin:0px;padding:0px;font:inherit;border:0px\">Komforti\u0161kas ir saugus<\/li>\n<li style=\"margin:0px;padding:0px;font:inherit;border:0px\">Dang\u010dio \u017eiedo ranken\u0117l\u0117s padeda ma\u017eyliams jaustis saugiems<\/li>\n<\/ul>\n","protected":false},"excerpt":{"rendered":"<p>Prek\u0117s tipas: vaiki\u0161kas naktipuodis<\/p>\n<p>Kilm\u0117s \u0161alis: Kinija<\/p>\n<p>Produkto med\u017eiaga: plastikas<\/p>\n<p>Pakuot\u0117s i\u0161matavimai: 19 x 34,5 x 33<\/p>\n<p>Produkto I\u0161matavimai: 35 x 35 x 47,5 cm<\/p>\n<p>Rekomenduojamas am\u017eius: nuo 6 m\u0117nesi\u0173<\/p>\n","protected":false},"featured_media":26594,"comment_status":"open","ping_status":"open","template":"","meta":[],"product_brand":[],"product_cat":[418,397],"product_tag":[],"class_list":{"0":"post-26593","1":"product","2":"type-product","3":"status-publish","4":"has-post-thumbnail","6":"product_cat-pigu","7":"product_cat-zaislai-mazyliams","8":"pa_amziaus-grupe-79","10":"first","11":"outofstock","12":"sale","13":"taxable","14":"shipping-taxable","15":"purchasable","16":"product-type-simple"},"yoast_head":"<!-- This site is optimized with the Yoast SEO plugin v26.3 - https:\/\/yoast.com\/wordpress\/plugins\/seo\/ -->\n<title>Vaiki\u0161kas naktipuodis &quot;An\u010diukas&quot; - Toys.lt<\/title>\n<meta name=\"robots\" content=\"index, follow, max-snippet:-1, max-image-preview:large, max-video-preview:-1\" \/>\n<link rel=\"canonical\" href=\"https:\/\/toys.lt\/lv\/produktas\/vaikiskas-naktipuodis-anciukas\/\" \/>\n<meta property=\"og:locale\" content=\"lv_LV\" \/>\n<meta property=\"og:type\" content=\"article\" \/>\n<meta property=\"og:title\" content=\"Vaiki\u0161kas naktipuodis &quot;An\u010diukas&quot; - Toys.lt\" \/>\n<meta property=\"og:description\" content=\"Prek\u0117s tipas: vaiki\u0161kas naktipuodis Kilm\u0117s \u0161alis: Kinija Produkto med\u017eiaga: plastikas Pakuot\u0117s i\u0161matavimai: 19 x 34,5 x 33 Produkto I\u0161matavimai: 35 x 35 x 47,5 cm Rekomenduojamas am\u017eius: nuo 6 m\u0117nesi\u0173\" \/>\n<meta property=\"og:url\" content=\"https:\/\/toys.lt\/lv\/produktas\/vaikiskas-naktipuodis-anciukas\/\" \/>\n<meta property=\"og:site_name\" content=\"Toys.lt\" \/>\n<meta property=\"article:modified_time\" content=\"2026-04-23T18:14:31+00:00\" \/>\n<meta property=\"og:image\" content=\"https:\/\/toys.lt\/wp-content\/uploads\/2023\/02\/products-3687.jpg\" \/>\n\t<meta property=\"og:image:width\" content=\"372\" \/>\n\t<meta property=\"og:image:height\" content=\"369\" \/>\n\t<meta property=\"og:image:type\" content=\"image\/jpeg\" \/>\n<meta name=\"twitter:card\" content=\"summary_large_image\" \/>\n<script type=\"application\/ld+json\" class=\"yoast-schema-graph\">{\"@context\":\"https:\/\/schema.org\",\"@graph\":[{\"@type\":\"WebPage\",\"@id\":\"https:\/\/toys.lt\/lv\/produktas\/vaikiskas-naktipuodis-anciukas\/\",\"url\":\"https:\/\/toys.lt\/lv\/produktas\/vaikiskas-naktipuodis-anciukas\/\",\"name\":\"Vaiki\u0161kas naktipuodis \\\"An\u010diukas\\\" - Toys.lt\",\"isPartOf\":{\"@id\":\"https:\/\/toys.lt\/lv\/#website\"},\"primaryImageOfPage\":{\"@id\":\"https:\/\/toys.lt\/lv\/produktas\/vaikiskas-naktipuodis-anciukas\/#primaryimage\"},\"image\":{\"@id\":\"https:\/\/toys.lt\/lv\/produktas\/vaikiskas-naktipuodis-anciukas\/#primaryimage\"},\"thumbnailUrl\":\"https:\/\/toys.lt\/wp-content\/uploads\/2023\/02\/products-3687.jpg\",\"datePublished\":\"2020-04-20T05:09:09+00:00\",\"dateModified\":\"2026-04-23T18:14:31+00:00\",\"breadcrumb\":{\"@id\":\"https:\/\/toys.lt\/lv\/produktas\/vaikiskas-naktipuodis-anciukas\/#breadcrumb\"},\"inLanguage\":\"lv-LV\",\"potentialAction\":[{\"@type\":\"ReadAction\",\"target\":[\"https:\/\/toys.lt\/lv\/produktas\/vaikiskas-naktipuodis-anciukas\/\"]}]},{\"@type\":\"ImageObject\",\"inLanguage\":\"lv-LV\",\"@id\":\"https:\/\/toys.lt\/lv\/produktas\/vaikiskas-naktipuodis-anciukas\/#primaryimage\",\"url\":\"https:\/\/toys.lt\/wp-content\/uploads\/2023\/02\/products-3687.jpg\",\"contentUrl\":\"https:\/\/toys.lt\/wp-content\/uploads\/2023\/02\/products-3687.jpg\",\"width\":372,\"height\":369,\"caption\":\"Vaiki\u0161kas naktipuodis &#8220;An\u010diukas&#8221;\"},{\"@type\":\"BreadcrumbList\",\"@id\":\"https:\/\/toys.lt\/lv\/produktas\/vaikiskas-naktipuodis-anciukas\/#breadcrumb\",\"itemListElement\":[{\"@type\":\"ListItem\",\"position\":1,\"name\":\"Home\",\"item\":\"https:\/\/toys.lt\/lv\/\"},{\"@type\":\"ListItem\",\"position\":2,\"name\":\"Veikals\",\"item\":\"https:\/\/toys.lt\/lv\/shop\/\"},{\"@type\":\"ListItem\",\"position\":3,\"name\":\"Vaiki\u0161kas naktipuodis &#8222;An\u010diukas&#8221;\"}]},{\"@type\":\"WebSite\",\"@id\":\"https:\/\/toys.lt\/lv\/#website\",\"url\":\"https:\/\/toys.lt\/lv\/\",\"name\":\"Toys.lt\",\"description\":\"\",\"potentialAction\":[{\"@type\":\"SearchAction\",\"target\":{\"@type\":\"EntryPoint\",\"urlTemplate\":\"https:\/\/toys.lt\/lv\/?s={search_term_string}\"},\"query-input\":{\"@type\":\"PropertyValueSpecification\",\"valueRequired\":true,\"valueName\":\"search_term_string\"}}],\"inLanguage\":\"lv-LV\"}]}<\/script>\n<!-- \/ Yoast SEO plugin. -->","yoast_head_json":{"title":"Vaiki\u0161kas naktipuodis \"An\u010diukas\" - Toys.lt","robots":{"index":"index","follow":"follow","max-snippet":"max-snippet:-1","max-image-preview":"max-image-preview:large","max-video-preview":"max-video-preview:-1"},"canonical":"https:\/\/toys.lt\/lv\/produktas\/vaikiskas-naktipuodis-anciukas\/","og_locale":"lv_LV","og_type":"article","og_title":"Vaiki\u0161kas naktipuodis \"An\u010diukas\" - Toys.lt","og_description":"Prek\u0117s tipas: vaiki\u0161kas naktipuodis Kilm\u0117s \u0161alis: Kinija Produkto med\u017eiaga: plastikas Pakuot\u0117s i\u0161matavimai: 19 x 34,5 x 33 Produkto I\u0161matavimai: 35 x 35 x 47,5 cm Rekomenduojamas am\u017eius: nuo 6 m\u0117nesi\u0173","og_url":"https:\/\/toys.lt\/lv\/produktas\/vaikiskas-naktipuodis-anciukas\/","og_site_name":"Toys.lt","article_modified_time":"2026-04-23T18:14:31+00:00","og_image":[{"width":372,"height":369,"url":"https:\/\/toys.lt\/wp-content\/uploads\/2023\/02\/products-3687.jpg","type":"image\/jpeg"}],"twitter_card":"summary_large_image","schema":{"@context":"https:\/\/schema.org","@graph":[{"@type":"WebPage","@id":"https:\/\/toys.lt\/lv\/produktas\/vaikiskas-naktipuodis-anciukas\/","url":"https:\/\/toys.lt\/lv\/produktas\/vaikiskas-naktipuodis-anciukas\/","name":"Vaiki\u0161kas naktipuodis \"An\u010diukas\" - Toys.lt","isPartOf":{"@id":"https:\/\/toys.lt\/lv\/#website"},"primaryImageOfPage":{"@id":"https:\/\/toys.lt\/lv\/produktas\/vaikiskas-naktipuodis-anciukas\/#primaryimage"},"image":{"@id":"https:\/\/toys.lt\/lv\/produktas\/vaikiskas-naktipuodis-anciukas\/#primaryimage"},"thumbnailUrl":"https:\/\/toys.lt\/wp-content\/uploads\/2023\/02\/products-3687.jpg","datePublished":"2020-04-20T05:09:09+00:00","dateModified":"2026-04-23T18:14:31+00:00","breadcrumb":{"@id":"https:\/\/toys.lt\/lv\/produktas\/vaikiskas-naktipuodis-anciukas\/#breadcrumb"},"inLanguage":"lv-LV","potentialAction":[{"@type":"ReadAction","target":["https:\/\/toys.lt\/lv\/produktas\/vaikiskas-naktipuodis-anciukas\/"]}]},{"@type":"ImageObject","inLanguage":"lv-LV","@id":"https:\/\/toys.lt\/lv\/produktas\/vaikiskas-naktipuodis-anciukas\/#primaryimage","url":"https:\/\/toys.lt\/wp-content\/uploads\/2023\/02\/products-3687.jpg","contentUrl":"https:\/\/toys.lt\/wp-content\/uploads\/2023\/02\/products-3687.jpg","width":372,"height":369,"caption":"Vaiki\u0161kas naktipuodis &#8220;An\u010diukas&#8221;"},{"@type":"BreadcrumbList","@id":"https:\/\/toys.lt\/lv\/produktas\/vaikiskas-naktipuodis-anciukas\/#breadcrumb","itemListElement":[{"@type":"ListItem","position":1,"name":"Home","item":"https:\/\/toys.lt\/lv\/"},{"@type":"ListItem","position":2,"name":"Veikals","item":"https:\/\/toys.lt\/lv\/shop\/"},{"@type":"ListItem","position":3,"name":"Vaiki\u0161kas naktipuodis &#8222;An\u010diukas&#8221;"}]},{"@type":"WebSite","@id":"https:\/\/toys.lt\/lv\/#website","url":"https:\/\/toys.lt\/lv\/","name":"Toys.lt","description":"","potentialAction":[{"@type":"SearchAction","target":{"@type":"EntryPoint","urlTemplate":"https:\/\/toys.lt\/lv\/?s={search_term_string}"},"query-input":{"@type":"PropertyValueSpecification","valueRequired":true,"valueName":"search_term_string"}}],"inLanguage":"lv-LV"}]}},"_links":{"self":[{"href":"https:\/\/toys.lt\/lv\/wp-json\/wp\/v2\/product\/26593","targetHints":{"allow":["GET"]}}],"collection":[{"href":"https:\/\/toys.lt\/lv\/wp-json\/wp\/v2\/product"}],"about":[{"href":"https:\/\/toys.lt\/lv\/wp-json\/wp\/v2\/types\/product"}],"replies":[{"embeddable":true,"href":"https:\/\/toys.lt\/lv\/wp-json\/wp\/v2\/comments?post=26593"}],"version-history":[{"count":1,"href":"https:\/\/toys.lt\/lv\/wp-json\/wp\/v2\/product\/26593\/revisions"}],"predecessor-version":[{"id":34437,"href":"https:\/\/toys.lt\/lv\/wp-json\/wp\/v2\/product\/26593\/revisions\/34437"}],"wp:featuredmedia":[{"embeddable":true,"href":"https:\/\/toys.lt\/lv\/wp-json\/wp\/v2\/media\/26594"}],"wp:attachment":[{"href":"https:\/\/toys.lt\/lv\/wp-json\/wp\/v2\/media?parent=26593"}],"wp:term":[{"taxonomy":"product_brand","embeddable":true,"href":"https:\/\/toys.lt\/lv\/wp-json\/wp\/v2\/product_brand?post=26593"},{"taxonomy":"product_cat","embeddable":true,"href":"https:\/\/toys.lt\/lv\/wp-json\/wp\/v2\/product_cat?post=26593"},{"taxonomy":"product_tag","embeddable":true,"href":"https:\/\/toys.lt\/lv\/wp-json\/wp\/v2\/product_tag?post=26593"}],"curies":[{"name":"wp","href":"https:\/\/api.w.org\/{rel}","templated":true}]}}