{"id":26573,"date":"2020-04-17T11:54:22","date_gmt":"2020-04-17T11:54:22","guid":{"rendered":"https:\/\/toys.lt\/?post_type=product&#038;p=26573"},"modified":"2026-04-06T00:29:47","modified_gmt":"2026-04-06T00:29:47","slug":"aisl-rinkinys-konstruktorius-3","status":"publish","type":"product","link":"https:\/\/toys.lt\/lv\/produktas\/aisl-rinkinys-konstruktorius-3\/","title":{"rendered":"\u017daisl\u0173 rinkinys &#8211; konstruktorius"},"content":{"rendered":"<p><strong>Savyb\u0117s:<\/strong><\/p>\n<ul style=\"list-style-type: square;\">\n<li style=\"margin: 0px; padding: 0px; font: inherit; border: 0px;\">Lengvai pagaminami ma\u017ei \u017eaislai<\/li>\n<li style=\"margin: 0px; padding: 0px; font: inherit; border: 0px;\">Lengvas konstruktori\u0173 susijungimas<\/li>\n<li style=\"margin: 0px; padding: 0px; font: inherit; border: 0px;\">Skatina rank\u0173 ir aki\u0173 koordinacij\u0105, prie\u017easties ir pasekm\u0117s ry\u0161io pripa\u017einim\u0105,\u00a0motorinius\u00a0\u012fg\u016bd\u017eius, vaizduot\u0119, k\u016brybi\u0161kum\u0105<\/li>\n<\/ul>\n<p>Greitu metu bus platesnis prek\u0117s apra\u0161ymas.<\/p>\n<p>Nor\u0117dami su\u017einoti daugiau informacijos apie prek\u0119, pra\u0161ome skambinti numeriu, kuris yra nurodytas puslapyje.<\/p>\n","protected":false},"excerpt":{"rendered":"<p>Prek\u0117s tipas: konstruktorius<\/p>\n<p>Kilm\u0117s \u0161alis:\u00a0Kinija<\/p>\n<p>Pakuot\u0117s i\u0161matavimai: 18,4 x 33 x 18 cm<\/p>\n<p>Rekomenduojamas am\u017eius: nuo\u00a03 met\u0173<\/p>\n","protected":false},"featured_media":26574,"comment_status":"open","ping_status":"closed","template":"","meta":[],"product_brand":[],"product_cat":[385,389,410,411],"product_tag":[],"class_list":{"0":"post-26573","1":"product","2":"type-product","3":"status-publish","4":"has-post-thumbnail","6":"product_cat-konstruktoriai-2","7":"product_cat-lavinamieji-ir-interaktyvus-zaislai","8":"product_cat-zaislai-berniukams","9":"product_cat-zaislai-mergaitems","10":"pa_amziaus-grupe-76","11":"pa_prek-s-tipas-konstruktoriai-ir-kalad-l-s","13":"first","14":"outofstock","15":"taxable","16":"shipping-taxable","17":"purchasable","18":"product-type-simple"},"yoast_head":"<!-- This site is optimized with the Yoast SEO plugin v26.3 - https:\/\/yoast.com\/wordpress\/plugins\/seo\/ -->\n<title>\u017daisl\u0173 rinkinys - konstruktorius - Toys.lt<\/title>\n<meta name=\"robots\" content=\"index, follow, max-snippet:-1, max-image-preview:large, max-video-preview:-1\" \/>\n<link rel=\"canonical\" href=\"https:\/\/toys.lt\/lv\/produktas\/aisl-rinkinys-konstruktorius-3\/\" \/>\n<meta property=\"og:locale\" content=\"lv_LV\" \/>\n<meta property=\"og:type\" content=\"article\" \/>\n<meta property=\"og:title\" content=\"\u017daisl\u0173 rinkinys - konstruktorius - Toys.lt\" \/>\n<meta property=\"og:description\" content=\"Prek\u0117s tipas: konstruktorius  Kilm\u0117s \u0161alis:\u00a0Kinija  Pakuot\u0117s i\u0161matavimai: 18,4 x 33 x 18 cm  Rekomenduojamas am\u017eius: nuo\u00a03 met\u0173\" \/>\n<meta property=\"og:url\" content=\"https:\/\/toys.lt\/lv\/produktas\/aisl-rinkinys-konstruktorius-3\/\" \/>\n<meta property=\"og:site_name\" content=\"Toys.lt\" \/>\n<meta property=\"article:modified_time\" content=\"2026-04-06T00:29:47+00:00\" \/>\n<meta property=\"og:image\" content=\"https:\/\/toys.lt\/wp-content\/uploads\/2020\/04\/products-673.jpg\" \/>\n\t<meta property=\"og:image:width\" content=\"1181\" \/>\n\t<meta property=\"og:image:height\" content=\"709\" \/>\n\t<meta property=\"og:image:type\" content=\"image\/jpeg\" \/>\n<meta name=\"twitter:card\" content=\"summary_large_image\" \/>\n<meta name=\"twitter:label1\" content=\"Est. reading time\" \/>\n\t<meta name=\"twitter:data1\" content=\"1 minute\" \/>\n<script type=\"application\/ld+json\" class=\"yoast-schema-graph\">{\"@context\":\"https:\/\/schema.org\",\"@graph\":[{\"@type\":\"WebPage\",\"@id\":\"https:\/\/toys.lt\/lv\/produktas\/aisl-rinkinys-konstruktorius-3\/\",\"url\":\"https:\/\/toys.lt\/lv\/produktas\/aisl-rinkinys-konstruktorius-3\/\",\"name\":\"\u017daisl\u0173 rinkinys - konstruktorius - Toys.lt\",\"isPartOf\":{\"@id\":\"https:\/\/toys.lt\/lv\/#website\"},\"primaryImageOfPage\":{\"@id\":\"https:\/\/toys.lt\/lv\/produktas\/aisl-rinkinys-konstruktorius-3\/#primaryimage\"},\"image\":{\"@id\":\"https:\/\/toys.lt\/lv\/produktas\/aisl-rinkinys-konstruktorius-3\/#primaryimage\"},\"thumbnailUrl\":\"https:\/\/toys.lt\/wp-content\/uploads\/2020\/04\/products-673.jpg\",\"datePublished\":\"2020-04-17T11:54:22+00:00\",\"dateModified\":\"2026-04-06T00:29:47+00:00\",\"breadcrumb\":{\"@id\":\"https:\/\/toys.lt\/lv\/produktas\/aisl-rinkinys-konstruktorius-3\/#breadcrumb\"},\"inLanguage\":\"lv-LV\",\"potentialAction\":[{\"@type\":\"ReadAction\",\"target\":[\"https:\/\/toys.lt\/lv\/produktas\/aisl-rinkinys-konstruktorius-3\/\"]}]},{\"@type\":\"ImageObject\",\"inLanguage\":\"lv-LV\",\"@id\":\"https:\/\/toys.lt\/lv\/produktas\/aisl-rinkinys-konstruktorius-3\/#primaryimage\",\"url\":\"https:\/\/toys.lt\/wp-content\/uploads\/2020\/04\/products-673.jpg\",\"contentUrl\":\"https:\/\/toys.lt\/wp-content\/uploads\/2020\/04\/products-673.jpg\",\"width\":1181,\"height\":709},{\"@type\":\"BreadcrumbList\",\"@id\":\"https:\/\/toys.lt\/lv\/produktas\/aisl-rinkinys-konstruktorius-3\/#breadcrumb\",\"itemListElement\":[{\"@type\":\"ListItem\",\"position\":1,\"name\":\"Home\",\"item\":\"https:\/\/toys.lt\/lv\/\"},{\"@type\":\"ListItem\",\"position\":2,\"name\":\"Veikals\",\"item\":\"https:\/\/toys.lt\/lv\/shop\/\"},{\"@type\":\"ListItem\",\"position\":3,\"name\":\"\u017daisl\u0173 rinkinys &#8211; konstruktorius\"}]},{\"@type\":\"WebSite\",\"@id\":\"https:\/\/toys.lt\/lv\/#website\",\"url\":\"https:\/\/toys.lt\/lv\/\",\"name\":\"Toys.lt\",\"description\":\"\",\"potentialAction\":[{\"@type\":\"SearchAction\",\"target\":{\"@type\":\"EntryPoint\",\"urlTemplate\":\"https:\/\/toys.lt\/lv\/?s={search_term_string}\"},\"query-input\":{\"@type\":\"PropertyValueSpecification\",\"valueRequired\":true,\"valueName\":\"search_term_string\"}}],\"inLanguage\":\"lv-LV\"}]}<\/script>\n<!-- \/ Yoast SEO plugin. -->","yoast_head_json":{"title":"\u017daisl\u0173 rinkinys - konstruktorius - Toys.lt","robots":{"index":"index","follow":"follow","max-snippet":"max-snippet:-1","max-image-preview":"max-image-preview:large","max-video-preview":"max-video-preview:-1"},"canonical":"https:\/\/toys.lt\/lv\/produktas\/aisl-rinkinys-konstruktorius-3\/","og_locale":"lv_LV","og_type":"article","og_title":"\u017daisl\u0173 rinkinys - konstruktorius - Toys.lt","og_description":"Prek\u0117s tipas: konstruktorius  Kilm\u0117s \u0161alis:\u00a0Kinija  Pakuot\u0117s i\u0161matavimai: 18,4 x 33 x 18 cm  Rekomenduojamas am\u017eius: nuo\u00a03 met\u0173","og_url":"https:\/\/toys.lt\/lv\/produktas\/aisl-rinkinys-konstruktorius-3\/","og_site_name":"Toys.lt","article_modified_time":"2026-04-06T00:29:47+00:00","og_image":[{"width":1181,"height":709,"url":"https:\/\/toys.lt\/wp-content\/uploads\/2020\/04\/products-673.jpg","type":"image\/jpeg"}],"twitter_card":"summary_large_image","twitter_misc":{"Est. reading time":"1 minute"},"schema":{"@context":"https:\/\/schema.org","@graph":[{"@type":"WebPage","@id":"https:\/\/toys.lt\/lv\/produktas\/aisl-rinkinys-konstruktorius-3\/","url":"https:\/\/toys.lt\/lv\/produktas\/aisl-rinkinys-konstruktorius-3\/","name":"\u017daisl\u0173 rinkinys - konstruktorius - Toys.lt","isPartOf":{"@id":"https:\/\/toys.lt\/lv\/#website"},"primaryImageOfPage":{"@id":"https:\/\/toys.lt\/lv\/produktas\/aisl-rinkinys-konstruktorius-3\/#primaryimage"},"image":{"@id":"https:\/\/toys.lt\/lv\/produktas\/aisl-rinkinys-konstruktorius-3\/#primaryimage"},"thumbnailUrl":"https:\/\/toys.lt\/wp-content\/uploads\/2020\/04\/products-673.jpg","datePublished":"2020-04-17T11:54:22+00:00","dateModified":"2026-04-06T00:29:47+00:00","breadcrumb":{"@id":"https:\/\/toys.lt\/lv\/produktas\/aisl-rinkinys-konstruktorius-3\/#breadcrumb"},"inLanguage":"lv-LV","potentialAction":[{"@type":"ReadAction","target":["https:\/\/toys.lt\/lv\/produktas\/aisl-rinkinys-konstruktorius-3\/"]}]},{"@type":"ImageObject","inLanguage":"lv-LV","@id":"https:\/\/toys.lt\/lv\/produktas\/aisl-rinkinys-konstruktorius-3\/#primaryimage","url":"https:\/\/toys.lt\/wp-content\/uploads\/2020\/04\/products-673.jpg","contentUrl":"https:\/\/toys.lt\/wp-content\/uploads\/2020\/04\/products-673.jpg","width":1181,"height":709},{"@type":"BreadcrumbList","@id":"https:\/\/toys.lt\/lv\/produktas\/aisl-rinkinys-konstruktorius-3\/#breadcrumb","itemListElement":[{"@type":"ListItem","position":1,"name":"Home","item":"https:\/\/toys.lt\/lv\/"},{"@type":"ListItem","position":2,"name":"Veikals","item":"https:\/\/toys.lt\/lv\/shop\/"},{"@type":"ListItem","position":3,"name":"\u017daisl\u0173 rinkinys &#8211; konstruktorius"}]},{"@type":"WebSite","@id":"https:\/\/toys.lt\/lv\/#website","url":"https:\/\/toys.lt\/lv\/","name":"Toys.lt","description":"","potentialAction":[{"@type":"SearchAction","target":{"@type":"EntryPoint","urlTemplate":"https:\/\/toys.lt\/lv\/?s={search_term_string}"},"query-input":{"@type":"PropertyValueSpecification","valueRequired":true,"valueName":"search_term_string"}}],"inLanguage":"lv-LV"}]}},"_links":{"self":[{"href":"https:\/\/toys.lt\/lv\/wp-json\/wp\/v2\/product\/26573","targetHints":{"allow":["GET"]}}],"collection":[{"href":"https:\/\/toys.lt\/lv\/wp-json\/wp\/v2\/product"}],"about":[{"href":"https:\/\/toys.lt\/lv\/wp-json\/wp\/v2\/types\/product"}],"replies":[{"embeddable":true,"href":"https:\/\/toys.lt\/lv\/wp-json\/wp\/v2\/comments?post=26573"}],"version-history":[{"count":0,"href":"https:\/\/toys.lt\/lv\/wp-json\/wp\/v2\/product\/26573\/revisions"}],"wp:featuredmedia":[{"embeddable":true,"href":"https:\/\/toys.lt\/lv\/wp-json\/wp\/v2\/media\/26574"}],"wp:attachment":[{"href":"https:\/\/toys.lt\/lv\/wp-json\/wp\/v2\/media?parent=26573"}],"wp:term":[{"taxonomy":"product_brand","embeddable":true,"href":"https:\/\/toys.lt\/lv\/wp-json\/wp\/v2\/product_brand?post=26573"},{"taxonomy":"product_cat","embeddable":true,"href":"https:\/\/toys.lt\/lv\/wp-json\/wp\/v2\/product_cat?post=26573"},{"taxonomy":"product_tag","embeddable":true,"href":"https:\/\/toys.lt\/lv\/wp-json\/wp\/v2\/product_tag?post=26573"}],"curies":[{"name":"wp","href":"https:\/\/api.w.org\/{rel}","templated":true}]}}