{"id":26567,"date":"2020-04-17T11:22:05","date_gmt":"2020-04-17T11:22:05","guid":{"rendered":"https:\/\/toys.lt\/?post_type=product&#038;p=26567"},"modified":"2026-04-06T00:29:47","modified_gmt":"2026-04-06T00:29:47","slug":"pirkini-krepselis-su-indais-ir-vaisiais","status":"publish","type":"product","link":"https:\/\/toys.lt\/lv\/produktas\/pirkini-krepselis-su-indais-ir-vaisiais\/","title":{"rendered":"Pirkini\u0173 krep\u0161elis su indais ir vaisiais"},"content":{"rendered":"<p><strong>Savyb\u0117s:<\/strong><\/p>\n<ul style=\"list-style-type: square;\">\n<li style=\"margin: 0px; padding: 0px; font: inherit; border: 0px;\">29\u00a0priedai, \u012fskaitant pirkini\u0173 krep\u0161el\u012f<\/li>\n<li style=\"margin: 0px; padding: 0px; font: inherit; border: 0px;\">Vaisius\u00a0galima pjaustyti rinkinyje esan\u010diu plastikiniu peiliu, o v\u0117liau jas sujungti<\/li>\n<li style=\"margin: 0px; padding: 0px; font: inherit; border: 0px;\">Saugios, netoksin\u0117s med\u017eiagos<\/li>\n<li style=\"margin: 0px; padding: 0px; font: inherit; border: 0px;\">Skatina vaiko socialini\u0173 \u012fg\u016bd\u017ei\u0173 vystym\u0105si, intelekto tobulinim\u0105, ple\u010dia akirat\u012f<\/li>\n<\/ul>\n<p>&nbsp;<\/p>\n","protected":false},"excerpt":{"rendered":"<p>Prek\u0117s tipas: pirkini\u0173 krep\u0161elis<\/p>\n<p>Kilm\u0117s \u0161alis: Kinija<\/p>\n<p>Produkto med\u017eiaga: plastikas<\/p>\n<p>Rekomenduojamas am\u017eius: nuo 3 met\u0173<\/p>\n","protected":false},"featured_media":26568,"comment_status":"open","ping_status":"closed","template":"","meta":[],"product_brand":[],"product_cat":[396],"product_tag":[],"class_list":{"0":"post-26567","1":"product","2":"type-product","3":"status-publish","4":"has-post-thumbnail","6":"product_cat-zaislines-virtuveles-indai-ir-priedai","7":"pa_amziaus-grupe-76","9":"first","10":"outofstock","11":"taxable","12":"shipping-taxable","13":"purchasable","14":"product-type-simple"},"yoast_head":"<!-- This site is optimized with the Yoast SEO plugin v26.3 - https:\/\/yoast.com\/wordpress\/plugins\/seo\/ -->\n<title>Pirkini\u0173 krep\u0161elis su indais ir vaisiais - Toys.lt<\/title>\n<meta name=\"robots\" content=\"index, follow, max-snippet:-1, max-image-preview:large, max-video-preview:-1\" \/>\n<link rel=\"canonical\" href=\"https:\/\/toys.lt\/lv\/produktas\/pirkini-krepselis-su-indais-ir-vaisiais\/\" \/>\n<meta property=\"og:locale\" content=\"lv_LV\" \/>\n<meta property=\"og:type\" content=\"article\" \/>\n<meta property=\"og:title\" content=\"Pirkini\u0173 krep\u0161elis su indais ir vaisiais - Toys.lt\" \/>\n<meta property=\"og:description\" content=\"Prek\u0117s tipas: pirkini\u0173 krep\u0161elis  Kilm\u0117s \u0161alis: Kinija  Produkto med\u017eiaga: plastikas  Rekomenduojamas am\u017eius: nuo 3 met\u0173\" \/>\n<meta property=\"og:url\" content=\"https:\/\/toys.lt\/lv\/produktas\/pirkini-krepselis-su-indais-ir-vaisiais\/\" \/>\n<meta property=\"og:site_name\" content=\"Toys.lt\" \/>\n<meta property=\"article:modified_time\" content=\"2026-04-06T00:29:47+00:00\" \/>\n<meta property=\"og:image\" content=\"https:\/\/toys.lt\/wp-content\/uploads\/2020\/04\/products-670.jpg\" \/>\n\t<meta property=\"og:image:width\" content=\"1920\" \/>\n\t<meta property=\"og:image:height\" content=\"1440\" \/>\n\t<meta property=\"og:image:type\" content=\"image\/jpeg\" \/>\n<meta name=\"twitter:card\" content=\"summary_large_image\" \/>\n<meta name=\"twitter:label1\" content=\"Est. reading time\" \/>\n\t<meta name=\"twitter:data1\" content=\"1 minute\" \/>\n<script type=\"application\/ld+json\" class=\"yoast-schema-graph\">{\"@context\":\"https:\/\/schema.org\",\"@graph\":[{\"@type\":\"WebPage\",\"@id\":\"https:\/\/toys.lt\/lv\/produktas\/pirkini-krepselis-su-indais-ir-vaisiais\/\",\"url\":\"https:\/\/toys.lt\/lv\/produktas\/pirkini-krepselis-su-indais-ir-vaisiais\/\",\"name\":\"Pirkini\u0173 krep\u0161elis su indais ir vaisiais - Toys.lt\",\"isPartOf\":{\"@id\":\"https:\/\/toys.lt\/lv\/#website\"},\"primaryImageOfPage\":{\"@id\":\"https:\/\/toys.lt\/lv\/produktas\/pirkini-krepselis-su-indais-ir-vaisiais\/#primaryimage\"},\"image\":{\"@id\":\"https:\/\/toys.lt\/lv\/produktas\/pirkini-krepselis-su-indais-ir-vaisiais\/#primaryimage\"},\"thumbnailUrl\":\"https:\/\/toys.lt\/wp-content\/uploads\/2020\/04\/products-670.jpg\",\"datePublished\":\"2020-04-17T11:22:05+00:00\",\"dateModified\":\"2026-04-06T00:29:47+00:00\",\"breadcrumb\":{\"@id\":\"https:\/\/toys.lt\/lv\/produktas\/pirkini-krepselis-su-indais-ir-vaisiais\/#breadcrumb\"},\"inLanguage\":\"lv-LV\",\"potentialAction\":[{\"@type\":\"ReadAction\",\"target\":[\"https:\/\/toys.lt\/lv\/produktas\/pirkini-krepselis-su-indais-ir-vaisiais\/\"]}]},{\"@type\":\"ImageObject\",\"inLanguage\":\"lv-LV\",\"@id\":\"https:\/\/toys.lt\/lv\/produktas\/pirkini-krepselis-su-indais-ir-vaisiais\/#primaryimage\",\"url\":\"https:\/\/toys.lt\/wp-content\/uploads\/2020\/04\/products-670.jpg\",\"contentUrl\":\"https:\/\/toys.lt\/wp-content\/uploads\/2020\/04\/products-670.jpg\",\"width\":1920,\"height\":1440,\"caption\":\"\u017daislinis pirkini\u0173 krep\u0161elis su indais ir vaisiais\"},{\"@type\":\"BreadcrumbList\",\"@id\":\"https:\/\/toys.lt\/lv\/produktas\/pirkini-krepselis-su-indais-ir-vaisiais\/#breadcrumb\",\"itemListElement\":[{\"@type\":\"ListItem\",\"position\":1,\"name\":\"Home\",\"item\":\"https:\/\/toys.lt\/lv\/\"},{\"@type\":\"ListItem\",\"position\":2,\"name\":\"Veikals\",\"item\":\"https:\/\/toys.lt\/lv\/shop\/\"},{\"@type\":\"ListItem\",\"position\":3,\"name\":\"Pirkini\u0173 krep\u0161elis su indais ir vaisiais\"}]},{\"@type\":\"WebSite\",\"@id\":\"https:\/\/toys.lt\/lv\/#website\",\"url\":\"https:\/\/toys.lt\/lv\/\",\"name\":\"Toys.lt\",\"description\":\"\",\"potentialAction\":[{\"@type\":\"SearchAction\",\"target\":{\"@type\":\"EntryPoint\",\"urlTemplate\":\"https:\/\/toys.lt\/lv\/?s={search_term_string}\"},\"query-input\":{\"@type\":\"PropertyValueSpecification\",\"valueRequired\":true,\"valueName\":\"search_term_string\"}}],\"inLanguage\":\"lv-LV\"}]}<\/script>\n<!-- \/ Yoast SEO plugin. -->","yoast_head_json":{"title":"Pirkini\u0173 krep\u0161elis su indais ir vaisiais - Toys.lt","robots":{"index":"index","follow":"follow","max-snippet":"max-snippet:-1","max-image-preview":"max-image-preview:large","max-video-preview":"max-video-preview:-1"},"canonical":"https:\/\/toys.lt\/lv\/produktas\/pirkini-krepselis-su-indais-ir-vaisiais\/","og_locale":"lv_LV","og_type":"article","og_title":"Pirkini\u0173 krep\u0161elis su indais ir vaisiais - Toys.lt","og_description":"Prek\u0117s tipas: pirkini\u0173 krep\u0161elis  Kilm\u0117s \u0161alis: Kinija  Produkto med\u017eiaga: plastikas  Rekomenduojamas am\u017eius: nuo 3 met\u0173","og_url":"https:\/\/toys.lt\/lv\/produktas\/pirkini-krepselis-su-indais-ir-vaisiais\/","og_site_name":"Toys.lt","article_modified_time":"2026-04-06T00:29:47+00:00","og_image":[{"width":1920,"height":1440,"url":"https:\/\/toys.lt\/wp-content\/uploads\/2020\/04\/products-670.jpg","type":"image\/jpeg"}],"twitter_card":"summary_large_image","twitter_misc":{"Est. reading time":"1 minute"},"schema":{"@context":"https:\/\/schema.org","@graph":[{"@type":"WebPage","@id":"https:\/\/toys.lt\/lv\/produktas\/pirkini-krepselis-su-indais-ir-vaisiais\/","url":"https:\/\/toys.lt\/lv\/produktas\/pirkini-krepselis-su-indais-ir-vaisiais\/","name":"Pirkini\u0173 krep\u0161elis su indais ir vaisiais - Toys.lt","isPartOf":{"@id":"https:\/\/toys.lt\/lv\/#website"},"primaryImageOfPage":{"@id":"https:\/\/toys.lt\/lv\/produktas\/pirkini-krepselis-su-indais-ir-vaisiais\/#primaryimage"},"image":{"@id":"https:\/\/toys.lt\/lv\/produktas\/pirkini-krepselis-su-indais-ir-vaisiais\/#primaryimage"},"thumbnailUrl":"https:\/\/toys.lt\/wp-content\/uploads\/2020\/04\/products-670.jpg","datePublished":"2020-04-17T11:22:05+00:00","dateModified":"2026-04-06T00:29:47+00:00","breadcrumb":{"@id":"https:\/\/toys.lt\/lv\/produktas\/pirkini-krepselis-su-indais-ir-vaisiais\/#breadcrumb"},"inLanguage":"lv-LV","potentialAction":[{"@type":"ReadAction","target":["https:\/\/toys.lt\/lv\/produktas\/pirkini-krepselis-su-indais-ir-vaisiais\/"]}]},{"@type":"ImageObject","inLanguage":"lv-LV","@id":"https:\/\/toys.lt\/lv\/produktas\/pirkini-krepselis-su-indais-ir-vaisiais\/#primaryimage","url":"https:\/\/toys.lt\/wp-content\/uploads\/2020\/04\/products-670.jpg","contentUrl":"https:\/\/toys.lt\/wp-content\/uploads\/2020\/04\/products-670.jpg","width":1920,"height":1440,"caption":"\u017daislinis pirkini\u0173 krep\u0161elis su indais ir vaisiais"},{"@type":"BreadcrumbList","@id":"https:\/\/toys.lt\/lv\/produktas\/pirkini-krepselis-su-indais-ir-vaisiais\/#breadcrumb","itemListElement":[{"@type":"ListItem","position":1,"name":"Home","item":"https:\/\/toys.lt\/lv\/"},{"@type":"ListItem","position":2,"name":"Veikals","item":"https:\/\/toys.lt\/lv\/shop\/"},{"@type":"ListItem","position":3,"name":"Pirkini\u0173 krep\u0161elis su indais ir vaisiais"}]},{"@type":"WebSite","@id":"https:\/\/toys.lt\/lv\/#website","url":"https:\/\/toys.lt\/lv\/","name":"Toys.lt","description":"","potentialAction":[{"@type":"SearchAction","target":{"@type":"EntryPoint","urlTemplate":"https:\/\/toys.lt\/lv\/?s={search_term_string}"},"query-input":{"@type":"PropertyValueSpecification","valueRequired":true,"valueName":"search_term_string"}}],"inLanguage":"lv-LV"}]}},"_links":{"self":[{"href":"https:\/\/toys.lt\/lv\/wp-json\/wp\/v2\/product\/26567","targetHints":{"allow":["GET"]}}],"collection":[{"href":"https:\/\/toys.lt\/lv\/wp-json\/wp\/v2\/product"}],"about":[{"href":"https:\/\/toys.lt\/lv\/wp-json\/wp\/v2\/types\/product"}],"replies":[{"embeddable":true,"href":"https:\/\/toys.lt\/lv\/wp-json\/wp\/v2\/comments?post=26567"}],"version-history":[{"count":2,"href":"https:\/\/toys.lt\/lv\/wp-json\/wp\/v2\/product\/26567\/revisions"}],"predecessor-version":[{"id":32763,"href":"https:\/\/toys.lt\/lv\/wp-json\/wp\/v2\/product\/26567\/revisions\/32763"}],"wp:featuredmedia":[{"embeddable":true,"href":"https:\/\/toys.lt\/lv\/wp-json\/wp\/v2\/media\/26568"}],"wp:attachment":[{"href":"https:\/\/toys.lt\/lv\/wp-json\/wp\/v2\/media?parent=26567"}],"wp:term":[{"taxonomy":"product_brand","embeddable":true,"href":"https:\/\/toys.lt\/lv\/wp-json\/wp\/v2\/product_brand?post=26567"},{"taxonomy":"product_cat","embeddable":true,"href":"https:\/\/toys.lt\/lv\/wp-json\/wp\/v2\/product_cat?post=26567"},{"taxonomy":"product_tag","embeddable":true,"href":"https:\/\/toys.lt\/lv\/wp-json\/wp\/v2\/product_tag?post=26567"}],"curies":[{"name":"wp","href":"https:\/\/api.w.org\/{rel}","templated":true}]}}