{"id":26559,"date":"2020-04-17T11:12:13","date_gmt":"2020-04-17T11:12:13","guid":{"rendered":"https:\/\/toys.lt\/?post_type=product&#038;p=26559"},"modified":"2026-04-07T00:02:55","modified_gmt":"2026-04-07T00:02:55","slug":"l-l-su-priedais-3","status":"publish","type":"product","link":"https:\/\/toys.lt\/lv\/produktas\/l-l-su-priedais-3\/","title":{"rendered":"L\u0117l\u0117 su priedais"},"content":{"rendered":"<p><strong>Savyb\u0117s:<\/strong><\/p>\n<ul style=\"list-style-type: square\">\n<li style=\"margin: 0px;padding: 0px;font: inherit;border: 0px\">Priede \u012fvair\u016bs aksesuarai bei suknel\u0117<\/li>\n<li style=\"margin: 0px;padding: 0px;font: inherit;border: 0px\">Galimyb\u0117 rinktis i\u0161 dviej\u0173 \u017eaislo variant\u0173<\/li>\n<li style=\"margin: 0px;padding: 0px;font: inherit;border: 0px\">Spalvingas ir \u017eavingas stilius<\/li>\n<li style=\"margin: 0px;padding: 0px;font: inherit;border: 0px\">Lavina\u00a0vaizduot\u0119, k\u016brybingum\u0105<\/li>\n<li style=\"margin: 0px;padding: 0px;font: inherit;border: 0px\">Galima \u017eaisti su draugais<\/li>\n<li style=\"margin: 0px;padding: 0px;font: inherit;border: 0px\">Saugu \u017eaisti<\/li>\n<\/ul>\n<p>&nbsp;<\/p>\n","protected":false},"excerpt":{"rendered":"<p>Prek\u0117s tipas: l\u0117l\u0117 su priedais<\/p>\n<p>Kilm\u0117s \u0161alis: Kinija<\/p>\n<p>Pakuot\u0117s i\u0161matavimai: 10 x 48 x 36,5 cm<\/p>\n<p>Rekomenduojamas am\u017eius: nuo 3 met\u0173<\/p>\n","protected":false},"featured_media":26562,"comment_status":"open","ping_status":"closed","template":"","meta":[],"product_brand":[],"product_cat":[418,411,406],"product_tag":[],"class_list":{"0":"post-26559","1":"product","2":"type-product","3":"status-publish","4":"has-post-thumbnail","6":"product_cat-pigu","7":"product_cat-zaislai-mergaitems","8":"product_cat-zaislines-leles-ir-priedai","9":"pa_amziaus-grupe-76","10":"pa_prek-s-spalva-rausva","11":"pa_prek-s-spalva-violetin","13":"first","14":"outofstock","15":"taxable","16":"shipping-taxable","17":"purchasable","18":"product-type-simple"},"yoast_head":"<!-- This site is optimized with the Yoast SEO plugin v26.3 - https:\/\/yoast.com\/wordpress\/plugins\/seo\/ -->\n<title>L\u0117l\u0117 su priedais - Toys.lt<\/title>\n<meta name=\"robots\" content=\"index, follow, max-snippet:-1, max-image-preview:large, max-video-preview:-1\" \/>\n<link rel=\"canonical\" href=\"https:\/\/toys.lt\/lv\/produktas\/l-l-su-priedais-3\/\" \/>\n<meta property=\"og:locale\" content=\"lv_LV\" \/>\n<meta property=\"og:type\" content=\"article\" \/>\n<meta property=\"og:title\" content=\"L\u0117l\u0117 su priedais - Toys.lt\" \/>\n<meta property=\"og:description\" content=\"Prek\u0117s tipas: l\u0117l\u0117 su priedais  Kilm\u0117s \u0161alis: Kinija  Pakuot\u0117s i\u0161matavimai: 10 x 48 x 36,5 cm  Rekomenduojamas am\u017eius: nuo 3 met\u0173\" \/>\n<meta property=\"og:url\" content=\"https:\/\/toys.lt\/lv\/produktas\/l-l-su-priedais-3\/\" \/>\n<meta property=\"og:site_name\" content=\"Toys.lt\" \/>\n<meta property=\"article:modified_time\" content=\"2026-04-07T00:02:55+00:00\" \/>\n<meta property=\"og:image\" content=\"https:\/\/toys.lt\/wp-content\/uploads\/2020\/04\/products-668.jpg\" \/>\n\t<meta property=\"og:image:width\" content=\"1895\" \/>\n\t<meta property=\"og:image:height\" content=\"1159\" \/>\n\t<meta property=\"og:image:type\" content=\"image\/jpeg\" \/>\n<meta name=\"twitter:card\" content=\"summary_large_image\" \/>\n<meta name=\"twitter:label1\" content=\"Est. reading time\" \/>\n\t<meta name=\"twitter:data1\" content=\"1 minute\" \/>\n<script type=\"application\/ld+json\" class=\"yoast-schema-graph\">{\"@context\":\"https:\/\/schema.org\",\"@graph\":[{\"@type\":\"WebPage\",\"@id\":\"https:\/\/toys.lt\/lv\/produktas\/l-l-su-priedais-3\/\",\"url\":\"https:\/\/toys.lt\/lv\/produktas\/l-l-su-priedais-3\/\",\"name\":\"L\u0117l\u0117 su priedais - Toys.lt\",\"isPartOf\":{\"@id\":\"https:\/\/toys.lt\/lv\/#website\"},\"primaryImageOfPage\":{\"@id\":\"https:\/\/toys.lt\/lv\/produktas\/l-l-su-priedais-3\/#primaryimage\"},\"image\":{\"@id\":\"https:\/\/toys.lt\/lv\/produktas\/l-l-su-priedais-3\/#primaryimage\"},\"thumbnailUrl\":\"https:\/\/toys.lt\/wp-content\/uploads\/2020\/04\/products-668.jpg\",\"datePublished\":\"2020-04-17T11:12:13+00:00\",\"dateModified\":\"2026-04-07T00:02:55+00:00\",\"breadcrumb\":{\"@id\":\"https:\/\/toys.lt\/lv\/produktas\/l-l-su-priedais-3\/#breadcrumb\"},\"inLanguage\":\"lv-LV\",\"potentialAction\":[{\"@type\":\"ReadAction\",\"target\":[\"https:\/\/toys.lt\/lv\/produktas\/l-l-su-priedais-3\/\"]}]},{\"@type\":\"ImageObject\",\"inLanguage\":\"lv-LV\",\"@id\":\"https:\/\/toys.lt\/lv\/produktas\/l-l-su-priedais-3\/#primaryimage\",\"url\":\"https:\/\/toys.lt\/wp-content\/uploads\/2020\/04\/products-668.jpg\",\"contentUrl\":\"https:\/\/toys.lt\/wp-content\/uploads\/2020\/04\/products-668.jpg\",\"width\":1895,\"height\":1159,\"caption\":\"mergaitems zaislai\"},{\"@type\":\"BreadcrumbList\",\"@id\":\"https:\/\/toys.lt\/lv\/produktas\/l-l-su-priedais-3\/#breadcrumb\",\"itemListElement\":[{\"@type\":\"ListItem\",\"position\":1,\"name\":\"Home\",\"item\":\"https:\/\/toys.lt\/lv\/\"},{\"@type\":\"ListItem\",\"position\":2,\"name\":\"Veikals\",\"item\":\"https:\/\/toys.lt\/lv\/shop\/\"},{\"@type\":\"ListItem\",\"position\":3,\"name\":\"L\u0117l\u0117 su priedais\"}]},{\"@type\":\"WebSite\",\"@id\":\"https:\/\/toys.lt\/lv\/#website\",\"url\":\"https:\/\/toys.lt\/lv\/\",\"name\":\"Toys.lt\",\"description\":\"\",\"potentialAction\":[{\"@type\":\"SearchAction\",\"target\":{\"@type\":\"EntryPoint\",\"urlTemplate\":\"https:\/\/toys.lt\/lv\/?s={search_term_string}\"},\"query-input\":{\"@type\":\"PropertyValueSpecification\",\"valueRequired\":true,\"valueName\":\"search_term_string\"}}],\"inLanguage\":\"lv-LV\"}]}<\/script>\n<!-- \/ Yoast SEO plugin. -->","yoast_head_json":{"title":"L\u0117l\u0117 su priedais - Toys.lt","robots":{"index":"index","follow":"follow","max-snippet":"max-snippet:-1","max-image-preview":"max-image-preview:large","max-video-preview":"max-video-preview:-1"},"canonical":"https:\/\/toys.lt\/lv\/produktas\/l-l-su-priedais-3\/","og_locale":"lv_LV","og_type":"article","og_title":"L\u0117l\u0117 su priedais - Toys.lt","og_description":"Prek\u0117s tipas: l\u0117l\u0117 su priedais  Kilm\u0117s \u0161alis: Kinija  Pakuot\u0117s i\u0161matavimai: 10 x 48 x 36,5 cm  Rekomenduojamas am\u017eius: nuo 3 met\u0173","og_url":"https:\/\/toys.lt\/lv\/produktas\/l-l-su-priedais-3\/","og_site_name":"Toys.lt","article_modified_time":"2026-04-07T00:02:55+00:00","og_image":[{"width":1895,"height":1159,"url":"https:\/\/toys.lt\/wp-content\/uploads\/2020\/04\/products-668.jpg","type":"image\/jpeg"}],"twitter_card":"summary_large_image","twitter_misc":{"Est. reading time":"1 minute"},"schema":{"@context":"https:\/\/schema.org","@graph":[{"@type":"WebPage","@id":"https:\/\/toys.lt\/lv\/produktas\/l-l-su-priedais-3\/","url":"https:\/\/toys.lt\/lv\/produktas\/l-l-su-priedais-3\/","name":"L\u0117l\u0117 su priedais - Toys.lt","isPartOf":{"@id":"https:\/\/toys.lt\/lv\/#website"},"primaryImageOfPage":{"@id":"https:\/\/toys.lt\/lv\/produktas\/l-l-su-priedais-3\/#primaryimage"},"image":{"@id":"https:\/\/toys.lt\/lv\/produktas\/l-l-su-priedais-3\/#primaryimage"},"thumbnailUrl":"https:\/\/toys.lt\/wp-content\/uploads\/2020\/04\/products-668.jpg","datePublished":"2020-04-17T11:12:13+00:00","dateModified":"2026-04-07T00:02:55+00:00","breadcrumb":{"@id":"https:\/\/toys.lt\/lv\/produktas\/l-l-su-priedais-3\/#breadcrumb"},"inLanguage":"lv-LV","potentialAction":[{"@type":"ReadAction","target":["https:\/\/toys.lt\/lv\/produktas\/l-l-su-priedais-3\/"]}]},{"@type":"ImageObject","inLanguage":"lv-LV","@id":"https:\/\/toys.lt\/lv\/produktas\/l-l-su-priedais-3\/#primaryimage","url":"https:\/\/toys.lt\/wp-content\/uploads\/2020\/04\/products-668.jpg","contentUrl":"https:\/\/toys.lt\/wp-content\/uploads\/2020\/04\/products-668.jpg","width":1895,"height":1159,"caption":"mergaitems zaislai"},{"@type":"BreadcrumbList","@id":"https:\/\/toys.lt\/lv\/produktas\/l-l-su-priedais-3\/#breadcrumb","itemListElement":[{"@type":"ListItem","position":1,"name":"Home","item":"https:\/\/toys.lt\/lv\/"},{"@type":"ListItem","position":2,"name":"Veikals","item":"https:\/\/toys.lt\/lv\/shop\/"},{"@type":"ListItem","position":3,"name":"L\u0117l\u0117 su priedais"}]},{"@type":"WebSite","@id":"https:\/\/toys.lt\/lv\/#website","url":"https:\/\/toys.lt\/lv\/","name":"Toys.lt","description":"","potentialAction":[{"@type":"SearchAction","target":{"@type":"EntryPoint","urlTemplate":"https:\/\/toys.lt\/lv\/?s={search_term_string}"},"query-input":{"@type":"PropertyValueSpecification","valueRequired":true,"valueName":"search_term_string"}}],"inLanguage":"lv-LV"}]}},"_links":{"self":[{"href":"https:\/\/toys.lt\/lv\/wp-json\/wp\/v2\/product\/26559","targetHints":{"allow":["GET"]}}],"collection":[{"href":"https:\/\/toys.lt\/lv\/wp-json\/wp\/v2\/product"}],"about":[{"href":"https:\/\/toys.lt\/lv\/wp-json\/wp\/v2\/types\/product"}],"replies":[{"embeddable":true,"href":"https:\/\/toys.lt\/lv\/wp-json\/wp\/v2\/comments?post=26559"}],"version-history":[{"count":3,"href":"https:\/\/toys.lt\/lv\/wp-json\/wp\/v2\/product\/26559\/revisions"}],"predecessor-version":[{"id":43579,"href":"https:\/\/toys.lt\/lv\/wp-json\/wp\/v2\/product\/26559\/revisions\/43579"}],"wp:featuredmedia":[{"embeddable":true,"href":"https:\/\/toys.lt\/lv\/wp-json\/wp\/v2\/media\/26562"}],"wp:attachment":[{"href":"https:\/\/toys.lt\/lv\/wp-json\/wp\/v2\/media?parent=26559"}],"wp:term":[{"taxonomy":"product_brand","embeddable":true,"href":"https:\/\/toys.lt\/lv\/wp-json\/wp\/v2\/product_brand?post=26559"},{"taxonomy":"product_cat","embeddable":true,"href":"https:\/\/toys.lt\/lv\/wp-json\/wp\/v2\/product_cat?post=26559"},{"taxonomy":"product_tag","embeddable":true,"href":"https:\/\/toys.lt\/lv\/wp-json\/wp\/v2\/product_tag?post=26559"}],"curies":[{"name":"wp","href":"https:\/\/api.w.org\/{rel}","templated":true}]}}