{"id":26521,"date":"2020-04-17T09:39:12","date_gmt":"2020-04-17T09:39:12","guid":{"rendered":"https:\/\/toys.lt\/?post_type=product&#038;p=26521"},"modified":"2026-04-06T00:29:45","modified_gmt":"2026-04-06T00:29:45","slug":"aislinis-dulki-siurblys-2","status":"publish","type":"product","link":"https:\/\/toys.lt\/lv\/produktas\/aislinis-dulki-siurblys-2\/","title":{"rendered":"\u017daislinis dulki\u0173 siurblys"},"content":{"rendered":"<p><strong>Savyb\u0117s:<\/strong><\/p>\n<ul style=\"list-style-type:square\">\n<li style=\"margin:0px;padding:0px;font:inherit;border:0px\">Jis\u00a0siurbia putplas\u010dio rutulius, kurie\u00a0yra priede<\/li>\n<li style=\"margin:0px;padding:0px;font:inherit;border:0px\">Imituoja tikro dulki\u0173 siurblio \u0161urmul\u012f<\/li>\n<li style=\"margin:0px;padding:0px;font:inherit;border:0px\">\u0160viesos efektai<\/li>\n<li style=\"margin:0px;padding:0px;font:inherit;border:0px\">Saugus vaik\u0173 sveikatai<\/li>\n<li style=\"margin:0px;padding:0px;font:inherit;border:0px\">Lavina m\u0105stym\u0105, judesi\u0173 koordinacij\u0105, tvarkymo \u012fg\u016bd\u017eius<\/li>\n<\/ul>\n","protected":false},"excerpt":{"rendered":"<p>Prek\u0117s tipas:\u00a0dulki\u0173 siurblys<\/p>\n<p>Kilm\u0117s \u0161alis: Kinija<\/p>\n<p>Pakuot\u0117s\u00a0i\u0161matavimai: 15 x 29,5 x 18 cm<\/p>\n<p>Produkto med\u017eiaga: plastikas<\/p>\n<p>Rekomenduojamas am\u017eius: nuo 3 met\u0173<\/p>\n","protected":false},"featured_media":26522,"comment_status":"open","ping_status":"closed","template":"","meta":[],"product_brand":[],"product_cat":[418,410,411,407],"product_tag":[],"class_list":{"0":"post-26521","1":"product","2":"type-product","3":"status-publish","4":"has-post-thumbnail","6":"product_cat-pigu","7":"product_cat-zaislai-berniukams","8":"product_cat-zaislai-mergaitems","9":"product_cat-zaisliniai-specialisto-irankiai","10":"pa_amziaus-grupe-76","12":"first","13":"outofstock","14":"taxable","15":"shipping-taxable","16":"purchasable","17":"product-type-simple"},"yoast_head":"<!-- This site is optimized with the Yoast SEO plugin v26.3 - https:\/\/yoast.com\/wordpress\/plugins\/seo\/ -->\n<title>\u017daislinis dulki\u0173 siurblys - Toys.lt<\/title>\n<meta name=\"robots\" content=\"index, follow, max-snippet:-1, max-image-preview:large, max-video-preview:-1\" \/>\n<link rel=\"canonical\" href=\"https:\/\/toys.lt\/lv\/produktas\/aislinis-dulki-siurblys-2\/\" \/>\n<meta property=\"og:locale\" content=\"lv_LV\" \/>\n<meta property=\"og:type\" content=\"article\" \/>\n<meta property=\"og:title\" content=\"\u017daislinis dulki\u0173 siurblys - Toys.lt\" \/>\n<meta property=\"og:description\" content=\"Prek\u0117s tipas:\u00a0dulki\u0173 siurblys Kilm\u0117s \u0161alis: Kinija Pakuot\u0117s\u00a0i\u0161matavimai: 15 x 29,5 x 18 cm Produkto med\u017eiaga: plastikas Rekomenduojamas am\u017eius: nuo 3 met\u0173\" \/>\n<meta property=\"og:url\" content=\"https:\/\/toys.lt\/lv\/produktas\/aislinis-dulki-siurblys-2\/\" \/>\n<meta property=\"og:site_name\" content=\"Toys.lt\" \/>\n<meta property=\"article:modified_time\" content=\"2026-04-06T00:29:45+00:00\" \/>\n<meta property=\"og:image\" content=\"https:\/\/toys.lt\/wp-content\/uploads\/2023\/06\/products-4870.jpg\" \/>\n\t<meta property=\"og:image:width\" content=\"807\" \/>\n\t<meta property=\"og:image:height\" content=\"605\" \/>\n\t<meta property=\"og:image:type\" content=\"image\/jpeg\" \/>\n<meta name=\"twitter:card\" content=\"summary_large_image\" \/>\n<script type=\"application\/ld+json\" class=\"yoast-schema-graph\">{\"@context\":\"https:\/\/schema.org\",\"@graph\":[{\"@type\":\"WebPage\",\"@id\":\"https:\/\/toys.lt\/lv\/produktas\/aislinis-dulki-siurblys-2\/\",\"url\":\"https:\/\/toys.lt\/lv\/produktas\/aislinis-dulki-siurblys-2\/\",\"name\":\"\u017daislinis dulki\u0173 siurblys - Toys.lt\",\"isPartOf\":{\"@id\":\"https:\/\/toys.lt\/lv\/#website\"},\"primaryImageOfPage\":{\"@id\":\"https:\/\/toys.lt\/lv\/produktas\/aislinis-dulki-siurblys-2\/#primaryimage\"},\"image\":{\"@id\":\"https:\/\/toys.lt\/lv\/produktas\/aislinis-dulki-siurblys-2\/#primaryimage\"},\"thumbnailUrl\":\"https:\/\/toys.lt\/wp-content\/uploads\/2023\/06\/products-4870.jpg\",\"datePublished\":\"2020-04-17T09:39:12+00:00\",\"dateModified\":\"2026-04-06T00:29:45+00:00\",\"breadcrumb\":{\"@id\":\"https:\/\/toys.lt\/lv\/produktas\/aislinis-dulki-siurblys-2\/#breadcrumb\"},\"inLanguage\":\"lv-LV\",\"potentialAction\":[{\"@type\":\"ReadAction\",\"target\":[\"https:\/\/toys.lt\/lv\/produktas\/aislinis-dulki-siurblys-2\/\"]}]},{\"@type\":\"ImageObject\",\"inLanguage\":\"lv-LV\",\"@id\":\"https:\/\/toys.lt\/lv\/produktas\/aislinis-dulki-siurblys-2\/#primaryimage\",\"url\":\"https:\/\/toys.lt\/wp-content\/uploads\/2023\/06\/products-4870.jpg\",\"contentUrl\":\"https:\/\/toys.lt\/wp-content\/uploads\/2023\/06\/products-4870.jpg\",\"width\":807,\"height\":605,\"caption\":\"\u017daislinis dulki\u0173 siurblys\"},{\"@type\":\"BreadcrumbList\",\"@id\":\"https:\/\/toys.lt\/lv\/produktas\/aislinis-dulki-siurblys-2\/#breadcrumb\",\"itemListElement\":[{\"@type\":\"ListItem\",\"position\":1,\"name\":\"Home\",\"item\":\"https:\/\/toys.lt\/lv\/\"},{\"@type\":\"ListItem\",\"position\":2,\"name\":\"Veikals\",\"item\":\"https:\/\/toys.lt\/lv\/shop\/\"},{\"@type\":\"ListItem\",\"position\":3,\"name\":\"\u017daislinis dulki\u0173 siurblys\"}]},{\"@type\":\"WebSite\",\"@id\":\"https:\/\/toys.lt\/lv\/#website\",\"url\":\"https:\/\/toys.lt\/lv\/\",\"name\":\"Toys.lt\",\"description\":\"\",\"potentialAction\":[{\"@type\":\"SearchAction\",\"target\":{\"@type\":\"EntryPoint\",\"urlTemplate\":\"https:\/\/toys.lt\/lv\/?s={search_term_string}\"},\"query-input\":{\"@type\":\"PropertyValueSpecification\",\"valueRequired\":true,\"valueName\":\"search_term_string\"}}],\"inLanguage\":\"lv-LV\"}]}<\/script>\n<!-- \/ Yoast SEO plugin. -->","yoast_head_json":{"title":"\u017daislinis dulki\u0173 siurblys - Toys.lt","robots":{"index":"index","follow":"follow","max-snippet":"max-snippet:-1","max-image-preview":"max-image-preview:large","max-video-preview":"max-video-preview:-1"},"canonical":"https:\/\/toys.lt\/lv\/produktas\/aislinis-dulki-siurblys-2\/","og_locale":"lv_LV","og_type":"article","og_title":"\u017daislinis dulki\u0173 siurblys - Toys.lt","og_description":"Prek\u0117s tipas:\u00a0dulki\u0173 siurblys Kilm\u0117s \u0161alis: Kinija Pakuot\u0117s\u00a0i\u0161matavimai: 15 x 29,5 x 18 cm Produkto med\u017eiaga: plastikas Rekomenduojamas am\u017eius: nuo 3 met\u0173","og_url":"https:\/\/toys.lt\/lv\/produktas\/aislinis-dulki-siurblys-2\/","og_site_name":"Toys.lt","article_modified_time":"2026-04-06T00:29:45+00:00","og_image":[{"width":807,"height":605,"url":"https:\/\/toys.lt\/wp-content\/uploads\/2023\/06\/products-4870.jpg","type":"image\/jpeg"}],"twitter_card":"summary_large_image","schema":{"@context":"https:\/\/schema.org","@graph":[{"@type":"WebPage","@id":"https:\/\/toys.lt\/lv\/produktas\/aislinis-dulki-siurblys-2\/","url":"https:\/\/toys.lt\/lv\/produktas\/aislinis-dulki-siurblys-2\/","name":"\u017daislinis dulki\u0173 siurblys - Toys.lt","isPartOf":{"@id":"https:\/\/toys.lt\/lv\/#website"},"primaryImageOfPage":{"@id":"https:\/\/toys.lt\/lv\/produktas\/aislinis-dulki-siurblys-2\/#primaryimage"},"image":{"@id":"https:\/\/toys.lt\/lv\/produktas\/aislinis-dulki-siurblys-2\/#primaryimage"},"thumbnailUrl":"https:\/\/toys.lt\/wp-content\/uploads\/2023\/06\/products-4870.jpg","datePublished":"2020-04-17T09:39:12+00:00","dateModified":"2026-04-06T00:29:45+00:00","breadcrumb":{"@id":"https:\/\/toys.lt\/lv\/produktas\/aislinis-dulki-siurblys-2\/#breadcrumb"},"inLanguage":"lv-LV","potentialAction":[{"@type":"ReadAction","target":["https:\/\/toys.lt\/lv\/produktas\/aislinis-dulki-siurblys-2\/"]}]},{"@type":"ImageObject","inLanguage":"lv-LV","@id":"https:\/\/toys.lt\/lv\/produktas\/aislinis-dulki-siurblys-2\/#primaryimage","url":"https:\/\/toys.lt\/wp-content\/uploads\/2023\/06\/products-4870.jpg","contentUrl":"https:\/\/toys.lt\/wp-content\/uploads\/2023\/06\/products-4870.jpg","width":807,"height":605,"caption":"\u017daislinis dulki\u0173 siurblys"},{"@type":"BreadcrumbList","@id":"https:\/\/toys.lt\/lv\/produktas\/aislinis-dulki-siurblys-2\/#breadcrumb","itemListElement":[{"@type":"ListItem","position":1,"name":"Home","item":"https:\/\/toys.lt\/lv\/"},{"@type":"ListItem","position":2,"name":"Veikals","item":"https:\/\/toys.lt\/lv\/shop\/"},{"@type":"ListItem","position":3,"name":"\u017daislinis dulki\u0173 siurblys"}]},{"@type":"WebSite","@id":"https:\/\/toys.lt\/lv\/#website","url":"https:\/\/toys.lt\/lv\/","name":"Toys.lt","description":"","potentialAction":[{"@type":"SearchAction","target":{"@type":"EntryPoint","urlTemplate":"https:\/\/toys.lt\/lv\/?s={search_term_string}"},"query-input":{"@type":"PropertyValueSpecification","valueRequired":true,"valueName":"search_term_string"}}],"inLanguage":"lv-LV"}]}},"_links":{"self":[{"href":"https:\/\/toys.lt\/lv\/wp-json\/wp\/v2\/product\/26521","targetHints":{"allow":["GET"]}}],"collection":[{"href":"https:\/\/toys.lt\/lv\/wp-json\/wp\/v2\/product"}],"about":[{"href":"https:\/\/toys.lt\/lv\/wp-json\/wp\/v2\/types\/product"}],"replies":[{"embeddable":true,"href":"https:\/\/toys.lt\/lv\/wp-json\/wp\/v2\/comments?post=26521"}],"version-history":[{"count":3,"href":"https:\/\/toys.lt\/lv\/wp-json\/wp\/v2\/product\/26521\/revisions"}],"predecessor-version":[{"id":43577,"href":"https:\/\/toys.lt\/lv\/wp-json\/wp\/v2\/product\/26521\/revisions\/43577"}],"wp:featuredmedia":[{"embeddable":true,"href":"https:\/\/toys.lt\/lv\/wp-json\/wp\/v2\/media\/26522"}],"wp:attachment":[{"href":"https:\/\/toys.lt\/lv\/wp-json\/wp\/v2\/media?parent=26521"}],"wp:term":[{"taxonomy":"product_brand","embeddable":true,"href":"https:\/\/toys.lt\/lv\/wp-json\/wp\/v2\/product_brand?post=26521"},{"taxonomy":"product_cat","embeddable":true,"href":"https:\/\/toys.lt\/lv\/wp-json\/wp\/v2\/product_cat?post=26521"},{"taxonomy":"product_tag","embeddable":true,"href":"https:\/\/toys.lt\/lv\/wp-json\/wp\/v2\/product_tag?post=26521"}],"curies":[{"name":"wp","href":"https:\/\/api.w.org\/{rel}","templated":true}]}}