{"id":26504,"date":"2020-04-17T07:45:11","date_gmt":"2020-04-17T07:45:11","guid":{"rendered":"https:\/\/toys.lt\/?post_type=product&#038;p=26504"},"modified":"2026-04-06T00:29:44","modified_gmt":"2026-04-06T00:29:44","slug":"r-b-valdoma-masina-1-14-kraunama","status":"publish","type":"product","link":"https:\/\/toys.lt\/lv\/produktas\/r-b-valdoma-masina-1-14-kraunama\/","title":{"rendered":"R\/B valdoma ma\u0161ina 1:14 (\u012fkraunama)"},"content":{"rendered":"<p><strong>Savyb\u0117s:<\/strong><\/p>\n<ul style=\"list-style-type: square;\">\n<li>\u0160viesos efektai<\/li>\n<li style=\"margin: 0px; padding: 0px; font: inherit; border: 0px;\">Jud\u0117jimas visomis kryptimis<\/li>\n<li style=\"margin: 0px; padding: 0px; font: inherit; border: 0px;\">Ma\u0161ina veikia \u012fkraunamo akumuliatoriaus pagalba<\/li>\n<li style=\"margin: 0px; padding: 0px; font: inherit; border: 0px;\">Nuotolinio valdymo pultas<\/li>\n<li style=\"margin: 0px; padding: 0px; font: inherit; border: 0px;\">Galimyb\u0117 rinktis i\u0161 3 spalv\u0173<\/li>\n<li style=\"margin: 0px; padding: 0px; font: inherit; border: 0px;\">Saugus vaiko sveikatai<\/li>\n<li style=\"margin: 0px; padding: 0px; font: inherit; border: 0px;\">Patogu ir lengva valdyti<\/li>\n<li style=\"margin: 0px; padding: 0px; font: inherit; border: 0px;\">Tinka naudoti namuose ir lauke<\/li>\n<li style=\"margin: 0px; padding: 0px; font: inherit; border: 0px;\">Lavina smulkius motorinius \u012fg\u016bd\u017eius, judesi\u0173 koordinacij\u0105, socialin\u0119 vaiko raid\u0105<\/li>\n<\/ul>\n<p>&nbsp;<\/p>\n","protected":false},"excerpt":{"rendered":"<p>Prek\u0117s tipas: valdomi \u017eaislai<\/p>\n<p>Kilm\u0117s \u0161alis: Kinija<\/p>\n<p>Pakuot\u0117s i\u0161matavimai: 16 x 43,5 x 17,5 cm<\/p>\n<p>Ma\u0161inos\u00a0i\u0161matavimai: 10 x 30 x 13 cm<\/p>\n<p>Produkto med\u017eiaga: plastikas<\/p>\n<p>Da\u017enis: 27 MHz<\/p>\n<p>Mastelis: 1:16<\/p>\n<p>Rekomenduojamas am\u017eius: nuo 3 met\u0173<\/p>\n<p>Elementai: 2 x AA (nepridedamos)<\/p>\n","protected":false},"featured_media":26508,"comment_status":"open","ping_status":"closed","template":"","meta":[],"product_brand":[],"product_cat":[395,410],"product_tag":[],"class_list":{"0":"post-26504","1":"product","2":"type-product","3":"status-publish","4":"has-post-thumbnail","6":"product_cat-valdomi-zaislai-2","7":"product_cat-zaislai-berniukams","8":"pa_amziaus-grupe-76","9":"pa_prek-s-spalva-balta","10":"pa_prek-s-spalva-juoda-2","11":"pa_prek-s-spalva-pilka","12":"pa_prek-s-tipas-automobiliai-2","14":"first","15":"outofstock","16":"taxable","17":"shipping-taxable","18":"purchasable","19":"product-type-simple"},"yoast_head":"<!-- This site is optimized with the Yoast SEO plugin v26.3 - https:\/\/yoast.com\/wordpress\/plugins\/seo\/ -->\n<title>R\/B valdoma ma\u0161ina 1:14 (\u012fkraunama) - Toys.lt<\/title>\n<meta name=\"robots\" content=\"index, follow, max-snippet:-1, max-image-preview:large, max-video-preview:-1\" \/>\n<link rel=\"canonical\" href=\"https:\/\/toys.lt\/lv\/produktas\/r-b-valdoma-masina-1-14-kraunama\/\" \/>\n<meta property=\"og:locale\" content=\"lv_LV\" \/>\n<meta property=\"og:type\" content=\"article\" \/>\n<meta property=\"og:title\" content=\"R\/B valdoma ma\u0161ina 1:14 (\u012fkraunama) - Toys.lt\" \/>\n<meta property=\"og:description\" content=\"Prek\u0117s tipas: valdomi \u017eaislai  Kilm\u0117s \u0161alis: Kinija  Pakuot\u0117s i\u0161matavimai: 16 x 43,5 x 17,5 cm  Ma\u0161inos\u00a0i\u0161matavimai: 10 x 30 x 13 cm  Produkto med\u017eiaga: plastikas  Da\u017enis: 27 MHz  Mastelis: 1:16  Rekomenduojamas am\u017eius: nuo 3 met\u0173  Elementai: 2 x AA (nepridedamos)\" \/>\n<meta property=\"og:url\" content=\"https:\/\/toys.lt\/lv\/produktas\/r-b-valdoma-masina-1-14-kraunama\/\" \/>\n<meta property=\"og:site_name\" content=\"Toys.lt\" \/>\n<meta property=\"article:modified_time\" content=\"2026-04-06T00:29:44+00:00\" \/>\n<meta property=\"og:image\" content=\"https:\/\/toys.lt\/wp-content\/uploads\/2020\/04\/products-649.jpg\" \/>\n\t<meta property=\"og:image:width\" content=\"1000\" \/>\n\t<meta property=\"og:image:height\" content=\"1347\" \/>\n\t<meta property=\"og:image:type\" content=\"image\/jpeg\" \/>\n<meta name=\"twitter:card\" content=\"summary_large_image\" \/>\n<meta name=\"twitter:label1\" content=\"Est. reading time\" \/>\n\t<meta name=\"twitter:data1\" content=\"1 minute\" \/>\n<script type=\"application\/ld+json\" class=\"yoast-schema-graph\">{\"@context\":\"https:\/\/schema.org\",\"@graph\":[{\"@type\":\"WebPage\",\"@id\":\"https:\/\/toys.lt\/lv\/produktas\/r-b-valdoma-masina-1-14-kraunama\/\",\"url\":\"https:\/\/toys.lt\/lv\/produktas\/r-b-valdoma-masina-1-14-kraunama\/\",\"name\":\"R\/B valdoma ma\u0161ina 1:14 (\u012fkraunama) - Toys.lt\",\"isPartOf\":{\"@id\":\"https:\/\/toys.lt\/lv\/#website\"},\"primaryImageOfPage\":{\"@id\":\"https:\/\/toys.lt\/lv\/produktas\/r-b-valdoma-masina-1-14-kraunama\/#primaryimage\"},\"image\":{\"@id\":\"https:\/\/toys.lt\/lv\/produktas\/r-b-valdoma-masina-1-14-kraunama\/#primaryimage\"},\"thumbnailUrl\":\"https:\/\/toys.lt\/wp-content\/uploads\/2020\/04\/products-649.jpg\",\"datePublished\":\"2020-04-17T07:45:11+00:00\",\"dateModified\":\"2026-04-06T00:29:44+00:00\",\"breadcrumb\":{\"@id\":\"https:\/\/toys.lt\/lv\/produktas\/r-b-valdoma-masina-1-14-kraunama\/#breadcrumb\"},\"inLanguage\":\"lv-LV\",\"potentialAction\":[{\"@type\":\"ReadAction\",\"target\":[\"https:\/\/toys.lt\/lv\/produktas\/r-b-valdoma-masina-1-14-kraunama\/\"]}]},{\"@type\":\"ImageObject\",\"inLanguage\":\"lv-LV\",\"@id\":\"https:\/\/toys.lt\/lv\/produktas\/r-b-valdoma-masina-1-14-kraunama\/#primaryimage\",\"url\":\"https:\/\/toys.lt\/wp-content\/uploads\/2020\/04\/products-649.jpg\",\"contentUrl\":\"https:\/\/toys.lt\/wp-content\/uploads\/2020\/04\/products-649.jpg\",\"width\":1000,\"height\":1347,\"caption\":\"R\/B valdoma ma\u0161ina 1:14 (\u012fkraunama)\"},{\"@type\":\"BreadcrumbList\",\"@id\":\"https:\/\/toys.lt\/lv\/produktas\/r-b-valdoma-masina-1-14-kraunama\/#breadcrumb\",\"itemListElement\":[{\"@type\":\"ListItem\",\"position\":1,\"name\":\"Home\",\"item\":\"https:\/\/toys.lt\/lv\/\"},{\"@type\":\"ListItem\",\"position\":2,\"name\":\"Veikals\",\"item\":\"https:\/\/toys.lt\/lv\/shop\/\"},{\"@type\":\"ListItem\",\"position\":3,\"name\":\"R\/B valdoma ma\u0161ina 1:14 (\u012fkraunama)\"}]},{\"@type\":\"WebSite\",\"@id\":\"https:\/\/toys.lt\/lv\/#website\",\"url\":\"https:\/\/toys.lt\/lv\/\",\"name\":\"Toys.lt\",\"description\":\"\",\"potentialAction\":[{\"@type\":\"SearchAction\",\"target\":{\"@type\":\"EntryPoint\",\"urlTemplate\":\"https:\/\/toys.lt\/lv\/?s={search_term_string}\"},\"query-input\":{\"@type\":\"PropertyValueSpecification\",\"valueRequired\":true,\"valueName\":\"search_term_string\"}}],\"inLanguage\":\"lv-LV\"}]}<\/script>\n<!-- \/ Yoast SEO plugin. -->","yoast_head_json":{"title":"R\/B valdoma ma\u0161ina 1:14 (\u012fkraunama) - Toys.lt","robots":{"index":"index","follow":"follow","max-snippet":"max-snippet:-1","max-image-preview":"max-image-preview:large","max-video-preview":"max-video-preview:-1"},"canonical":"https:\/\/toys.lt\/lv\/produktas\/r-b-valdoma-masina-1-14-kraunama\/","og_locale":"lv_LV","og_type":"article","og_title":"R\/B valdoma ma\u0161ina 1:14 (\u012fkraunama) - Toys.lt","og_description":"Prek\u0117s tipas: valdomi \u017eaislai  Kilm\u0117s \u0161alis: Kinija  Pakuot\u0117s i\u0161matavimai: 16 x 43,5 x 17,5 cm  Ma\u0161inos\u00a0i\u0161matavimai: 10 x 30 x 13 cm  Produkto med\u017eiaga: plastikas  Da\u017enis: 27 MHz  Mastelis: 1:16  Rekomenduojamas am\u017eius: nuo 3 met\u0173  Elementai: 2 x AA (nepridedamos)","og_url":"https:\/\/toys.lt\/lv\/produktas\/r-b-valdoma-masina-1-14-kraunama\/","og_site_name":"Toys.lt","article_modified_time":"2026-04-06T00:29:44+00:00","og_image":[{"width":1000,"height":1347,"url":"https:\/\/toys.lt\/wp-content\/uploads\/2020\/04\/products-649.jpg","type":"image\/jpeg"}],"twitter_card":"summary_large_image","twitter_misc":{"Est. reading time":"1 minute"},"schema":{"@context":"https:\/\/schema.org","@graph":[{"@type":"WebPage","@id":"https:\/\/toys.lt\/lv\/produktas\/r-b-valdoma-masina-1-14-kraunama\/","url":"https:\/\/toys.lt\/lv\/produktas\/r-b-valdoma-masina-1-14-kraunama\/","name":"R\/B valdoma ma\u0161ina 1:14 (\u012fkraunama) - Toys.lt","isPartOf":{"@id":"https:\/\/toys.lt\/lv\/#website"},"primaryImageOfPage":{"@id":"https:\/\/toys.lt\/lv\/produktas\/r-b-valdoma-masina-1-14-kraunama\/#primaryimage"},"image":{"@id":"https:\/\/toys.lt\/lv\/produktas\/r-b-valdoma-masina-1-14-kraunama\/#primaryimage"},"thumbnailUrl":"https:\/\/toys.lt\/wp-content\/uploads\/2020\/04\/products-649.jpg","datePublished":"2020-04-17T07:45:11+00:00","dateModified":"2026-04-06T00:29:44+00:00","breadcrumb":{"@id":"https:\/\/toys.lt\/lv\/produktas\/r-b-valdoma-masina-1-14-kraunama\/#breadcrumb"},"inLanguage":"lv-LV","potentialAction":[{"@type":"ReadAction","target":["https:\/\/toys.lt\/lv\/produktas\/r-b-valdoma-masina-1-14-kraunama\/"]}]},{"@type":"ImageObject","inLanguage":"lv-LV","@id":"https:\/\/toys.lt\/lv\/produktas\/r-b-valdoma-masina-1-14-kraunama\/#primaryimage","url":"https:\/\/toys.lt\/wp-content\/uploads\/2020\/04\/products-649.jpg","contentUrl":"https:\/\/toys.lt\/wp-content\/uploads\/2020\/04\/products-649.jpg","width":1000,"height":1347,"caption":"R\/B valdoma ma\u0161ina 1:14 (\u012fkraunama)"},{"@type":"BreadcrumbList","@id":"https:\/\/toys.lt\/lv\/produktas\/r-b-valdoma-masina-1-14-kraunama\/#breadcrumb","itemListElement":[{"@type":"ListItem","position":1,"name":"Home","item":"https:\/\/toys.lt\/lv\/"},{"@type":"ListItem","position":2,"name":"Veikals","item":"https:\/\/toys.lt\/lv\/shop\/"},{"@type":"ListItem","position":3,"name":"R\/B valdoma ma\u0161ina 1:14 (\u012fkraunama)"}]},{"@type":"WebSite","@id":"https:\/\/toys.lt\/lv\/#website","url":"https:\/\/toys.lt\/lv\/","name":"Toys.lt","description":"","potentialAction":[{"@type":"SearchAction","target":{"@type":"EntryPoint","urlTemplate":"https:\/\/toys.lt\/lv\/?s={search_term_string}"},"query-input":{"@type":"PropertyValueSpecification","valueRequired":true,"valueName":"search_term_string"}}],"inLanguage":"lv-LV"}]}},"_links":{"self":[{"href":"https:\/\/toys.lt\/lv\/wp-json\/wp\/v2\/product\/26504","targetHints":{"allow":["GET"]}}],"collection":[{"href":"https:\/\/toys.lt\/lv\/wp-json\/wp\/v2\/product"}],"about":[{"href":"https:\/\/toys.lt\/lv\/wp-json\/wp\/v2\/types\/product"}],"replies":[{"embeddable":true,"href":"https:\/\/toys.lt\/lv\/wp-json\/wp\/v2\/comments?post=26504"}],"version-history":[{"count":2,"href":"https:\/\/toys.lt\/lv\/wp-json\/wp\/v2\/product\/26504\/revisions"}],"predecessor-version":[{"id":32748,"href":"https:\/\/toys.lt\/lv\/wp-json\/wp\/v2\/product\/26504\/revisions\/32748"}],"wp:featuredmedia":[{"embeddable":true,"href":"https:\/\/toys.lt\/lv\/wp-json\/wp\/v2\/media\/26508"}],"wp:attachment":[{"href":"https:\/\/toys.lt\/lv\/wp-json\/wp\/v2\/media?parent=26504"}],"wp:term":[{"taxonomy":"product_brand","embeddable":true,"href":"https:\/\/toys.lt\/lv\/wp-json\/wp\/v2\/product_brand?post=26504"},{"taxonomy":"product_cat","embeddable":true,"href":"https:\/\/toys.lt\/lv\/wp-json\/wp\/v2\/product_cat?post=26504"},{"taxonomy":"product_tag","embeddable":true,"href":"https:\/\/toys.lt\/lv\/wp-json\/wp\/v2\/product_tag?post=26504"}],"curies":[{"name":"wp","href":"https:\/\/api.w.org\/{rel}","templated":true}]}}