{"id":26490,"date":"2020-04-17T07:10:08","date_gmt":"2020-04-17T07:10:08","guid":{"rendered":"https:\/\/toys.lt\/?post_type=product&#038;p=26490"},"modified":"2026-04-23T18:14:56","modified_gmt":"2026-04-23T18:14:56","slug":"traktorius-su-priekaba-ir-gyv-nu","status":"publish","type":"product","link":"https:\/\/toys.lt\/lv\/produktas\/traktorius-su-priekaba-ir-gyv-nu\/","title":{"rendered":"Traktorius su priekaba ir gyv\u016bnu"},"content":{"rendered":"<p><strong>Savyb\u0117s:<\/strong><\/p>\n<ul style=\"list-style-type: square;\">\n<li style=\"margin: 0px; padding: 0px; font: inherit; border: 0px;\">Tinka lauko \u017eaidimams<\/li>\n<li style=\"margin: 0px; padding: 0px; font: inherit; border: 0px;\">Saugus \u017eaisti<\/li>\n<li style=\"margin: 0px; padding: 0px; font: inherit; border: 0px;\">Lavina smulki\u0105j\u0105 motorik\u0105, m\u0105stym\u0105, praple\u010dia akirat\u012f<\/li>\n<\/ul>\n<p>&nbsp;<\/p>\n","protected":false},"excerpt":{"rendered":"<p>Prek\u0117s tipas: \u016bkio technika<\/p>\n<p>Kilm\u0117s \u0161alis: Kinija<\/p>\n<p>Produkto med\u017eiaga: plastikas<\/p>\n<p>Rekomenduojamas am\u017eius: nuo 3 met\u0173<\/p>\n","protected":false},"featured_media":26491,"comment_status":"open","ping_status":"closed","template":"","meta":[],"product_brand":[],"product_cat":[410,408],"product_tag":[],"class_list":{"0":"post-26490","1":"product","2":"type-product","3":"status-publish","4":"has-post-thumbnail","6":"product_cat-zaislai-berniukams","7":"product_cat-zaislines-masinos-traktoriai-ir-trasos","8":"pa_amziaus-grupe-76","10":"first","11":"outofstock","12":"sale","13":"taxable","14":"shipping-taxable","15":"purchasable","16":"product-type-simple"},"yoast_head":"<!-- This site is optimized with the Yoast SEO plugin v26.3 - https:\/\/yoast.com\/wordpress\/plugins\/seo\/ -->\n<title>Traktorius su priekaba ir gyv\u016bnu - Toys.lt<\/title>\n<meta name=\"robots\" content=\"index, follow, max-snippet:-1, max-image-preview:large, max-video-preview:-1\" \/>\n<link rel=\"canonical\" href=\"https:\/\/toys.lt\/lv\/produktas\/traktorius-su-priekaba-ir-gyv-nu\/\" \/>\n<meta property=\"og:locale\" content=\"lv_LV\" \/>\n<meta property=\"og:type\" content=\"article\" \/>\n<meta property=\"og:title\" content=\"Traktorius su priekaba ir gyv\u016bnu - Toys.lt\" \/>\n<meta property=\"og:description\" content=\"Prek\u0117s tipas: \u016bkio technika  Kilm\u0117s \u0161alis: Kinija  Produkto med\u017eiaga: plastikas  Rekomenduojamas am\u017eius: nuo 3 met\u0173\" \/>\n<meta property=\"og:url\" content=\"https:\/\/toys.lt\/lv\/produktas\/traktorius-su-priekaba-ir-gyv-nu\/\" \/>\n<meta property=\"og:site_name\" content=\"Toys.lt\" \/>\n<meta property=\"article:modified_time\" content=\"2026-04-23T18:14:56+00:00\" \/>\n<meta property=\"og:image\" content=\"https:\/\/toys.lt\/wp-content\/uploads\/2020\/04\/products-642.jpg\" \/>\n\t<meta property=\"og:image:width\" content=\"1500\" \/>\n\t<meta property=\"og:image:height\" content=\"1000\" \/>\n\t<meta property=\"og:image:type\" content=\"image\/jpeg\" \/>\n<meta name=\"twitter:card\" content=\"summary_large_image\" \/>\n<meta name=\"twitter:label1\" content=\"Est. reading time\" \/>\n\t<meta name=\"twitter:data1\" content=\"1 minute\" \/>\n<script type=\"application\/ld+json\" class=\"yoast-schema-graph\">{\"@context\":\"https:\/\/schema.org\",\"@graph\":[{\"@type\":\"WebPage\",\"@id\":\"https:\/\/toys.lt\/lv\/produktas\/traktorius-su-priekaba-ir-gyv-nu\/\",\"url\":\"https:\/\/toys.lt\/lv\/produktas\/traktorius-su-priekaba-ir-gyv-nu\/\",\"name\":\"Traktorius su priekaba ir gyv\u016bnu - Toys.lt\",\"isPartOf\":{\"@id\":\"https:\/\/toys.lt\/lv\/#website\"},\"primaryImageOfPage\":{\"@id\":\"https:\/\/toys.lt\/lv\/produktas\/traktorius-su-priekaba-ir-gyv-nu\/#primaryimage\"},\"image\":{\"@id\":\"https:\/\/toys.lt\/lv\/produktas\/traktorius-su-priekaba-ir-gyv-nu\/#primaryimage\"},\"thumbnailUrl\":\"https:\/\/toys.lt\/wp-content\/uploads\/2020\/04\/products-642.jpg\",\"datePublished\":\"2020-04-17T07:10:08+00:00\",\"dateModified\":\"2026-04-23T18:14:56+00:00\",\"breadcrumb\":{\"@id\":\"https:\/\/toys.lt\/lv\/produktas\/traktorius-su-priekaba-ir-gyv-nu\/#breadcrumb\"},\"inLanguage\":\"lv-LV\",\"potentialAction\":[{\"@type\":\"ReadAction\",\"target\":[\"https:\/\/toys.lt\/lv\/produktas\/traktorius-su-priekaba-ir-gyv-nu\/\"]}]},{\"@type\":\"ImageObject\",\"inLanguage\":\"lv-LV\",\"@id\":\"https:\/\/toys.lt\/lv\/produktas\/traktorius-su-priekaba-ir-gyv-nu\/#primaryimage\",\"url\":\"https:\/\/toys.lt\/wp-content\/uploads\/2020\/04\/products-642.jpg\",\"contentUrl\":\"https:\/\/toys.lt\/wp-content\/uploads\/2020\/04\/products-642.jpg\",\"width\":1500,\"height\":1000,\"caption\":\"Traktorius su priekaba ir gyv\u016bnu\"},{\"@type\":\"BreadcrumbList\",\"@id\":\"https:\/\/toys.lt\/lv\/produktas\/traktorius-su-priekaba-ir-gyv-nu\/#breadcrumb\",\"itemListElement\":[{\"@type\":\"ListItem\",\"position\":1,\"name\":\"Home\",\"item\":\"https:\/\/toys.lt\/lv\/\"},{\"@type\":\"ListItem\",\"position\":2,\"name\":\"Veikals\",\"item\":\"https:\/\/toys.lt\/lv\/shop\/\"},{\"@type\":\"ListItem\",\"position\":3,\"name\":\"Traktorius su priekaba ir gyv\u016bnu\"}]},{\"@type\":\"WebSite\",\"@id\":\"https:\/\/toys.lt\/lv\/#website\",\"url\":\"https:\/\/toys.lt\/lv\/\",\"name\":\"Toys.lt\",\"description\":\"\",\"potentialAction\":[{\"@type\":\"SearchAction\",\"target\":{\"@type\":\"EntryPoint\",\"urlTemplate\":\"https:\/\/toys.lt\/lv\/?s={search_term_string}\"},\"query-input\":{\"@type\":\"PropertyValueSpecification\",\"valueRequired\":true,\"valueName\":\"search_term_string\"}}],\"inLanguage\":\"lv-LV\"}]}<\/script>\n<!-- \/ Yoast SEO plugin. -->","yoast_head_json":{"title":"Traktorius su priekaba ir gyv\u016bnu - Toys.lt","robots":{"index":"index","follow":"follow","max-snippet":"max-snippet:-1","max-image-preview":"max-image-preview:large","max-video-preview":"max-video-preview:-1"},"canonical":"https:\/\/toys.lt\/lv\/produktas\/traktorius-su-priekaba-ir-gyv-nu\/","og_locale":"lv_LV","og_type":"article","og_title":"Traktorius su priekaba ir gyv\u016bnu - Toys.lt","og_description":"Prek\u0117s tipas: \u016bkio technika  Kilm\u0117s \u0161alis: Kinija  Produkto med\u017eiaga: plastikas  Rekomenduojamas am\u017eius: nuo 3 met\u0173","og_url":"https:\/\/toys.lt\/lv\/produktas\/traktorius-su-priekaba-ir-gyv-nu\/","og_site_name":"Toys.lt","article_modified_time":"2026-04-23T18:14:56+00:00","og_image":[{"width":1500,"height":1000,"url":"https:\/\/toys.lt\/wp-content\/uploads\/2020\/04\/products-642.jpg","type":"image\/jpeg"}],"twitter_card":"summary_large_image","twitter_misc":{"Est. reading time":"1 minute"},"schema":{"@context":"https:\/\/schema.org","@graph":[{"@type":"WebPage","@id":"https:\/\/toys.lt\/lv\/produktas\/traktorius-su-priekaba-ir-gyv-nu\/","url":"https:\/\/toys.lt\/lv\/produktas\/traktorius-su-priekaba-ir-gyv-nu\/","name":"Traktorius su priekaba ir gyv\u016bnu - Toys.lt","isPartOf":{"@id":"https:\/\/toys.lt\/lv\/#website"},"primaryImageOfPage":{"@id":"https:\/\/toys.lt\/lv\/produktas\/traktorius-su-priekaba-ir-gyv-nu\/#primaryimage"},"image":{"@id":"https:\/\/toys.lt\/lv\/produktas\/traktorius-su-priekaba-ir-gyv-nu\/#primaryimage"},"thumbnailUrl":"https:\/\/toys.lt\/wp-content\/uploads\/2020\/04\/products-642.jpg","datePublished":"2020-04-17T07:10:08+00:00","dateModified":"2026-04-23T18:14:56+00:00","breadcrumb":{"@id":"https:\/\/toys.lt\/lv\/produktas\/traktorius-su-priekaba-ir-gyv-nu\/#breadcrumb"},"inLanguage":"lv-LV","potentialAction":[{"@type":"ReadAction","target":["https:\/\/toys.lt\/lv\/produktas\/traktorius-su-priekaba-ir-gyv-nu\/"]}]},{"@type":"ImageObject","inLanguage":"lv-LV","@id":"https:\/\/toys.lt\/lv\/produktas\/traktorius-su-priekaba-ir-gyv-nu\/#primaryimage","url":"https:\/\/toys.lt\/wp-content\/uploads\/2020\/04\/products-642.jpg","contentUrl":"https:\/\/toys.lt\/wp-content\/uploads\/2020\/04\/products-642.jpg","width":1500,"height":1000,"caption":"Traktorius su priekaba ir gyv\u016bnu"},{"@type":"BreadcrumbList","@id":"https:\/\/toys.lt\/lv\/produktas\/traktorius-su-priekaba-ir-gyv-nu\/#breadcrumb","itemListElement":[{"@type":"ListItem","position":1,"name":"Home","item":"https:\/\/toys.lt\/lv\/"},{"@type":"ListItem","position":2,"name":"Veikals","item":"https:\/\/toys.lt\/lv\/shop\/"},{"@type":"ListItem","position":3,"name":"Traktorius su priekaba ir gyv\u016bnu"}]},{"@type":"WebSite","@id":"https:\/\/toys.lt\/lv\/#website","url":"https:\/\/toys.lt\/lv\/","name":"Toys.lt","description":"","potentialAction":[{"@type":"SearchAction","target":{"@type":"EntryPoint","urlTemplate":"https:\/\/toys.lt\/lv\/?s={search_term_string}"},"query-input":{"@type":"PropertyValueSpecification","valueRequired":true,"valueName":"search_term_string"}}],"inLanguage":"lv-LV"}]}},"_links":{"self":[{"href":"https:\/\/toys.lt\/lv\/wp-json\/wp\/v2\/product\/26490","targetHints":{"allow":["GET"]}}],"collection":[{"href":"https:\/\/toys.lt\/lv\/wp-json\/wp\/v2\/product"}],"about":[{"href":"https:\/\/toys.lt\/lv\/wp-json\/wp\/v2\/types\/product"}],"replies":[{"embeddable":true,"href":"https:\/\/toys.lt\/lv\/wp-json\/wp\/v2\/comments?post=26490"}],"version-history":[{"count":2,"href":"https:\/\/toys.lt\/lv\/wp-json\/wp\/v2\/product\/26490\/revisions"}],"predecessor-version":[{"id":32739,"href":"https:\/\/toys.lt\/lv\/wp-json\/wp\/v2\/product\/26490\/revisions\/32739"}],"wp:featuredmedia":[{"embeddable":true,"href":"https:\/\/toys.lt\/lv\/wp-json\/wp\/v2\/media\/26491"}],"wp:attachment":[{"href":"https:\/\/toys.lt\/lv\/wp-json\/wp\/v2\/media?parent=26490"}],"wp:term":[{"taxonomy":"product_brand","embeddable":true,"href":"https:\/\/toys.lt\/lv\/wp-json\/wp\/v2\/product_brand?post=26490"},{"taxonomy":"product_cat","embeddable":true,"href":"https:\/\/toys.lt\/lv\/wp-json\/wp\/v2\/product_cat?post=26490"},{"taxonomy":"product_tag","embeddable":true,"href":"https:\/\/toys.lt\/lv\/wp-json\/wp\/v2\/product_tag?post=26490"}],"curies":[{"name":"wp","href":"https:\/\/api.w.org\/{rel}","templated":true}]}}