{"id":26360,"date":"2020-04-16T06:44:53","date_gmt":"2020-04-16T06:44:53","guid":{"rendered":"https:\/\/toys.lt\/?post_type=product&#038;p=26360"},"modified":"2026-04-06T00:29:39","modified_gmt":"2026-04-06T00:29:39","slug":"medinis-daugiafunkcinis-mokymosi-kubas-2","status":"publish","type":"product","link":"https:\/\/toys.lt\/lv\/produktas\/medinis-daugiafunkcinis-mokymosi-kubas-2\/","title":{"rendered":"Medinis daugiafunkcinis mokymosi kubas"},"content":{"rendered":"<p><strong>Savyb\u0117s:<\/strong><\/p>\n<ul style=\"list-style-type: square;\">\n<li style=\"margin: 0px; padding: 0px; font: inherit; border: 0px;\">7 skirtingos veiklos: dideli apval\u016bs karoliukai, magnetinis \u0161epet\u0117lio labirintas, skraidantys \u0161achmatai, skaitmenin\u0117s formos statybiniai blokai, \u012fdomus laikrodis, raidin\u0117 ir skaitmenin\u0117 versija, besisukan\u010dios pavaros<\/li>\n<li style=\"margin: 0px; padding: 0px; font: inherit; border: 0px;\">Plati spalv\u0173 gama<\/li>\n<li style=\"margin: 0px; padding: 0px; font: inherit; border: 0px;\">Lavina rank\u0173 ir aki\u0173 koordinacija, smulki\u0105j\u0105 motorik\u0105, intelekt\u0105, ple\u010dia vaizduot\u0119, skatina atpa\u017einti formas, spalvas<\/li>\n<li style=\"margin: 0px; padding: 0px; font: inherit; border: 0px;\">Ekologi\u0161kas produktas<\/li>\n<li style=\"margin: 0px; padding: 0px; font: inherit; border: 0px;\">Saugios, netoksin\u0117s med\u017eiagos<\/li>\n<\/ul>\n<p>&nbsp;<\/p>\n","protected":false},"excerpt":{"rendered":"<p>Prek\u0117s tipas: daugiafunkcinis \u017eaislas<\/p>\n<p>Kilm\u0117s \u0161alis: Kinija<\/p>\n<p>Pakuot\u0117s i\u0161matavimai:\u00a026 x 25,5 x 29 cm<\/p>\n<p>Produkto med\u017eiaga:\u00a0mediena, metalas, plastikas<\/p>\n<p>Rekomenduojamas am\u017eius: nuo 3 met\u0173<\/p>\n","protected":false},"featured_media":26361,"comment_status":"open","ping_status":"closed","template":"","meta":[],"product_brand":[],"product_cat":[389,387,410,411],"product_tag":[],"class_list":{"0":"post-26360","1":"product","2":"type-product","3":"status-publish","4":"has-post-thumbnail","6":"product_cat-lavinamieji-ir-interaktyvus-zaislai","7":"product_cat-mediniai-zaislai-2","8":"product_cat-zaislai-berniukams","9":"product_cat-zaislai-mergaitems","10":"pa_amziaus-grupe-76","11":"pa_prek-s-tipas-mokomieji-zaislai-2","13":"first","14":"outofstock","15":"taxable","16":"shipping-taxable","17":"purchasable","18":"product-type-simple"},"yoast_head":"<!-- This site is optimized with the Yoast SEO plugin v26.3 - https:\/\/yoast.com\/wordpress\/plugins\/seo\/ -->\n<title>Medinis daugiafunkcinis mokymosi kubas - Toys.lt<\/title>\n<meta name=\"robots\" content=\"index, follow, max-snippet:-1, max-image-preview:large, max-video-preview:-1\" \/>\n<link rel=\"canonical\" href=\"https:\/\/toys.lt\/lv\/produktas\/medinis-daugiafunkcinis-mokymosi-kubas-2\/\" \/>\n<meta property=\"og:locale\" content=\"lv_LV\" \/>\n<meta property=\"og:type\" content=\"article\" \/>\n<meta property=\"og:title\" content=\"Medinis daugiafunkcinis mokymosi kubas - Toys.lt\" \/>\n<meta property=\"og:description\" content=\"Prek\u0117s tipas: daugiafunkcinis \u017eaislas  Kilm\u0117s \u0161alis: Kinija  Pakuot\u0117s i\u0161matavimai:\u00a026 x 25,5 x 29 cm  Produkto med\u017eiaga:\u00a0mediena, metalas, plastikas  Rekomenduojamas am\u017eius: nuo 3 met\u0173\" \/>\n<meta property=\"og:url\" content=\"https:\/\/toys.lt\/lv\/produktas\/medinis-daugiafunkcinis-mokymosi-kubas-2\/\" \/>\n<meta property=\"og:site_name\" content=\"Toys.lt\" \/>\n<meta property=\"article:modified_time\" content=\"2026-04-06T00:29:39+00:00\" \/>\n<meta property=\"og:image\" content=\"https:\/\/toys.lt\/wp-content\/uploads\/2020\/04\/products-528.jpg\" \/>\n\t<meta property=\"og:image:width\" content=\"800\" \/>\n\t<meta property=\"og:image:height\" content=\"800\" \/>\n\t<meta property=\"og:image:type\" content=\"image\/jpeg\" \/>\n<meta name=\"twitter:card\" content=\"summary_large_image\" \/>\n<meta name=\"twitter:label1\" content=\"Est. reading time\" \/>\n\t<meta name=\"twitter:data1\" content=\"1 minute\" \/>\n<script type=\"application\/ld+json\" class=\"yoast-schema-graph\">{\"@context\":\"https:\/\/schema.org\",\"@graph\":[{\"@type\":\"WebPage\",\"@id\":\"https:\/\/toys.lt\/lv\/produktas\/medinis-daugiafunkcinis-mokymosi-kubas-2\/\",\"url\":\"https:\/\/toys.lt\/lv\/produktas\/medinis-daugiafunkcinis-mokymosi-kubas-2\/\",\"name\":\"Medinis daugiafunkcinis mokymosi kubas - Toys.lt\",\"isPartOf\":{\"@id\":\"https:\/\/toys.lt\/lv\/#website\"},\"primaryImageOfPage\":{\"@id\":\"https:\/\/toys.lt\/lv\/produktas\/medinis-daugiafunkcinis-mokymosi-kubas-2\/#primaryimage\"},\"image\":{\"@id\":\"https:\/\/toys.lt\/lv\/produktas\/medinis-daugiafunkcinis-mokymosi-kubas-2\/#primaryimage\"},\"thumbnailUrl\":\"https:\/\/toys.lt\/wp-content\/uploads\/2020\/04\/products-528.jpg\",\"datePublished\":\"2020-04-16T06:44:53+00:00\",\"dateModified\":\"2026-04-06T00:29:39+00:00\",\"breadcrumb\":{\"@id\":\"https:\/\/toys.lt\/lv\/produktas\/medinis-daugiafunkcinis-mokymosi-kubas-2\/#breadcrumb\"},\"inLanguage\":\"lv-LV\",\"potentialAction\":[{\"@type\":\"ReadAction\",\"target\":[\"https:\/\/toys.lt\/lv\/produktas\/medinis-daugiafunkcinis-mokymosi-kubas-2\/\"]}]},{\"@type\":\"ImageObject\",\"inLanguage\":\"lv-LV\",\"@id\":\"https:\/\/toys.lt\/lv\/produktas\/medinis-daugiafunkcinis-mokymosi-kubas-2\/#primaryimage\",\"url\":\"https:\/\/toys.lt\/wp-content\/uploads\/2020\/04\/products-528.jpg\",\"contentUrl\":\"https:\/\/toys.lt\/wp-content\/uploads\/2020\/04\/products-528.jpg\",\"width\":800,\"height\":800,\"caption\":\"Medinis daugiafunkcinis mokymosi kubas\"},{\"@type\":\"BreadcrumbList\",\"@id\":\"https:\/\/toys.lt\/lv\/produktas\/medinis-daugiafunkcinis-mokymosi-kubas-2\/#breadcrumb\",\"itemListElement\":[{\"@type\":\"ListItem\",\"position\":1,\"name\":\"Home\",\"item\":\"https:\/\/toys.lt\/lv\/\"},{\"@type\":\"ListItem\",\"position\":2,\"name\":\"Veikals\",\"item\":\"https:\/\/toys.lt\/lv\/shop\/\"},{\"@type\":\"ListItem\",\"position\":3,\"name\":\"Medinis daugiafunkcinis mokymosi kubas\"}]},{\"@type\":\"WebSite\",\"@id\":\"https:\/\/toys.lt\/lv\/#website\",\"url\":\"https:\/\/toys.lt\/lv\/\",\"name\":\"Toys.lt\",\"description\":\"\",\"potentialAction\":[{\"@type\":\"SearchAction\",\"target\":{\"@type\":\"EntryPoint\",\"urlTemplate\":\"https:\/\/toys.lt\/lv\/?s={search_term_string}\"},\"query-input\":{\"@type\":\"PropertyValueSpecification\",\"valueRequired\":true,\"valueName\":\"search_term_string\"}}],\"inLanguage\":\"lv-LV\"}]}<\/script>\n<!-- \/ Yoast SEO plugin. -->","yoast_head_json":{"title":"Medinis daugiafunkcinis mokymosi kubas - Toys.lt","robots":{"index":"index","follow":"follow","max-snippet":"max-snippet:-1","max-image-preview":"max-image-preview:large","max-video-preview":"max-video-preview:-1"},"canonical":"https:\/\/toys.lt\/lv\/produktas\/medinis-daugiafunkcinis-mokymosi-kubas-2\/","og_locale":"lv_LV","og_type":"article","og_title":"Medinis daugiafunkcinis mokymosi kubas - Toys.lt","og_description":"Prek\u0117s tipas: daugiafunkcinis \u017eaislas  Kilm\u0117s \u0161alis: Kinija  Pakuot\u0117s i\u0161matavimai:\u00a026 x 25,5 x 29 cm  Produkto med\u017eiaga:\u00a0mediena, metalas, plastikas  Rekomenduojamas am\u017eius: nuo 3 met\u0173","og_url":"https:\/\/toys.lt\/lv\/produktas\/medinis-daugiafunkcinis-mokymosi-kubas-2\/","og_site_name":"Toys.lt","article_modified_time":"2026-04-06T00:29:39+00:00","og_image":[{"width":800,"height":800,"url":"https:\/\/toys.lt\/wp-content\/uploads\/2020\/04\/products-528.jpg","type":"image\/jpeg"}],"twitter_card":"summary_large_image","twitter_misc":{"Est. reading time":"1 minute"},"schema":{"@context":"https:\/\/schema.org","@graph":[{"@type":"WebPage","@id":"https:\/\/toys.lt\/lv\/produktas\/medinis-daugiafunkcinis-mokymosi-kubas-2\/","url":"https:\/\/toys.lt\/lv\/produktas\/medinis-daugiafunkcinis-mokymosi-kubas-2\/","name":"Medinis daugiafunkcinis mokymosi kubas - Toys.lt","isPartOf":{"@id":"https:\/\/toys.lt\/lv\/#website"},"primaryImageOfPage":{"@id":"https:\/\/toys.lt\/lv\/produktas\/medinis-daugiafunkcinis-mokymosi-kubas-2\/#primaryimage"},"image":{"@id":"https:\/\/toys.lt\/lv\/produktas\/medinis-daugiafunkcinis-mokymosi-kubas-2\/#primaryimage"},"thumbnailUrl":"https:\/\/toys.lt\/wp-content\/uploads\/2020\/04\/products-528.jpg","datePublished":"2020-04-16T06:44:53+00:00","dateModified":"2026-04-06T00:29:39+00:00","breadcrumb":{"@id":"https:\/\/toys.lt\/lv\/produktas\/medinis-daugiafunkcinis-mokymosi-kubas-2\/#breadcrumb"},"inLanguage":"lv-LV","potentialAction":[{"@type":"ReadAction","target":["https:\/\/toys.lt\/lv\/produktas\/medinis-daugiafunkcinis-mokymosi-kubas-2\/"]}]},{"@type":"ImageObject","inLanguage":"lv-LV","@id":"https:\/\/toys.lt\/lv\/produktas\/medinis-daugiafunkcinis-mokymosi-kubas-2\/#primaryimage","url":"https:\/\/toys.lt\/wp-content\/uploads\/2020\/04\/products-528.jpg","contentUrl":"https:\/\/toys.lt\/wp-content\/uploads\/2020\/04\/products-528.jpg","width":800,"height":800,"caption":"Medinis daugiafunkcinis mokymosi kubas"},{"@type":"BreadcrumbList","@id":"https:\/\/toys.lt\/lv\/produktas\/medinis-daugiafunkcinis-mokymosi-kubas-2\/#breadcrumb","itemListElement":[{"@type":"ListItem","position":1,"name":"Home","item":"https:\/\/toys.lt\/lv\/"},{"@type":"ListItem","position":2,"name":"Veikals","item":"https:\/\/toys.lt\/lv\/shop\/"},{"@type":"ListItem","position":3,"name":"Medinis daugiafunkcinis mokymosi kubas"}]},{"@type":"WebSite","@id":"https:\/\/toys.lt\/lv\/#website","url":"https:\/\/toys.lt\/lv\/","name":"Toys.lt","description":"","potentialAction":[{"@type":"SearchAction","target":{"@type":"EntryPoint","urlTemplate":"https:\/\/toys.lt\/lv\/?s={search_term_string}"},"query-input":{"@type":"PropertyValueSpecification","valueRequired":true,"valueName":"search_term_string"}}],"inLanguage":"lv-LV"}]}},"_links":{"self":[{"href":"https:\/\/toys.lt\/lv\/wp-json\/wp\/v2\/product\/26360","targetHints":{"allow":["GET"]}}],"collection":[{"href":"https:\/\/toys.lt\/lv\/wp-json\/wp\/v2\/product"}],"about":[{"href":"https:\/\/toys.lt\/lv\/wp-json\/wp\/v2\/types\/product"}],"replies":[{"embeddable":true,"href":"https:\/\/toys.lt\/lv\/wp-json\/wp\/v2\/comments?post=26360"}],"version-history":[{"count":1,"href":"https:\/\/toys.lt\/lv\/wp-json\/wp\/v2\/product\/26360\/revisions"}],"predecessor-version":[{"id":32721,"href":"https:\/\/toys.lt\/lv\/wp-json\/wp\/v2\/product\/26360\/revisions\/32721"}],"wp:featuredmedia":[{"embeddable":true,"href":"https:\/\/toys.lt\/lv\/wp-json\/wp\/v2\/media\/26361"}],"wp:attachment":[{"href":"https:\/\/toys.lt\/lv\/wp-json\/wp\/v2\/media?parent=26360"}],"wp:term":[{"taxonomy":"product_brand","embeddable":true,"href":"https:\/\/toys.lt\/lv\/wp-json\/wp\/v2\/product_brand?post=26360"},{"taxonomy":"product_cat","embeddable":true,"href":"https:\/\/toys.lt\/lv\/wp-json\/wp\/v2\/product_cat?post=26360"},{"taxonomy":"product_tag","embeddable":true,"href":"https:\/\/toys.lt\/lv\/wp-json\/wp\/v2\/product_tag?post=26360"}],"curies":[{"name":"wp","href":"https:\/\/api.w.org\/{rel}","templated":true}]}}