{"id":26353,"date":"2020-04-16T06:24:43","date_gmt":"2020-04-16T06:24:43","guid":{"rendered":"https:\/\/toys.lt\/?post_type=product&#038;p=26353"},"modified":"2026-04-06T00:29:39","modified_gmt":"2026-04-06T00:29:39","slug":"medinis-stumdukas-veiklos-centras","status":"publish","type":"product","link":"https:\/\/toys.lt\/lv\/produktas\/medinis-stumdukas-veiklos-centras\/","title":{"rendered":"Medinis stumdukas &#8211; veiklos centras"},"content":{"rendered":"<p><strong>Savyb\u0117s:<\/strong><\/p>\n<ul style=\"list-style-type:square;\">\n<li style=\"margin:0px;padding:0px;font:inherit;border:0px;\">Ekologi\u0161kas produktas<\/li>\n<li style=\"margin:0px;padding:0px;font:inherit;border:0px;\">Ry\u0161kios, sodrios spalvos<\/li>\n<li style=\"margin:0px;padding:0px;font:inherit;border:0px;\">Veiklos centro lenta i\u0161siima<\/li>\n<li style=\"margin:0px;padding:0px;font:inherit;border:0px;\">Stumdukas pad\u0117s vaikui\u00a0besimokant vaik\u0161\u010dioti<\/li>\n<li style=\"margin:0px;padding:0px;font:inherit;border:0px;\">Saugios, netoksin\u0117s med\u017eiagos<\/li>\n<li style=\"margin:0px;padding:0px;font:inherit;border:0px;\">Lavina jud\u0117jimo, aki\u0173 koordinacij\u0105, smulki\u0105j\u0105 motorik\u0105, m\u0105stym\u0105, k\u016brybingum\u0105, ple\u010dia vaizduot\u0119, skatina pa\u017einti spalvas<\/li>\n<\/ul>\n<p>Greitu metu bus platesnis prek\u0117s apra\u0161ymas.<\/p>\n<p>Nor\u0117dami su\u017einoti daugiau informacijos apie prek\u0119, pra\u0161ome skambinti numeriu, kuris yra nurodytas puslapyje.<\/p>\n","protected":false},"excerpt":{"rendered":"<p>Prek\u0117s tipas:\u00a0mediniai \u017eaislai<\/p>\n<p>Kilm\u0117s \u0161alis: Kinija<\/p>\n<p>Produkto med\u017eiaga:\u00a0mediena<\/p>\n<p>Rekomenduojamas am\u017eius: nuo 2 met\u0173<\/p>\n","protected":false},"featured_media":26354,"comment_status":"open","ping_status":"open","template":"","meta":[],"product_brand":[],"product_cat":[389,387,397],"product_tag":[],"class_list":{"0":"post-26353","1":"product","2":"type-product","3":"status-publish","4":"has-post-thumbnail","6":"product_cat-lavinamieji-ir-interaktyvus-zaislai","7":"product_cat-mediniai-zaislai-2","8":"product_cat-zaislai-mazyliams","9":"pa_amziaus-grupe-75","10":"pa_prek-s-tipas-mokomieji-zaislai-2","12":"first","13":"outofstock","14":"taxable","15":"shipping-taxable","16":"purchasable","17":"product-type-simple"},"yoast_head":"<!-- This site is optimized with the Yoast SEO plugin v26.3 - https:\/\/yoast.com\/wordpress\/plugins\/seo\/ -->\n<title>Medinis stumdukas - veiklos centras - Toys.lt<\/title>\n<meta name=\"robots\" content=\"index, follow, max-snippet:-1, max-image-preview:large, max-video-preview:-1\" \/>\n<link rel=\"canonical\" href=\"https:\/\/toys.lt\/lv\/produktas\/medinis-stumdukas-veiklos-centras\/\" \/>\n<meta property=\"og:locale\" content=\"lv_LV\" \/>\n<meta property=\"og:type\" content=\"article\" \/>\n<meta property=\"og:title\" content=\"Medinis stumdukas - veiklos centras - Toys.lt\" \/>\n<meta property=\"og:description\" content=\"Prek\u0117s tipas:\u00a0mediniai \u017eaislai Kilm\u0117s \u0161alis: Kinija Produkto med\u017eiaga:\u00a0mediena Rekomenduojamas am\u017eius: nuo 2 met\u0173\" \/>\n<meta property=\"og:url\" content=\"https:\/\/toys.lt\/lv\/produktas\/medinis-stumdukas-veiklos-centras\/\" \/>\n<meta property=\"og:site_name\" content=\"Toys.lt\" \/>\n<meta property=\"article:modified_time\" content=\"2026-04-06T00:29:39+00:00\" \/>\n<meta property=\"og:image\" content=\"https:\/\/toys.lt\/wp-content\/uploads\/2020\/04\/products-522.jpg\" \/>\n\t<meta property=\"og:image:width\" content=\"800\" \/>\n\t<meta property=\"og:image:height\" content=\"800\" \/>\n\t<meta property=\"og:image:type\" content=\"image\/jpeg\" \/>\n<meta name=\"twitter:card\" content=\"summary_large_image\" \/>\n<script type=\"application\/ld+json\" class=\"yoast-schema-graph\">{\"@context\":\"https:\/\/schema.org\",\"@graph\":[{\"@type\":\"WebPage\",\"@id\":\"https:\/\/toys.lt\/lv\/produktas\/medinis-stumdukas-veiklos-centras\/\",\"url\":\"https:\/\/toys.lt\/lv\/produktas\/medinis-stumdukas-veiklos-centras\/\",\"name\":\"Medinis stumdukas - veiklos centras - Toys.lt\",\"isPartOf\":{\"@id\":\"https:\/\/toys.lt\/lv\/#website\"},\"primaryImageOfPage\":{\"@id\":\"https:\/\/toys.lt\/lv\/produktas\/medinis-stumdukas-veiklos-centras\/#primaryimage\"},\"image\":{\"@id\":\"https:\/\/toys.lt\/lv\/produktas\/medinis-stumdukas-veiklos-centras\/#primaryimage\"},\"thumbnailUrl\":\"https:\/\/toys.lt\/wp-content\/uploads\/2020\/04\/products-522.jpg\",\"datePublished\":\"2020-04-16T06:24:43+00:00\",\"dateModified\":\"2026-04-06T00:29:39+00:00\",\"breadcrumb\":{\"@id\":\"https:\/\/toys.lt\/lv\/produktas\/medinis-stumdukas-veiklos-centras\/#breadcrumb\"},\"inLanguage\":\"lv-LV\",\"potentialAction\":[{\"@type\":\"ReadAction\",\"target\":[\"https:\/\/toys.lt\/lv\/produktas\/medinis-stumdukas-veiklos-centras\/\"]}]},{\"@type\":\"ImageObject\",\"inLanguage\":\"lv-LV\",\"@id\":\"https:\/\/toys.lt\/lv\/produktas\/medinis-stumdukas-veiklos-centras\/#primaryimage\",\"url\":\"https:\/\/toys.lt\/wp-content\/uploads\/2020\/04\/products-522.jpg\",\"contentUrl\":\"https:\/\/toys.lt\/wp-content\/uploads\/2020\/04\/products-522.jpg\",\"width\":800,\"height\":800,\"caption\":\"Medinis stumdukas &#8211; veiklos centras\"},{\"@type\":\"BreadcrumbList\",\"@id\":\"https:\/\/toys.lt\/lv\/produktas\/medinis-stumdukas-veiklos-centras\/#breadcrumb\",\"itemListElement\":[{\"@type\":\"ListItem\",\"position\":1,\"name\":\"Home\",\"item\":\"https:\/\/toys.lt\/lv\/\"},{\"@type\":\"ListItem\",\"position\":2,\"name\":\"Veikals\",\"item\":\"https:\/\/toys.lt\/lv\/shop\/\"},{\"@type\":\"ListItem\",\"position\":3,\"name\":\"Medinis stumdukas &#8211; veiklos centras\"}]},{\"@type\":\"WebSite\",\"@id\":\"https:\/\/toys.lt\/lv\/#website\",\"url\":\"https:\/\/toys.lt\/lv\/\",\"name\":\"Toys.lt\",\"description\":\"\",\"potentialAction\":[{\"@type\":\"SearchAction\",\"target\":{\"@type\":\"EntryPoint\",\"urlTemplate\":\"https:\/\/toys.lt\/lv\/?s={search_term_string}\"},\"query-input\":{\"@type\":\"PropertyValueSpecification\",\"valueRequired\":true,\"valueName\":\"search_term_string\"}}],\"inLanguage\":\"lv-LV\"}]}<\/script>\n<!-- \/ Yoast SEO plugin. -->","yoast_head_json":{"title":"Medinis stumdukas - veiklos centras - Toys.lt","robots":{"index":"index","follow":"follow","max-snippet":"max-snippet:-1","max-image-preview":"max-image-preview:large","max-video-preview":"max-video-preview:-1"},"canonical":"https:\/\/toys.lt\/lv\/produktas\/medinis-stumdukas-veiklos-centras\/","og_locale":"lv_LV","og_type":"article","og_title":"Medinis stumdukas - veiklos centras - Toys.lt","og_description":"Prek\u0117s tipas:\u00a0mediniai \u017eaislai Kilm\u0117s \u0161alis: Kinija Produkto med\u017eiaga:\u00a0mediena Rekomenduojamas am\u017eius: nuo 2 met\u0173","og_url":"https:\/\/toys.lt\/lv\/produktas\/medinis-stumdukas-veiklos-centras\/","og_site_name":"Toys.lt","article_modified_time":"2026-04-06T00:29:39+00:00","og_image":[{"width":800,"height":800,"url":"https:\/\/toys.lt\/wp-content\/uploads\/2020\/04\/products-522.jpg","type":"image\/jpeg"}],"twitter_card":"summary_large_image","schema":{"@context":"https:\/\/schema.org","@graph":[{"@type":"WebPage","@id":"https:\/\/toys.lt\/lv\/produktas\/medinis-stumdukas-veiklos-centras\/","url":"https:\/\/toys.lt\/lv\/produktas\/medinis-stumdukas-veiklos-centras\/","name":"Medinis stumdukas - veiklos centras - Toys.lt","isPartOf":{"@id":"https:\/\/toys.lt\/lv\/#website"},"primaryImageOfPage":{"@id":"https:\/\/toys.lt\/lv\/produktas\/medinis-stumdukas-veiklos-centras\/#primaryimage"},"image":{"@id":"https:\/\/toys.lt\/lv\/produktas\/medinis-stumdukas-veiklos-centras\/#primaryimage"},"thumbnailUrl":"https:\/\/toys.lt\/wp-content\/uploads\/2020\/04\/products-522.jpg","datePublished":"2020-04-16T06:24:43+00:00","dateModified":"2026-04-06T00:29:39+00:00","breadcrumb":{"@id":"https:\/\/toys.lt\/lv\/produktas\/medinis-stumdukas-veiklos-centras\/#breadcrumb"},"inLanguage":"lv-LV","potentialAction":[{"@type":"ReadAction","target":["https:\/\/toys.lt\/lv\/produktas\/medinis-stumdukas-veiklos-centras\/"]}]},{"@type":"ImageObject","inLanguage":"lv-LV","@id":"https:\/\/toys.lt\/lv\/produktas\/medinis-stumdukas-veiklos-centras\/#primaryimage","url":"https:\/\/toys.lt\/wp-content\/uploads\/2020\/04\/products-522.jpg","contentUrl":"https:\/\/toys.lt\/wp-content\/uploads\/2020\/04\/products-522.jpg","width":800,"height":800,"caption":"Medinis stumdukas &#8211; veiklos centras"},{"@type":"BreadcrumbList","@id":"https:\/\/toys.lt\/lv\/produktas\/medinis-stumdukas-veiklos-centras\/#breadcrumb","itemListElement":[{"@type":"ListItem","position":1,"name":"Home","item":"https:\/\/toys.lt\/lv\/"},{"@type":"ListItem","position":2,"name":"Veikals","item":"https:\/\/toys.lt\/lv\/shop\/"},{"@type":"ListItem","position":3,"name":"Medinis stumdukas &#8211; veiklos centras"}]},{"@type":"WebSite","@id":"https:\/\/toys.lt\/lv\/#website","url":"https:\/\/toys.lt\/lv\/","name":"Toys.lt","description":"","potentialAction":[{"@type":"SearchAction","target":{"@type":"EntryPoint","urlTemplate":"https:\/\/toys.lt\/lv\/?s={search_term_string}"},"query-input":{"@type":"PropertyValueSpecification","valueRequired":true,"valueName":"search_term_string"}}],"inLanguage":"lv-LV"}]}},"_links":{"self":[{"href":"https:\/\/toys.lt\/lv\/wp-json\/wp\/v2\/product\/26353","targetHints":{"allow":["GET"]}}],"collection":[{"href":"https:\/\/toys.lt\/lv\/wp-json\/wp\/v2\/product"}],"about":[{"href":"https:\/\/toys.lt\/lv\/wp-json\/wp\/v2\/types\/product"}],"replies":[{"embeddable":true,"href":"https:\/\/toys.lt\/lv\/wp-json\/wp\/v2\/comments?post=26353"}],"version-history":[{"count":0,"href":"https:\/\/toys.lt\/lv\/wp-json\/wp\/v2\/product\/26353\/revisions"}],"wp:featuredmedia":[{"embeddable":true,"href":"https:\/\/toys.lt\/lv\/wp-json\/wp\/v2\/media\/26354"}],"wp:attachment":[{"href":"https:\/\/toys.lt\/lv\/wp-json\/wp\/v2\/media?parent=26353"}],"wp:term":[{"taxonomy":"product_brand","embeddable":true,"href":"https:\/\/toys.lt\/lv\/wp-json\/wp\/v2\/product_brand?post=26353"},{"taxonomy":"product_cat","embeddable":true,"href":"https:\/\/toys.lt\/lv\/wp-json\/wp\/v2\/product_cat?post=26353"},{"taxonomy":"product_tag","embeddable":true,"href":"https:\/\/toys.lt\/lv\/wp-json\/wp\/v2\/product_tag?post=26353"}],"curies":[{"name":"wp","href":"https:\/\/api.w.org\/{rel}","templated":true}]}}