{"id":26338,"date":"2020-04-16T05:18:18","date_gmt":"2020-04-16T05:18:18","guid":{"rendered":"https:\/\/toys.lt\/?post_type=product&#038;p=26338"},"modified":"2026-04-23T18:15:25","modified_gmt":"2026-04-23T18:15:25","slug":"medinis-daugiafunkcinis-mokymosi-sesiakampis","status":"publish","type":"product","link":"https:\/\/toys.lt\/lv\/produktas\/medinis-daugiafunkcinis-mokymosi-sesiakampis\/","title":{"rendered":"Medinis daugiafunkcinis mokymosi \u0161e\u0161iakampis"},"content":{"rendered":"<\/p>\n<p><strong>Savyb\u0117s:<\/strong><\/p>\n<ul style=\"list-style-type:square;\">\n<li>8 skirtingos veiklos: nuimamas ir kei\u010diamas karoliuk\u0173 labirintas, skryd\u017eio \u0161achmatai, laikrodis, linksma \u012franga, \u017eaidimas su gyv\u016bnais derinimas, skai\u010diavimo blokai, form\u0173 r\u016b\u0161iuot\u0117<\/li>\n<li>Plati spalv\u0173 gama<\/li>\n<li>Lavina rank\u0173 ir aki\u0173 koordinacija, smulki\u0105j\u0105 motorik\u0105, intelekt\u0105, ple\u010dia vaizduot\u0119, skatina atpa\u017einti formas, spalvas<\/li>\n<li>Ekologi\u0161kas produktas<\/li>\n<li>Saugios, netoksin\u0117s med\u017eiagos<\/li>\n<\/ul>\n<p>Greitu metu bus platesnis prek\u0117s apra\u0161ymas.<\/p>\n<p>Nor\u0117dami su\u017einoti daugiau informacijos apie prek\u0119, pra\u0161ome skambinti numeriu, kuris yra nurodytas puslapyje.<\/p>\n","protected":false},"excerpt":{"rendered":"<p>Prek\u0117s tipas: daugiafunkcinis \u017eaislas<\/p>\n<p>Kilm\u0117s \u0161alis: Kinija<\/p>\n<p>Pakuot\u0117s i\u0161matavimai: 31,4 x 28 x 20,8 cm<\/p>\n<p>Produkto med\u017eiaga:\u00a0mediena, metalas, plastikas<\/p>\n<p>Rekomenduojamas am\u017eius: nuo\u00a03 met\u0173<\/p>\n","protected":false},"featured_media":26339,"comment_status":"open","ping_status":"open","template":"","meta":[],"product_brand":[],"product_cat":[389,387,410,411],"product_tag":[],"class_list":{"0":"post-26338","1":"product","2":"type-product","3":"status-publish","4":"has-post-thumbnail","6":"product_cat-lavinamieji-ir-interaktyvus-zaislai","7":"product_cat-mediniai-zaislai-2","8":"product_cat-zaislai-berniukams","9":"product_cat-zaislai-mergaitems","10":"pa_amziaus-grupe-76","11":"pa_prek-s-tipas-mokomieji-zaislai-2","13":"first","14":"outofstock","15":"sale","16":"taxable","17":"shipping-taxable","18":"purchasable","19":"product-type-simple"},"yoast_head":"<!-- This site is optimized with the Yoast SEO plugin v26.3 - https:\/\/yoast.com\/wordpress\/plugins\/seo\/ -->\n<title>Medinis daugiafunkcinis mokymosi \u0161e\u0161iakampis - Toys.lt<\/title>\n<meta name=\"robots\" content=\"index, follow, max-snippet:-1, max-image-preview:large, max-video-preview:-1\" \/>\n<link rel=\"canonical\" href=\"https:\/\/toys.lt\/lv\/produktas\/medinis-daugiafunkcinis-mokymosi-sesiakampis\/\" \/>\n<meta property=\"og:locale\" content=\"lv_LV\" \/>\n<meta property=\"og:type\" content=\"article\" \/>\n<meta property=\"og:title\" content=\"Medinis daugiafunkcinis mokymosi \u0161e\u0161iakampis - Toys.lt\" \/>\n<meta property=\"og:description\" content=\"Prek\u0117s tipas: daugiafunkcinis \u017eaislas Kilm\u0117s \u0161alis: Kinija Pakuot\u0117s i\u0161matavimai: 31,4 x 28 x 20,8 cm Produkto med\u017eiaga:\u00a0mediena, metalas, plastikas Rekomenduojamas am\u017eius: nuo\u00a03 met\u0173\" \/>\n<meta property=\"og:url\" content=\"https:\/\/toys.lt\/lv\/produktas\/medinis-daugiafunkcinis-mokymosi-sesiakampis\/\" \/>\n<meta property=\"og:site_name\" content=\"Toys.lt\" \/>\n<meta property=\"article:modified_time\" content=\"2026-04-23T18:15:25+00:00\" \/>\n<meta property=\"og:image\" content=\"https:\/\/toys.lt\/wp-content\/uploads\/2020\/04\/products-511.jpg\" \/>\n\t<meta property=\"og:image:width\" content=\"790\" \/>\n\t<meta property=\"og:image:height\" content=\"799\" \/>\n\t<meta property=\"og:image:type\" content=\"image\/jpeg\" \/>\n<meta name=\"twitter:card\" content=\"summary_large_image\" \/>\n<script type=\"application\/ld+json\" class=\"yoast-schema-graph\">{\"@context\":\"https:\/\/schema.org\",\"@graph\":[{\"@type\":\"WebPage\",\"@id\":\"https:\/\/toys.lt\/lv\/produktas\/medinis-daugiafunkcinis-mokymosi-sesiakampis\/\",\"url\":\"https:\/\/toys.lt\/lv\/produktas\/medinis-daugiafunkcinis-mokymosi-sesiakampis\/\",\"name\":\"Medinis daugiafunkcinis mokymosi \u0161e\u0161iakampis - Toys.lt\",\"isPartOf\":{\"@id\":\"https:\/\/toys.lt\/lv\/#website\"},\"primaryImageOfPage\":{\"@id\":\"https:\/\/toys.lt\/lv\/produktas\/medinis-daugiafunkcinis-mokymosi-sesiakampis\/#primaryimage\"},\"image\":{\"@id\":\"https:\/\/toys.lt\/lv\/produktas\/medinis-daugiafunkcinis-mokymosi-sesiakampis\/#primaryimage\"},\"thumbnailUrl\":\"https:\/\/toys.lt\/wp-content\/uploads\/2020\/04\/products-511.jpg\",\"datePublished\":\"2020-04-16T05:18:18+00:00\",\"dateModified\":\"2026-04-23T18:15:25+00:00\",\"breadcrumb\":{\"@id\":\"https:\/\/toys.lt\/lv\/produktas\/medinis-daugiafunkcinis-mokymosi-sesiakampis\/#breadcrumb\"},\"inLanguage\":\"lv-LV\",\"potentialAction\":[{\"@type\":\"ReadAction\",\"target\":[\"https:\/\/toys.lt\/lv\/produktas\/medinis-daugiafunkcinis-mokymosi-sesiakampis\/\"]}]},{\"@type\":\"ImageObject\",\"inLanguage\":\"lv-LV\",\"@id\":\"https:\/\/toys.lt\/lv\/produktas\/medinis-daugiafunkcinis-mokymosi-sesiakampis\/#primaryimage\",\"url\":\"https:\/\/toys.lt\/wp-content\/uploads\/2020\/04\/products-511.jpg\",\"contentUrl\":\"https:\/\/toys.lt\/wp-content\/uploads\/2020\/04\/products-511.jpg\",\"width\":790,\"height\":799,\"caption\":\"Medinis daugiafunkcinis mokymosi \u0161e\u0161iakampis\"},{\"@type\":\"BreadcrumbList\",\"@id\":\"https:\/\/toys.lt\/lv\/produktas\/medinis-daugiafunkcinis-mokymosi-sesiakampis\/#breadcrumb\",\"itemListElement\":[{\"@type\":\"ListItem\",\"position\":1,\"name\":\"Home\",\"item\":\"https:\/\/toys.lt\/lv\/\"},{\"@type\":\"ListItem\",\"position\":2,\"name\":\"Veikals\",\"item\":\"https:\/\/toys.lt\/lv\/shop\/\"},{\"@type\":\"ListItem\",\"position\":3,\"name\":\"Medinis daugiafunkcinis mokymosi \u0161e\u0161iakampis\"}]},{\"@type\":\"WebSite\",\"@id\":\"https:\/\/toys.lt\/lv\/#website\",\"url\":\"https:\/\/toys.lt\/lv\/\",\"name\":\"Toys.lt\",\"description\":\"\",\"potentialAction\":[{\"@type\":\"SearchAction\",\"target\":{\"@type\":\"EntryPoint\",\"urlTemplate\":\"https:\/\/toys.lt\/lv\/?s={search_term_string}\"},\"query-input\":{\"@type\":\"PropertyValueSpecification\",\"valueRequired\":true,\"valueName\":\"search_term_string\"}}],\"inLanguage\":\"lv-LV\"}]}<\/script>\n<!-- \/ Yoast SEO plugin. -->","yoast_head_json":{"title":"Medinis daugiafunkcinis mokymosi \u0161e\u0161iakampis - Toys.lt","robots":{"index":"index","follow":"follow","max-snippet":"max-snippet:-1","max-image-preview":"max-image-preview:large","max-video-preview":"max-video-preview:-1"},"canonical":"https:\/\/toys.lt\/lv\/produktas\/medinis-daugiafunkcinis-mokymosi-sesiakampis\/","og_locale":"lv_LV","og_type":"article","og_title":"Medinis daugiafunkcinis mokymosi \u0161e\u0161iakampis - Toys.lt","og_description":"Prek\u0117s tipas: daugiafunkcinis \u017eaislas Kilm\u0117s \u0161alis: Kinija Pakuot\u0117s i\u0161matavimai: 31,4 x 28 x 20,8 cm Produkto med\u017eiaga:\u00a0mediena, metalas, plastikas Rekomenduojamas am\u017eius: nuo\u00a03 met\u0173","og_url":"https:\/\/toys.lt\/lv\/produktas\/medinis-daugiafunkcinis-mokymosi-sesiakampis\/","og_site_name":"Toys.lt","article_modified_time":"2026-04-23T18:15:25+00:00","og_image":[{"width":790,"height":799,"url":"https:\/\/toys.lt\/wp-content\/uploads\/2020\/04\/products-511.jpg","type":"image\/jpeg"}],"twitter_card":"summary_large_image","schema":{"@context":"https:\/\/schema.org","@graph":[{"@type":"WebPage","@id":"https:\/\/toys.lt\/lv\/produktas\/medinis-daugiafunkcinis-mokymosi-sesiakampis\/","url":"https:\/\/toys.lt\/lv\/produktas\/medinis-daugiafunkcinis-mokymosi-sesiakampis\/","name":"Medinis daugiafunkcinis mokymosi \u0161e\u0161iakampis - Toys.lt","isPartOf":{"@id":"https:\/\/toys.lt\/lv\/#website"},"primaryImageOfPage":{"@id":"https:\/\/toys.lt\/lv\/produktas\/medinis-daugiafunkcinis-mokymosi-sesiakampis\/#primaryimage"},"image":{"@id":"https:\/\/toys.lt\/lv\/produktas\/medinis-daugiafunkcinis-mokymosi-sesiakampis\/#primaryimage"},"thumbnailUrl":"https:\/\/toys.lt\/wp-content\/uploads\/2020\/04\/products-511.jpg","datePublished":"2020-04-16T05:18:18+00:00","dateModified":"2026-04-23T18:15:25+00:00","breadcrumb":{"@id":"https:\/\/toys.lt\/lv\/produktas\/medinis-daugiafunkcinis-mokymosi-sesiakampis\/#breadcrumb"},"inLanguage":"lv-LV","potentialAction":[{"@type":"ReadAction","target":["https:\/\/toys.lt\/lv\/produktas\/medinis-daugiafunkcinis-mokymosi-sesiakampis\/"]}]},{"@type":"ImageObject","inLanguage":"lv-LV","@id":"https:\/\/toys.lt\/lv\/produktas\/medinis-daugiafunkcinis-mokymosi-sesiakampis\/#primaryimage","url":"https:\/\/toys.lt\/wp-content\/uploads\/2020\/04\/products-511.jpg","contentUrl":"https:\/\/toys.lt\/wp-content\/uploads\/2020\/04\/products-511.jpg","width":790,"height":799,"caption":"Medinis daugiafunkcinis mokymosi \u0161e\u0161iakampis"},{"@type":"BreadcrumbList","@id":"https:\/\/toys.lt\/lv\/produktas\/medinis-daugiafunkcinis-mokymosi-sesiakampis\/#breadcrumb","itemListElement":[{"@type":"ListItem","position":1,"name":"Home","item":"https:\/\/toys.lt\/lv\/"},{"@type":"ListItem","position":2,"name":"Veikals","item":"https:\/\/toys.lt\/lv\/shop\/"},{"@type":"ListItem","position":3,"name":"Medinis daugiafunkcinis mokymosi \u0161e\u0161iakampis"}]},{"@type":"WebSite","@id":"https:\/\/toys.lt\/lv\/#website","url":"https:\/\/toys.lt\/lv\/","name":"Toys.lt","description":"","potentialAction":[{"@type":"SearchAction","target":{"@type":"EntryPoint","urlTemplate":"https:\/\/toys.lt\/lv\/?s={search_term_string}"},"query-input":{"@type":"PropertyValueSpecification","valueRequired":true,"valueName":"search_term_string"}}],"inLanguage":"lv-LV"}]}},"_links":{"self":[{"href":"https:\/\/toys.lt\/lv\/wp-json\/wp\/v2\/product\/26338","targetHints":{"allow":["GET"]}}],"collection":[{"href":"https:\/\/toys.lt\/lv\/wp-json\/wp\/v2\/product"}],"about":[{"href":"https:\/\/toys.lt\/lv\/wp-json\/wp\/v2\/types\/product"}],"replies":[{"embeddable":true,"href":"https:\/\/toys.lt\/lv\/wp-json\/wp\/v2\/comments?post=26338"}],"version-history":[{"count":0,"href":"https:\/\/toys.lt\/lv\/wp-json\/wp\/v2\/product\/26338\/revisions"}],"wp:featuredmedia":[{"embeddable":true,"href":"https:\/\/toys.lt\/lv\/wp-json\/wp\/v2\/media\/26339"}],"wp:attachment":[{"href":"https:\/\/toys.lt\/lv\/wp-json\/wp\/v2\/media?parent=26338"}],"wp:term":[{"taxonomy":"product_brand","embeddable":true,"href":"https:\/\/toys.lt\/lv\/wp-json\/wp\/v2\/product_brand?post=26338"},{"taxonomy":"product_cat","embeddable":true,"href":"https:\/\/toys.lt\/lv\/wp-json\/wp\/v2\/product_cat?post=26338"},{"taxonomy":"product_tag","embeddable":true,"href":"https:\/\/toys.lt\/lv\/wp-json\/wp\/v2\/product_tag?post=26338"}],"curies":[{"name":"wp","href":"https:\/\/api.w.org\/{rel}","templated":true}]}}